{"id":24925,"date":"2025-09-08T08:38:36","date_gmt":"2025-09-08T05:38:36","guid":{"rendered":"https:\/\/keluvo.com\/se\/product\/serum-for-lappfyllnad\/"},"modified":"2025-09-08T08:38:36","modified_gmt":"2025-09-08T05:38:36","slug":"serum-for-lappfyllnad","status":"publish","type":"product","link":"https:\/\/keluvo.com\/se\/product\/serum-for-lappfyllnad\/","title":{"rendered":"Serum f\u00f6r l\u00e4ppfyllnad"},"content":{"rendered":"<p style=\"text-align: center\"><strong>\ud83d\udc8b F\u00e5 fylligare, \u00e5terfuktade l\u00e4ppar direkt med lip plumper serum!<\/strong><\/p>\n<p style=\"text-align: center\"><span style=\"font-weight: 400\">F\u00e5 naturligt fylliga, l\u00e4ckra l\u00e4ppar p\u00e5 n\u00e5gra sekunder med detta icke-klibbiga, \u00e5terfuktande l\u00e4ppserum &#8211; utformat f\u00f6r att \u00f6ka fylligheten samtidigt som dina l\u00e4ppar h\u00e5lls mjuka och sl\u00e4ta. Serumet \u00e4r formulerat med naturliga v\u00e4xtextrakt, mineraler och avancerade l\u00e4ppfyllande ingredienser och anv\u00e4nder oljeseparationsteknik f\u00f6r att l\u00e5sa in fukt och skapa en synbart fylligare look. Perfekt f\u00f6r daglig anv\u00e4ndning eller f\u00f6r en snabb sk\u00f6nhetsboost innan du g\u00e5r ut.<\/span><\/p>\n<p><img decoding=\"async\" class=\"alignnone size-full wp-image-20705 aligncenter\" src=\"https:\/\/keluvo.com\/template\/wp-content\/uploads\/sites\/5\/2025\/05\/Sb531e918b29a4ce29949001341dcf409U.jpg_960x960q75.jpg_.jpeg\" alt=\"\" \/><\/p>\n<h2 style=\"text-align: center\">\ud83c\udf1f Huvudf\u00f6rdelar<\/h2>\n<p>\ud83d\udca7 Hydrerar &amp; ger n\u00e4ring \u2013 H\u00e5ller l\u00e4pparna mjuka, lena och \u00e5terfuktade<\/p>\n<p>\ud83d\udc8b Plumpar omedelbart \u2013 F\u00f6rst\u00e4rker volymen f\u00f6r en fylligare, sexigare look<\/p>\n<p>\ud83c\udf43 Naturliga ingredienser \u2013 Skonsam formula med v\u00e4xtextrakt och mineraler<\/p>\n<p>\ud83e\uddf4 Non-sticky formula \u2013 Bekv\u00e4m att b\u00e4ra hela dagen utan rester<\/p>\n<p>\ud83d\udd52 L\u00e5ngvarig effekt \u2013 H\u00e5ller l\u00e4pparna l\u00e4ckra i hours<\/p>\n<p><img decoding=\"async\" class=\"alignnone size-full wp-image-20703 aligncenter\" src=\"https:\/\/keluvo.com\/template\/wp-content\/uploads\/sites\/5\/2025\/05\/S65baf2d9215b4dad9606b62b549b0c59d.jpg_960x960q75.jpg_.jpeg\" alt=\"\" \/><\/p>\n<h2 style=\"text-align: center\">\ud83d\udee0\ufe0f Hur man anv\u00e4nder<\/h2>\n<ol>\n<li style=\"font-weight: 400\"><span style=\"font-weight: 400\">Applicera ett tunt, j\u00e4mnt lager direkt p\u00e5 rena l\u00e4ppar.<\/span><span style=\"font-weight: 400\"><br \/>\n<\/span><\/li>\n<li style=\"font-weight: 400\"><span style=\"font-weight: 400\">L\u00e5t serumet absorberas i n\u00e5gra sekunder och b\u00f6rja fyllas.<\/span><span style=\"font-weight: 400\"><br \/>\n<\/span><\/li>\n<li style=\"font-weight: 400\"><span style=\"font-weight: 400\">anv\u00e4nd ensamt eller \u00f6ver din favoritl\u00e4ppf\u00e4rg.<\/span><span style=\"font-weight: 400\"><br \/>\n<\/span><\/li>\n<li style=\"font-weight: 400\"><span style=\"font-weight: 400\">\u00e5terapplicera efter behov f\u00f6r fortsatt \u00e5terfuktning och fyllighet.<\/span><span style=\"font-weight: 400\"><br \/>\n<\/span><\/li>\n<\/ol>\n<h2 style=\"text-align: center\">\ud83d\udccf Produktdetaljer<\/h2>\n<ul>\n<li style=\"font-weight: 400\"><span style=\"font-weight: 400\">Nettovikt: 5ml<\/span><span style=\"font-weight: 400\"><br \/>\n<\/span><\/li>\n<li style=\"font-weight: 400\"><span style=\"font-weight: 400\">H\u00e5llbarhet: 3 \u00e5r<\/span><span style=\"font-weight: 400\"><br \/>\n<\/span><\/li>\n<li style=\"font-weight: 400\"><span style=\"font-weight: 400\">Ingredienser: Mineraler, vaxer, naturliga v\u00e4xtextrakt<\/span><span style=\"font-weight: 400\"><br \/>\n<\/span><\/li>\n<\/ul>\n<h2 style=\"text-align: center\">\ud83d\udce6 F\u00f6rpackningen inneh\u00e5ller<\/h2>\n<ul>\n<li style=\"font-weight: 400\"><span style=\"font-weight: 400\">1x lip plumper serum.<\/span><\/li>\n<\/ul>\n","protected":false},"excerpt":{"rendered":"<p>\ud83d\udc8b F\u00e5 fylligare, \u00e5terfuktade l\u00e4ppar direkt med lip plumper serum! F\u00e5 naturligt fylliga, l\u00e4ckra l\u00e4ppar p\u00e5 n\u00e5gra sekunder med detta [&hellip;]<\/p>\n","protected":false},"featured_media":24921,"comment_status":"open","ping_status":"closed","template":"","meta":{"site-sidebar-layout":"default","site-content-layout":"","ast-site-content-layout":"default","site-content-style":"default","site-sidebar-style":"default","ast-global-header-display":"","ast-banner-title-visibility":"","ast-main-header-display":"","ast-hfb-above-header-display":"","ast-hfb-below-header-display":"","ast-hfb-mobile-header-display":"","site-post-title":"","ast-breadcrumbs-content":"","ast-featured-img":"","footer-sml-layout":"","theme-transparent-header-meta":"default","adv-header-id-meta":"","stick-header-meta":"","header-above-stick-meta":"","header-main-stick-meta":"","header-below-stick-meta":"","astra-migrate-meta-layouts":"set","ast-page-background-enabled":"default","ast-page-background-meta":{"desktop":{"background-color":"var(--ast-global-color-4)","background-image":"","background-repeat":"repeat","background-position":"center center","background-size":"auto","background-attachment":"scroll","background-type":"","background-media":"","overlay-type":"","overlay-color":"","overlay-opacity":"","overlay-gradient":""},"tablet":{"background-color":"","background-image":"","background-repeat":"repeat","background-position":"center center","background-size":"auto","background-attachment":"scroll","background-type":"","background-media":"","overlay-type":"","overlay-color":"","overlay-opacity":"","overlay-gradient":""},"mobile":{"background-color":"","background-image":"","background-repeat":"repeat","background-position":"center center","background-size":"auto","background-attachment":"scroll","background-type":"","background-media":"","overlay-type":"","overlay-color":"","overlay-opacity":"","overlay-gradient":""}},"ast-content-background-meta":{"desktop":{"background-color":"var(--ast-global-color-5)","background-image":"","background-repeat":"repeat","background-position":"center center","background-size":"auto","background-attachment":"scroll","background-type":"","background-media":"","overlay-type":"","overlay-color":"","overlay-opacity":"","overlay-gradient":""},"tablet":{"background-color":"var(--ast-global-color-5)","background-image":"","background-repeat":"repeat","background-position":"center center","background-size":"auto","background-attachment":"scroll","background-type":"","background-media":"","overlay-type":"","overlay-color":"","overlay-opacity":"","overlay-gradient":""},"mobile":{"background-color":"var(--ast-global-color-5)","background-image":"","background-repeat":"repeat","background-position":"center center","background-size":"auto","background-attachment":"scroll","background-type":"","background-media":"","overlay-type":"","overlay-color":"","overlay-opacity":"","overlay-gradient":""}}},"product_brand":[],"product_cat":[992],"product_tag":[],"class_list":{"0":"post-24925","1":"product","2":"type-product","3":"status-publish","4":"has-post-thumbnail","6":"product_cat-beauty-and-hygiene-products","7":"desktop-align-left","8":"tablet-align-left","9":"mobile-align-left","11":"first","12":"instock","13":"shipping-taxable","14":"purchasable","15":"product-type-simple"},"_links":{"self":[{"href":"https:\/\/keluvo.com\/se\/wp-json\/wp\/v2\/product\/24925","targetHints":{"allow":["GET"]}}],"collection":[{"href":"https:\/\/keluvo.com\/se\/wp-json\/wp\/v2\/product"}],"about":[{"href":"https:\/\/keluvo.com\/se\/wp-json\/wp\/v2\/types\/product"}],"replies":[{"embeddable":true,"href":"https:\/\/keluvo.com\/se\/wp-json\/wp\/v2\/comments?post=24925"}],"wp:featuredmedia":[{"embeddable":true,"href":"https:\/\/keluvo.com\/se\/wp-json\/wp\/v2\/media\/24921"}],"wp:attachment":[{"href":"https:\/\/keluvo.com\/se\/wp-json\/wp\/v2\/media?parent=24925"}],"wp:term":[{"taxonomy":"product_brand","embeddable":true,"href":"https:\/\/keluvo.com\/se\/wp-json\/wp\/v2\/product_brand?post=24925"},{"taxonomy":"product_cat","embeddable":true,"href":"https:\/\/keluvo.com\/se\/wp-json\/wp\/v2\/product_cat?post=24925"},{"taxonomy":"product_tag","embeddable":true,"href":"https:\/\/keluvo.com\/se\/wp-json\/wp\/v2\/product_tag?post=24925"}],"curies":[{"name":"wp","href":"https:\/\/api.w.org\/{rel}","templated":true}]}}