{"id":24830,"date":"2025-09-08T08:34:38","date_gmt":"2025-09-08T05:34:38","guid":{"rendered":"https:\/\/keluvo.com\/se\/product\/cykeltuta\/"},"modified":"2025-09-08T08:34:45","modified_gmt":"2025-09-08T05:34:45","slug":"cykeltuta","status":"publish","type":"product","link":"https:\/\/keluvo.com\/se\/product\/cykeltuta\/","title":{"rendered":"Cykeltuta"},"content":{"rendered":"<p style=\"text-align: center\" data-start=\"171\" data-end=\"242\"><strong data-start=\"171\" data-end=\"242\">G\u00f6r Din N\u00e4rvaro K\u00e4nd \u2013 Med Den Mest H\u00f6gljudda Cykeltutan I Stan! \ud83d\udeb2\ud83d\udd0a<\/strong><\/p>\n<p style=\"text-align: center\" data-start=\"244\" data-end=\"463\">H\u00e5ll dig s\u00e4ker och bli uppm\u00e4rksammad med detta h\u00f6gljudda cykelhorn, det kompakta men kraftfulla hornet som \u00e4r utformat f\u00f6r att h\u00e5lla cyklister h\u00f6rda i trafiken. Oavsett om du \u00e4r p\u00e5 livliga gator eller tr\u00e5nga cykelv\u00e4gar, ser det h\u00e4r hornet till att alla ser och h\u00f6r dig.<\/p>\n<p data-start=\"244\" data-end=\"463\"><img decoding=\"async\" class=\"size-full wp-image-34347 aligncenter\" src=\"https:\/\/keluvo.com\/template\/wp-content\/uploads\/sites\/5\/2025\/04\/gif1-146.webp\" alt=\"\" \/><\/p>\n<h2 style=\"text-align: center\" data-start=\"470\" data-end=\"490\">\ud83c\udf1f Huvudf\u00f6rdelar<\/h2>\n<p data-start=\"494\" data-end=\"569\">\ud83d\udce2 Extremt h\u00f6gt ljud &#8211; tillr\u00e4ckligt kraftfullt f\u00f6r att f\u00e5nga uppm\u00e4rksamhet direkt<\/p>\n<p data-start=\"572\" data-end=\"648\">\ud83d\udeb4 F\u00f6rb\u00e4ttrar trafiks\u00e4kerheten &#8211; varnar fotg\u00e4ngare, bilar, och andra cyklister<\/p>\n<p data-start=\"651\" data-end=\"730\">\ud83d\udca6 Vattent\u00e4t och h\u00e5llbar &#8211; byggd f\u00f6r daglig anv\u00e4ndning i alla v\u00e4derf\u00f6rh\u00e5llanden<\/p>\n<p data-start=\"733\" data-end=\"807\">\ud83d\udd27 Enkel att installera &#8211; f\u00e4sts s\u00e4kert p\u00e5 ditt styre p\u00e5 n\u00e5gra sekunder<\/p>\n<p data-start=\"810\" data-end=\"876\">\ud83e\udde4 Bekv\u00e4m avtryckare &#8211; enkelt tumtryck f\u00f6r omedelbar tutning<\/p>\n<p data-start=\"879\" data-end=\"951\">\ud83d\udc76 L\u00e4tt och kompakt &#8211; tar inte upp plats eller tynger ner dig<\/p>\n<p data-start=\"879\" data-end=\"951\"><img decoding=\"async\" class=\"size-full wp-image-34346 aligncenter\" src=\"https:\/\/keluvo.com\/template\/wp-content\/uploads\/sites\/5\/2025\/04\/gif2-115.webp\" alt=\"\" \/><\/p>\n<h2 style=\"text-align: center\" data-start=\"958\" data-end=\"975\">\ud83e\uddfe Hur Man Anv\u00e4nder<\/h2>\n<ol data-start=\"977\" data-end=\"1239\">\n<li data-start=\"977\" data-end=\"1049\">\n<p data-start=\"980\" data-end=\"1049\">F\u00e4st hornf\u00e4stet p\u00e5 ditt styre med den justerbara kl\u00e4mman.<\/p>\n<\/li>\n<li data-start=\"1050\" data-end=\"1107\">\n<p data-start=\"1053\" data-end=\"1107\">Se till att den sitter ordentligt fast och \u00e4r inom r\u00e4ckh\u00e5ll f\u00f6r tummen.<\/p>\n<\/li>\n<li data-start=\"1108\" data-end=\"1176\">\n<p data-start=\"1111\" data-end=\"1176\">Tryck p\u00e5 den inbyggda pumpen eller avtryckaren f\u00f6r att frig\u00f6ra hornljudet.<\/p>\n<\/li>\n<li data-start=\"1177\" data-end=\"1239\">\n<p data-start=\"1180\" data-end=\"1239\">K\u00f6r med sj\u00e4lvf\u00f6rtroende och g\u00f6r dig h\u00f6rd p\u00e5 v\u00e4gen!<\/p>\n<\/li>\n<\/ol>\n<h2 style=\"text-align: center\" data-start=\"1246\" data-end=\"1268\">\ud83d\udccf Produktdetaljer<\/h2>\n<ul data-start=\"1270\" data-end=\"1534\">\n<li data-start=\"1270\" data-end=\"1320\">\n<p data-start=\"1272\" data-end=\"1320\">Kompatibilitet: Passar styren 22,2-31,8 mm<\/p>\n<\/li>\n<li data-start=\"1321\" data-end=\"1365\">\n<p data-start=\"1323\" data-end=\"1365\">Ljud: H\u00f6gt, uppm\u00e4rksamhetsf\u00e5ngande tut<\/p>\n<\/li>\n<li data-start=\"1366\" data-end=\"1420\">\n<p data-start=\"1368\" data-end=\"1420\">Material: Vattent\u00e4t och slagt\u00e5lig kropp<\/p>\n<\/li>\n<li data-start=\"1421\" data-end=\"1488\">\n<p data-start=\"1423\" data-end=\"1488\">Anv\u00e4ndningsomr\u00e5den: Stadscykling, landsv\u00e4gscykling, e-scootrar och mycket mer<\/p>\n<\/li>\n<li data-start=\"1489\" data-end=\"1534\">\n<p data-start=\"1491\" data-end=\"1534\">Vikt: L\u00e4tt och enkel att b\u00e4ra<\/p>\n<\/li>\n<\/ul>\n<h2 style=\"text-align: center\" data-start=\"1541\" data-end=\"1564\">\ud83d\udce6 I Paketet Ing\u00e5r<\/h2>\n<ul data-start=\"1566\" data-end=\"1629\">\n<li data-start=\"1566\" data-end=\"1597\">\n<p data-start=\"1568\" data-end=\"1597\">1x cykeltuta<\/p>\n<\/li>\n<li data-start=\"1598\" data-end=\"1629\">\n<p data-start=\"1600\" data-end=\"1629\">1x monteringskl\u00e4mma f\u00f6r styret.<\/p>\n<\/li>\n<\/ul>\n","protected":false},"excerpt":{"rendered":"<p>G\u00f6r Din N\u00e4rvaro K\u00e4nd \u2013 Med Den Mest H\u00f6gljudda Cykeltutan I Stan! \ud83d\udeb2\ud83d\udd0a H\u00e5ll dig s\u00e4ker och bli uppm\u00e4rksammad med [&hellip;]<\/p>\n","protected":false},"featured_media":24826,"comment_status":"open","ping_status":"closed","template":"","meta":{"site-sidebar-layout":"default","site-content-layout":"","ast-site-content-layout":"default","site-content-style":"default","site-sidebar-style":"default","ast-global-header-display":"","ast-banner-title-visibility":"","ast-main-header-display":"","ast-hfb-above-header-display":"","ast-hfb-below-header-display":"","ast-hfb-mobile-header-display":"","site-post-title":"","ast-breadcrumbs-content":"","ast-featured-img":"","footer-sml-layout":"","theme-transparent-header-meta":"default","adv-header-id-meta":"","stick-header-meta":"","header-above-stick-meta":"","header-main-stick-meta":"","header-below-stick-meta":"","astra-migrate-meta-layouts":"set","ast-page-background-enabled":"default","ast-page-background-meta":{"desktop":{"background-color":"var(--ast-global-color-4)","background-image":"","background-repeat":"repeat","background-position":"center center","background-size":"auto","background-attachment":"scroll","background-type":"","background-media":"","overlay-type":"","overlay-color":"","overlay-opacity":"","overlay-gradient":""},"tablet":{"background-color":"","background-image":"","background-repeat":"repeat","background-position":"center center","background-size":"auto","background-attachment":"scroll","background-type":"","background-media":"","overlay-type":"","overlay-color":"","overlay-opacity":"","overlay-gradient":""},"mobile":{"background-color":"","background-image":"","background-repeat":"repeat","background-position":"center center","background-size":"auto","background-attachment":"scroll","background-type":"","background-media":"","overlay-type":"","overlay-color":"","overlay-opacity":"","overlay-gradient":""}},"ast-content-background-meta":{"desktop":{"background-color":"var(--ast-global-color-5)","background-image":"","background-repeat":"repeat","background-position":"center center","background-size":"auto","background-attachment":"scroll","background-type":"","background-media":"","overlay-type":"","overlay-color":"","overlay-opacity":"","overlay-gradient":""},"tablet":{"background-color":"var(--ast-global-color-5)","background-image":"","background-repeat":"repeat","background-position":"center center","background-size":"auto","background-attachment":"scroll","background-type":"","background-media":"","overlay-type":"","overlay-color":"","overlay-opacity":"","overlay-gradient":""},"mobile":{"background-color":"var(--ast-global-color-5)","background-image":"","background-repeat":"repeat","background-position":"center center","background-size":"auto","background-attachment":"scroll","background-type":"","background-media":"","overlay-type":"","overlay-color":"","overlay-opacity":"","overlay-gradient":""}}},"product_brand":[],"product_cat":[993],"product_tag":[],"class_list":{"0":"post-24830","1":"product","2":"type-product","3":"status-publish","4":"has-post-thumbnail","6":"product_cat-footwear-accessories","7":"pa_17950_8z7ucfgg-bla","8":"pa_17950_8z7ucfgg-rod","9":"pa_17950_8z7ucfgg-svart","10":"desktop-align-left","11":"tablet-align-left","12":"mobile-align-left","14":"first","15":"instock","16":"shipping-taxable","17":"purchasable","18":"product-type-variable"},"_links":{"self":[{"href":"https:\/\/keluvo.com\/se\/wp-json\/wp\/v2\/product\/24830","targetHints":{"allow":["GET"]}}],"collection":[{"href":"https:\/\/keluvo.com\/se\/wp-json\/wp\/v2\/product"}],"about":[{"href":"https:\/\/keluvo.com\/se\/wp-json\/wp\/v2\/types\/product"}],"replies":[{"embeddable":true,"href":"https:\/\/keluvo.com\/se\/wp-json\/wp\/v2\/comments?post=24830"}],"wp:featuredmedia":[{"embeddable":true,"href":"https:\/\/keluvo.com\/se\/wp-json\/wp\/v2\/media\/24826"}],"wp:attachment":[{"href":"https:\/\/keluvo.com\/se\/wp-json\/wp\/v2\/media?parent=24830"}],"wp:term":[{"taxonomy":"product_brand","embeddable":true,"href":"https:\/\/keluvo.com\/se\/wp-json\/wp\/v2\/product_brand?post=24830"},{"taxonomy":"product_cat","embeddable":true,"href":"https:\/\/keluvo.com\/se\/wp-json\/wp\/v2\/product_cat?post=24830"},{"taxonomy":"product_tag","embeddable":true,"href":"https:\/\/keluvo.com\/se\/wp-json\/wp\/v2\/product_tag?post=24830"}],"curies":[{"name":"wp","href":"https:\/\/api.w.org\/{rel}","templated":true}]}}