{"id":24709,"date":"2025-09-08T08:31:00","date_gmt":"2025-09-08T05:31:00","guid":{"rendered":"https:\/\/keluvo.com\/se\/product\/kudde-med-plysch-av-gas\/"},"modified":"2025-09-08T08:32:28","modified_gmt":"2025-09-08T05:32:28","slug":"kudde-med-plysch-av-gas","status":"publish","type":"product","link":"https:\/\/keluvo.com\/se\/product\/kudde-med-plysch-av-gas\/","title":{"rendered":"Kudde med plysch av g\u00e5s"},"content":{"rendered":"<p style=\"text-align: center\" data-start=\"135\" data-end=\"214\"><strong data-start=\"135\" data-end=\"214\">Somna med den mjukaste och fluffigaste g\u00e5skudden du n\u00e5gonsin har tr\u00e4ffat! \ud83d\udca4<\/strong><\/p>\n<p style=\"text-align: center\" data-start=\"216\" data-end=\"454\">Den h\u00e4r plyschiga g\u00e5skudden \u00e4r den perfekta f\u00f6ljeslagaren f\u00f6r alla som \u00e4lskar att krypa upp och k\u00e4nna sig varma, st\u00f6dda och mysiga. Oavsett om du kopplar av p\u00e5 soffan, tittar p\u00e5 TV eller g\u00e5r och l\u00e4gger dig, \u00e4r det som att svepa in dig i ett mjukt moln.<\/p>\n<p data-start=\"216\" data-end=\"454\"><img decoding=\"async\" class=\"size-full wp-image-34264 aligncenter\" src=\"https:\/\/keluvo.com\/template\/wp-content\/uploads\/sites\/5\/2025\/01\/cleaned1716089152_unnamed.webp\" alt=\"\" \/><\/p>\n<h2 style=\"text-align: center\" data-start=\"461\" data-end=\"481\"><strong>Huvudf\u00f6rdelar<\/strong><\/h2>\n<p data-start=\"485\" data-end=\"559\">\ud83e\uddf8 Supermysig &#8211; extra fluffig och mjuk, som att krama en gigantisk kudde<\/p>\n<p data-start=\"562\" data-end=\"647\">\ud83d\ude34 Bra s\u00f6mnst\u00f6d &#8211; hj\u00e4lper till att st\u00f6dja ditt huvud, nacke eller kropp i alla positioner<\/p>\n<p data-start=\"650\" data-end=\"708\">\ud83d\udc6a Kul f\u00f6r alla \u00e5ldrar &#8211; \u00e4lskad av b\u00e5de barn och vuxna<\/p>\n<p data-start=\"711\" data-end=\"790\">\ud83c\udf81 G\u00f6r en unik present &#8211; perfekt f\u00f6r f\u00f6delsedagar, h\u00f6gtider eller bara f\u00f6r att<\/p>\n<p data-start=\"793\" data-end=\"874\">\ud83e\uddf5 Tillverkad av h\u00f6gkvalitativ bomull &#8211; mjuk p\u00e5 utsidan, plysch p\u00e5 insidan<\/p>\n<p data-start=\"877\" data-end=\"945\">\ud83d\udecb\ufe0f S\u00f6t heminredning &#8211; ger personlighet och komfort till alla rum<\/p>\n<p data-start=\"877\" data-end=\"945\"><img decoding=\"async\" class=\"size-full wp-image-34263 aligncenter\" src=\"https:\/\/keluvo.com\/template\/wp-content\/uploads\/sites\/5\/2025\/01\/cleaned1716089152_unnamed-1.webp\" alt=\"\" \/><\/p>\n<h2 style=\"text-align: center\" data-start=\"952\" data-end=\"969\"><strong>Hur Man Anv\u00e4nder<\/strong><\/h2>\n<ol data-start=\"971\" data-end=\"1211\">\n<li data-start=\"971\" data-end=\"1027\">\n<p data-start=\"974\" data-end=\"1027\">Packa upp din gosiga g\u00e5s och fluffa till den lite snabbt.<\/p>\n<\/li>\n<li data-start=\"1028\" data-end=\"1086\">\n<p data-start=\"1031\" data-end=\"1086\">Placera den p\u00e5 s\u00e4ngen, soffan eller i ditt mysiga favorith\u00f6rn.<\/p>\n<\/li>\n<li data-start=\"1087\" data-end=\"1152\">\n<p data-start=\"1090\" data-end=\"1152\">Krama den, ta en tupplur med den eller anv\u00e4nd den som st\u00f6d f\u00f6r nacken eller ryggen.<\/p>\n<\/li>\n<li data-start=\"1153\" data-end=\"1211\">\n<p data-start=\"1156\" data-end=\"1211\">Njut av komforten och v\u00e4rmen hela dagen (eller natten) l\u00e5ng!<\/p>\n<\/li>\n<\/ol>\n<h2 style=\"text-align: center\" data-start=\"1218\" data-end=\"1240\"><strong>Produktdetaljer<\/strong><\/h2>\n<ul data-start=\"1242\" data-end=\"1507\">\n<li data-start=\"1242\" data-end=\"1290\">\n<p data-start=\"1244\" data-end=\"1290\">Material: Ultramjuk bomull av h\u00f6g kvalitet<\/p>\n<\/li>\n<li data-start=\"1291\" data-end=\"1382\">\n<p data-start=\"1293\" data-end=\"1315\">Tillg\u00e4ngliga storlekar: 50, 90, <span style=\"font-size: 16px\">130, 160, 190cm\u00a0<\/span><\/p>\n<\/li>\n<li data-start=\"1383\" data-end=\"1443\">\n<p data-start=\"1385\" data-end=\"1443\">Stil: Klassisk g\u00e5s med n\u00e4bb och f\u00f6tter<\/p>\n<\/li>\n<li data-start=\"1444\" data-end=\"1507\">\n<p data-start=\"1446\" data-end=\"1507\">Anv\u00e4ndningsomr\u00e5den: S\u00e4ngkudde, nackst\u00f6d, gosedjur, inredning<\/p>\n<\/li>\n<\/ul>\n<h2 style=\"text-align: center\" data-start=\"1514\" data-end=\"1537\"><strong>Paketet Inneh\u00e5ller<\/strong><\/h2>\n<ul data-start=\"1539\" data-end=\"1584\">\n<li data-start=\"1539\" data-end=\"1584\">\n<p data-start=\"1541\" data-end=\"1584\">1x g\u00e5skudde i plysch.<\/p>\n<\/li>\n<\/ul>\n","protected":false},"excerpt":{"rendered":"<p>Somna med den mjukaste och fluffigaste g\u00e5skudden du n\u00e5gonsin har tr\u00e4ffat! \ud83d\udca4 Den h\u00e4r plyschiga g\u00e5skudden \u00e4r den perfekta f\u00f6ljeslagaren [&hellip;]<\/p>\n","protected":false},"featured_media":24705,"comment_status":"open","ping_status":"closed","template":"","meta":{"site-sidebar-layout":"default","site-content-layout":"","ast-site-content-layout":"default","site-content-style":"default","site-sidebar-style":"default","ast-global-header-display":"","ast-banner-title-visibility":"","ast-main-header-display":"","ast-hfb-above-header-display":"","ast-hfb-below-header-display":"","ast-hfb-mobile-header-display":"","site-post-title":"","ast-breadcrumbs-content":"","ast-featured-img":"","footer-sml-layout":"","theme-transparent-header-meta":"default","adv-header-id-meta":"","stick-header-meta":"","header-above-stick-meta":"","header-main-stick-meta":"","header-below-stick-meta":"","astra-migrate-meta-layouts":"set","ast-page-background-enabled":"default","ast-page-background-meta":{"desktop":{"background-color":"var(--ast-global-color-4)","background-image":"","background-repeat":"repeat","background-position":"center center","background-size":"auto","background-attachment":"scroll","background-type":"","background-media":"","overlay-type":"","overlay-color":"","overlay-opacity":"","overlay-gradient":""},"tablet":{"background-color":"","background-image":"","background-repeat":"repeat","background-position":"center center","background-size":"auto","background-attachment":"scroll","background-type":"","background-media":"","overlay-type":"","overlay-color":"","overlay-opacity":"","overlay-gradient":""},"mobile":{"background-color":"","background-image":"","background-repeat":"repeat","background-position":"center center","background-size":"auto","background-attachment":"scroll","background-type":"","background-media":"","overlay-type":"","overlay-color":"","overlay-opacity":"","overlay-gradient":""}},"ast-content-background-meta":{"desktop":{"background-color":"var(--ast-global-color-5)","background-image":"","background-repeat":"repeat","background-position":"center center","background-size":"auto","background-attachment":"scroll","background-type":"","background-media":"","overlay-type":"","overlay-color":"","overlay-opacity":"","overlay-gradient":""},"tablet":{"background-color":"var(--ast-global-color-5)","background-image":"","background-repeat":"repeat","background-position":"center center","background-size":"auto","background-attachment":"scroll","background-type":"","background-media":"","overlay-type":"","overlay-color":"","overlay-opacity":"","overlay-gradient":""},"mobile":{"background-color":"var(--ast-global-color-5)","background-image":"","background-repeat":"repeat","background-position":"center center","background-size":"auto","background-attachment":"scroll","background-type":"","background-media":"","overlay-type":"","overlay-color":"","overlay-opacity":"","overlay-gradient":""}}},"product_brand":[],"product_cat":[1001],"product_tag":[],"class_list":{"0":"post-24709","1":"product","2":"type-product","3":"status-publish","4":"has-post-thumbnail","6":"product_cat-household-goods","7":"pa_16244_7mz9my95-130-cm","8":"pa_16244_7mz9my95-160-cm","9":"pa_16244_7mz9my95-190-cm","10":"pa_16244_7mz9my95-50-cm","11":"pa_16244_7mz9my95-90-cm","12":"pa_16244_rb57wnrt-a","13":"pa_16244_rb57wnrt-b","14":"pa_16244_rb57wnrt-c","15":"pa_16244_rb57wnrt-d","16":"pa_16244_rb57wnrt-e","17":"pa_16244_rb57wnrt-f","18":"pa_16244_rb57wnrt-g","19":"desktop-align-left","20":"tablet-align-left","21":"mobile-align-left","23":"first","24":"instock","25":"shipping-taxable","26":"purchasable","27":"product-type-variable","28":"has-default-attributes"},"_links":{"self":[{"href":"https:\/\/keluvo.com\/se\/wp-json\/wp\/v2\/product\/24709","targetHints":{"allow":["GET"]}}],"collection":[{"href":"https:\/\/keluvo.com\/se\/wp-json\/wp\/v2\/product"}],"about":[{"href":"https:\/\/keluvo.com\/se\/wp-json\/wp\/v2\/types\/product"}],"replies":[{"embeddable":true,"href":"https:\/\/keluvo.com\/se\/wp-json\/wp\/v2\/comments?post=24709"}],"wp:featuredmedia":[{"embeddable":true,"href":"https:\/\/keluvo.com\/se\/wp-json\/wp\/v2\/media\/24705"}],"wp:attachment":[{"href":"https:\/\/keluvo.com\/se\/wp-json\/wp\/v2\/media?parent=24709"}],"wp:term":[{"taxonomy":"product_brand","embeddable":true,"href":"https:\/\/keluvo.com\/se\/wp-json\/wp\/v2\/product_brand?post=24709"},{"taxonomy":"product_cat","embeddable":true,"href":"https:\/\/keluvo.com\/se\/wp-json\/wp\/v2\/product_cat?post=24709"},{"taxonomy":"product_tag","embeddable":true,"href":"https:\/\/keluvo.com\/se\/wp-json\/wp\/v2\/product_tag?post=24709"}],"curies":[{"name":"wp","href":"https:\/\/api.w.org\/{rel}","templated":true}]}}