{"id":24236,"date":"2025-09-08T08:15:16","date_gmt":"2025-09-08T05:15:16","guid":{"rendered":"https:\/\/keluvo.com\/se\/product\/filt-2\/"},"modified":"2025-09-08T08:15:45","modified_gmt":"2025-09-08T05:15:45","slug":"filt-2","status":"publish","type":"product","link":"https:\/\/keluvo.com\/se\/product\/filt-2\/","title":{"rendered":"Filt"},"content":{"rendered":"<p style=\"text-align: center\" data-start=\"0\" data-end=\"69\"><strong data-start=\"0\" data-end=\"69\">Ultramjuk Filt \u2013 Din Mysiga F\u00f6ljeslagare I Vardagen \ud83d\udecb\ufe0f<\/strong><\/p>\n<p style=\"text-align: center\" data-start=\"71\" data-end=\"139\">Wrap in dig i den mjuka, hudv\u00e4nliga v\u00e4rme du har saknat. Den \u00e4r utformad f\u00f6r ultimat komfort och avkoppling och \u00e4r perfekt f\u00f6r kyliga morgnar, lata kv\u00e4llar eller n\u00e4r du beh\u00f6ver en varm kram. Oavsett om den anv\u00e4nds p\u00e5 soffan, i s\u00e4ngen eller i burspr\u00e5ket, blandar den tyst lyx med praktisk v\u00e4rme.<\/p>\n<p data-start=\"71\" data-end=\"139\"><img decoding=\"async\" class=\"size-full wp-image-34179 aligncenter\" src=\"https:\/\/keluvo.com\/template\/wp-content\/uploads\/sites\/5\/2024\/10\/072117-ezgif.com-video-to-webp-converter.webp\" alt=\"\" \/><\/p>\n<h2 style=\"text-align: center\" data-start=\"472\" data-end=\"492\">\ud83c\udf1f Huvudf\u00f6rdelar<\/h2>\n<p data-start=\"496\" data-end=\"566\">\ud83e\uddf6 Sammetmjuk textur &#8211; skonsam mot huden och otroligt cozy<\/p>\n<p data-start=\"569\" data-end=\"650\">\ud83c\udf21\ufe0f H\u00e5ller dig varm hela dagen &#8211; perfekt f\u00f6r b\u00e5de stigande och sjunkande temperaturer<\/p>\n<p data-start=\"653\" data-end=\"711\">\ud83c\udfa8 Vacker ton &#8211; elegant, varm och modern<\/p>\n<p data-start=\"714\" data-end=\"789\">\ud83d\udecb\ufe0f M\u00e5ngsidig anv\u00e4ndning &#8211; perfekt f\u00f6r vardagsrummet, sovrum eller l\u00e4sh\u00f6rna<\/p>\n<p data-start=\"792\" data-end=\"858\">\ud83c\udf81 Elegant matt finish &#8211; ger en touch av klass till alla utrymmen<\/p>\n<p data-start=\"861\" data-end=\"931\">\ud83d\ude34 Inkluderar matchande kudde och \u00f6rngott &#8211; komplett avslappningsset<\/p>\n<p data-start=\"861\" data-end=\"931\"><img decoding=\"async\" class=\"size-full wp-image-34180 aligncenter\" src=\"https:\/\/keluvo.com\/template\/wp-content\/uploads\/sites\/5\/2024\/10\/dde631d8-ec0b-4553-9284-f8bb929a3d27.webp\" alt=\"\" \/><\/p>\n<h2 style=\"text-align: center\" data-start=\"938\" data-end=\"955\">\ud83e\uddfe Hur Man Anv\u00e4nder<\/h2>\n<ol data-start=\"957\" data-end=\"1178\">\n<li data-start=\"957\" data-end=\"1021\">\n<p data-start=\"960\" data-end=\"1021\">V\u00e4lj din filtstorlek beroende p\u00e5 ditt utrymme och dina behov.<\/p>\n<\/li>\n<li data-start=\"1022\" data-end=\"1073\">\n<p data-start=\"1025\" data-end=\"1073\">Placera den p\u00e5 s\u00e4ngen, soffan eller i l\u00e4sh\u00f6rnan.<\/p>\n<\/li>\n<li data-start=\"1136\" data-end=\"1178\">\n<p data-start=\"1139\" data-end=\"1178\">Njut av den varma, mjuka k\u00e4nslan.<\/p>\n<\/li>\n<\/ol>\n<h2 style=\"text-align: center\" data-start=\"1185\" data-end=\"1207\">\ud83d\udccf Produktdetaljer<\/h2>\n<ul data-start=\"1209\" data-end=\"1726\">\n<li data-start=\"1209\" data-end=\"1277\">\n<p data-start=\"1211\" data-end=\"1277\">Material: Premium polyester (mjuk, matt och hudv\u00e4nlig)<\/p>\n<\/li>\n<li data-start=\"1344\" data-end=\"1463\">\n<p data-start=\"1346\" data-end=\"1373\">Tv\u00e4ttr\u00e5d:<\/p>\n<ul data-start=\"1376\" data-end=\"1463\">\n<li data-start=\"1376\" data-end=\"1404\">\n<p data-start=\"1378\" data-end=\"1404\">Tv\u00e4tta i rumstemperatur<\/p>\n<\/li>\n<li data-start=\"1407\" data-end=\"1432\">\n<p data-start=\"1409\" data-end=\"1432\">Bl\u00e4ck inte och stryk inte<\/p>\n<\/li>\n<li data-start=\"1435\" data-end=\"1463\">\n<p data-start=\"1437\" data-end=\"1463\">Torka rent eller h\u00e4ng p\u00e5 tork<\/p>\n<\/li>\n<\/ul>\n<\/li>\n<li data-start=\"1464\" data-end=\"1683\">\n<p data-start=\"1466\" data-end=\"1488\">Tillg\u00e4ngliga storlekar: <span style=\"font-size: 16px\">100 x 160 cm,\u00a0 <\/span><span style=\"font-size: 16px\">130 x 160 cm<\/span><\/p>\n<\/li>\n<\/ul>\n<h2 style=\"text-align: center\" data-start=\"1733\" data-end=\"1756\">\ud83d\udce6 Paketet Inneh\u00e5ller<\/h2>\n<ul data-start=\"1758\" data-end=\"1865\">\n<li data-start=\"1758\" data-end=\"1804\">\n<p data-start=\"1760\" data-end=\"1804\">1x ultramjuk filt.<\/p>\n<\/li>\n<\/ul>\n","protected":false},"excerpt":{"rendered":"<p>Ultramjuk Filt \u2013 Din Mysiga F\u00f6ljeslagare I Vardagen \ud83d\udecb\ufe0f Wrap in dig i den mjuka, hudv\u00e4nliga v\u00e4rme du har saknat. [&hellip;]<\/p>\n","protected":false},"featured_media":24232,"comment_status":"open","ping_status":"closed","template":"","meta":{"site-sidebar-layout":"default","site-content-layout":"","ast-site-content-layout":"default","site-content-style":"default","site-sidebar-style":"default","ast-global-header-display":"","ast-banner-title-visibility":"","ast-main-header-display":"","ast-hfb-above-header-display":"","ast-hfb-below-header-display":"","ast-hfb-mobile-header-display":"","site-post-title":"","ast-breadcrumbs-content":"","ast-featured-img":"","footer-sml-layout":"","theme-transparent-header-meta":"default","adv-header-id-meta":"","stick-header-meta":"","header-above-stick-meta":"","header-main-stick-meta":"","header-below-stick-meta":"","astra-migrate-meta-layouts":"set","ast-page-background-enabled":"default","ast-page-background-meta":{"desktop":{"background-color":"var(--ast-global-color-4)","background-image":"","background-repeat":"repeat","background-position":"center center","background-size":"auto","background-attachment":"scroll","background-type":"","background-media":"","overlay-type":"","overlay-color":"","overlay-opacity":"","overlay-gradient":""},"tablet":{"background-color":"","background-image":"","background-repeat":"repeat","background-position":"center center","background-size":"auto","background-attachment":"scroll","background-type":"","background-media":"","overlay-type":"","overlay-color":"","overlay-opacity":"","overlay-gradient":""},"mobile":{"background-color":"","background-image":"","background-repeat":"repeat","background-position":"center center","background-size":"auto","background-attachment":"scroll","background-type":"","background-media":"","overlay-type":"","overlay-color":"","overlay-opacity":"","overlay-gradient":""}},"ast-content-background-meta":{"desktop":{"background-color":"var(--ast-global-color-5)","background-image":"","background-repeat":"repeat","background-position":"center center","background-size":"auto","background-attachment":"scroll","background-type":"","background-media":"","overlay-type":"","overlay-color":"","overlay-opacity":"","overlay-gradient":""},"tablet":{"background-color":"var(--ast-global-color-5)","background-image":"","background-repeat":"repeat","background-position":"center center","background-size":"auto","background-attachment":"scroll","background-type":"","background-media":"","overlay-type":"","overlay-color":"","overlay-opacity":"","overlay-gradient":""},"mobile":{"background-color":"var(--ast-global-color-5)","background-image":"","background-repeat":"repeat","background-position":"center center","background-size":"auto","background-attachment":"scroll","background-type":"","background-media":"","overlay-type":"","overlay-color":"","overlay-opacity":"","overlay-gradient":""}}},"product_brand":[],"product_cat":[1001],"product_tag":[],"class_list":{"0":"post-24236","1":"product","2":"type-product","3":"status-publish","4":"has-post-thumbnail","6":"product_cat-household-goods","7":"pa_14706_43vgcqmq-beige","8":"pa_14706_43vgcqmq-bla","9":"pa_14706_43vgcqmq-gron","10":"pa_14706_43vgcqmq-morkgra","11":"pa_14706_43vgcqmq-rosa","12":"pa_14706_43vgcqmq-vit","13":"pa_14706_uuumf2qe-100-x-160-cm","14":"pa_14706_uuumf2qe-130-x-160-cm","15":"desktop-align-left","16":"tablet-align-left","17":"mobile-align-left","19":"first","20":"instock","21":"shipping-taxable","22":"purchasable","23":"product-type-variable","24":"has-default-attributes"},"_links":{"self":[{"href":"https:\/\/keluvo.com\/se\/wp-json\/wp\/v2\/product\/24236","targetHints":{"allow":["GET"]}}],"collection":[{"href":"https:\/\/keluvo.com\/se\/wp-json\/wp\/v2\/product"}],"about":[{"href":"https:\/\/keluvo.com\/se\/wp-json\/wp\/v2\/types\/product"}],"replies":[{"embeddable":true,"href":"https:\/\/keluvo.com\/se\/wp-json\/wp\/v2\/comments?post=24236"}],"wp:featuredmedia":[{"embeddable":true,"href":"https:\/\/keluvo.com\/se\/wp-json\/wp\/v2\/media\/24232"}],"wp:attachment":[{"href":"https:\/\/keluvo.com\/se\/wp-json\/wp\/v2\/media?parent=24236"}],"wp:term":[{"taxonomy":"product_brand","embeddable":true,"href":"https:\/\/keluvo.com\/se\/wp-json\/wp\/v2\/product_brand?post=24236"},{"taxonomy":"product_cat","embeddable":true,"href":"https:\/\/keluvo.com\/se\/wp-json\/wp\/v2\/product_cat?post=24236"},{"taxonomy":"product_tag","embeddable":true,"href":"https:\/\/keluvo.com\/se\/wp-json\/wp\/v2\/product_tag?post=24236"}],"curies":[{"name":"wp","href":"https:\/\/api.w.org\/{rel}","templated":true}]}}