{"id":24178,"date":"2025-09-08T08:13:04","date_gmt":"2025-09-08T05:13:04","guid":{"rendered":"https:\/\/keluvo.com\/se\/product\/armband-med-kristen-bibelvers\/"},"modified":"2025-09-08T08:13:39","modified_gmt":"2025-09-08T05:13:39","slug":"armband-med-kristen-bibelvers","status":"publish","type":"product","link":"https:\/\/keluvo.com\/se\/product\/armband-med-kristen-bibelvers\/","title":{"rendered":"Armband med kristen bibelvers"},"content":{"rendered":"<p style=\"text-align: center\" data-start=\"140\" data-end=\"336\"><strong data-start=\"140\" data-end=\"197\">B\u00e4r Med Dig Din Favoritbibelvers Varje Dag \ud83d\ude4f<\/strong><\/p>\n<p style=\"text-align: center\" data-start=\"140\" data-end=\"336\">Det h\u00e4r armbandet \u00e4r en daglig p\u00e5minnelse om din tro, styrka och syfte &#8211; allt lindat runt handleden i en elegant och meningsfull design. Armbandet \u00e4r tillverkat av h\u00e5llbart rostfritt st\u00e5l och mjuk silikon och \u00e4r utformat f\u00f6r komfort, stil och inspiration. Oavsett om det \u00e4r en present till dig sj\u00e4lv eller n\u00e5gon du \u00e4lskar, \u00e4r det ett omt\u00e4nksamt s\u00e4tt att h\u00e5lla skrifterna n\u00e4ra och erbjuda uppmuntran vart livet \u00e4n tar dig.<\/p>\n<p data-start=\"140\" data-end=\"336\"><img decoding=\"async\" class=\"size-full wp-image-34055 aligncenter\" src=\"https:\/\/keluvo.com\/template\/wp-content\/uploads\/sites\/5\/2025\/09\/E1Ee7njuH9JxL1QBvvXN.jpeg\" alt=\"\" \/><\/p>\n<h2 style=\"text-align: center\" data-start=\"609\" data-end=\"629\">\u271d\ufe0f Huvudf\u00f6rdelar<\/h2>\n<p data-start=\"633\" data-end=\"720\">\ud83d\udcd6 Personlig trosp\u00e5minnelse &#8211; Ha din favoritbibelvers med dig hela tiden<\/p>\n<p data-start=\"723\" data-end=\"812\">\ud83c\udf81 Perfekt present &#8211; Perfekt f\u00f6r p\u00e5sk, dop, konfirmation, f\u00f6delsedagar eller holidays<\/p>\n<p data-start=\"815\" data-end=\"904\">\ud83d\udee1\ufe0f H\u00e5llbar &amp; vattent\u00e4tt &#8211; Tillverkat av rostfritt st\u00e5l och silikon f\u00f6r vardagligt slitage<\/p>\n<p data-start=\"907\" data-end=\"985\">\ud83d\udc4c Bekv\u00e4m passform &#8211; L\u00e4tt, flexibel och justerbar f\u00f6r alla handleder<\/p>\n<p data-start=\"988\" data-end=\"1065\">\ud83d\udcab Allergiv\u00e4nligt &#8211; S\u00e4kert f\u00f6r k\u00e4nslig hud; ingen irritation eller allergi<\/p>\n<p data-start=\"988\" data-end=\"1065\"><img decoding=\"async\" class=\"size-full wp-image-34056 aligncenter\" src=\"https:\/\/keluvo.com\/template\/wp-content\/uploads\/sites\/5\/2025\/09\/cW0CQXiNpouNi628J1iO.jpeg\" alt=\"\" \/><\/p>\n<h2 style=\"text-align: center\" data-start=\"1072\" data-end=\"1089\">\ud83d\ude4c Hur Man Anv\u00e4nder<\/h2>\n<ol data-start=\"1091\" data-end=\"1345\">\n<li data-start=\"1091\" data-end=\"1146\">\n<p data-start=\"1094\" data-end=\"1146\">V\u00e4lj din favoritbibelvers eller ditt anpassade meddelande.<\/p>\n<\/li>\n<li data-start=\"1147\" data-end=\"1210\">\n<p data-start=\"1150\" data-end=\"1210\">B\u00e4r armbandet p\u00e5 din handled med det justerbara sp\u00e4nnet.<\/p>\n<\/li>\n<li data-start=\"1211\" data-end=\"1279\">\n<p data-start=\"1214\" data-end=\"1279\">Ha det p\u00e5 dig dagligen som en personlig p\u00e5minnelse om tro och motivation.<\/p>\n<\/li>\n<li data-start=\"1280\" data-end=\"1345\">\n<p data-start=\"1283\" data-end=\"1345\">Reng\u00f6r enkelt med en mjuk trasa f\u00f6r att bibeh\u00e5lla det polerade utseendet.<\/p>\n<\/li>\n<\/ol>\n<h2 style=\"text-align: center\" data-start=\"1352\" data-end=\"1374\">\ud83d\udccf Produktdetaljer<\/h2>\n<ul data-start=\"1376\" data-end=\"1659\">\n<li data-start=\"1421\" data-end=\"1465\">\n<p data-start=\"1423\" data-end=\"1465\">Material: Rostfritt st\u00e5l &amp; silikon<\/p>\n<\/li>\n<li data-start=\"1466\" data-end=\"1486\">\n<p data-start=\"1468\" data-end=\"1486\">F\u00e4rg: Svart<\/p>\n<\/li>\n<li data-start=\"1487\" data-end=\"1511\">\n<p data-start=\"1489\" data-end=\"1511\">Finish: Polerad<\/p>\n<\/li>\n<li data-start=\"1512\" data-end=\"1560\">\n<p data-start=\"1514\" data-end=\"1560\">Allergiv\u00e4nlig: Ja (metall\/latex-s\u00e4ker)<\/p>\n<\/li>\n<li data-start=\"1561\" data-end=\"1589\">\n<p data-start=\"1563\" data-end=\"1589\">Storlek: Justerbar passform<\/p>\n<\/li>\n<\/ul>\n<h2 style=\"text-align: center\" data-start=\"1666\" data-end=\"1689\">\ud83d\udce6 Paketet Inneh\u00e5ller<\/h2>\n<ul data-start=\"1691\" data-end=\"1731\">\n<li data-start=\"1691\" data-end=\"1731\">\n<p data-start=\"1693\" data-end=\"1731\">1x armband med kristna bibelverser.<\/p>\n<\/li>\n<\/ul>\n","protected":false},"excerpt":{"rendered":"<p>B\u00e4r Med Dig Din Favoritbibelvers Varje Dag \ud83d\ude4f Det h\u00e4r armbandet \u00e4r en daglig p\u00e5minnelse om din tro, styrka och [&hellip;]<\/p>\n","protected":false},"featured_media":24175,"comment_status":"open","ping_status":"closed","template":"","meta":{"site-sidebar-layout":"default","site-content-layout":"","ast-site-content-layout":"default","site-content-style":"default","site-sidebar-style":"default","ast-global-header-display":"","ast-banner-title-visibility":"","ast-main-header-display":"","ast-hfb-above-header-display":"","ast-hfb-below-header-display":"","ast-hfb-mobile-header-display":"","site-post-title":"","ast-breadcrumbs-content":"","ast-featured-img":"","footer-sml-layout":"","theme-transparent-header-meta":"default","adv-header-id-meta":"","stick-header-meta":"","header-above-stick-meta":"","header-main-stick-meta":"","header-below-stick-meta":"","astra-migrate-meta-layouts":"set","ast-page-background-enabled":"default","ast-page-background-meta":{"desktop":{"background-color":"var(--ast-global-color-4)","background-image":"","background-repeat":"repeat","background-position":"center center","background-size":"auto","background-attachment":"scroll","background-type":"","background-media":"","overlay-type":"","overlay-color":"","overlay-opacity":"","overlay-gradient":""},"tablet":{"background-color":"","background-image":"","background-repeat":"repeat","background-position":"center center","background-size":"auto","background-attachment":"scroll","background-type":"","background-media":"","overlay-type":"","overlay-color":"","overlay-opacity":"","overlay-gradient":""},"mobile":{"background-color":"","background-image":"","background-repeat":"repeat","background-position":"center center","background-size":"auto","background-attachment":"scroll","background-type":"","background-media":"","overlay-type":"","overlay-color":"","overlay-opacity":"","overlay-gradient":""}},"ast-content-background-meta":{"desktop":{"background-color":"var(--ast-global-color-5)","background-image":"","background-repeat":"repeat","background-position":"center center","background-size":"auto","background-attachment":"scroll","background-type":"","background-media":"","overlay-type":"","overlay-color":"","overlay-opacity":"","overlay-gradient":""},"tablet":{"background-color":"var(--ast-global-color-5)","background-image":"","background-repeat":"repeat","background-position":"center center","background-size":"auto","background-attachment":"scroll","background-type":"","background-media":"","overlay-type":"","overlay-color":"","overlay-opacity":"","overlay-gradient":""},"mobile":{"background-color":"var(--ast-global-color-5)","background-image":"","background-repeat":"repeat","background-position":"center center","background-size":"auto","background-attachment":"scroll","background-type":"","background-media":"","overlay-type":"","overlay-color":"","overlay-opacity":"","overlay-gradient":""}}},"product_brand":[],"product_cat":[993],"product_tag":[],"class_list":{"0":"post-24178","1":"product","2":"type-product","3":"status-publish","4":"has-post-thumbnail","6":"product_cat-footwear-accessories","7":"pa_48103_msmve84y-a","8":"pa_48103_msmve84y-b","9":"pa_48103_msmve84y-c","10":"pa_48103_msmve84y-d","11":"pa_48103_msmve84y-e","12":"pa_48103_msmve84y-f","13":"pa_48103_msmve84y-g","14":"pa_48103_msmve84y-h","15":"pa_48103_msmve84y-i","16":"pa_48103_msmve84y-j","17":"pa_48103_msmve84y-k","18":"pa_48103_msmve84y-l","19":"pa_48103_msmve84y-m","20":"pa_48103_msmve84y-n","21":"desktop-align-left","22":"tablet-align-left","23":"mobile-align-left","25":"first","26":"instock","27":"shipping-taxable","28":"purchasable","29":"product-type-variable"},"_links":{"self":[{"href":"https:\/\/keluvo.com\/se\/wp-json\/wp\/v2\/product\/24178","targetHints":{"allow":["GET"]}}],"collection":[{"href":"https:\/\/keluvo.com\/se\/wp-json\/wp\/v2\/product"}],"about":[{"href":"https:\/\/keluvo.com\/se\/wp-json\/wp\/v2\/types\/product"}],"replies":[{"embeddable":true,"href":"https:\/\/keluvo.com\/se\/wp-json\/wp\/v2\/comments?post=24178"}],"wp:featuredmedia":[{"embeddable":true,"href":"https:\/\/keluvo.com\/se\/wp-json\/wp\/v2\/media\/24175"}],"wp:attachment":[{"href":"https:\/\/keluvo.com\/se\/wp-json\/wp\/v2\/media?parent=24178"}],"wp:term":[{"taxonomy":"product_brand","embeddable":true,"href":"https:\/\/keluvo.com\/se\/wp-json\/wp\/v2\/product_brand?post=24178"},{"taxonomy":"product_cat","embeddable":true,"href":"https:\/\/keluvo.com\/se\/wp-json\/wp\/v2\/product_cat?post=24178"},{"taxonomy":"product_tag","embeddable":true,"href":"https:\/\/keluvo.com\/se\/wp-json\/wp\/v2\/product_tag?post=24178"}],"curies":[{"name":"wp","href":"https:\/\/api.w.org\/{rel}","templated":true}]}}