{"id":24146,"date":"2025-09-08T08:11:44","date_gmt":"2025-09-08T05:11:44","guid":{"rendered":"https:\/\/keluvo.com\/se\/product\/armband-med-stjarntecken\/"},"modified":"2025-09-08T08:12:12","modified_gmt":"2025-09-08T05:12:12","slug":"armband-med-stjarntecken","status":"publish","type":"product","link":"https:\/\/keluvo.com\/se\/product\/armband-med-stjarntecken\/","title":{"rendered":"Armband med stj\u00e4rntecken"},"content":{"rendered":"<p style=\"text-align: center\" data-start=\"125\" data-end=\"294\"><strong data-start=\"125\" data-end=\"164\">Visa upp ditt stj\u00e4rntecken med stil \ud83c\udf1f<\/strong><\/p>\n<p style=\"text-align: center\" data-start=\"125\" data-end=\"294\">Det h\u00e4r justerbara stj\u00e4rnteckenarmbandet \u00e4r det perfekta s\u00e4ttet att b\u00e4ra ditt tecken med stolthet &#8211; snyggt, personligt och fullt av mening. Oavsett om du \u00e4lskar astrologi eller letar efter en omt\u00e4nksam present, kombinerar detta armband en unik zodiakcharm med en bekv\u00e4m PU-l\u00e4dersnodd. Dess enkla och m\u00e5ngsidiga design g\u00f6r det l\u00e4tt att b\u00e4ra dagligen, medan den justerbara passformen s\u00e4kerst\u00e4ller att det fungerar f\u00f6r alla.<\/p>\n<p data-start=\"125\" data-end=\"294\"><img decoding=\"async\" class=\"size-full wp-image-34023 aligncenter\" src=\"https:\/\/keluvo.com\/template\/wp-content\/uploads\/sites\/5\/2025\/09\/fXSMh6T8AeHDUB7cuepi.jpeg\" alt=\"\" \/><\/p>\n<h2 style=\"text-align: center\" data-start=\"566\" data-end=\"585\"><strong>Huvudf\u00f6rdelar<\/strong><\/h2>\n<p data-start=\"589\" data-end=\"649\">\u2648 Personlig stil &#8211; V\u00e4lj bland alla 12 stj\u00e4rntecken<\/p>\n<p data-start=\"652\" data-end=\"729\">\ud83c\udf81 Bra presentid\u00e9 &#8211; En meningsfull och snygg present till astrologiv\u00e4nner<\/p>\n<p data-start=\"732\" data-end=\"790\">\ud83d\udcab Unisexdesign &#8211; Ser bra ut p\u00e5 b\u00e5de m\u00e4n och kvinnor<\/p>\n<p data-start=\"793\" data-end=\"856\">\ud83d\udccf Justerbar passform &#8211; En storlek passar de flesta handleder bekv\u00e4mt<\/p>\n<p data-start=\"859\" data-end=\"923\">\ud83e\uddf5 Slitstark sladd &#8211; Tillverkad av starkt och flexibelt PU-l\u00e4der<\/p>\n<p data-start=\"859\" data-end=\"923\"><img decoding=\"async\" class=\"size-full wp-image-34026 aligncenter\" src=\"https:\/\/keluvo.com\/template\/wp-content\/uploads\/sites\/5\/2025\/09\/Sad07fb90a2994423965c173b2aca652fA.webp\" alt=\"\" \/><\/p>\n<h2 style=\"text-align: center\" data-start=\"930\" data-end=\"947\"><strong>Anv\u00e4ndning<\/strong><\/h2>\n<ol data-start=\"949\" data-end=\"1154\">\n<li data-start=\"949\" data-end=\"995\">\n<p data-start=\"952\" data-end=\"995\">V\u00e4lj armbandet med ditt stj\u00e4rntecken.<\/p>\n<\/li>\n<li data-start=\"996\" data-end=\"1026\">\n<p data-start=\"999\" data-end=\"1026\">Vira det runt handleden.<\/p>\n<\/li>\n<li data-start=\"1027\" data-end=\"1087\">\n<p data-start=\"1030\" data-end=\"1087\">anv\u00e4nd det justerbara l\u00e5set f\u00f6r att dra \u00e5t eller lossa efter behov.<\/p>\n<\/li>\n<li data-start=\"1088\" data-end=\"1154\">\n<p data-start=\"1091\" data-end=\"1154\">anv\u00e4nd det dagligen eller matcha det med andra tecken f\u00f6r en lager-p\u00e5-lager-look.<\/p>\n<\/li>\n<\/ol>\n<h2 style=\"text-align: center\" data-start=\"1161\" data-end=\"1183\"><strong>Produktdetaljer<\/strong><\/h2>\n<ul data-start=\"1185\" data-end=\"1431\">\n<li data-start=\"1234\" data-end=\"1267\">\n<p data-start=\"1236\" data-end=\"1267\">Material: PU-l\u00e4dersn\u00f6re<\/p>\n<\/li>\n<li data-start=\"1268\" data-end=\"1310\">\n<p data-start=\"1270\" data-end=\"1310\">Stil: 12 konstellationer tillg\u00e4ngliga<\/p>\n<\/li>\n<li data-start=\"1311\" data-end=\"1352\">\n<p data-start=\"1313\" data-end=\"1352\">F\u00e4rg: Som visas p\u00e5 produktfoton<\/p>\n<\/li>\n<li data-start=\"1353\" data-end=\"1399\">\n<p data-start=\"1355\" data-end=\"1399\">Armbandets l\u00e4ngd: 18,5 cm<\/p>\n<\/li>\n<li data-start=\"1400\" data-end=\"1431\">\n<p data-start=\"1402\" data-end=\"1431\">Passform: Justerbar, unisex<\/p>\n<\/li>\n<\/ul>\n<h2 style=\"text-align: center\" data-start=\"1438\" data-end=\"1461\"><strong>Paketet inneh\u00e5ller<\/strong><\/h2>\n<ul data-start=\"1463\" data-end=\"1494\">\n<li data-start=\"1463\" data-end=\"1494\">\n<p data-start=\"1465\" data-end=\"1494\">1x stj\u00e4rnteckenarmband.<\/p>\n<\/li>\n<\/ul>\n","protected":false},"excerpt":{"rendered":"<p>Visa upp ditt stj\u00e4rntecken med stil \ud83c\udf1f Det h\u00e4r justerbara stj\u00e4rnteckenarmbandet \u00e4r det perfekta s\u00e4ttet att b\u00e4ra ditt tecken med [&hellip;]<\/p>\n","protected":false},"featured_media":24142,"comment_status":"open","ping_status":"closed","template":"","meta":{"site-sidebar-layout":"default","site-content-layout":"","ast-site-content-layout":"default","site-content-style":"default","site-sidebar-style":"default","ast-global-header-display":"","ast-banner-title-visibility":"","ast-main-header-display":"","ast-hfb-above-header-display":"","ast-hfb-below-header-display":"","ast-hfb-mobile-header-display":"","site-post-title":"","ast-breadcrumbs-content":"","ast-featured-img":"","footer-sml-layout":"","theme-transparent-header-meta":"default","adv-header-id-meta":"","stick-header-meta":"","header-above-stick-meta":"","header-main-stick-meta":"","header-below-stick-meta":"","astra-migrate-meta-layouts":"set","ast-page-background-enabled":"default","ast-page-background-meta":{"desktop":{"background-color":"var(--ast-global-color-4)","background-image":"","background-repeat":"repeat","background-position":"center center","background-size":"auto","background-attachment":"scroll","background-type":"","background-media":"","overlay-type":"","overlay-color":"","overlay-opacity":"","overlay-gradient":""},"tablet":{"background-color":"","background-image":"","background-repeat":"repeat","background-position":"center center","background-size":"auto","background-attachment":"scroll","background-type":"","background-media":"","overlay-type":"","overlay-color":"","overlay-opacity":"","overlay-gradient":""},"mobile":{"background-color":"","background-image":"","background-repeat":"repeat","background-position":"center center","background-size":"auto","background-attachment":"scroll","background-type":"","background-media":"","overlay-type":"","overlay-color":"","overlay-opacity":"","overlay-gradient":""}},"ast-content-background-meta":{"desktop":{"background-color":"var(--ast-global-color-5)","background-image":"","background-repeat":"repeat","background-position":"center center","background-size":"auto","background-attachment":"scroll","background-type":"","background-media":"","overlay-type":"","overlay-color":"","overlay-opacity":"","overlay-gradient":""},"tablet":{"background-color":"var(--ast-global-color-5)","background-image":"","background-repeat":"repeat","background-position":"center center","background-size":"auto","background-attachment":"scroll","background-type":"","background-media":"","overlay-type":"","overlay-color":"","overlay-opacity":"","overlay-gradient":""},"mobile":{"background-color":"var(--ast-global-color-5)","background-image":"","background-repeat":"repeat","background-position":"center center","background-size":"auto","background-attachment":"scroll","background-type":"","background-media":"","overlay-type":"","overlay-color":"","overlay-opacity":"","overlay-gradient":""}}},"product_brand":[],"product_cat":[993],"product_tag":[],"class_list":{"0":"post-24146","1":"product","2":"type-product","3":"status-publish","4":"has-post-thumbnail","6":"product_cat-footwear-accessories","7":"pa_48102_ey0f3j8y-cancer","8":"pa_48102_ey0f3j8y-fiskarna","9":"pa_48102_ey0f3j8y-jungfrun","10":"pa_48102_ey0f3j8y-leo","11":"pa_48102_ey0f3j8y-oxen","12":"pa_48102_ey0f3j8y-scorpius","13":"pa_48102_ey0f3j8y-skytten","14":"pa_48102_ey0f3j8y-stenbocken","15":"pa_48102_ey0f3j8y-tvillingarna","16":"pa_48102_ey0f3j8y-vaduren","17":"pa_48102_ey0f3j8y-vagen","18":"pa_48102_ey0f3j8y-vattumannen","19":"desktop-align-left","20":"tablet-align-left","21":"mobile-align-left","23":"first","24":"instock","25":"shipping-taxable","26":"purchasable","27":"product-type-variable"},"_links":{"self":[{"href":"https:\/\/keluvo.com\/se\/wp-json\/wp\/v2\/product\/24146","targetHints":{"allow":["GET"]}}],"collection":[{"href":"https:\/\/keluvo.com\/se\/wp-json\/wp\/v2\/product"}],"about":[{"href":"https:\/\/keluvo.com\/se\/wp-json\/wp\/v2\/types\/product"}],"replies":[{"embeddable":true,"href":"https:\/\/keluvo.com\/se\/wp-json\/wp\/v2\/comments?post=24146"}],"wp:featuredmedia":[{"embeddable":true,"href":"https:\/\/keluvo.com\/se\/wp-json\/wp\/v2\/media\/24142"}],"wp:attachment":[{"href":"https:\/\/keluvo.com\/se\/wp-json\/wp\/v2\/media?parent=24146"}],"wp:term":[{"taxonomy":"product_brand","embeddable":true,"href":"https:\/\/keluvo.com\/se\/wp-json\/wp\/v2\/product_brand?post=24146"},{"taxonomy":"product_cat","embeddable":true,"href":"https:\/\/keluvo.com\/se\/wp-json\/wp\/v2\/product_cat?post=24146"},{"taxonomy":"product_tag","embeddable":true,"href":"https:\/\/keluvo.com\/se\/wp-json\/wp\/v2\/product_tag?post=24146"}],"curies":[{"name":"wp","href":"https:\/\/api.w.org\/{rel}","templated":true}]}}