{"id":23941,"date":"2025-09-08T08:03:55","date_gmt":"2025-09-08T05:03:55","guid":{"rendered":"https:\/\/keluvo.com\/se\/product\/gipsspruta\/"},"modified":"2025-09-08T08:03:55","modified_gmt":"2025-09-08T05:03:55","slug":"gipsspruta","status":"publish","type":"product","link":"https:\/\/keluvo.com\/se\/product\/gipsspruta\/","title":{"rendered":"Gipsspruta"},"content":{"rendered":"<p style=\"text-align: center\" data-start=\"212\" data-end=\"259\"><strong>Spraya V\u00e4ggar Som Ett Proffs Utan Anstr\u00e4ngning \ud83c\udfa8\ud83d\udcaa<\/strong><\/p>\n<p style=\"text-align: center\" data-start=\"261\" data-end=\"524\">Den h\u00e4r gipssprutan \u00e4r perfekt f\u00f6r att t\u00e4cka stora ytor snabbt &#8211; oavsett om du applicerar stuckatur, gips, texturf\u00e4rg eller cementslurry. Den \u00e4r utformad f\u00f6r att enkelt kunna anslutas till en luftkompressor, vilket sparar tid och ger dig en j\u00e4mn och sl\u00e4t yta varje g\u00e5ng. Det \u00e4r ett m\u00e5ste f\u00f6r hemmafixare, m\u00e5lare och byggare som vill utf\u00f6ra v\u00e4gg- eller takarbeten snabbt och effektivt.<\/p>\n<p data-start=\"261\" data-end=\"524\"><img decoding=\"async\" class=\"size-full wp-image-33826 aligncenter\" src=\"https:\/\/keluvo.com\/template\/wp-content\/uploads\/sites\/5\/2025\/09\/WhatsAppVideo2023-10-12at10.37.08_480x480.webp\" alt=\"\" \/><\/p>\n<h2 style=\"text-align: center\" data-start=\"644\" data-end=\"664\">Huvudf\u00f6rdelar \ud83d\udee0\ufe0f<\/h2>\n<p data-start=\"668\" data-end=\"710\">\ud83c\udfaf T\u00e4cker stora ytor snabbt och j\u00e4mnt<\/p>\n<p data-start=\"713\" data-end=\"766\">\ud83e\uddf1 Fungerar utm\u00e4rkt f\u00f6r stuckatur, textur, f\u00e4rg med mera<\/p>\n<p data-start=\"769\" data-end=\"813\">\ud83e\udde9 Ansluts till alla vanliga luftkompressorer<\/p>\n<p data-start=\"816\" data-end=\"851\">\ud83e\udeb6 L\u00e4tt och enkel att hantera<\/p>\n<p data-start=\"854\" data-end=\"906\">\ud83d\udd29 Rostfri st\u00e5lkropp &#8211; slitstark och rostbest\u00e4ndig<\/p>\n<p data-start=\"909\" data-end=\"943\">\ud83e\uddf0 Idealisk f\u00f6r anv\u00e4ndning inomhus eller utomhus<\/p>\n<p data-start=\"909\" data-end=\"943\"><img decoding=\"async\" class=\"size-full wp-image-33827 aligncenter\" src=\"https:\/\/keluvo.com\/template\/wp-content\/uploads\/sites\/5\/2025\/09\/Se2bc89d62bea47328512cdd9dc505121k.jpg_960x960q75.jpg_.avif\" alt=\"\" \/><\/p>\n<h2 style=\"text-align: center\" data-start=\"950\" data-end=\"969\">Anv\u00e4ndning \ud83e\uddfd<\/h2>\n<ol data-start=\"971\" data-end=\"1208\">\n<li data-start=\"971\" data-end=\"1036\">\n<p data-start=\"974\" data-end=\"1036\">Fyll beh\u00e5llaren med \u00f6nskad blandning (f\u00e4rg, gips osv.).<\/p>\n<\/li>\n<li data-start=\"1037\" data-end=\"1086\">\n<p data-start=\"1040\" data-end=\"1086\">anslut sprutpistolen till din luftkompressor.<\/p>\n<\/li>\n<li data-start=\"1087\" data-end=\"1142\">\n<p data-start=\"1090\" data-end=\"1142\">justera fl\u00f6det baserat p\u00e5 ditt material och din yta.<\/p>\n<\/li>\n<li data-start=\"1143\" data-end=\"1208\">\n<p data-start=\"1146\" data-end=\"1208\">tryck p\u00e5 avtryckaren och b\u00f6rja spruta j\u00e4mnt \u00f6ver ytan.<\/p>\n<\/li>\n<\/ol>\n<h2 style=\"text-align: center\" data-start=\"1215\" data-end=\"1236\">Produktdetaljer \ud83d\udccf<\/h2>\n<ul data-start=\"1238\" data-end=\"1463\">\n<li data-start=\"1238\" data-end=\"1292\">\n<p data-start=\"1240\" data-end=\"1292\">Material: Rostfritt st\u00e5l + m\u00e4ssing + plasthandtag<\/p>\n<\/li>\n<li data-start=\"1293\" data-end=\"1334\">\n<p data-start=\"1295\" data-end=\"1334\">Hopparens volym: Ca 4,5-6,5 liter<\/p>\n<\/li>\n<li data-start=\"1335\" data-end=\"1363\">\n<p data-start=\"1337\" data-end=\"1363\">Sprayningstyp: Gravitationsmatning<\/p>\n<\/li>\n<li data-start=\"1364\" data-end=\"1397\">\n<p data-start=\"1366\" data-end=\"1397\">Anslutning: Standard luftslang<\/p>\n<\/li>\n<li data-start=\"1398\" data-end=\"1463\">\n<p data-start=\"1400\" data-end=\"1463\">Anv\u00e4ndning: V\u00e4gg, tak, betong, gips, stuckatur, textursprutning<\/p>\n<\/li>\n<\/ul>\n<h2 style=\"text-align: center\" data-start=\"1470\" data-end=\"1492\">Paketet Inneh\u00e5ller \ud83d\udce6<\/h2>\n<ul data-start=\"1494\" data-end=\"1570\">\n<li data-start=\"1494\" data-end=\"1522\">\n<p data-start=\"1496\" data-end=\"1522\">1x sprutpistol<\/p>\n<\/li>\n<li data-start=\"1523\" data-end=\"1550\">\n<p data-start=\"1525\" data-end=\"1550\">1x luftanslutningsmunstycke<\/p>\n<\/li>\n<li data-start=\"1551\" data-end=\"1570\">\n<p data-start=\"1553\" data-end=\"1570\">1x avtryckarhandtag.<\/p>\n<\/li>\n<\/ul>\n","protected":false},"excerpt":{"rendered":"<p>Spraya V\u00e4ggar Som Ett Proffs Utan Anstr\u00e4ngning \ud83c\udfa8\ud83d\udcaa Den h\u00e4r gipssprutan \u00e4r perfekt f\u00f6r att t\u00e4cka stora ytor snabbt &#8211; [&hellip;]<\/p>\n","protected":false},"featured_media":23937,"comment_status":"open","ping_status":"closed","template":"","meta":{"site-sidebar-layout":"default","site-content-layout":"","ast-site-content-layout":"default","site-content-style":"default","site-sidebar-style":"default","ast-global-header-display":"","ast-banner-title-visibility":"","ast-main-header-display":"","ast-hfb-above-header-display":"","ast-hfb-below-header-display":"","ast-hfb-mobile-header-display":"","site-post-title":"","ast-breadcrumbs-content":"","ast-featured-img":"","footer-sml-layout":"","theme-transparent-header-meta":"default","adv-header-id-meta":"","stick-header-meta":"","header-above-stick-meta":"","header-main-stick-meta":"","header-below-stick-meta":"","astra-migrate-meta-layouts":"set","ast-page-background-enabled":"default","ast-page-background-meta":{"desktop":{"background-color":"var(--ast-global-color-4)","background-image":"","background-repeat":"repeat","background-position":"center center","background-size":"auto","background-attachment":"scroll","background-type":"","background-media":"","overlay-type":"","overlay-color":"","overlay-opacity":"","overlay-gradient":""},"tablet":{"background-color":"","background-image":"","background-repeat":"repeat","background-position":"center center","background-size":"auto","background-attachment":"scroll","background-type":"","background-media":"","overlay-type":"","overlay-color":"","overlay-opacity":"","overlay-gradient":""},"mobile":{"background-color":"","background-image":"","background-repeat":"repeat","background-position":"center center","background-size":"auto","background-attachment":"scroll","background-type":"","background-media":"","overlay-type":"","overlay-color":"","overlay-opacity":"","overlay-gradient":""}},"ast-content-background-meta":{"desktop":{"background-color":"var(--ast-global-color-5)","background-image":"","background-repeat":"repeat","background-position":"center center","background-size":"auto","background-attachment":"scroll","background-type":"","background-media":"","overlay-type":"","overlay-color":"","overlay-opacity":"","overlay-gradient":""},"tablet":{"background-color":"var(--ast-global-color-5)","background-image":"","background-repeat":"repeat","background-position":"center center","background-size":"auto","background-attachment":"scroll","background-type":"","background-media":"","overlay-type":"","overlay-color":"","overlay-opacity":"","overlay-gradient":""},"mobile":{"background-color":"var(--ast-global-color-5)","background-image":"","background-repeat":"repeat","background-position":"center center","background-size":"auto","background-attachment":"scroll","background-type":"","background-media":"","overlay-type":"","overlay-color":"","overlay-opacity":"","overlay-gradient":""}}},"product_brand":[],"product_cat":[996],"product_tag":[],"class_list":{"0":"post-23941","1":"product","2":"type-product","3":"status-publish","4":"has-post-thumbnail","6":"product_cat-tools","7":"desktop-align-left","8":"tablet-align-left","9":"mobile-align-left","11":"first","12":"instock","13":"shipping-taxable","14":"purchasable","15":"product-type-simple"},"_links":{"self":[{"href":"https:\/\/keluvo.com\/se\/wp-json\/wp\/v2\/product\/23941","targetHints":{"allow":["GET"]}}],"collection":[{"href":"https:\/\/keluvo.com\/se\/wp-json\/wp\/v2\/product"}],"about":[{"href":"https:\/\/keluvo.com\/se\/wp-json\/wp\/v2\/types\/product"}],"replies":[{"embeddable":true,"href":"https:\/\/keluvo.com\/se\/wp-json\/wp\/v2\/comments?post=23941"}],"wp:featuredmedia":[{"embeddable":true,"href":"https:\/\/keluvo.com\/se\/wp-json\/wp\/v2\/media\/23937"}],"wp:attachment":[{"href":"https:\/\/keluvo.com\/se\/wp-json\/wp\/v2\/media?parent=23941"}],"wp:term":[{"taxonomy":"product_brand","embeddable":true,"href":"https:\/\/keluvo.com\/se\/wp-json\/wp\/v2\/product_brand?post=23941"},{"taxonomy":"product_cat","embeddable":true,"href":"https:\/\/keluvo.com\/se\/wp-json\/wp\/v2\/product_cat?post=23941"},{"taxonomy":"product_tag","embeddable":true,"href":"https:\/\/keluvo.com\/se\/wp-json\/wp\/v2\/product_tag?post=23941"}],"curies":[{"name":"wp","href":"https:\/\/api.w.org\/{rel}","templated":true}]}}