{"id":23848,"date":"2025-09-08T08:01:22","date_gmt":"2025-09-08T05:01:22","guid":{"rendered":"https:\/\/keluvo.com\/se\/product\/pennor\/"},"modified":"2025-09-08T08:02:47","modified_gmt":"2025-09-08T05:02:47","slug":"pennor","status":"publish","type":"product","link":"https:\/\/keluvo.com\/se\/product\/pennor\/","title":{"rendered":"Pennor"},"content":{"rendered":"<p style=\"text-align: center\" data-start=\"208\" data-end=\"258\"><strong>Mjuka F\u00e4rger. Smidigt Skrivande. Vardagsgl\u00e4dje \ud83d\udd8a\ufe0f\ud83c\udf38<\/strong><\/p>\n<p style=\"text-align: center\" data-start=\"260\" data-end=\"486\">Den h\u00e4r pastellf\u00e4rgade pennan \u00e4r perfekt f\u00f6r studenter, kreat\u00f6rer och alla som \u00e4lskar mjuka nyanser och smidigt gelbl\u00e4ck. Med sin roliga design och l\u00e4tta k\u00e4nsla ger dessa pennor charm och klarhet till varje anteckning eller klotter. Pennorna \u00e4r perfekta f\u00f6r dagboksanteckningar, planering, studier eller som g\u00e5va!<\/p>\n<p data-start=\"260\" data-end=\"486\"><img decoding=\"async\" class=\"size-full wp-image-33786 aligncenter\" src=\"https:\/\/keluvo.com\/template\/wp-content\/uploads\/sites\/5\/2025\/09\/a6EmPesQ3dEhBOmC1KU_1100148624329_mp4_264_sd-ezgif.com-video-to-webp-converter.webp\" alt=\"\" \/><\/p>\n<h2 style=\"text-align: center\" data-start=\"606\" data-end=\"625\">Huvudf\u00f6rdelar \ud83c\udfa8<\/h2>\n<p data-start=\"629\" data-end=\"676\">\ud83d\udd8b\ufe0f Skriver smidigt med 0.38 mm gelbl\u00e4ck<\/p>\n<p data-start=\"679\" data-end=\"720\">\ud83c\udf08 Finns i mjuka, lugnande pastellf\u00e4rger<\/p>\n<p data-start=\"723\" data-end=\"761\">\u270f\ufe0f Bekv\u00e4mt grepp f\u00f6r enkelt skrivande<\/p>\n<p data-start=\"764\" data-end=\"823\">\ud83e\uddf4 Rolig kapseldesign som sticker ut i pennskrinet<\/p>\n<p data-start=\"826\" data-end=\"870\">\ud83e\uddd2 S\u00e4ker och giftfri &#8211; perfekt f\u00f6r alla \u00e5ldrar<\/p>\n<p data-start=\"873\" data-end=\"931\">\ud83c\udf81 Bra present till studenter, l\u00e4rare eller brevpappers\u00e4lskare<\/p>\n<p data-start=\"873\" data-end=\"931\"><img decoding=\"async\" class=\"size-full wp-image-33788 aligncenter\" src=\"https:\/\/keluvo.com\/template\/wp-content\/uploads\/sites\/5\/2025\/09\/3_cd7c041b-235f-4d3a-b82d-f074263059b1.webp\" alt=\"\" \/><\/p>\n<h2 style=\"text-align: center\" data-start=\"938\" data-end=\"957\">Hur Man Anv\u00e4nder \ud83d\udcd8<\/h2>\n<ol data-start=\"959\" data-end=\"1134\">\n<li data-start=\"959\" data-end=\"982\">\n<p data-start=\"962\" data-end=\"982\">Avl\u00e4gsna pennans lock.<\/p>\n<\/li>\n<li data-start=\"983\" data-end=\"1041\">\n<p data-start=\"986\" data-end=\"1041\">Skriv, rita eller anteckna med ett j\u00e4mnt bl\u00e4ckfl\u00f6de.<\/p>\n<\/li>\n<li data-start=\"1042\" data-end=\"1091\">\n<p data-start=\"1045\" data-end=\"1091\">f\u00f6rvara med locket p\u00e5 f\u00f6r att f\u00f6rhindra att bl\u00e4cket torkar.<\/p>\n<\/li>\n<li data-start=\"1092\" data-end=\"1134\">\n<p data-start=\"1095\" data-end=\"1134\">fyll p\u00e5 eller byt ut n\u00e4r bl\u00e4cket tar slut.<\/p>\n<\/li>\n<\/ol>\n<h2 style=\"text-align: center\" data-start=\"1141\" data-end=\"1162\">Produktinformation \ud83d\udccf<\/h2>\n<ul data-start=\"1164\" data-end=\"1321\">\n<li data-start=\"1164\" data-end=\"1211\">\n<p data-start=\"1166\" data-end=\"1211\">Material: Milj\u00f6v\u00e4nlig plast av h\u00f6g kvalitet<\/p>\n<\/li>\n<li data-start=\"1212\" data-end=\"1239\">\n<p data-start=\"1214\" data-end=\"1239\">Bl\u00e4cktyp: Svart gelbl\u00e4ck<\/p>\n<\/li>\n<li data-start=\"1240\" data-end=\"1264\">\n<p data-start=\"1242\" data-end=\"1264\">Pennspetsstorlek: 0,38 mm<\/p>\n<\/li>\n<li data-start=\"1265\" data-end=\"1291\">\n<p data-start=\"1267\" data-end=\"1291\">Vikt: 10,5 g per penna<\/p>\n<\/li>\n<li data-start=\"1292\" data-end=\"1321\">\n<p data-start=\"1294\" data-end=\"1321\">Pennl\u00e4ngd: Cirka 13,7 cm<\/p>\n<\/li>\n<\/ul>\n<h2 style=\"text-align: center\" data-start=\"1328\" data-end=\"1350\">Paketet Inneh\u00e5ller \ud83d\udce6<\/h2>\n<ul data-start=\"1352\" data-end=\"1398\">\n<li data-start=\"1352\" data-end=\"1398\">\n<p data-start=\"1354\" data-end=\"1398\">1x penna.<\/p>\n<\/li>\n<\/ul>\n","protected":false},"excerpt":{"rendered":"<p>Mjuka F\u00e4rger. Smidigt Skrivande. Vardagsgl\u00e4dje \ud83d\udd8a\ufe0f\ud83c\udf38 Den h\u00e4r pastellf\u00e4rgade pennan \u00e4r perfekt f\u00f6r studenter, kreat\u00f6rer och alla som \u00e4lskar mjuka [&hellip;]<\/p>\n","protected":false},"featured_media":23844,"comment_status":"open","ping_status":"closed","template":"","meta":{"site-sidebar-layout":"default","site-content-layout":"","ast-site-content-layout":"default","site-content-style":"default","site-sidebar-style":"default","ast-global-header-display":"","ast-banner-title-visibility":"","ast-main-header-display":"","ast-hfb-above-header-display":"","ast-hfb-below-header-display":"","ast-hfb-mobile-header-display":"","site-post-title":"","ast-breadcrumbs-content":"","ast-featured-img":"","footer-sml-layout":"","theme-transparent-header-meta":"default","adv-header-id-meta":"","stick-header-meta":"","header-above-stick-meta":"","header-main-stick-meta":"","header-below-stick-meta":"","astra-migrate-meta-layouts":"set","ast-page-background-enabled":"default","ast-page-background-meta":{"desktop":{"background-color":"var(--ast-global-color-4)","background-image":"","background-repeat":"repeat","background-position":"center center","background-size":"auto","background-attachment":"scroll","background-type":"","background-media":"","overlay-type":"","overlay-color":"","overlay-opacity":"","overlay-gradient":""},"tablet":{"background-color":"","background-image":"","background-repeat":"repeat","background-position":"center center","background-size":"auto","background-attachment":"scroll","background-type":"","background-media":"","overlay-type":"","overlay-color":"","overlay-opacity":"","overlay-gradient":""},"mobile":{"background-color":"","background-image":"","background-repeat":"repeat","background-position":"center center","background-size":"auto","background-attachment":"scroll","background-type":"","background-media":"","overlay-type":"","overlay-color":"","overlay-opacity":"","overlay-gradient":""}},"ast-content-background-meta":{"desktop":{"background-color":"var(--ast-global-color-5)","background-image":"","background-repeat":"repeat","background-position":"center center","background-size":"auto","background-attachment":"scroll","background-type":"","background-media":"","overlay-type":"","overlay-color":"","overlay-opacity":"","overlay-gradient":""},"tablet":{"background-color":"var(--ast-global-color-5)","background-image":"","background-repeat":"repeat","background-position":"center center","background-size":"auto","background-attachment":"scroll","background-type":"","background-media":"","overlay-type":"","overlay-color":"","overlay-opacity":"","overlay-gradient":""},"mobile":{"background-color":"var(--ast-global-color-5)","background-image":"","background-repeat":"repeat","background-position":"center center","background-size":"auto","background-attachment":"scroll","background-type":"","background-media":"","overlay-type":"","overlay-color":"","overlay-opacity":"","overlay-gradient":""}}},"product_brand":[],"product_cat":[990,993],"product_tag":[],"class_list":{"0":"post-23848","1":"product","2":"type-product","3":"status-publish","4":"has-post-thumbnail","6":"product_cat-toys-childrens-and-baby-products","7":"product_cat-footwear-accessories","8":"pa_19404_5v2v6imy-1-st","9":"pa_19404_5v2v6imy-2-st","10":"pa_19404_5v2v6imy-3-st","11":"pa_19404_f6fcerjs-bla","12":"pa_19404_f6fcerjs-brun","13":"pa_19404_f6fcerjs-gron","14":"pa_19404_f6fcerjs-gul","15":"pa_19404_f6fcerjs-lila","16":"pa_19404_f6fcerjs-ljusbla","17":"pa_19404_f6fcerjs-ljusgron","18":"pa_19404_f6fcerjs-ljuslila","19":"pa_19404_f6fcerjs-rod","20":"pa_19404_f6fcerjs-rosa","21":"pa_19404_f6fcerjs-svart","22":"pa_19404_f6fcerjs-vit","23":"desktop-align-left","24":"tablet-align-left","25":"mobile-align-left","27":"first","28":"instock","29":"shipping-taxable","30":"purchasable","31":"product-type-variable","32":"has-default-attributes"},"_links":{"self":[{"href":"https:\/\/keluvo.com\/se\/wp-json\/wp\/v2\/product\/23848","targetHints":{"allow":["GET"]}}],"collection":[{"href":"https:\/\/keluvo.com\/se\/wp-json\/wp\/v2\/product"}],"about":[{"href":"https:\/\/keluvo.com\/se\/wp-json\/wp\/v2\/types\/product"}],"replies":[{"embeddable":true,"href":"https:\/\/keluvo.com\/se\/wp-json\/wp\/v2\/comments?post=23848"}],"wp:featuredmedia":[{"embeddable":true,"href":"https:\/\/keluvo.com\/se\/wp-json\/wp\/v2\/media\/23844"}],"wp:attachment":[{"href":"https:\/\/keluvo.com\/se\/wp-json\/wp\/v2\/media?parent=23848"}],"wp:term":[{"taxonomy":"product_brand","embeddable":true,"href":"https:\/\/keluvo.com\/se\/wp-json\/wp\/v2\/product_brand?post=23848"},{"taxonomy":"product_cat","embeddable":true,"href":"https:\/\/keluvo.com\/se\/wp-json\/wp\/v2\/product_cat?post=23848"},{"taxonomy":"product_tag","embeddable":true,"href":"https:\/\/keluvo.com\/se\/wp-json\/wp\/v2\/product_tag?post=23848"}],"curies":[{"name":"wp","href":"https:\/\/api.w.org\/{rel}","templated":true}]}}