{"id":23774,"date":"2025-09-08T07:57:46","date_gmt":"2025-09-08T04:57:46","guid":{"rendered":"https:\/\/keluvo.com\/se\/product\/harborttagningsapparat\/"},"modified":"2025-09-08T07:57:54","modified_gmt":"2025-09-08T04:57:54","slug":"harborttagningsapparat","status":"publish","type":"product","link":"https:\/\/keluvo.com\/se\/product\/harborttagningsapparat\/","title":{"rendered":"H\u00e5rborttagningsapparat"},"content":{"rendered":"<p style=\"text-align: center\" data-start=\"131\" data-end=\"205\"><strong data-start=\"131\" data-end=\"205\">Njut av smidig, sm\u00e4rtfri h\u00e5rborttagning med l\u00e5ngvariga resultat hemma \ud83d\udc59<\/strong><\/p>\n<p style=\"text-align: center\" data-start=\"207\" data-end=\"522\">Den h\u00e4r h\u00e5rborttagningsapparaten erbjuder ett s\u00e4kert, effektivt och bekv\u00e4mt s\u00e4tt att minska o\u00f6nskat h\u00e5r p\u00e5 kroppen. Med 5 justerbara intensitetsniv\u00e5er och upp till 300 000 blixtar \u00e4r den perfekt f\u00f6r l\u00e5ngvarig anv\u00e4ndning p\u00e5 omr\u00e5den som ben, armar, underarmar, bikinilinje, ansikte och mer &#8211; utan irritation eller dyra salongsbes\u00f6k.<\/p>\n<p data-start=\"207\" data-end=\"522\"><img decoding=\"async\" class=\"size-full wp-image-33727 aligncenter\" src=\"https:\/\/keluvo.com\/template\/wp-content\/uploads\/sites\/5\/2025\/09\/Scc22eff736cd4ca3b300a5509f6a300dX.webp\" alt=\"\" \/><\/p>\n<h2 style=\"text-align: center\" data-start=\"529\" data-end=\"549\"><strong>Huvudf\u00f6rdelar<\/strong><\/h2>\n<p data-start=\"551\" data-end=\"1107\">\ud83d\udd39 Sm\u00e4rtfri &amp; skonsam &#8211; Anv\u00e4nder IPL-teknik f\u00f6r att ta bort h\u00e5r p\u00e5 ett s\u00e4kert och smidigt s\u00e4tt<\/p>\n<p data-start=\"551\" data-end=\"1107\">\u2728 L\u00e5ngvariga resultat &#8211; Upp till 300 000 blixtar f\u00f6r l\u00e5ngvariga resultat use<\/p>\n<p data-start=\"551\" data-end=\"1107\">\ud83c\udf9b\ufe0f Justerbar effekt &#8211; V\u00e4lj mellan 5 intensitetsniv\u00e5er baserat p\u00e5 din hudtyp<\/p>\n<p data-start=\"551\" data-end=\"1107\">\u26a1 2 blixtl\u00e4gen &#8211; Manuell f\u00f6r precision, auto f\u00f6r st\u00f6rre omr\u00e5den<\/p>\n<p data-start=\"551\" data-end=\"1107\">\ud83d\udc59 Anv\u00e4ndning p\u00e5 flera omr\u00e5den &#8211; fungerar p\u00e5 kropp, ansikte, bikiniomr\u00e5de, ben och more<\/p>\n<p data-start=\"551\" data-end=\"1107\">\ud83d\udee1\ufe0f Inbyggda s\u00e4kerhetsfunktioner &#8211; UV-filter + hudkontaktsensor f\u00f6r att skydda dina \u00f6gon<\/p>\n<p data-start=\"551\" data-end=\"1107\"><img decoding=\"async\" class=\"size-full wp-image-33726 aligncenter\" src=\"https:\/\/keluvo.com\/template\/wp-content\/uploads\/sites\/5\/2025\/09\/Sf6a1cabbde5049449de479b5c2a9ff24M.jpg_960x960q75.jpg_.avif\" alt=\"\" \/><\/p>\n<h2 style=\"text-align: center\" data-start=\"1114\" data-end=\"1131\"><strong>Hur Man Anv\u00e4nder<\/strong><\/h2>\n<ol data-start=\"1133\" data-end=\"1540\">\n<li data-start=\"1133\" data-end=\"1177\">\n<p data-start=\"1136\" data-end=\"1177\">Slut in enheten &#8211; den \u00e4r inte tr\u00e5dl\u00f6s.<\/p>\n<\/li>\n<li data-start=\"1178\" data-end=\"1248\">\n<p data-start=\"1181\" data-end=\"1248\">Tryck p\u00e5 str\u00f6mknappen f\u00f6r att sl\u00e5 p\u00e5 den (gr\u00f6nt ljus blinkar).<\/p>\n<\/li>\n<li data-start=\"1249\" data-end=\"1316\">\n<p data-start=\"1252\" data-end=\"1316\">Tryck p\u00e5 str\u00f6mknappen igen f\u00f6r att justera intensitetsniv\u00e5n (1-5).<\/p>\n<\/li>\n<li data-start=\"1317\" data-end=\"1367\">\n<p data-start=\"1320\" data-end=\"1367\">Placera blixtf\u00f6nstret platt mot huden.<\/p>\n<\/li>\n<li data-start=\"1368\" data-end=\"1420\">\n<p data-start=\"1371\" data-end=\"1420\">Tryck p\u00e5 blixtknappen en g\u00e5ng f\u00f6r manuellt l\u00e4ge.<\/p>\n<\/li>\n<li data-start=\"1421\" data-end=\"1486\">\n<p data-start=\"1424\" data-end=\"1486\">F\u00f6r automatiskt l\u00e4ge, tryck och h\u00e5ll in blixtknappen i 3 sekunder.<\/p>\n<\/li>\n<li data-start=\"1487\" data-end=\"1540\">\n<p data-start=\"1490\" data-end=\"1540\">F\u00f6r att st\u00e4nga av, h\u00e5ll in str\u00f6mknappen i 5 sekunder.<\/p>\n<\/li>\n<\/ol>\n<h2 style=\"text-align: center\" data-start=\"1547\" data-end=\"1569\"><strong>Produktdetaljer<\/strong><\/h2>\n<ul data-start=\"1571\" data-end=\"2003\">\n<li data-start=\"1571\" data-end=\"1600\">\n<p data-start=\"1573\" data-end=\"1600\">Material: ABS-plast<\/p>\n<\/li>\n<li data-start=\"1601\" data-end=\"1650\">\n<p data-start=\"1603\" data-end=\"1650\">Tillg\u00e4ngliga f\u00e4rger: Svart, Vit, Rosa<\/p>\n<\/li>\n<li data-start=\"1651\" data-end=\"1678\">\n<p data-start=\"1653\" data-end=\"1678\">Intensitetsniv\u00e5er: 5<\/p>\n<\/li>\n<li data-start=\"1679\" data-end=\"1717\">\n<p data-start=\"1681\" data-end=\"1717\">Blixtkapacitet: 300.000 pulser<\/p>\n<\/li>\n<li data-start=\"1718\" data-end=\"1749\">\n<p data-start=\"1720\" data-end=\"1749\">Energieffekt: 3-5J\/cm\u00b2<\/p>\n<\/li>\n<li data-start=\"1750\" data-end=\"1780\">\n<p data-start=\"1752\" data-end=\"1780\">V\u00e5gl\u00e4ngd: 470-1100nm<\/p>\n<\/li>\n<li data-start=\"1781\" data-end=\"1799\">\n<p data-start=\"1783\" data-end=\"1799\">Effekt: 30W<\/p>\n<\/li>\n<li data-start=\"1800\" data-end=\"1834\">\n<p data-start=\"1802\" data-end=\"1834\">Inmatningssp\u00e4nning: AC 100-240V<\/p>\n<\/li>\n<li data-start=\"1835\" data-end=\"1867\">\n<p data-start=\"1837\" data-end=\"1867\">Outg\u00e5ngssp\u00e4nning: 12V 2,5A<\/p>\n<\/li>\n<li data-start=\"1868\" data-end=\"1901\">\n<p data-start=\"1870\" data-end=\"1901\">Temperaturomr\u00e5de: 5\u2103-35\u2103<\/p>\n<\/li>\n<li data-start=\"1902\" data-end=\"1942\">\n<p data-start=\"1904\" data-end=\"1942\">Blixtl\u00e4gen: Enkel &amp; Kontinuerlig<\/p>\n<\/li>\n<li data-start=\"1943\" data-end=\"2003\">\n<p data-start=\"1945\" data-end=\"2003\">S\u00e4kerhetsfunktioner: UV-filter + blixtl\u00e5s f\u00f6r hudkontakt<\/p>\n<\/li>\n<li data-start=\"1943\" data-end=\"2003\">EU-kontakt<\/li>\n<\/ul>\n<h2 style=\"text-align: center\" data-start=\"2010\" data-end=\"2033\"><strong>Paketet Inneh\u00e5ller<\/strong><\/h2>\n<ul data-start=\"2035\" data-end=\"2138\">\n<li data-start=\"2035\" data-end=\"2065\">\n<p data-start=\"2037\" data-end=\"2065\">1x h\u00e5rborttagningsapparat<\/p>\n<\/li>\n<li data-start=\"2066\" data-end=\"2119\">\n<p data-start=\"2068\" data-end=\"2119\">1x str\u00f6madapter (EU-kontakt)<\/p>\n<\/li>\n<li data-start=\"2120\" data-end=\"2138\">\n<p data-start=\"2122\" data-end=\"2138\">1x anv\u00e4ndarhandbok.<\/p>\n<\/li>\n<\/ul>\n","protected":false},"excerpt":{"rendered":"<p>Njut av smidig, sm\u00e4rtfri h\u00e5rborttagning med l\u00e5ngvariga resultat hemma \ud83d\udc59 Den h\u00e4r h\u00e5rborttagningsapparaten erbjuder ett s\u00e4kert, effektivt och bekv\u00e4mt s\u00e4tt [&hellip;]<\/p>\n","protected":false},"featured_media":23770,"comment_status":"open","ping_status":"closed","template":"","meta":{"site-sidebar-layout":"default","site-content-layout":"","ast-site-content-layout":"default","site-content-style":"default","site-sidebar-style":"default","ast-global-header-display":"","ast-banner-title-visibility":"","ast-main-header-display":"","ast-hfb-above-header-display":"","ast-hfb-below-header-display":"","ast-hfb-mobile-header-display":"","site-post-title":"","ast-breadcrumbs-content":"","ast-featured-img":"","footer-sml-layout":"","theme-transparent-header-meta":"default","adv-header-id-meta":"","stick-header-meta":"","header-above-stick-meta":"","header-main-stick-meta":"","header-below-stick-meta":"","astra-migrate-meta-layouts":"set","ast-page-background-enabled":"default","ast-page-background-meta":{"desktop":{"background-color":"var(--ast-global-color-4)","background-image":"","background-repeat":"repeat","background-position":"center center","background-size":"auto","background-attachment":"scroll","background-type":"","background-media":"","overlay-type":"","overlay-color":"","overlay-opacity":"","overlay-gradient":""},"tablet":{"background-color":"","background-image":"","background-repeat":"repeat","background-position":"center center","background-size":"auto","background-attachment":"scroll","background-type":"","background-media":"","overlay-type":"","overlay-color":"","overlay-opacity":"","overlay-gradient":""},"mobile":{"background-color":"","background-image":"","background-repeat":"repeat","background-position":"center center","background-size":"auto","background-attachment":"scroll","background-type":"","background-media":"","overlay-type":"","overlay-color":"","overlay-opacity":"","overlay-gradient":""}},"ast-content-background-meta":{"desktop":{"background-color":"var(--ast-global-color-5)","background-image":"","background-repeat":"repeat","background-position":"center center","background-size":"auto","background-attachment":"scroll","background-type":"","background-media":"","overlay-type":"","overlay-color":"","overlay-opacity":"","overlay-gradient":""},"tablet":{"background-color":"var(--ast-global-color-5)","background-image":"","background-repeat":"repeat","background-position":"center center","background-size":"auto","background-attachment":"scroll","background-type":"","background-media":"","overlay-type":"","overlay-color":"","overlay-opacity":"","overlay-gradient":""},"mobile":{"background-color":"var(--ast-global-color-5)","background-image":"","background-repeat":"repeat","background-position":"center center","background-size":"auto","background-attachment":"scroll","background-type":"","background-media":"","overlay-type":"","overlay-color":"","overlay-opacity":"","overlay-gradient":""}}},"product_brand":[],"product_cat":[992],"product_tag":[],"class_list":{"0":"post-23774","1":"product","2":"type-product","3":"status-publish","4":"has-post-thumbnail","6":"product_cat-beauty-and-hygiene-products","7":"pa_15018_dv9m7y98-rosa","8":"pa_15018_dv9m7y98-svart","9":"pa_15018_dv9m7y98-vit","10":"desktop-align-left","11":"tablet-align-left","12":"mobile-align-left","14":"first","15":"instock","16":"shipping-taxable","17":"purchasable","18":"product-type-variable"},"_links":{"self":[{"href":"https:\/\/keluvo.com\/se\/wp-json\/wp\/v2\/product\/23774","targetHints":{"allow":["GET"]}}],"collection":[{"href":"https:\/\/keluvo.com\/se\/wp-json\/wp\/v2\/product"}],"about":[{"href":"https:\/\/keluvo.com\/se\/wp-json\/wp\/v2\/types\/product"}],"replies":[{"embeddable":true,"href":"https:\/\/keluvo.com\/se\/wp-json\/wp\/v2\/comments?post=23774"}],"wp:featuredmedia":[{"embeddable":true,"href":"https:\/\/keluvo.com\/se\/wp-json\/wp\/v2\/media\/23770"}],"wp:attachment":[{"href":"https:\/\/keluvo.com\/se\/wp-json\/wp\/v2\/media?parent=23774"}],"wp:term":[{"taxonomy":"product_brand","embeddable":true,"href":"https:\/\/keluvo.com\/se\/wp-json\/wp\/v2\/product_brand?post=23774"},{"taxonomy":"product_cat","embeddable":true,"href":"https:\/\/keluvo.com\/se\/wp-json\/wp\/v2\/product_cat?post=23774"},{"taxonomy":"product_tag","embeddable":true,"href":"https:\/\/keluvo.com\/se\/wp-json\/wp\/v2\/product_tag?post=23774"}],"curies":[{"name":"wp","href":"https:\/\/api.w.org\/{rel}","templated":true}]}}