{"id":23583,"date":"2025-09-05T18:24:12","date_gmt":"2025-09-05T15:24:12","guid":{"rendered":"https:\/\/keluvo.com\/se\/product\/dryckesautomat\/"},"modified":"2025-09-16T01:24:28","modified_gmt":"2025-09-15T22:24:28","slug":"dryckesautomat","status":"publish","type":"product","link":"https:\/\/keluvo.com\/se\/product\/dryckesautomat\/","title":{"rendered":"Dryckesautomat"},"content":{"rendered":"<h2 style=\"text-align: center\" data-start=\"0\" data-end=\"27\"><strong>Enkel Dryckesh\u00e4llning<\/strong><\/h2>\n<p class=\"\" style=\"text-align: center\" data-start=\"28\" data-end=\"273\">Dryckesautomaten g\u00f6r att du enkelt kan h\u00e4lla upp drycker med en enkel tryckning. Den fungerar bra med b\u00e5de kolsyrade och icke-kolsyrade drycker, vilket g\u00f6r den perfekt f\u00f6r familjesammankomster eller fester. Du beh\u00f6ver inte lyfta tunga flaskor &#8211; bara tryck och njut!<\/p>\n<p data-start=\"28\" data-end=\"273\"><img decoding=\"async\" class=\"alignnone size-medium wp-image-13395 aligncenter\" src=\"https:\/\/keluvo.com\/template\/wp-content\/uploads\/sites\/5\/2025\/04\/Sb6eeec70552546fba00104b5e3fa5fa0n.jpg_960x960q75.jpg_.jpeg\" alt=\"\" \/><\/p>\n<h2 style=\"text-align: center\" data-start=\"275\" data-end=\"299\"><strong>H\u00e5ller Dryckerna Fr\u00e4scha<\/strong><\/h2>\n<p class=\"\" style=\"text-align: center\" data-start=\"300\" data-end=\"532\">Den h\u00e4r dryckesdispensern \u00e4r utformad f\u00f6r att h\u00e5lla dina drycker kolsyrade och fr\u00e4scha och f\u00f6rhindrar spill och avfall. Den sluter t\u00e4tt f\u00f6r att bibeh\u00e5lla kolsyran, s\u00e5 att din l\u00e4sk h\u00e5ller sig bubblig l\u00e4ngre. Perfekt f\u00f6r att minska r\u00f6ran och h\u00e5lla dryckerna som b\u00e4st.<\/p>\n<p data-start=\"300\" data-end=\"532\"><img decoding=\"async\" class=\"alignnone size-medium wp-image-13392 aligncenter\" src=\"https:\/\/keluvo.com\/template\/wp-content\/uploads\/sites\/5\/2025\/04\/S62dfeb2204d24735bb4ee3f1b17e5dbfz.jpg_960x960q75.jpg_.jpeg\" alt=\"\" \/><\/p>\n","protected":false},"excerpt":{"rendered":"<p>Enkel Dryckesh\u00e4llning Dryckesautomaten g\u00f6r att du enkelt kan h\u00e4lla upp drycker med en enkel tryckning. Den fungerar bra med b\u00e5de [&hellip;]<\/p>\n","protected":false},"featured_media":23579,"comment_status":"open","ping_status":"closed","template":"","meta":{"site-sidebar-layout":"default","site-content-layout":"","ast-site-content-layout":"default","site-content-style":"default","site-sidebar-style":"default","ast-global-header-display":"","ast-banner-title-visibility":"","ast-main-header-display":"","ast-hfb-above-header-display":"","ast-hfb-below-header-display":"","ast-hfb-mobile-header-display":"","site-post-title":"","ast-breadcrumbs-content":"","ast-featured-img":"","footer-sml-layout":"","theme-transparent-header-meta":"default","adv-header-id-meta":"","stick-header-meta":"","header-above-stick-meta":"","header-main-stick-meta":"","header-below-stick-meta":"","astra-migrate-meta-layouts":"set","ast-page-background-enabled":"default","ast-page-background-meta":{"desktop":{"background-color":"var(--ast-global-color-4)","background-image":"","background-repeat":"repeat","background-position":"center center","background-size":"auto","background-attachment":"scroll","background-type":"","background-media":"","overlay-type":"","overlay-color":"","overlay-opacity":"","overlay-gradient":""},"tablet":{"background-color":"","background-image":"","background-repeat":"repeat","background-position":"center center","background-size":"auto","background-attachment":"scroll","background-type":"","background-media":"","overlay-type":"","overlay-color":"","overlay-opacity":"","overlay-gradient":""},"mobile":{"background-color":"","background-image":"","background-repeat":"repeat","background-position":"center center","background-size":"auto","background-attachment":"scroll","background-type":"","background-media":"","overlay-type":"","overlay-color":"","overlay-opacity":"","overlay-gradient":""}},"ast-content-background-meta":{"desktop":{"background-color":"var(--ast-global-color-5)","background-image":"","background-repeat":"repeat","background-position":"center center","background-size":"auto","background-attachment":"scroll","background-type":"","background-media":"","overlay-type":"","overlay-color":"","overlay-opacity":"","overlay-gradient":""},"tablet":{"background-color":"var(--ast-global-color-5)","background-image":"","background-repeat":"repeat","background-position":"center center","background-size":"auto","background-attachment":"scroll","background-type":"","background-media":"","overlay-type":"","overlay-color":"","overlay-opacity":"","overlay-gradient":""},"mobile":{"background-color":"var(--ast-global-color-5)","background-image":"","background-repeat":"repeat","background-position":"center center","background-size":"auto","background-attachment":"scroll","background-type":"","background-media":"","overlay-type":"","overlay-color":"","overlay-opacity":"","overlay-gradient":""}}},"product_brand":[],"product_cat":[993],"product_tag":[],"class_list":{"0":"post-23583","1":"product","2":"type-product","3":"status-publish","4":"has-post-thumbnail","6":"product_cat-footwear-accessories","7":"desktop-align-left","8":"tablet-align-left","9":"mobile-align-left","11":"first","12":"instock","13":"shipping-taxable","14":"purchasable","15":"product-type-simple"},"_links":{"self":[{"href":"https:\/\/keluvo.com\/se\/wp-json\/wp\/v2\/product\/23583","targetHints":{"allow":["GET"]}}],"collection":[{"href":"https:\/\/keluvo.com\/se\/wp-json\/wp\/v2\/product"}],"about":[{"href":"https:\/\/keluvo.com\/se\/wp-json\/wp\/v2\/types\/product"}],"replies":[{"embeddable":true,"href":"https:\/\/keluvo.com\/se\/wp-json\/wp\/v2\/comments?post=23583"}],"wp:featuredmedia":[{"embeddable":true,"href":"https:\/\/keluvo.com\/se\/wp-json\/wp\/v2\/media\/23579"}],"wp:attachment":[{"href":"https:\/\/keluvo.com\/se\/wp-json\/wp\/v2\/media?parent=23583"}],"wp:term":[{"taxonomy":"product_brand","embeddable":true,"href":"https:\/\/keluvo.com\/se\/wp-json\/wp\/v2\/product_brand?post=23583"},{"taxonomy":"product_cat","embeddable":true,"href":"https:\/\/keluvo.com\/se\/wp-json\/wp\/v2\/product_cat?post=23583"},{"taxonomy":"product_tag","embeddable":true,"href":"https:\/\/keluvo.com\/se\/wp-json\/wp\/v2\/product_tag?post=23583"}],"curies":[{"name":"wp","href":"https:\/\/api.w.org\/{rel}","templated":true}]}}