{"id":22744,"date":"2025-09-04T12:38:22","date_gmt":"2025-09-04T09:38:22","guid":{"rendered":"https:\/\/keluvo.com\/se\/product\/solcellslampa-for-skoldpaddor\/"},"modified":"2025-09-04T12:38:25","modified_gmt":"2025-09-04T09:38:25","slug":"solcellslampa-for-skoldpaddor","status":"publish","type":"product","link":"https:\/\/keluvo.com\/se\/product\/solcellslampa-for-skoldpaddor\/","title":{"rendered":"Solcellslampa f\u00f6r sk\u00f6ldpaddor"},"content":{"rendered":"<p style=\"text-align: center\"><strong>M\u00f6t Din Nya Tr\u00e4dg\u00e5rdsv\u00e4n \u2013 Solcellslampan Turtle Light!<\/strong><\/p>\n<p style=\"text-align: center\"><span style=\"font-weight: 400\">Denna bed\u00e5rande sk\u00f6ldpaddslampa ger ett mjukt, varmt sken till din tr\u00e4dg\u00e5rd, vilket g\u00f6r dina n\u00e4tter magiska och dina dagar extra glada.<\/span><\/p>\n<p><img decoding=\"async\" class=\"size-full wp-image-15979 aligncenter\" src=\"https:\/\/keluvo.com\/template\/wp-content\/uploads\/sites\/5\/2025\/04\/8IstePIURY3nzgRqlES9.jpeg\" alt=\"\" \/><\/p>\n<h2 style=\"text-align: center\">Huvudf\u00f6rdelar<\/h2>\n<p><b><\/b><span style=\"font-weight: 400\"> \u2705 <\/span><b>Vacker design<\/b><span style=\"font-weight: 400\"> \u2013 S\u00e4rskilt ih\u00e5ligt skal skapar fantastiska ljusm\u00f6nster<\/span><\/p>\n<p><span style=\"font-weight: 400\"> \u2705 <\/span><b>Solcellsdriven<\/b><span style=\"font-weight: 400\"> \u2013 Laddas i solen, inga sladdar beh\u00f6vs<\/span><\/p>\n<p><span style=\"font-weight: 400\"> \u2705 <\/span><b>H\u00e5llbar och v\u00e4derbest\u00e4ndig<\/b><span style=\"font-weight: 400\"> \u2013 Tillverkad av t\u00e5ligt harts som inte spricker eller bleknar<\/span><\/p>\n<p><span style=\"font-weight: 400\"> \u2705 <\/span><b>L\u00e5ngvarigt ljus<\/b><span style=\"font-weight: 400\"> \u2013 lyser upp din tr\u00e4dg\u00e5rd i minst 8 timmar efter en full laddning<\/span><\/p>\n<p><span style=\"font-weight: 400\"> \u2705 <\/span><b>Bra presentid\u00e9<\/b><span style=\"font-weight: 400\"> \u2013 Perfekt f\u00f6r sk\u00f6ldpadds\u00e4lskare, tr\u00e4dg\u00e5rdsfans och DIY-dekorat\u00f6rer<\/span><\/p>\n<p><img decoding=\"async\" class=\"size-full wp-image-15987 aligncenter\" src=\"https:\/\/keluvo.com\/template\/wp-content\/uploads\/sites\/5\/2025\/04\/MOO1BbitBboI25TzzEGl.jpeg\" alt=\"\" \/><\/p>\n<h2 style=\"text-align: center\">Extra Charm Till Din Tr\u00e4dg\u00e5rd<\/h2>\n<p style=\"text-align: center\"><span style=\"font-weight: 400\">Under dagen \u00e4r det en s\u00f6t, i\u00f6gonfallande dekoration. P\u00e5 kv\u00e4llen lyser den upp med ett mysigt, mjukt sken och skapar vackra m\u00f6nster p\u00e5 marken. Den \u00e4r enkel att anv\u00e4nda, energibesparande och ger dig ett leende p\u00e5 l\u00e4pparna varje g\u00e5ng du ser den!<\/span><\/p>\n<h2 style=\"text-align: center\">Paketet Inneh\u00e5ller<b><br \/>\n<\/b><\/h2>\n<ul>\n<li><span style=\"font-weight: 400\">1 solcellslykta med sk\u00f6ldpadda (20,3 cm x 12,8 cm x 14,2 cm).<\/span><span style=\"font-weight: 400\"><br \/>\n<\/span><\/li>\n<\/ul>\n","protected":false},"excerpt":{"rendered":"<p>M\u00f6t Din Nya Tr\u00e4dg\u00e5rdsv\u00e4n \u2013 Solcellslampan Turtle Light! Denna bed\u00e5rande sk\u00f6ldpaddslampa ger ett mjukt, varmt sken till din tr\u00e4dg\u00e5rd, vilket [&hellip;]<\/p>\n","protected":false},"featured_media":22740,"comment_status":"open","ping_status":"closed","template":"","meta":{"site-sidebar-layout":"default","site-content-layout":"","ast-site-content-layout":"default","site-content-style":"default","site-sidebar-style":"default","ast-global-header-display":"","ast-banner-title-visibility":"","ast-main-header-display":"","ast-hfb-above-header-display":"","ast-hfb-below-header-display":"","ast-hfb-mobile-header-display":"","site-post-title":"","ast-breadcrumbs-content":"","ast-featured-img":"","footer-sml-layout":"","theme-transparent-header-meta":"default","adv-header-id-meta":"","stick-header-meta":"","header-above-stick-meta":"","header-main-stick-meta":"","header-below-stick-meta":"","astra-migrate-meta-layouts":"set","ast-page-background-enabled":"default","ast-page-background-meta":{"desktop":{"background-color":"var(--ast-global-color-4)","background-image":"","background-repeat":"repeat","background-position":"center center","background-size":"auto","background-attachment":"scroll","background-type":"","background-media":"","overlay-type":"","overlay-color":"","overlay-opacity":"","overlay-gradient":""},"tablet":{"background-color":"","background-image":"","background-repeat":"repeat","background-position":"center center","background-size":"auto","background-attachment":"scroll","background-type":"","background-media":"","overlay-type":"","overlay-color":"","overlay-opacity":"","overlay-gradient":""},"mobile":{"background-color":"","background-image":"","background-repeat":"repeat","background-position":"center center","background-size":"auto","background-attachment":"scroll","background-type":"","background-media":"","overlay-type":"","overlay-color":"","overlay-opacity":"","overlay-gradient":""}},"ast-content-background-meta":{"desktop":{"background-color":"var(--ast-global-color-5)","background-image":"","background-repeat":"repeat","background-position":"center center","background-size":"auto","background-attachment":"scroll","background-type":"","background-media":"","overlay-type":"","overlay-color":"","overlay-opacity":"","overlay-gradient":""},"tablet":{"background-color":"var(--ast-global-color-5)","background-image":"","background-repeat":"repeat","background-position":"center center","background-size":"auto","background-attachment":"scroll","background-type":"","background-media":"","overlay-type":"","overlay-color":"","overlay-opacity":"","overlay-gradient":""},"mobile":{"background-color":"var(--ast-global-color-5)","background-image":"","background-repeat":"repeat","background-position":"center center","background-size":"auto","background-attachment":"scroll","background-type":"","background-media":"","overlay-type":"","overlay-color":"","overlay-opacity":"","overlay-gradient":""}}},"product_brand":[],"product_cat":[1001],"product_tag":[],"class_list":{"0":"post-22744","1":"product","2":"type-product","3":"status-publish","4":"has-post-thumbnail","6":"product_cat-household-goods","7":"pa_48098_381ybuxk-gra","8":"pa_48098_381ybuxk-vit","9":"desktop-align-left","10":"tablet-align-left","11":"mobile-align-left","13":"first","14":"instock","15":"shipping-taxable","16":"purchasable","17":"product-type-variable"},"_links":{"self":[{"href":"https:\/\/keluvo.com\/se\/wp-json\/wp\/v2\/product\/22744","targetHints":{"allow":["GET"]}}],"collection":[{"href":"https:\/\/keluvo.com\/se\/wp-json\/wp\/v2\/product"}],"about":[{"href":"https:\/\/keluvo.com\/se\/wp-json\/wp\/v2\/types\/product"}],"replies":[{"embeddable":true,"href":"https:\/\/keluvo.com\/se\/wp-json\/wp\/v2\/comments?post=22744"}],"wp:featuredmedia":[{"embeddable":true,"href":"https:\/\/keluvo.com\/se\/wp-json\/wp\/v2\/media\/22740"}],"wp:attachment":[{"href":"https:\/\/keluvo.com\/se\/wp-json\/wp\/v2\/media?parent=22744"}],"wp:term":[{"taxonomy":"product_brand","embeddable":true,"href":"https:\/\/keluvo.com\/se\/wp-json\/wp\/v2\/product_brand?post=22744"},{"taxonomy":"product_cat","embeddable":true,"href":"https:\/\/keluvo.com\/se\/wp-json\/wp\/v2\/product_cat?post=22744"},{"taxonomy":"product_tag","embeddable":true,"href":"https:\/\/keluvo.com\/se\/wp-json\/wp\/v2\/product_tag?post=22744"}],"curies":[{"name":"wp","href":"https:\/\/api.w.org\/{rel}","templated":true}]}}