{"id":22731,"date":"2025-09-04T12:37:44","date_gmt":"2025-09-04T09:37:44","guid":{"rendered":"https:\/\/keluvo.com\/se\/product\/skulptur-med-solcellsbelysning-och-anglaljus\/"},"modified":"2025-09-16T01:22:45","modified_gmt":"2025-09-15T22:22:45","slug":"skulptur-med-solcellsbelysning-och-anglaljus","status":"publish","type":"product","link":"https:\/\/keluvo.com\/se\/product\/skulptur-med-solcellsbelysning-och-anglaljus\/","title":{"rendered":"Skulptur med solcellsbelysning och \u00e4nglaljus"},"content":{"rendered":"<p style=\"text-align: center\"><strong>Skapa Frid Och Sk\u00f6nhet \u2013 Med Den Solcellsdrivna \u00c4nglaljusskulpturen!<\/strong><\/p>\n<p style=\"text-align: center\"><span style=\"font-weight: 400\">Den h\u00e4r vackra \u00e4nglastatyn lyser upp din tr\u00e4dg\u00e5rd eller ditt hem med ett mjukt, varmt sken som ger komfort och charm dag och natt.<\/span><\/p>\n<p><img decoding=\"async\" class=\"size-full wp-image-15936 aligncenter\" src=\"https:\/\/keluvo.com\/template\/wp-content\/uploads\/sites\/5\/2025\/04\/o6l0Fmh7fvb9y0r9BZvF.jpeg\" alt=\"\" \/><\/p>\n<h2 style=\"text-align: center\">Huvudf\u00f6rdelar<\/h2>\n<p><b><br \/>\n<\/b><span style=\"font-weight: 400\"> \u2705 <\/span><b>Solcellsdriven Gl\u00f6d<\/b><span style=\"font-weight: 400\"> \u2013 Laddas p\u00e5 dagen, t\u00e4nds p\u00e5 natten<\/span><\/p>\n<p><span style=\"font-weight: 400\"> \u2705 <\/span><b>Vackert Hantverk<\/b><span style=\"font-weight: 400\"> \u2013 Fina detaljer och handm\u00e5lad finish<\/span><\/p>\n<p><span style=\"font-weight: 400\"> \u2705 <\/span><b>V\u00e4derbest\u00e4ndig<\/b><span style=\"font-weight: 400\"> \u2013 St\u00e5r stark genom regn, sol och vind<\/span><\/p>\n<p><span style=\"font-weight: 400\"> \u2705 <\/span><b>M\u00e5ngsidig Dekoration<\/b><span style=\"font-weight: 400\"> \u2013 Perfekt f\u00f6r tr\u00e4dg\u00e5rdar, gravplatser, uteplatser eller inomhus<\/span><\/p>\n<p><span style=\"font-weight: 400\"> \u2705 <\/span><b>Tankev\u00e4ckande G\u00e5va<\/b><span style=\"font-weight: 400\"> \u2013 En symbol f\u00f6r k\u00e4rlek, minne och fred<\/span><\/p>\n<p><img decoding=\"async\" class=\"size-full wp-image-15937 aligncenter\" src=\"https:\/\/keluvo.com\/template\/wp-content\/uploads\/sites\/5\/2025\/04\/sj2oe1lTAlPQ0DTPDuLO.jpeg\" alt=\"\" \/><\/p>\n<h2 style=\"text-align: center\">Mer \u00c4n Bara En Dekoration<\/h2>\n<p style=\"text-align: center\"><span style=\"font-weight: 400\">Det \u00e4r en hj\u00e4rtlig symbol f\u00f6r omsorg och minne. Den drivs av solen och lyser f\u00f6rsiktigt upp natten, erbjuder en vacker hyllning eller ger helt enkelt lugn och ro till ditt favoritutrymme. Det \u00e4r perfekt f\u00f6r att hedra n\u00e4ra och k\u00e4ra, dekorera din tr\u00e4dg\u00e5rd eller skapa ett lugnande inomhush\u00f6rn.<\/span><\/p>\n<h2 style=\"text-align: center\">Paketet Inneh\u00e5ller<\/h2>\n<ul>\n<li style=\"font-weight: 400\"><span style=\"font-weight: 400\">1 sol\u00e4ngel ljusskulptur (Storlek: 13cm * 9cm * 19,5cm).<\/span><\/li>\n<\/ul>\n<p>&nbsp;<\/p>\n","protected":false},"excerpt":{"rendered":"<p>Skapa Frid Och Sk\u00f6nhet \u2013 Med Den Solcellsdrivna \u00c4nglaljusskulpturen! Den h\u00e4r vackra \u00e4nglastatyn lyser upp din tr\u00e4dg\u00e5rd eller ditt hem [&hellip;]<\/p>\n","protected":false},"featured_media":22727,"comment_status":"open","ping_status":"closed","template":"","meta":{"site-sidebar-layout":"default","site-content-layout":"","ast-site-content-layout":"default","site-content-style":"default","site-sidebar-style":"default","ast-global-header-display":"","ast-banner-title-visibility":"","ast-main-header-display":"","ast-hfb-above-header-display":"","ast-hfb-below-header-display":"","ast-hfb-mobile-header-display":"","site-post-title":"","ast-breadcrumbs-content":"","ast-featured-img":"","footer-sml-layout":"","theme-transparent-header-meta":"default","adv-header-id-meta":"","stick-header-meta":"","header-above-stick-meta":"","header-main-stick-meta":"","header-below-stick-meta":"","astra-migrate-meta-layouts":"set","ast-page-background-enabled":"default","ast-page-background-meta":{"desktop":{"background-color":"var(--ast-global-color-4)","background-image":"","background-repeat":"repeat","background-position":"center center","background-size":"auto","background-attachment":"scroll","background-type":"","background-media":"","overlay-type":"","overlay-color":"","overlay-opacity":"","overlay-gradient":""},"tablet":{"background-color":"","background-image":"","background-repeat":"repeat","background-position":"center center","background-size":"auto","background-attachment":"scroll","background-type":"","background-media":"","overlay-type":"","overlay-color":"","overlay-opacity":"","overlay-gradient":""},"mobile":{"background-color":"","background-image":"","background-repeat":"repeat","background-position":"center center","background-size":"auto","background-attachment":"scroll","background-type":"","background-media":"","overlay-type":"","overlay-color":"","overlay-opacity":"","overlay-gradient":""}},"ast-content-background-meta":{"desktop":{"background-color":"var(--ast-global-color-5)","background-image":"","background-repeat":"repeat","background-position":"center center","background-size":"auto","background-attachment":"scroll","background-type":"","background-media":"","overlay-type":"","overlay-color":"","overlay-opacity":"","overlay-gradient":""},"tablet":{"background-color":"var(--ast-global-color-5)","background-image":"","background-repeat":"repeat","background-position":"center center","background-size":"auto","background-attachment":"scroll","background-type":"","background-media":"","overlay-type":"","overlay-color":"","overlay-opacity":"","overlay-gradient":""},"mobile":{"background-color":"var(--ast-global-color-5)","background-image":"","background-repeat":"repeat","background-position":"center center","background-size":"auto","background-attachment":"scroll","background-type":"","background-media":"","overlay-type":"","overlay-color":"","overlay-opacity":"","overlay-gradient":""}}},"product_brand":[],"product_cat":[1001],"product_tag":[],"class_list":{"0":"post-22731","1":"product","2":"type-product","3":"status-publish","4":"has-post-thumbnail","6":"product_cat-household-goods","7":"pa_48095_66xz9qch-ratt","8":"pa_48095_66xz9qch-vanster","9":"desktop-align-left","10":"tablet-align-left","11":"mobile-align-left","13":"first","14":"instock","15":"shipping-taxable","16":"purchasable","17":"product-type-variable"},"_links":{"self":[{"href":"https:\/\/keluvo.com\/se\/wp-json\/wp\/v2\/product\/22731","targetHints":{"allow":["GET"]}}],"collection":[{"href":"https:\/\/keluvo.com\/se\/wp-json\/wp\/v2\/product"}],"about":[{"href":"https:\/\/keluvo.com\/se\/wp-json\/wp\/v2\/types\/product"}],"replies":[{"embeddable":true,"href":"https:\/\/keluvo.com\/se\/wp-json\/wp\/v2\/comments?post=22731"}],"wp:featuredmedia":[{"embeddable":true,"href":"https:\/\/keluvo.com\/se\/wp-json\/wp\/v2\/media\/22727"}],"wp:attachment":[{"href":"https:\/\/keluvo.com\/se\/wp-json\/wp\/v2\/media?parent=22731"}],"wp:term":[{"taxonomy":"product_brand","embeddable":true,"href":"https:\/\/keluvo.com\/se\/wp-json\/wp\/v2\/product_brand?post=22731"},{"taxonomy":"product_cat","embeddable":true,"href":"https:\/\/keluvo.com\/se\/wp-json\/wp\/v2\/product_cat?post=22731"},{"taxonomy":"product_tag","embeddable":true,"href":"https:\/\/keluvo.com\/se\/wp-json\/wp\/v2\/product_tag?post=22731"}],"curies":[{"name":"wp","href":"https:\/\/api.w.org\/{rel}","templated":true}]}}