{"id":22633,"date":"2025-09-03T15:52:54","date_gmt":"2025-09-03T12:52:54","guid":{"rendered":"https:\/\/keluvo.com\/se\/product\/skydd-for-falska-tander\/"},"modified":"2025-09-13T13:33:26","modified_gmt":"2025-09-13T10:33:26","slug":"skydd-for-falska-tander","status":"publish","type":"product","link":"https:\/\/keluvo.com\/se\/product\/skydd-for-falska-tander\/","title":{"rendered":"Skydd f\u00f6r falska t\u00e4nder"},"content":{"rendered":"<h2 style=\"text-align: center\">\ud83e\uddb7 Omedelbart perfekt leende<\/h2>\n<p style=\"text-align: center\">Transformera ditt leende p\u00e5 n\u00e5gra sekunder! Oavsett om du har saknade, fl\u00e4ckiga eller felriktade t\u00e4nder, erbjuder denna sn\u00e4ppbara tandfaner en snabb, prisv\u00e4rd och icke-invasiv l\u00f6sning. Inga tandl\u00e4karbes\u00f6k. Ingen sm\u00e4rta. Bara ett ljusare, fylligare leende n\u00e4r du beh\u00f6ver det.<\/p>\n<p><img decoding=\"async\" class=\"size-full wp-image-15145 aligncenter\" src=\"https:\/\/keluvo.com\/template\/wp-content\/uploads\/sites\/5\/2025\/04\/ezgif-79c733d65f62b6.webp\" alt=\"\" \/><\/p>\n<h2 style=\"text-align: center\" data-start=\"954\" data-end=\"974\">\u2728 Viktiga f\u00f6rdelar<\/h2>\n<ul data-start=\"975\" data-end=\"1436\">\n<li class=\"\" style=\"text-align: center\" data-start=\"975\" data-end=\"1067\">\n<p class=\"\" data-start=\"977\" data-end=\"1067\"><strong>Snabb makeover av leendet<\/strong> \u2013 T\u00e4cker luckor, flisor, fl\u00e4ckar och sneda t\u00e4nder utan anstr\u00e4ngning.<\/p>\n<\/li>\n<li class=\"\" style=\"text-align: center\" data-start=\"1068\" data-end=\"1150\">\n<p class=\"\" data-start=\"1070\" data-end=\"1150\"><strong>Anpassad passform<\/strong> \u2013 Mjuknar upp i varmt vatten f\u00f6r en personlig och \u00e5tsittande k\u00e4nsla.<\/p>\n<\/li>\n<li class=\"\" style=\"text-align: center\" data-start=\"1151\" data-end=\"1247\">\n<p class=\"\" data-start=\"1153\" data-end=\"1247\"><strong>Naturligt utseende &amp; k\u00e4nsla<\/strong> \u2013 Tillverkad f\u00f6r att efterlikna utseendet p\u00e5 riktiga t\u00e4nder f\u00f6r ett diskret slitage.<\/p>\n<\/li>\n<li class=\"\" style=\"text-align: center\" data-start=\"1248\" data-end=\"1352\">\n<p class=\"\" data-start=\"1250\" data-end=\"1352\"><strong>\u00c5teranv\u00e4ndbar &amp; avtagbar<\/strong> \u2013 Anv\u00e4nd om och om igen f\u00f6r viktiga h\u00e4ndelser, foton eller vardagligt f\u00f6rtroende.<\/p>\n<\/li>\n<li class=\"\" style=\"text-align: center\" data-start=\"1353\" data-end=\"1436\">\n<p class=\"\" data-start=\"1355\" data-end=\"1436\"><strong>Budgetv\u00e4nlig<\/strong> \u2013 Ett smart alternativ till kostsamma h\u00e4ngslen eller kosmetisk tandv\u00e5rd.<\/p>\n<\/li>\n<\/ul>\n<p><img decoding=\"async\" class=\"size-full wp-image-15146 aligncenter\" src=\"https:\/\/keluvo.com\/template\/wp-content\/uploads\/sites\/5\/2025\/04\/S238011bcf6784e29998de126757e8b47V-1.jpg\" alt=\"\" \/><\/p>\n<h2 style=\"text-align: center\" data-start=\"1443\" data-end=\"1462\">\ud83d\udee0 Hur man anv\u00e4nder<\/h2>\n<ol data-start=\"1463\" data-end=\"1708\">\n<li class=\"\" style=\"text-align: center\" data-start=\"1463\" data-end=\"1532\">\n<p class=\"\" data-start=\"1466\" data-end=\"1532\"><strong data-start=\"1466\" data-end=\"1477\">Soften:<\/strong> Placera i varmt vatten i 1 minut f\u00f6r att g\u00f6ra det flexibelt.<\/p>\n<\/li>\n<li class=\"\" style=\"text-align: center\" data-start=\"1533\" data-end=\"1603\">\n<p class=\"\" data-start=\"1536\" data-end=\"1603\"><strong data-start=\"1536\" data-end=\"1544\">Fit:<\/strong> Tryck p\u00e5 dina riktiga t\u00e4nder med hj\u00e4lp av en spegel f\u00f6r inriktning.<\/p>\n<\/li>\n<li class=\"\" style=\"text-align: center\" data-start=\"1604\" data-end=\"1708\">\n<p class=\"\" data-start=\"1607\" data-end=\"1708\"><strong data-start=\"1607\" data-end=\"1615\">Set:<\/strong> Kyl i kallt vatten f\u00f6r att h\u00e4rda avtrycket.<br data-start=\"1660\" data-end=\"1663\" \/><em data-start=\"1663\" data-end=\"1674\">valfritt:<\/em> Trimma f\u00f6r perfekt passform om det beh\u00f6vs.<\/p>\n<\/li>\n<\/ol>\n<p>&nbsp;<\/p>\n<h2 style=\"text-align: center\" data-start=\"1715\" data-end=\"1739\">\ud83d\udd04 Vad ing\u00e5r<\/h2>\n<ul data-start=\"1740\" data-end=\"1789\">\n<li class=\"\" style=\"text-align: center\" data-start=\"1740\" data-end=\"1764\">\n<p class=\"\" data-start=\"1742\" data-end=\"1764\">1x skydd f\u00f6r \u00f6vre t\u00e4nder<\/p>\n<\/li>\n<li class=\"\" style=\"text-align: center\" data-start=\"1765\" data-end=\"1789\">\n<p class=\"\" data-start=\"1767\" data-end=\"1789\">1x skydd f\u00f6r nedre t\u00e4nder<\/p>\n<\/li>\n<\/ul>\n<p>&nbsp;<\/p>\n<h2 style=\"text-align: center\" data-start=\"1796\" data-end=\"1823\">\ud83d\udca1 Varf\u00f6r du kommer att \u00e4lska det<\/h2>\n<p class=\"\" style=\"text-align: center\" data-start=\"1824\" data-end=\"2021\">F\u00f6r att ditt leende \u00e4r din b\u00e4sta accessoar &#8211; och det ska aldrig kosta en f\u00f6rm\u00f6genhet att k\u00e4nna sig bra med det. Oavsett om det g\u00e4ller en utekv\u00e4ll, ett speciellt evenemang eller dagligt sj\u00e4lvf\u00f6rtroende \u00e4r det h\u00e4r din tillf\u00e4lliga l\u00f6sning.<\/p>\n<h2 style=\"text-align: center\" data-start=\"2028\" data-end=\"2037\">\u2753 Fr\u00e5gor<\/h2>\n<p class=\"\" style=\"text-align: center\" data-start=\"2039\" data-end=\"2127\"><strong data-start=\"2039\" data-end=\"2068\">\u00c4r den h\u00e4r produkten \u00e5teranv\u00e4ndbar?<\/strong><br data-start=\"2068\" data-end=\"2071\" \/>Ja! Reng\u00f6r den efter varje anv\u00e4ndning s\u00e5 \u00e4r den redo att anv\u00e4ndas igen.<\/p>\n<p class=\"\" style=\"text-align: center\" data-start=\"2129\" data-end=\"2251\"><strong data-start=\"2129\" data-end=\"2162\">Ser den ut som riktiga t\u00e4nder?<\/strong><br data-start=\"2162\" data-end=\"2165\" \/>Absolut. Den \u00e4r utformad med ett naturligt, tandliknande utseende f\u00f6r realistiska resultat.<\/p>\n<p class=\"\" style=\"text-align: center\" data-start=\"2253\" data-end=\"2384\"><strong data-start=\"2253\" data-end=\"2293\">Kan jag \u00e4ta eller dricka medan jag b\u00e4r den?<\/strong><br data-start=\"2293\" data-end=\"2296\" \/>Det rekommenderas att ta bort fan\u00e9ren innan du \u00e4ter eller dricker f\u00f6r att bibeh\u00e5lla h\u00e5llbarheten.<\/p>\n<p class=\"\" style=\"text-align: center\" data-start=\"2386\" data-end=\"2497\"><strong data-start=\"2386\" data-end=\"2408\">Hur reng\u00f6r jag den?<\/strong><br data-start=\"2408\" data-end=\"2411\" \/>Sk\u00f6lj helt enkelt med varmt vatten och mild tv\u00e5l efter varje anv\u00e4ndning. F\u00f6rvara p\u00e5 en sval och torr plats.<\/p>\n","protected":false},"excerpt":{"rendered":"<p>\ud83e\uddb7 Omedelbart perfekt leende Transformera ditt leende p\u00e5 n\u00e5gra sekunder! Oavsett om du har saknade, fl\u00e4ckiga eller felriktade t\u00e4nder, erbjuder [&hellip;]<\/p>\n","protected":false},"featured_media":22629,"comment_status":"open","ping_status":"closed","template":"","meta":{"site-sidebar-layout":"default","site-content-layout":"","ast-site-content-layout":"default","site-content-style":"default","site-sidebar-style":"default","ast-global-header-display":"","ast-banner-title-visibility":"","ast-main-header-display":"","ast-hfb-above-header-display":"","ast-hfb-below-header-display":"","ast-hfb-mobile-header-display":"","site-post-title":"","ast-breadcrumbs-content":"","ast-featured-img":"","footer-sml-layout":"","theme-transparent-header-meta":"default","adv-header-id-meta":"","stick-header-meta":"","header-above-stick-meta":"","header-main-stick-meta":"","header-below-stick-meta":"","astra-migrate-meta-layouts":"set","ast-page-background-enabled":"default","ast-page-background-meta":{"desktop":{"background-color":"var(--ast-global-color-4)","background-image":"","background-repeat":"repeat","background-position":"center center","background-size":"auto","background-attachment":"scroll","background-type":"","background-media":"","overlay-type":"","overlay-color":"","overlay-opacity":"","overlay-gradient":""},"tablet":{"background-color":"","background-image":"","background-repeat":"repeat","background-position":"center center","background-size":"auto","background-attachment":"scroll","background-type":"","background-media":"","overlay-type":"","overlay-color":"","overlay-opacity":"","overlay-gradient":""},"mobile":{"background-color":"","background-image":"","background-repeat":"repeat","background-position":"center center","background-size":"auto","background-attachment":"scroll","background-type":"","background-media":"","overlay-type":"","overlay-color":"","overlay-opacity":"","overlay-gradient":""}},"ast-content-background-meta":{"desktop":{"background-color":"var(--ast-global-color-5)","background-image":"","background-repeat":"repeat","background-position":"center center","background-size":"auto","background-attachment":"scroll","background-type":"","background-media":"","overlay-type":"","overlay-color":"","overlay-opacity":"","overlay-gradient":""},"tablet":{"background-color":"var(--ast-global-color-5)","background-image":"","background-repeat":"repeat","background-position":"center center","background-size":"auto","background-attachment":"scroll","background-type":"","background-media":"","overlay-type":"","overlay-color":"","overlay-opacity":"","overlay-gradient":""},"mobile":{"background-color":"var(--ast-global-color-5)","background-image":"","background-repeat":"repeat","background-position":"center center","background-size":"auto","background-attachment":"scroll","background-type":"","background-media":"","overlay-type":"","overlay-color":"","overlay-opacity":"","overlay-gradient":""}}},"product_brand":[],"product_cat":[992],"product_tag":[],"class_list":{"0":"post-22633","1":"product","2":"type-product","3":"status-publish","4":"has-post-thumbnail","6":"product_cat-beauty-and-hygiene-products","7":"desktop-align-left","8":"tablet-align-left","9":"mobile-align-left","11":"first","12":"instock","13":"shipping-taxable","14":"purchasable","15":"product-type-simple"},"_links":{"self":[{"href":"https:\/\/keluvo.com\/se\/wp-json\/wp\/v2\/product\/22633","targetHints":{"allow":["GET"]}}],"collection":[{"href":"https:\/\/keluvo.com\/se\/wp-json\/wp\/v2\/product"}],"about":[{"href":"https:\/\/keluvo.com\/se\/wp-json\/wp\/v2\/types\/product"}],"replies":[{"embeddable":true,"href":"https:\/\/keluvo.com\/se\/wp-json\/wp\/v2\/comments?post=22633"}],"wp:featuredmedia":[{"embeddable":true,"href":"https:\/\/keluvo.com\/se\/wp-json\/wp\/v2\/media\/22629"}],"wp:attachment":[{"href":"https:\/\/keluvo.com\/se\/wp-json\/wp\/v2\/media?parent=22633"}],"wp:term":[{"taxonomy":"product_brand","embeddable":true,"href":"https:\/\/keluvo.com\/se\/wp-json\/wp\/v2\/product_brand?post=22633"},{"taxonomy":"product_cat","embeddable":true,"href":"https:\/\/keluvo.com\/se\/wp-json\/wp\/v2\/product_cat?post=22633"},{"taxonomy":"product_tag","embeddable":true,"href":"https:\/\/keluvo.com\/se\/wp-json\/wp\/v2\/product_tag?post=22633"}],"curies":[{"name":"wp","href":"https:\/\/api.w.org\/{rel}","templated":true}]}}