{"id":22521,"date":"2025-09-03T09:08:39","date_gmt":"2025-09-03T06:08:39","guid":{"rendered":"https:\/\/keluvo.com\/se\/product\/nattlampa-for-fotboll\/"},"modified":"2025-09-03T09:08:45","modified_gmt":"2025-09-03T06:08:45","slug":"nattlampa-for-fotboll","status":"publish","type":"product","link":"https:\/\/keluvo.com\/se\/product\/nattlampa-for-fotboll\/","title":{"rendered":"Nattlampa f\u00f6r fotboll"},"content":{"rendered":"<h2 style=\"text-align: center\" data-start=\"0\" data-end=\"22\">Unik 3D-effekt<\/h2>\n<p class=\"\" style=\"text-align: center\" data-start=\"23\" data-end=\"206\">Fotbollslampan har en platt akrylpanel med etsade linjer som skapar en 3D-illusion n\u00e4r den t\u00e4nds. Den i\u00f6gonfallande designen g\u00f6r den till en fantastisk dekoration f\u00f6r alla rum.<\/p>\n<p class=\"\" style=\"text-align: center\" data-start=\"237\" data-end=\"405\"><img decoding=\"async\" class=\"alignnone size-medium wp-image-13256\" src=\"https:\/\/keluvo.com\/template\/wp-content\/uploads\/sites\/5\/2025\/04\/Saad62f409e5346abbd97a85756339af5X.jpeg\" alt=\"\" \/><\/p>\n<h2 style=\"text-align: center\" data-start=\"407\" data-end=\"435\">Flera F\u00e4rgalternativ<\/h2>\n<p class=\"\" style=\"text-align: center\" data-start=\"436\" data-end=\"611\">Den h\u00e4r fotbollslampan erbjuder sju f\u00e4rgval med touchkontroll. V\u00e4xla enkelt mellan f\u00e4rgerna f\u00f6r att matcha ditt hum\u00f6r eller rumsinredning, vilket g\u00f6r det roligt f\u00f6r b\u00e5de barn och vuxna.<\/p>\n<p data-start=\"436\" data-end=\"611\"><img decoding=\"async\" class=\"alignnone size-medium wp-image-13255 aligncenter\" src=\"https:\/\/keluvo.com\/template\/wp-content\/uploads\/sites\/5\/2025\/04\/S6501015a6b8f4ac4a924787bad8713bez.jpeg\" alt=\"\" \/><\/p>\n","protected":false},"excerpt":{"rendered":"<p>Unik 3D-effekt Fotbollslampan har en platt akrylpanel med etsade linjer som skapar en 3D-illusion n\u00e4r den t\u00e4nds. Den i\u00f6gonfallande designen [&hellip;]<\/p>\n","protected":false},"featured_media":22517,"comment_status":"open","ping_status":"closed","template":"","meta":{"site-sidebar-layout":"default","site-content-layout":"","ast-site-content-layout":"default","site-content-style":"default","site-sidebar-style":"default","ast-global-header-display":"","ast-banner-title-visibility":"","ast-main-header-display":"","ast-hfb-above-header-display":"","ast-hfb-below-header-display":"","ast-hfb-mobile-header-display":"","site-post-title":"","ast-breadcrumbs-content":"","ast-featured-img":"","footer-sml-layout":"","theme-transparent-header-meta":"default","adv-header-id-meta":"","stick-header-meta":"","header-above-stick-meta":"","header-main-stick-meta":"","header-below-stick-meta":"","astra-migrate-meta-layouts":"set","ast-page-background-enabled":"default","ast-page-background-meta":{"desktop":{"background-color":"var(--ast-global-color-4)","background-image":"","background-repeat":"repeat","background-position":"center center","background-size":"auto","background-attachment":"scroll","background-type":"","background-media":"","overlay-type":"","overlay-color":"","overlay-opacity":"","overlay-gradient":""},"tablet":{"background-color":"","background-image":"","background-repeat":"repeat","background-position":"center center","background-size":"auto","background-attachment":"scroll","background-type":"","background-media":"","overlay-type":"","overlay-color":"","overlay-opacity":"","overlay-gradient":""},"mobile":{"background-color":"","background-image":"","background-repeat":"repeat","background-position":"center center","background-size":"auto","background-attachment":"scroll","background-type":"","background-media":"","overlay-type":"","overlay-color":"","overlay-opacity":"","overlay-gradient":""}},"ast-content-background-meta":{"desktop":{"background-color":"var(--ast-global-color-5)","background-image":"","background-repeat":"repeat","background-position":"center center","background-size":"auto","background-attachment":"scroll","background-type":"","background-media":"","overlay-type":"","overlay-color":"","overlay-opacity":"","overlay-gradient":""},"tablet":{"background-color":"var(--ast-global-color-5)","background-image":"","background-repeat":"repeat","background-position":"center center","background-size":"auto","background-attachment":"scroll","background-type":"","background-media":"","overlay-type":"","overlay-color":"","overlay-opacity":"","overlay-gradient":""},"mobile":{"background-color":"var(--ast-global-color-5)","background-image":"","background-repeat":"repeat","background-position":"center center","background-size":"auto","background-attachment":"scroll","background-type":"","background-media":"","overlay-type":"","overlay-color":"","overlay-opacity":"","overlay-gradient":""}}},"product_brand":[],"product_cat":[1001],"product_tag":[],"class_list":{"0":"post-22521","1":"product","2":"type-product","3":"status-publish","4":"has-post-thumbnail","6":"product_cat-household-goods","7":"pa_47244_gt85evm2-bla","8":"pa_47244_gt85evm2-gron","9":"pa_47244_gt85evm2-rod","10":"pa_47244_gt85evm2-vit","11":"desktop-align-left","12":"tablet-align-left","13":"mobile-align-left","15":"first","16":"instock","17":"shipping-taxable","18":"purchasable","19":"product-type-variable"},"_links":{"self":[{"href":"https:\/\/keluvo.com\/se\/wp-json\/wp\/v2\/product\/22521","targetHints":{"allow":["GET"]}}],"collection":[{"href":"https:\/\/keluvo.com\/se\/wp-json\/wp\/v2\/product"}],"about":[{"href":"https:\/\/keluvo.com\/se\/wp-json\/wp\/v2\/types\/product"}],"replies":[{"embeddable":true,"href":"https:\/\/keluvo.com\/se\/wp-json\/wp\/v2\/comments?post=22521"}],"wp:featuredmedia":[{"embeddable":true,"href":"https:\/\/keluvo.com\/se\/wp-json\/wp\/v2\/media\/22517"}],"wp:attachment":[{"href":"https:\/\/keluvo.com\/se\/wp-json\/wp\/v2\/media?parent=22521"}],"wp:term":[{"taxonomy":"product_brand","embeddable":true,"href":"https:\/\/keluvo.com\/se\/wp-json\/wp\/v2\/product_brand?post=22521"},{"taxonomy":"product_cat","embeddable":true,"href":"https:\/\/keluvo.com\/se\/wp-json\/wp\/v2\/product_cat?post=22521"},{"taxonomy":"product_tag","embeddable":true,"href":"https:\/\/keluvo.com\/se\/wp-json\/wp\/v2\/product_tag?post=22521"}],"curies":[{"name":"wp","href":"https:\/\/api.w.org\/{rel}","templated":true}]}}