{"id":22485,"date":"2025-09-03T09:07:31","date_gmt":"2025-09-03T06:07:31","guid":{"rendered":"https:\/\/keluvo.com\/se\/product\/elektrisk-hackare\/"},"modified":"2025-09-16T01:26:06","modified_gmt":"2025-09-15T22:26:06","slug":"elektrisk-hackare","status":"publish","type":"product","link":"https:\/\/keluvo.com\/se\/product\/elektrisk-hackare\/","title":{"rendered":"Elektrisk hackare"},"content":{"rendered":"<h2 style=\"text-align: center\">Kraftfulla Och Effektiva Blad<\/h2>\n<p style=\"text-align: center\">Den elektriska choppern har slitstarka blad i rostfritt st\u00e5l som \u00e4r utformade f\u00f6r snabb och effektiv sk\u00e4rning. Den hackar enkelt vitl\u00f6k, n\u00f6tter, gr\u00f6nsaker, k\u00f6tt och till och med isbitar, vilket g\u00f6r den till ett m\u00e5ngsidigt verktyg f\u00f6r ditt k\u00f6k. Perfekt f\u00f6r att f\u00f6rbereda ingredienser eller barnmat p\u00e5 n\u00e5gra sekunder.<\/p>\n<p><img decoding=\"async\" class=\"alignnone size-medium wp-image-9111 aligncenter\" src=\"https:\/\/keluvo.com\/template\/wp-content\/uploads\/sites\/5\/2025\/01\/S7abd983584d1478ca6eb99957d0f0e4bt.jpg_960x960q75.jpg_.jpeg\" alt=\"\" \/><\/p>\n<h2 style=\"text-align: center\">Kompakt Och B\u00e4rbar Design<\/h2>\n<p style=\"text-align: center\">Med en kapacitet p\u00e5 100 ml\/250 ml \u00e4r den elektriska hackaren kompakt och l\u00e4tt att b\u00e4ra. Dess lilla storlek g\u00f6r den idealisk f\u00f6r sm\u00e5 k\u00f6k, resor eller snabb tillagning av m\u00e5ltider. Trots sin storlek erbjuder den kraftfull prestanda f\u00f6r alla dina hackningsbehov.<\/p>\n<p><img decoding=\"async\" class=\"alignnone size-medium wp-image-9109 aligncenter\" src=\"https:\/\/keluvo.com\/template\/wp-content\/uploads\/sites\/5\/2025\/01\/Se8cc253fb89147449e24502fa678d248c.jpg_960x960q75.jpg_.jpeg\" alt=\"\" \/><\/p>\n","protected":false},"excerpt":{"rendered":"<p>Kraftfulla Och Effektiva Blad Den elektriska choppern har slitstarka blad i rostfritt st\u00e5l som \u00e4r utformade f\u00f6r snabb och effektiv [&hellip;]<\/p>\n","protected":false},"featured_media":22481,"comment_status":"open","ping_status":"closed","template":"","meta":{"site-sidebar-layout":"default","site-content-layout":"","ast-site-content-layout":"default","site-content-style":"default","site-sidebar-style":"default","ast-global-header-display":"","ast-banner-title-visibility":"","ast-main-header-display":"","ast-hfb-above-header-display":"","ast-hfb-below-header-display":"","ast-hfb-mobile-header-display":"","site-post-title":"","ast-breadcrumbs-content":"","ast-featured-img":"","footer-sml-layout":"","theme-transparent-header-meta":"default","adv-header-id-meta":"","stick-header-meta":"","header-above-stick-meta":"","header-main-stick-meta":"","header-below-stick-meta":"","astra-migrate-meta-layouts":"set","ast-page-background-enabled":"default","ast-page-background-meta":{"desktop":{"background-color":"var(--ast-global-color-4)","background-image":"","background-repeat":"repeat","background-position":"center center","background-size":"auto","background-attachment":"scroll","background-type":"","background-media":"","overlay-type":"","overlay-color":"","overlay-opacity":"","overlay-gradient":""},"tablet":{"background-color":"","background-image":"","background-repeat":"repeat","background-position":"center center","background-size":"auto","background-attachment":"scroll","background-type":"","background-media":"","overlay-type":"","overlay-color":"","overlay-opacity":"","overlay-gradient":""},"mobile":{"background-color":"","background-image":"","background-repeat":"repeat","background-position":"center center","background-size":"auto","background-attachment":"scroll","background-type":"","background-media":"","overlay-type":"","overlay-color":"","overlay-opacity":"","overlay-gradient":""}},"ast-content-background-meta":{"desktop":{"background-color":"var(--ast-global-color-5)","background-image":"","background-repeat":"repeat","background-position":"center center","background-size":"auto","background-attachment":"scroll","background-type":"","background-media":"","overlay-type":"","overlay-color":"","overlay-opacity":"","overlay-gradient":""},"tablet":{"background-color":"var(--ast-global-color-5)","background-image":"","background-repeat":"repeat","background-position":"center center","background-size":"auto","background-attachment":"scroll","background-type":"","background-media":"","overlay-type":"","overlay-color":"","overlay-opacity":"","overlay-gradient":""},"mobile":{"background-color":"var(--ast-global-color-5)","background-image":"","background-repeat":"repeat","background-position":"center center","background-size":"auto","background-attachment":"scroll","background-type":"","background-media":"","overlay-type":"","overlay-color":"","overlay-opacity":"","overlay-gradient":""}}},"product_brand":[],"product_cat":[1001],"product_tag":[],"class_list":{"0":"post-22485","1":"product","2":"type-product","3":"status-publish","4":"has-post-thumbnail","6":"product_cat-household-goods","7":"pa_44390_50bvpkij-100-ml","8":"pa_44390_50bvpkij-250-ml","9":"pa_44390_b9dneoxe-gron","10":"pa_44390_b9dneoxe-rosa","11":"desktop-align-left","12":"tablet-align-left","13":"mobile-align-left","15":"first","16":"instock","17":"shipping-taxable","18":"purchasable","19":"product-type-variable","20":"has-default-attributes"},"_links":{"self":[{"href":"https:\/\/keluvo.com\/se\/wp-json\/wp\/v2\/product\/22485","targetHints":{"allow":["GET"]}}],"collection":[{"href":"https:\/\/keluvo.com\/se\/wp-json\/wp\/v2\/product"}],"about":[{"href":"https:\/\/keluvo.com\/se\/wp-json\/wp\/v2\/types\/product"}],"replies":[{"embeddable":true,"href":"https:\/\/keluvo.com\/se\/wp-json\/wp\/v2\/comments?post=22485"}],"wp:featuredmedia":[{"embeddable":true,"href":"https:\/\/keluvo.com\/se\/wp-json\/wp\/v2\/media\/22481"}],"wp:attachment":[{"href":"https:\/\/keluvo.com\/se\/wp-json\/wp\/v2\/media?parent=22485"}],"wp:term":[{"taxonomy":"product_brand","embeddable":true,"href":"https:\/\/keluvo.com\/se\/wp-json\/wp\/v2\/product_brand?post=22485"},{"taxonomy":"product_cat","embeddable":true,"href":"https:\/\/keluvo.com\/se\/wp-json\/wp\/v2\/product_cat?post=22485"},{"taxonomy":"product_tag","embeddable":true,"href":"https:\/\/keluvo.com\/se\/wp-json\/wp\/v2\/product_tag?post=22485"}],"curies":[{"name":"wp","href":"https:\/\/api.w.org\/{rel}","templated":true}]}}