{"id":22433,"date":"2025-09-03T09:04:57","date_gmt":"2025-09-03T06:04:57","guid":{"rendered":"https:\/\/keluvo.com\/se\/product\/kam-harverktyg\/"},"modified":"2025-09-16T01:25:45","modified_gmt":"2025-09-15T22:25:45","slug":"kam-harverktyg","status":"publish","type":"product","link":"https:\/\/keluvo.com\/se\/product\/kam-harverktyg\/","title":{"rendered":"Kam h\u00e5rverktyg"},"content":{"rendered":"<h2 style=\"text-align: center\" data-start=\"0\" data-end=\"17\">L\u00e4tt att anv\u00e4nda<\/h2>\n<p class=\"\" style=\"text-align: center\" data-start=\"18\" data-end=\"209\">Kammen \u00e4r ett h\u00e5rverktyg som \u00e4r utformat f\u00f6r enkel och snabb styling. Det hj\u00e4lper nyb\u00f6rjare och proffs att uppn\u00e5 en ren och polerad look med minimal anstr\u00e4ngning. Perfekt f\u00f6r hemmabruk eller fris\u00f6rsalonger.<\/p>\n<p data-start=\"18\" data-end=\"209\"><img decoding=\"async\" class=\"alignnone size-medium wp-image-13127 aligncenter\" src=\"https:\/\/keluvo.com\/template\/wp-content\/uploads\/sites\/5\/2025\/04\/S57a953700c1844b289883129616f5239w.jpg_960x960q75.jpg_.jpeg\" alt=\"\" \/><\/p>\n<h2 style=\"text-align: center\" data-start=\"211\" data-end=\"244\">Bekv\u00e4mt och S\u00e4kert Grepp<\/h2>\n<p class=\"\" style=\"text-align: center\" data-start=\"245\" data-end=\"434\">Med ett ergonomiskt handtag ger detta kamh\u00e5rverktyg ett fast och bekv\u00e4mt grepp. Det minskar tr\u00f6tthet i handen och m\u00f6jligg\u00f6r exakt styling fr\u00e5n alla vinklar. Perfekt f\u00f6r l\u00e5nga stylingsessioner.<\/p>\n<p data-start=\"245\" data-end=\"434\"><img decoding=\"async\" class=\"alignnone size-medium wp-image-13130 aligncenter\" src=\"https:\/\/keluvo.com\/template\/wp-content\/uploads\/sites\/5\/2025\/04\/Sd07fc8a397d24c35bcd16f9b468142f0u.jpg_960x960q75.jpg_.jpeg\" alt=\"\" \/><\/p>\n","protected":false},"excerpt":{"rendered":"<p>L\u00e4tt att anv\u00e4nda Kammen \u00e4r ett h\u00e5rverktyg som \u00e4r utformat f\u00f6r enkel och snabb styling. Det hj\u00e4lper nyb\u00f6rjare och proffs [&hellip;]<\/p>\n","protected":false},"featured_media":22429,"comment_status":"open","ping_status":"closed","template":"","meta":{"site-sidebar-layout":"default","site-content-layout":"","ast-site-content-layout":"default","site-content-style":"default","site-sidebar-style":"default","ast-global-header-display":"","ast-banner-title-visibility":"","ast-main-header-display":"","ast-hfb-above-header-display":"","ast-hfb-below-header-display":"","ast-hfb-mobile-header-display":"","site-post-title":"","ast-breadcrumbs-content":"","ast-featured-img":"","footer-sml-layout":"","theme-transparent-header-meta":"default","adv-header-id-meta":"","stick-header-meta":"","header-above-stick-meta":"","header-main-stick-meta":"","header-below-stick-meta":"","astra-migrate-meta-layouts":"set","ast-page-background-enabled":"default","ast-page-background-meta":{"desktop":{"background-color":"var(--ast-global-color-4)","background-image":"","background-repeat":"repeat","background-position":"center center","background-size":"auto","background-attachment":"scroll","background-type":"","background-media":"","overlay-type":"","overlay-color":"","overlay-opacity":"","overlay-gradient":""},"tablet":{"background-color":"","background-image":"","background-repeat":"repeat","background-position":"center center","background-size":"auto","background-attachment":"scroll","background-type":"","background-media":"","overlay-type":"","overlay-color":"","overlay-opacity":"","overlay-gradient":""},"mobile":{"background-color":"","background-image":"","background-repeat":"repeat","background-position":"center center","background-size":"auto","background-attachment":"scroll","background-type":"","background-media":"","overlay-type":"","overlay-color":"","overlay-opacity":"","overlay-gradient":""}},"ast-content-background-meta":{"desktop":{"background-color":"var(--ast-global-color-5)","background-image":"","background-repeat":"repeat","background-position":"center center","background-size":"auto","background-attachment":"scroll","background-type":"","background-media":"","overlay-type":"","overlay-color":"","overlay-opacity":"","overlay-gradient":""},"tablet":{"background-color":"var(--ast-global-color-5)","background-image":"","background-repeat":"repeat","background-position":"center center","background-size":"auto","background-attachment":"scroll","background-type":"","background-media":"","overlay-type":"","overlay-color":"","overlay-opacity":"","overlay-gradient":""},"mobile":{"background-color":"var(--ast-global-color-5)","background-image":"","background-repeat":"repeat","background-position":"center center","background-size":"auto","background-attachment":"scroll","background-type":"","background-media":"","overlay-type":"","overlay-color":"","overlay-opacity":"","overlay-gradient":""}}},"product_brand":[],"product_cat":[992],"product_tag":[],"class_list":{"0":"post-22433","1":"product","2":"type-product","3":"status-publish","4":"has-post-thumbnail","6":"product_cat-beauty-and-hygiene-products","7":"pa_36565_nsdhuxl0-gra","8":"pa_36565_nsdhuxl0-svart","9":"desktop-align-left","10":"tablet-align-left","11":"mobile-align-left","13":"first","14":"instock","15":"shipping-taxable","16":"purchasable","17":"product-type-variable"},"_links":{"self":[{"href":"https:\/\/keluvo.com\/se\/wp-json\/wp\/v2\/product\/22433","targetHints":{"allow":["GET"]}}],"collection":[{"href":"https:\/\/keluvo.com\/se\/wp-json\/wp\/v2\/product"}],"about":[{"href":"https:\/\/keluvo.com\/se\/wp-json\/wp\/v2\/types\/product"}],"replies":[{"embeddable":true,"href":"https:\/\/keluvo.com\/se\/wp-json\/wp\/v2\/comments?post=22433"}],"wp:featuredmedia":[{"embeddable":true,"href":"https:\/\/keluvo.com\/se\/wp-json\/wp\/v2\/media\/22429"}],"wp:attachment":[{"href":"https:\/\/keluvo.com\/se\/wp-json\/wp\/v2\/media?parent=22433"}],"wp:term":[{"taxonomy":"product_brand","embeddable":true,"href":"https:\/\/keluvo.com\/se\/wp-json\/wp\/v2\/product_brand?post=22433"},{"taxonomy":"product_cat","embeddable":true,"href":"https:\/\/keluvo.com\/se\/wp-json\/wp\/v2\/product_cat?post=22433"},{"taxonomy":"product_tag","embeddable":true,"href":"https:\/\/keluvo.com\/se\/wp-json\/wp\/v2\/product_tag?post=22433"}],"curies":[{"name":"wp","href":"https:\/\/api.w.org\/{rel}","templated":true}]}}