{"id":22414,"date":"2025-09-03T09:03:25","date_gmt":"2025-09-03T06:03:25","guid":{"rendered":"https:\/\/keluvo.com\/se\/product\/axelremsvaska\/"},"modified":"2025-09-03T09:04:14","modified_gmt":"2025-09-03T06:04:14","slug":"axelremsvaska","status":"publish","type":"product","link":"https:\/\/keluvo.com\/se\/product\/axelremsvaska\/","title":{"rendered":"Axelremsv\u00e4ska"},"content":{"rendered":"<h2 style=\"text-align: center\" data-start=\"0\" data-end=\"34\">Snygg och m\u00e5ngsidig design<\/h2>\n<p class=\"\" style=\"text-align: center\" data-start=\"35\" data-end=\"225\">Den h\u00e4r axelremsv\u00e4skan \u00e4r en perfekt blandning av mode och funktion. Dess eleganta design g\u00f6r den l\u00e4mplig f\u00f6r b\u00e5de avslappnade utflykter och formella evenemang. Matcha den enkelt med vilken outfit som helst f\u00f6r en trendig look.<\/p>\n<p data-start=\"35\" data-end=\"225\"><img decoding=\"async\" class=\"alignnone size-medium wp-image-13158 aligncenter\" src=\"https:\/\/keluvo.com\/template\/wp-content\/uploads\/sites\/5\/2025\/04\/Sd3115775d189483da49f7fa41b585c32j.jpeg\" alt=\"\" \/><\/p>\n<h2 style=\"text-align: center\" data-start=\"227\" data-end=\"260\">Rymlig och v\u00e4lorganiserad<\/h2>\n<p class=\"\" style=\"text-align: center\" data-start=\"261\" data-end=\"434\">Med ett rymligt huvudfack och flera fickor hj\u00e4lper den h\u00e4r axelremsv\u00e4skan dig att h\u00e5lla ordning p\u00e5 det viktigaste. B\u00e4r allt fr\u00e5n din telefon till dagliga n\u00f6dv\u00e4ndigheter med l\u00e4tthet.<\/p>\n<p data-start=\"261\" data-end=\"434\"><img decoding=\"async\" class=\"alignnone size-medium wp-image-13155 aligncenter\" src=\"https:\/\/keluvo.com\/template\/wp-content\/uploads\/sites\/5\/2025\/04\/Sa2ea19dc24594769897cdf693a5ff12bV.jpeg\" alt=\"\" \/><\/p>\n","protected":false},"excerpt":{"rendered":"<p>Snygg och m\u00e5ngsidig design Den h\u00e4r axelremsv\u00e4skan \u00e4r en perfekt blandning av mode och funktion. Dess eleganta design g\u00f6r den [&hellip;]<\/p>\n","protected":false},"featured_media":22410,"comment_status":"open","ping_status":"closed","template":"","meta":{"site-sidebar-layout":"default","site-content-layout":"","ast-site-content-layout":"default","site-content-style":"default","site-sidebar-style":"default","ast-global-header-display":"","ast-banner-title-visibility":"","ast-main-header-display":"","ast-hfb-above-header-display":"","ast-hfb-below-header-display":"","ast-hfb-mobile-header-display":"","site-post-title":"","ast-breadcrumbs-content":"","ast-featured-img":"","footer-sml-layout":"","theme-transparent-header-meta":"default","adv-header-id-meta":"","stick-header-meta":"","header-above-stick-meta":"","header-main-stick-meta":"","header-below-stick-meta":"","astra-migrate-meta-layouts":"set","ast-page-background-enabled":"default","ast-page-background-meta":{"desktop":{"background-color":"var(--ast-global-color-4)","background-image":"","background-repeat":"repeat","background-position":"center center","background-size":"auto","background-attachment":"scroll","background-type":"","background-media":"","overlay-type":"","overlay-color":"","overlay-opacity":"","overlay-gradient":""},"tablet":{"background-color":"","background-image":"","background-repeat":"repeat","background-position":"center center","background-size":"auto","background-attachment":"scroll","background-type":"","background-media":"","overlay-type":"","overlay-color":"","overlay-opacity":"","overlay-gradient":""},"mobile":{"background-color":"","background-image":"","background-repeat":"repeat","background-position":"center center","background-size":"auto","background-attachment":"scroll","background-type":"","background-media":"","overlay-type":"","overlay-color":"","overlay-opacity":"","overlay-gradient":""}},"ast-content-background-meta":{"desktop":{"background-color":"var(--ast-global-color-5)","background-image":"","background-repeat":"repeat","background-position":"center center","background-size":"auto","background-attachment":"scroll","background-type":"","background-media":"","overlay-type":"","overlay-color":"","overlay-opacity":"","overlay-gradient":""},"tablet":{"background-color":"var(--ast-global-color-5)","background-image":"","background-repeat":"repeat","background-position":"center center","background-size":"auto","background-attachment":"scroll","background-type":"","background-media":"","overlay-type":"","overlay-color":"","overlay-opacity":"","overlay-gradient":""},"mobile":{"background-color":"var(--ast-global-color-5)","background-image":"","background-repeat":"repeat","background-position":"center center","background-size":"auto","background-attachment":"scroll","background-type":"","background-media":"","overlay-type":"","overlay-color":"","overlay-opacity":"","overlay-gradient":""}}},"product_brand":[],"product_cat":[993],"product_tag":[],"class_list":{"0":"post-22414","1":"product","2":"type-product","3":"status-publish","4":"has-post-thumbnail","6":"product_cat-footwear-accessories","7":"pa_35227_mscnmpqh-gra","8":"pa_35227_mscnmpqh-gron","9":"pa_35227_mscnmpqh-khaki","10":"pa_35227_mscnmpqh-rod","11":"pa_35227_mscnmpqh-svart","12":"desktop-align-left","13":"tablet-align-left","14":"mobile-align-left","16":"first","17":"instock","18":"shipping-taxable","19":"purchasable","20":"product-type-variable"},"_links":{"self":[{"href":"https:\/\/keluvo.com\/se\/wp-json\/wp\/v2\/product\/22414","targetHints":{"allow":["GET"]}}],"collection":[{"href":"https:\/\/keluvo.com\/se\/wp-json\/wp\/v2\/product"}],"about":[{"href":"https:\/\/keluvo.com\/se\/wp-json\/wp\/v2\/types\/product"}],"replies":[{"embeddable":true,"href":"https:\/\/keluvo.com\/se\/wp-json\/wp\/v2\/comments?post=22414"}],"wp:featuredmedia":[{"embeddable":true,"href":"https:\/\/keluvo.com\/se\/wp-json\/wp\/v2\/media\/22410"}],"wp:attachment":[{"href":"https:\/\/keluvo.com\/se\/wp-json\/wp\/v2\/media?parent=22414"}],"wp:term":[{"taxonomy":"product_brand","embeddable":true,"href":"https:\/\/keluvo.com\/se\/wp-json\/wp\/v2\/product_brand?post=22414"},{"taxonomy":"product_cat","embeddable":true,"href":"https:\/\/keluvo.com\/se\/wp-json\/wp\/v2\/product_cat?post=22414"},{"taxonomy":"product_tag","embeddable":true,"href":"https:\/\/keluvo.com\/se\/wp-json\/wp\/v2\/product_tag?post=22414"}],"curies":[{"name":"wp","href":"https:\/\/api.w.org\/{rel}","templated":true}]}}