{"id":22392,"date":"2025-09-03T09:01:50","date_gmt":"2025-09-03T06:01:50","guid":{"rendered":"https:\/\/keluvo.com\/se\/product\/glodande-gitarrplektrum\/"},"modified":"2025-09-22T20:04:51","modified_gmt":"2025-09-22T17:04:51","slug":"glodande-gitarrplektrum","status":"publish","type":"product","link":"https:\/\/keluvo.com\/se\/product\/glodande-gitarrplektrum\/","title":{"rendered":"Gl\u00f6dande gitarrplektrum"},"content":{"rendered":"<h2 style=\"text-align: center\" data-start=\"0\" data-end=\"21\">Klart LED-ljus<\/h2>\n<p class=\"\" style=\"text-align: center\" data-start=\"22\" data-end=\"195\">Detta gl\u00f6dande plektrum har inbyggda LED-lampor som aktiveras vid ber\u00f6ring. Det starka skenet ger en unik visuell effekt n\u00e4r du spelar, vilket g\u00f6r framtr\u00e4danden mer sp\u00e4nnande.<\/p>\n<p data-start=\"22\" data-end=\"195\"><img decoding=\"async\" class=\"alignnone size-medium wp-image-13236 aligncenter\" src=\"https:\/\/keluvo.com\/template\/wp-content\/uploads\/sites\/5\/2025\/04\/Sfcaeb6a0053b4b4bb2b460c916857ce5B.jpg_960x960q75.jpg_.jpeg\" alt=\"\" \/><\/p>\n<h2 style=\"text-align: center\" data-start=\"197\" data-end=\"226\">Bekv\u00e4m och h\u00e5llbar<\/h2>\n<p class=\"\" style=\"text-align: center\" data-start=\"227\" data-end=\"398\">Tillverkat av livsmedelsgodk\u00e4nd plast \u00e4r detta gl\u00f6dande plektrum b\u00e5de s\u00e4kert och h\u00e5llbart. Det har en sl\u00e4t yta och ett bekv\u00e4mt grepp som g\u00f6r det enkelt att hantera under spel.<\/p>\n<p style=\"text-align: center\" data-start=\"227\" data-end=\"398\"><img decoding=\"async\" class=\"alignnone size-medium wp-image-13229\" src=\"https:\/\/keluvo.com\/template\/wp-content\/uploads\/sites\/5\/2025\/04\/3cddc533-c292-4414-aec8-edf405529229.webp\" alt=\"\" \/><\/p>\n","protected":false},"excerpt":{"rendered":"<p>Klart LED-ljus Detta gl\u00f6dande plektrum har inbyggda LED-lampor som aktiveras vid ber\u00f6ring. Det starka skenet ger en unik visuell effekt [&hellip;]<\/p>\n","protected":false},"featured_media":22388,"comment_status":"open","ping_status":"closed","template":"","meta":{"site-sidebar-layout":"default","site-content-layout":"","ast-site-content-layout":"default","site-content-style":"default","site-sidebar-style":"default","ast-global-header-display":"","ast-banner-title-visibility":"","ast-main-header-display":"","ast-hfb-above-header-display":"","ast-hfb-below-header-display":"","ast-hfb-mobile-header-display":"","site-post-title":"","ast-breadcrumbs-content":"","ast-featured-img":"","footer-sml-layout":"","theme-transparent-header-meta":"default","adv-header-id-meta":"","stick-header-meta":"","header-above-stick-meta":"","header-main-stick-meta":"","header-below-stick-meta":"","astra-migrate-meta-layouts":"set","ast-page-background-enabled":"default","ast-page-background-meta":{"desktop":{"background-color":"var(--ast-global-color-4)","background-image":"","background-repeat":"repeat","background-position":"center center","background-size":"auto","background-attachment":"scroll","background-type":"","background-media":"","overlay-type":"","overlay-color":"","overlay-opacity":"","overlay-gradient":""},"tablet":{"background-color":"","background-image":"","background-repeat":"repeat","background-position":"center center","background-size":"auto","background-attachment":"scroll","background-type":"","background-media":"","overlay-type":"","overlay-color":"","overlay-opacity":"","overlay-gradient":""},"mobile":{"background-color":"","background-image":"","background-repeat":"repeat","background-position":"center center","background-size":"auto","background-attachment":"scroll","background-type":"","background-media":"","overlay-type":"","overlay-color":"","overlay-opacity":"","overlay-gradient":""}},"ast-content-background-meta":{"desktop":{"background-color":"var(--ast-global-color-5)","background-image":"","background-repeat":"repeat","background-position":"center center","background-size":"auto","background-attachment":"scroll","background-type":"","background-media":"","overlay-type":"","overlay-color":"","overlay-opacity":"","overlay-gradient":""},"tablet":{"background-color":"var(--ast-global-color-5)","background-image":"","background-repeat":"repeat","background-position":"center center","background-size":"auto","background-attachment":"scroll","background-type":"","background-media":"","overlay-type":"","overlay-color":"","overlay-opacity":"","overlay-gradient":""},"mobile":{"background-color":"var(--ast-global-color-5)","background-image":"","background-repeat":"repeat","background-position":"center center","background-size":"auto","background-attachment":"scroll","background-type":"","background-media":"","overlay-type":"","overlay-color":"","overlay-opacity":"","overlay-gradient":""}}},"product_brand":[],"product_cat":[996],"product_tag":[],"class_list":{"0":"post-22392","1":"product","2":"type-product","3":"status-publish","4":"has-post-thumbnail","6":"product_cat-tools","7":"pa_33533_ckmjdjwq-gron","8":"pa_33533_ckmjdjwq-rosa","9":"pa_33533_ckmjdjwq-vit","10":"pa_33533_rdzqnggz-1-st","11":"pa_33533_rdzqnggz-2st","12":"pa_33533_rdzqnggz-3-st","13":"desktop-align-left","14":"tablet-align-left","15":"mobile-align-left","17":"first","18":"instock","19":"shipping-taxable","20":"purchasable","21":"product-type-variable","22":"has-default-attributes"},"_links":{"self":[{"href":"https:\/\/keluvo.com\/se\/wp-json\/wp\/v2\/product\/22392","targetHints":{"allow":["GET"]}}],"collection":[{"href":"https:\/\/keluvo.com\/se\/wp-json\/wp\/v2\/product"}],"about":[{"href":"https:\/\/keluvo.com\/se\/wp-json\/wp\/v2\/types\/product"}],"replies":[{"embeddable":true,"href":"https:\/\/keluvo.com\/se\/wp-json\/wp\/v2\/comments?post=22392"}],"wp:featuredmedia":[{"embeddable":true,"href":"https:\/\/keluvo.com\/se\/wp-json\/wp\/v2\/media\/22388"}],"wp:attachment":[{"href":"https:\/\/keluvo.com\/se\/wp-json\/wp\/v2\/media?parent=22392"}],"wp:term":[{"taxonomy":"product_brand","embeddable":true,"href":"https:\/\/keluvo.com\/se\/wp-json\/wp\/v2\/product_brand?post=22392"},{"taxonomy":"product_cat","embeddable":true,"href":"https:\/\/keluvo.com\/se\/wp-json\/wp\/v2\/product_cat?post=22392"},{"taxonomy":"product_tag","embeddable":true,"href":"https:\/\/keluvo.com\/se\/wp-json\/wp\/v2\/product_tag?post=22392"}],"curies":[{"name":"wp","href":"https:\/\/api.w.org\/{rel}","templated":true}]}}