{"id":22375,"date":"2025-09-03T09:00:24","date_gmt":"2025-09-03T06:00:24","guid":{"rendered":"https:\/\/keluvo.com\/se\/product\/resvaska\/"},"modified":"2025-09-03T09:00:29","modified_gmt":"2025-09-03T06:00:29","slug":"resvaska","status":"publish","type":"product","link":"https:\/\/keluvo.com\/se\/product\/resvaska\/","title":{"rendered":"Resv\u00e4ska"},"content":{"rendered":"<h2 style=\"text-align: center\" data-start=\"238\" data-end=\"269\">Mjukt och h\u00e5llbart material<\/h2>\n<p class=\"\" style=\"text-align: center\" data-start=\"270\" data-end=\"456\">Tillverkad av h\u00f6gkvalitativt PU-l\u00e4der \u00e4r denna resv\u00e4ska b\u00e5de mjuk och h\u00e5llbar. Den \u00e4r utformad f\u00f6r att klara daglig anv\u00e4ndning, vilket g\u00f6r den till ett p\u00e5litligt val f\u00f6r arbete, shopping eller resor.<\/p>\n<p style=\"text-align: center\" data-start=\"270\" data-end=\"456\"><img decoding=\"async\" class=\"alignnone size-medium wp-image-13222\" src=\"https:\/\/keluvo.com\/template\/wp-content\/uploads\/sites\/5\/2025\/04\/Sc10cd4c7ac944de3af7eaff66f4a35c7H.jpg_960x960q75.jpg_.jpeg\" alt=\"\" \/><\/p>\n<h2 style=\"text-align: center\" data-start=\"458\" data-end=\"485\">Snygg och m\u00e5ngsidig<\/h2>\n<p class=\"\" style=\"text-align: center\" data-start=\"486\" data-end=\"657\">Med sin enkla och eleganta design matchar denna resv\u00e4ska vilken outfit som helst. Oavsett om du \u00e4r p\u00e5 v\u00e4g till ett m\u00f6te eller en avslappnad utflykt, ger den en touch av stil till din look.<\/p>\n<p style=\"text-align: center\" data-start=\"486\" data-end=\"657\"><img decoding=\"async\" class=\"alignnone size-medium wp-image-13221\" src=\"https:\/\/keluvo.com\/template\/wp-content\/uploads\/sites\/5\/2025\/04\/Sbf87925b043640b0a24519a99360bf20F.jpg_960x960q75.jpg_.jpeg\" alt=\"\" \/><\/p>\n","protected":false},"excerpt":{"rendered":"<p>Mjukt och h\u00e5llbart material Tillverkad av h\u00f6gkvalitativt PU-l\u00e4der \u00e4r denna resv\u00e4ska b\u00e5de mjuk och h\u00e5llbar. Den \u00e4r utformad f\u00f6r att [&hellip;]<\/p>\n","protected":false},"featured_media":22371,"comment_status":"open","ping_status":"closed","template":"","meta":{"site-sidebar-layout":"default","site-content-layout":"","ast-site-content-layout":"default","site-content-style":"default","site-sidebar-style":"default","ast-global-header-display":"","ast-banner-title-visibility":"","ast-main-header-display":"","ast-hfb-above-header-display":"","ast-hfb-below-header-display":"","ast-hfb-mobile-header-display":"","site-post-title":"","ast-breadcrumbs-content":"","ast-featured-img":"","footer-sml-layout":"","theme-transparent-header-meta":"default","adv-header-id-meta":"","stick-header-meta":"","header-above-stick-meta":"","header-main-stick-meta":"","header-below-stick-meta":"","astra-migrate-meta-layouts":"set","ast-page-background-enabled":"default","ast-page-background-meta":{"desktop":{"background-color":"var(--ast-global-color-4)","background-image":"","background-repeat":"repeat","background-position":"center center","background-size":"auto","background-attachment":"scroll","background-type":"","background-media":"","overlay-type":"","overlay-color":"","overlay-opacity":"","overlay-gradient":""},"tablet":{"background-color":"","background-image":"","background-repeat":"repeat","background-position":"center center","background-size":"auto","background-attachment":"scroll","background-type":"","background-media":"","overlay-type":"","overlay-color":"","overlay-opacity":"","overlay-gradient":""},"mobile":{"background-color":"","background-image":"","background-repeat":"repeat","background-position":"center center","background-size":"auto","background-attachment":"scroll","background-type":"","background-media":"","overlay-type":"","overlay-color":"","overlay-opacity":"","overlay-gradient":""}},"ast-content-background-meta":{"desktop":{"background-color":"var(--ast-global-color-5)","background-image":"","background-repeat":"repeat","background-position":"center center","background-size":"auto","background-attachment":"scroll","background-type":"","background-media":"","overlay-type":"","overlay-color":"","overlay-opacity":"","overlay-gradient":""},"tablet":{"background-color":"var(--ast-global-color-5)","background-image":"","background-repeat":"repeat","background-position":"center center","background-size":"auto","background-attachment":"scroll","background-type":"","background-media":"","overlay-type":"","overlay-color":"","overlay-opacity":"","overlay-gradient":""},"mobile":{"background-color":"var(--ast-global-color-5)","background-image":"","background-repeat":"repeat","background-position":"center center","background-size":"auto","background-attachment":"scroll","background-type":"","background-media":"","overlay-type":"","overlay-color":"","overlay-opacity":"","overlay-gradient":""}}},"product_brand":[],"product_cat":[993],"product_tag":[],"class_list":{"0":"post-22375","1":"product","2":"type-product","3":"status-publish","4":"has-post-thumbnail","6":"product_cat-footwear-accessories","7":"pa_30076_1gr2mnpe-brun","8":"pa_30076_1gr2mnpe-svart","9":"pa_30076_1gr2mnpe-vinrod","10":"pa_30076_1gr2mnpe-vit","11":"desktop-align-left","12":"tablet-align-left","13":"mobile-align-left","15":"first","16":"instock","17":"shipping-taxable","18":"purchasable","19":"product-type-variable"},"_links":{"self":[{"href":"https:\/\/keluvo.com\/se\/wp-json\/wp\/v2\/product\/22375","targetHints":{"allow":["GET"]}}],"collection":[{"href":"https:\/\/keluvo.com\/se\/wp-json\/wp\/v2\/product"}],"about":[{"href":"https:\/\/keluvo.com\/se\/wp-json\/wp\/v2\/types\/product"}],"replies":[{"embeddable":true,"href":"https:\/\/keluvo.com\/se\/wp-json\/wp\/v2\/comments?post=22375"}],"wp:featuredmedia":[{"embeddable":true,"href":"https:\/\/keluvo.com\/se\/wp-json\/wp\/v2\/media\/22371"}],"wp:attachment":[{"href":"https:\/\/keluvo.com\/se\/wp-json\/wp\/v2\/media?parent=22375"}],"wp:term":[{"taxonomy":"product_brand","embeddable":true,"href":"https:\/\/keluvo.com\/se\/wp-json\/wp\/v2\/product_brand?post=22375"},{"taxonomy":"product_cat","embeddable":true,"href":"https:\/\/keluvo.com\/se\/wp-json\/wp\/v2\/product_cat?post=22375"},{"taxonomy":"product_tag","embeddable":true,"href":"https:\/\/keluvo.com\/se\/wp-json\/wp\/v2\/product_tag?post=22375"}],"curies":[{"name":"wp","href":"https:\/\/api.w.org\/{rel}","templated":true}]}}