{"id":22362,"date":"2025-09-03T08:59:35","date_gmt":"2025-09-03T05:59:35","guid":{"rendered":"https:\/\/keluvo.com\/se\/product\/clips-for-fagelnat\/"},"modified":"2025-09-03T09:00:03","modified_gmt":"2025-09-03T06:00:03","slug":"clips-for-fagelnat","status":"publish","type":"product","link":"https:\/\/keluvo.com\/se\/product\/clips-for-fagelnat\/","title":{"rendered":"Clips f\u00f6r f\u00e5geln\u00e4t"},"content":{"rendered":"<h2 style=\"text-align: center\" data-start=\"0\" data-end=\"28\"><strong>Starkt Och S\u00e4kert Grepp<\/strong><\/h2>\n<p class=\"\" style=\"text-align: center\" data-start=\"29\" data-end=\"200\">F\u00e5geln\u00e4tskl\u00e4mmorna har en speciell kl\u00e4mdesign som h\u00e5ller n\u00e4tet stadigt p\u00e5 plats. Detta s\u00e4kerst\u00e4ller en fast och stabil anslutning, \u00e4ven i bl\u00e5siga f\u00f6rh\u00e5llanden.<\/p>\n<p data-start=\"29\" data-end=\"200\"><img decoding=\"async\" class=\"alignnone size-medium wp-image-13268 aligncenter\" src=\"https:\/\/keluvo.com\/template\/wp-content\/uploads\/sites\/5\/2025\/04\/S3252ce7f102e46adad4bac7776239e36b.jpg_960x960q75.jpg_.jpeg\" alt=\"\" \/><\/p>\n<h2 style=\"text-align: center\" data-start=\"202\" data-end=\"232\"><strong>Enkel Att Anv\u00e4nda Och \u00c5teranv\u00e4nda<\/strong><\/h2>\n<p class=\"\" style=\"text-align: center\" data-start=\"233\" data-end=\"407\">Dessa f\u00e5geln\u00e4tskl\u00e4mmor \u00e4r enkla att installera och ta bort utan verktyg. De kan \u00e5teranv\u00e4ndas flera g\u00e5nger, vilket g\u00f6r dem till en kostnadseffektiv l\u00f6sning f\u00f6r tr\u00e4dg\u00e5rdsskydd.<\/p>\n<p data-start=\"233\" data-end=\"407\"><img decoding=\"async\" class=\"alignnone size-medium wp-image-13262 aligncenter\" src=\"https:\/\/keluvo.com\/template\/wp-content\/uploads\/sites\/5\/2025\/04\/784ecaa8-ec1a-4a96-a570-3992be247f4a.webp\" alt=\"\" \/><\/p>\n","protected":false},"excerpt":{"rendered":"<p>Starkt Och S\u00e4kert Grepp F\u00e5geln\u00e4tskl\u00e4mmorna har en speciell kl\u00e4mdesign som h\u00e5ller n\u00e4tet stadigt p\u00e5 plats. Detta s\u00e4kerst\u00e4ller en fast och [&hellip;]<\/p>\n","protected":false},"featured_media":22358,"comment_status":"open","ping_status":"closed","template":"","meta":{"site-sidebar-layout":"default","site-content-layout":"","ast-site-content-layout":"default","site-content-style":"default","site-sidebar-style":"default","ast-global-header-display":"","ast-banner-title-visibility":"","ast-main-header-display":"","ast-hfb-above-header-display":"","ast-hfb-below-header-display":"","ast-hfb-mobile-header-display":"","site-post-title":"","ast-breadcrumbs-content":"","ast-featured-img":"","footer-sml-layout":"","theme-transparent-header-meta":"default","adv-header-id-meta":"","stick-header-meta":"","header-above-stick-meta":"","header-main-stick-meta":"","header-below-stick-meta":"","astra-migrate-meta-layouts":"set","ast-page-background-enabled":"default","ast-page-background-meta":{"desktop":{"background-color":"var(--ast-global-color-4)","background-image":"","background-repeat":"repeat","background-position":"center center","background-size":"auto","background-attachment":"scroll","background-type":"","background-media":"","overlay-type":"","overlay-color":"","overlay-opacity":"","overlay-gradient":""},"tablet":{"background-color":"","background-image":"","background-repeat":"repeat","background-position":"center center","background-size":"auto","background-attachment":"scroll","background-type":"","background-media":"","overlay-type":"","overlay-color":"","overlay-opacity":"","overlay-gradient":""},"mobile":{"background-color":"","background-image":"","background-repeat":"repeat","background-position":"center center","background-size":"auto","background-attachment":"scroll","background-type":"","background-media":"","overlay-type":"","overlay-color":"","overlay-opacity":"","overlay-gradient":""}},"ast-content-background-meta":{"desktop":{"background-color":"var(--ast-global-color-5)","background-image":"","background-repeat":"repeat","background-position":"center center","background-size":"auto","background-attachment":"scroll","background-type":"","background-media":"","overlay-type":"","overlay-color":"","overlay-opacity":"","overlay-gradient":""},"tablet":{"background-color":"var(--ast-global-color-5)","background-image":"","background-repeat":"repeat","background-position":"center center","background-size":"auto","background-attachment":"scroll","background-type":"","background-media":"","overlay-type":"","overlay-color":"","overlay-opacity":"","overlay-gradient":""},"mobile":{"background-color":"var(--ast-global-color-5)","background-image":"","background-repeat":"repeat","background-position":"center center","background-size":"auto","background-attachment":"scroll","background-type":"","background-media":"","overlay-type":"","overlay-color":"","overlay-opacity":"","overlay-gradient":""}}},"product_brand":[],"product_cat":[993],"product_tag":[],"class_list":{"0":"post-22362","1":"product","2":"type-product","3":"status-publish","4":"has-post-thumbnail","6":"product_cat-footwear-accessories","7":"pa_28247_zob1xi0s-50-st","8":"pa_28247_zob1xi0s-100-st","9":"desktop-align-left","10":"tablet-align-left","11":"mobile-align-left","13":"first","14":"instock","15":"shipping-taxable","16":"purchasable","17":"product-type-variable"},"_links":{"self":[{"href":"https:\/\/keluvo.com\/se\/wp-json\/wp\/v2\/product\/22362","targetHints":{"allow":["GET"]}}],"collection":[{"href":"https:\/\/keluvo.com\/se\/wp-json\/wp\/v2\/product"}],"about":[{"href":"https:\/\/keluvo.com\/se\/wp-json\/wp\/v2\/types\/product"}],"replies":[{"embeddable":true,"href":"https:\/\/keluvo.com\/se\/wp-json\/wp\/v2\/comments?post=22362"}],"wp:featuredmedia":[{"embeddable":true,"href":"https:\/\/keluvo.com\/se\/wp-json\/wp\/v2\/media\/22358"}],"wp:attachment":[{"href":"https:\/\/keluvo.com\/se\/wp-json\/wp\/v2\/media?parent=22362"}],"wp:term":[{"taxonomy":"product_brand","embeddable":true,"href":"https:\/\/keluvo.com\/se\/wp-json\/wp\/v2\/product_brand?post=22362"},{"taxonomy":"product_cat","embeddable":true,"href":"https:\/\/keluvo.com\/se\/wp-json\/wp\/v2\/product_cat?post=22362"},{"taxonomy":"product_tag","embeddable":true,"href":"https:\/\/keluvo.com\/se\/wp-json\/wp\/v2\/product_tag?post=22362"}],"curies":[{"name":"wp","href":"https:\/\/api.w.org\/{rel}","templated":true}]}}