{"id":22324,"date":"2025-09-03T08:57:55","date_gmt":"2025-09-03T05:57:55","guid":{"rendered":"https:\/\/keluvo.com\/se\/product\/fodral-for-glasogon\/"},"modified":"2025-09-16T01:25:44","modified_gmt":"2025-09-15T22:25:44","slug":"fodral-for-glasogon","status":"publish","type":"product","link":"https:\/\/keluvo.com\/se\/product\/fodral-for-glasogon\/","title":{"rendered":"Fodral f\u00f6r glas\u00f6gon"},"content":{"rendered":"<h2 style=\"text-align: center\" data-start=\"0\" data-end=\"34\">Mjukt och skyddande material<\/h2>\n<p class=\"\" style=\"text-align: center\" data-start=\"35\" data-end=\"196\">Detta glas\u00f6gonfodral \u00e4r tillverkat av mjukt PU-l\u00e4der med ett sl\u00e4tt innerfoder f\u00f6r att f\u00f6rhindra repor. Det skonsamma materialet skyddar dina glas\u00f6gon fr\u00e5n damm och skador.<\/p>\n<p data-start=\"35\" data-end=\"196\"><img decoding=\"async\" class=\"alignnone size-medium wp-image-13185 aligncenter\" src=\"https:\/\/keluvo.com\/template\/wp-content\/uploads\/sites\/5\/2025\/04\/Sbe6c503f31fe42d9aeb723e37609f75cj.jpg_960x960q75.jpg_.jpeg\" alt=\"\" \/><\/p>\n<h2 style=\"text-align: center\" data-start=\"198\" data-end=\"233\">L\u00e4tt och enkel att b\u00e4ra<\/h2>\n<p class=\"\" style=\"text-align: center\" data-start=\"234\" data-end=\"390\">Designat f\u00f6r bekv\u00e4mlighet, detta glas\u00f6gonfodral \u00e4r l\u00e4tt och enkelt att ta med sig \u00f6verallt. Det medf\u00f6ljande handtaget g\u00f6r att du kan h\u00e4nga det p\u00e5 en v\u00e4ska f\u00f6r snabb \u00e5tkomst.<\/p>\n<p data-start=\"234\" data-end=\"390\"><img decoding=\"async\" class=\"alignnone size-medium wp-image-13186 aligncenter\" src=\"https:\/\/keluvo.com\/template\/wp-content\/uploads\/sites\/5\/2025\/04\/Sd5825f86d7d54427b7de9fb5ea8ceede2.jpg_960x960q75.jpg_.jpeg\" alt=\"\" \/><\/p>\n","protected":false},"excerpt":{"rendered":"<p>Mjukt och skyddande material Detta glas\u00f6gonfodral \u00e4r tillverkat av mjukt PU-l\u00e4der med ett sl\u00e4tt innerfoder f\u00f6r att f\u00f6rhindra repor. Det [&hellip;]<\/p>\n","protected":false},"featured_media":22320,"comment_status":"open","ping_status":"closed","template":"","meta":{"site-sidebar-layout":"default","site-content-layout":"","ast-site-content-layout":"default","site-content-style":"default","site-sidebar-style":"default","ast-global-header-display":"","ast-banner-title-visibility":"","ast-main-header-display":"","ast-hfb-above-header-display":"","ast-hfb-below-header-display":"","ast-hfb-mobile-header-display":"","site-post-title":"","ast-breadcrumbs-content":"","ast-featured-img":"","footer-sml-layout":"","theme-transparent-header-meta":"default","adv-header-id-meta":"","stick-header-meta":"","header-above-stick-meta":"","header-main-stick-meta":"","header-below-stick-meta":"","astra-migrate-meta-layouts":"set","ast-page-background-enabled":"default","ast-page-background-meta":{"desktop":{"background-color":"var(--ast-global-color-4)","background-image":"","background-repeat":"repeat","background-position":"center center","background-size":"auto","background-attachment":"scroll","background-type":"","background-media":"","overlay-type":"","overlay-color":"","overlay-opacity":"","overlay-gradient":""},"tablet":{"background-color":"","background-image":"","background-repeat":"repeat","background-position":"center center","background-size":"auto","background-attachment":"scroll","background-type":"","background-media":"","overlay-type":"","overlay-color":"","overlay-opacity":"","overlay-gradient":""},"mobile":{"background-color":"","background-image":"","background-repeat":"repeat","background-position":"center center","background-size":"auto","background-attachment":"scroll","background-type":"","background-media":"","overlay-type":"","overlay-color":"","overlay-opacity":"","overlay-gradient":""}},"ast-content-background-meta":{"desktop":{"background-color":"var(--ast-global-color-5)","background-image":"","background-repeat":"repeat","background-position":"center center","background-size":"auto","background-attachment":"scroll","background-type":"","background-media":"","overlay-type":"","overlay-color":"","overlay-opacity":"","overlay-gradient":""},"tablet":{"background-color":"var(--ast-global-color-5)","background-image":"","background-repeat":"repeat","background-position":"center center","background-size":"auto","background-attachment":"scroll","background-type":"","background-media":"","overlay-type":"","overlay-color":"","overlay-opacity":"","overlay-gradient":""},"mobile":{"background-color":"var(--ast-global-color-5)","background-image":"","background-repeat":"repeat","background-position":"center center","background-size":"auto","background-attachment":"scroll","background-type":"","background-media":"","overlay-type":"","overlay-color":"","overlay-opacity":"","overlay-gradient":""}}},"product_brand":[],"product_cat":[993],"product_tag":[],"class_list":{"0":"post-22324","1":"product","2":"type-product","3":"status-publish","4":"has-post-thumbnail","6":"product_cat-footwear-accessories","7":"pa_21671_bnvrwiau-brun","8":"pa_21671_bnvrwiau-gra","9":"pa_21671_bnvrwiau-gron","10":"pa_21671_bnvrwiau-khaki","11":"pa_21671_bnvrwiau-orange","12":"pa_21671_bnvrwiau-svart","13":"desktop-align-left","14":"tablet-align-left","15":"mobile-align-left","17":"first","18":"instock","19":"shipping-taxable","20":"purchasable","21":"product-type-variable"},"_links":{"self":[{"href":"https:\/\/keluvo.com\/se\/wp-json\/wp\/v2\/product\/22324","targetHints":{"allow":["GET"]}}],"collection":[{"href":"https:\/\/keluvo.com\/se\/wp-json\/wp\/v2\/product"}],"about":[{"href":"https:\/\/keluvo.com\/se\/wp-json\/wp\/v2\/types\/product"}],"replies":[{"embeddable":true,"href":"https:\/\/keluvo.com\/se\/wp-json\/wp\/v2\/comments?post=22324"}],"wp:featuredmedia":[{"embeddable":true,"href":"https:\/\/keluvo.com\/se\/wp-json\/wp\/v2\/media\/22320"}],"wp:attachment":[{"href":"https:\/\/keluvo.com\/se\/wp-json\/wp\/v2\/media?parent=22324"}],"wp:term":[{"taxonomy":"product_brand","embeddable":true,"href":"https:\/\/keluvo.com\/se\/wp-json\/wp\/v2\/product_brand?post=22324"},{"taxonomy":"product_cat","embeddable":true,"href":"https:\/\/keluvo.com\/se\/wp-json\/wp\/v2\/product_cat?post=22324"},{"taxonomy":"product_tag","embeddable":true,"href":"https:\/\/keluvo.com\/se\/wp-json\/wp\/v2\/product_tag?post=22324"}],"curies":[{"name":"wp","href":"https:\/\/api.w.org\/{rel}","templated":true}]}}