{"id":22305,"date":"2025-09-03T08:57:28","date_gmt":"2025-09-03T05:57:28","guid":{"rendered":"https:\/\/keluvo.com\/se\/product\/magnetiska-parlor\/"},"modified":"2025-09-03T08:57:34","modified_gmt":"2025-09-03T05:57:34","slug":"magnetiska-parlor","status":"publish","type":"product","link":"https:\/\/keluvo.com\/se\/product\/magnetiska-parlor\/","title":{"rendered":"Magnetiska p\u00e4rlor"},"content":{"rendered":"<h2 style=\"text-align: center\" data-start=\"0\" data-end=\"32\">Stark Magnetisk Anslutning<\/h2>\n<p class=\"\" style=\"text-align: center\" data-start=\"33\" data-end=\"226\">De h\u00e4r magnetiska p\u00e4rlorna har ett kraftfullt magnetiskt grepp, vilket g\u00f6r att du kan bygga stabila och kreativa strukturer. Den starka attraktionen s\u00e4kerst\u00e4ller att bitarna f\u00f6rblir anslutna f\u00f6r o\u00e4ndliga designm\u00f6jligheter.<\/p>\n<p data-start=\"33\" data-end=\"226\"><img decoding=\"async\" class=\"alignnone size-medium wp-image-13171 aligncenter\" src=\"https:\/\/keluvo.com\/template\/wp-content\/uploads\/sites\/5\/2025\/04\/Sfab31fb81e5d4c758f943d2a73cd1feax.jpg_960x960q75.jpg_.jpeg\" alt=\"\" \/><\/p>\n<h2 style=\"text-align: center\" data-start=\"228\" data-end=\"254\">O\u00e4ndligt Kreativt Kul<\/h2>\n<p class=\"\" style=\"text-align: center\" data-start=\"255\" data-end=\"442\">Med hundratals p\u00e4rlor i varje upps\u00e4ttning kan du skapa unika former, m\u00f6nster och m\u00f6nster. Oavsett om det \u00e4r f\u00f6r avkoppling, stressavlastning eller kreativt uttryck ger dessa p\u00e4rlor timmar av kul.<\/p>\n<p data-start=\"255\" data-end=\"442\"><img decoding=\"async\" class=\"alignnone size-medium wp-image-13172 aligncenter\" src=\"https:\/\/keluvo.com\/template\/wp-content\/uploads\/sites\/5\/2025\/04\/719fad31-51e0-41cd-b4fd-9827df8e5cac.webp\" alt=\"\" \/><\/p>\n","protected":false},"excerpt":{"rendered":"<p>Stark Magnetisk Anslutning De h\u00e4r magnetiska p\u00e4rlorna har ett kraftfullt magnetiskt grepp, vilket g\u00f6r att du kan bygga stabila och [&hellip;]<\/p>\n","protected":false},"featured_media":22301,"comment_status":"open","ping_status":"closed","template":"","meta":{"site-sidebar-layout":"default","site-content-layout":"","ast-site-content-layout":"default","site-content-style":"default","site-sidebar-style":"default","ast-global-header-display":"","ast-banner-title-visibility":"","ast-main-header-display":"","ast-hfb-above-header-display":"","ast-hfb-below-header-display":"","ast-hfb-mobile-header-display":"","site-post-title":"","ast-breadcrumbs-content":"","ast-featured-img":"","footer-sml-layout":"","theme-transparent-header-meta":"default","adv-header-id-meta":"","stick-header-meta":"","header-above-stick-meta":"","header-main-stick-meta":"","header-below-stick-meta":"","astra-migrate-meta-layouts":"set","ast-page-background-enabled":"default","ast-page-background-meta":{"desktop":{"background-color":"var(--ast-global-color-4)","background-image":"","background-repeat":"repeat","background-position":"center center","background-size":"auto","background-attachment":"scroll","background-type":"","background-media":"","overlay-type":"","overlay-color":"","overlay-opacity":"","overlay-gradient":""},"tablet":{"background-color":"","background-image":"","background-repeat":"repeat","background-position":"center center","background-size":"auto","background-attachment":"scroll","background-type":"","background-media":"","overlay-type":"","overlay-color":"","overlay-opacity":"","overlay-gradient":""},"mobile":{"background-color":"","background-image":"","background-repeat":"repeat","background-position":"center center","background-size":"auto","background-attachment":"scroll","background-type":"","background-media":"","overlay-type":"","overlay-color":"","overlay-opacity":"","overlay-gradient":""}},"ast-content-background-meta":{"desktop":{"background-color":"var(--ast-global-color-5)","background-image":"","background-repeat":"repeat","background-position":"center center","background-size":"auto","background-attachment":"scroll","background-type":"","background-media":"","overlay-type":"","overlay-color":"","overlay-opacity":"","overlay-gradient":""},"tablet":{"background-color":"var(--ast-global-color-5)","background-image":"","background-repeat":"repeat","background-position":"center center","background-size":"auto","background-attachment":"scroll","background-type":"","background-media":"","overlay-type":"","overlay-color":"","overlay-opacity":"","overlay-gradient":""},"mobile":{"background-color":"var(--ast-global-color-5)","background-image":"","background-repeat":"repeat","background-position":"center center","background-size":"auto","background-attachment":"scroll","background-type":"","background-media":"","overlay-type":"","overlay-color":"","overlay-opacity":"","overlay-gradient":""}}},"product_brand":[],"product_cat":[993],"product_tag":[],"class_list":{"0":"post-22305","1":"product","2":"type-product","3":"status-publish","4":"has-post-thumbnail","6":"product_cat-footwear-accessories","7":"pa_19438_cqe3tjlg-29-mm","8":"pa_19438_cqe3tjlg-38-mm","9":"pa_19438_cqe3tjlg-48-mm","10":"pa_19438_cqe3tjlg-58-mm","11":"pa_19438_cqe3tjlg-68-mm","12":"desktop-align-left","13":"tablet-align-left","14":"mobile-align-left","16":"first","17":"instock","18":"shipping-taxable","19":"purchasable","20":"product-type-variable"},"_links":{"self":[{"href":"https:\/\/keluvo.com\/se\/wp-json\/wp\/v2\/product\/22305","targetHints":{"allow":["GET"]}}],"collection":[{"href":"https:\/\/keluvo.com\/se\/wp-json\/wp\/v2\/product"}],"about":[{"href":"https:\/\/keluvo.com\/se\/wp-json\/wp\/v2\/types\/product"}],"replies":[{"embeddable":true,"href":"https:\/\/keluvo.com\/se\/wp-json\/wp\/v2\/comments?post=22305"}],"wp:featuredmedia":[{"embeddable":true,"href":"https:\/\/keluvo.com\/se\/wp-json\/wp\/v2\/media\/22301"}],"wp:attachment":[{"href":"https:\/\/keluvo.com\/se\/wp-json\/wp\/v2\/media?parent=22305"}],"wp:term":[{"taxonomy":"product_brand","embeddable":true,"href":"https:\/\/keluvo.com\/se\/wp-json\/wp\/v2\/product_brand?post=22305"},{"taxonomy":"product_cat","embeddable":true,"href":"https:\/\/keluvo.com\/se\/wp-json\/wp\/v2\/product_cat?post=22305"},{"taxonomy":"product_tag","embeddable":true,"href":"https:\/\/keluvo.com\/se\/wp-json\/wp\/v2\/product_tag?post=22305"}],"curies":[{"name":"wp","href":"https:\/\/api.w.org\/{rel}","templated":true}]}}