{"id":22280,"date":"2025-09-03T08:55:59","date_gmt":"2025-09-03T05:55:59","guid":{"rendered":"https:\/\/keluvo.com\/se\/product\/hangare-anslutningskrokar\/"},"modified":"2025-09-16T01:25:57","modified_gmt":"2025-09-15T22:25:57","slug":"hangare-anslutningskrokar","status":"publish","type":"product","link":"https:\/\/keluvo.com\/se\/product\/hangare-anslutningskrokar\/","title":{"rendered":"H\u00e4ngare anslutningskrokar"},"content":{"rendered":"<h2 style=\"text-align: center\">Maximera Garderobsutrymmet<\/h2>\n<p style=\"text-align: center\">H\u00e4ngarkrokarna g\u00f6r att du kan h\u00e4nga flera kl\u00e4dh\u00e4ngare i en kaskadstil, vilket sparar v\u00e4rdefullt garderobsutrymme. Dessa krokar \u00e4r perfekta f\u00f6r att organisera dina kl\u00e4der och h\u00e5lla din garderob snygg och prydlig.<\/p>\n<p><img decoding=\"async\" class=\"alignnone size-full wp-image-33504 aligncenter\" src=\"https:\/\/keluvo.com\/template\/wp-content\/uploads\/sites\/5\/2024\/12\/coat-hangerr.jpg\" \/><\/p>\n<h2 style=\"text-align: center\">Slitstark Och L\u00e4tt<\/h2>\n<p style=\"text-align: center\">Tillverkade av h\u00f6gkvalitativ plast \u00e4r hanger connector krokar tillr\u00e4ckligt robusta f\u00f6r att h\u00e5lla dina kl\u00e4der s\u00e4kert. Trots sin h\u00e5llbarhet \u00e4r de l\u00e4tta och kompakta, vilket g\u00f6r dem enkla att anv\u00e4nda och b\u00e4ra.<\/p>\n<p><img decoding=\"async\" class=\"alignnone size-medium wp-image-5396 aligncenter\" src=\"https:\/\/keluvo.com\/template\/wp-content\/uploads\/sites\/5\/2024\/12\/S5c11964917f84a42a54a4bd8f9377166A.webp\" alt=\"\" \/><\/p>\n","protected":false},"excerpt":{"rendered":"<p>Maximera Garderobsutrymmet H\u00e4ngarkrokarna g\u00f6r att du kan h\u00e4nga flera kl\u00e4dh\u00e4ngare i en kaskadstil, vilket sparar v\u00e4rdefullt garderobsutrymme. Dessa krokar \u00e4r [&hellip;]<\/p>\n","protected":false},"featured_media":22276,"comment_status":"open","ping_status":"closed","template":"","meta":{"site-sidebar-layout":"default","site-content-layout":"","ast-site-content-layout":"default","site-content-style":"default","site-sidebar-style":"default","ast-global-header-display":"","ast-banner-title-visibility":"","ast-main-header-display":"","ast-hfb-above-header-display":"","ast-hfb-below-header-display":"","ast-hfb-mobile-header-display":"","site-post-title":"","ast-breadcrumbs-content":"","ast-featured-img":"","footer-sml-layout":"","theme-transparent-header-meta":"default","adv-header-id-meta":"","stick-header-meta":"","header-above-stick-meta":"","header-main-stick-meta":"","header-below-stick-meta":"","astra-migrate-meta-layouts":"set","ast-page-background-enabled":"default","ast-page-background-meta":{"desktop":{"background-color":"var(--ast-global-color-4)","background-image":"","background-repeat":"repeat","background-position":"center center","background-size":"auto","background-attachment":"scroll","background-type":"","background-media":"","overlay-type":"","overlay-color":"","overlay-opacity":"","overlay-gradient":""},"tablet":{"background-color":"","background-image":"","background-repeat":"repeat","background-position":"center center","background-size":"auto","background-attachment":"scroll","background-type":"","background-media":"","overlay-type":"","overlay-color":"","overlay-opacity":"","overlay-gradient":""},"mobile":{"background-color":"","background-image":"","background-repeat":"repeat","background-position":"center center","background-size":"auto","background-attachment":"scroll","background-type":"","background-media":"","overlay-type":"","overlay-color":"","overlay-opacity":"","overlay-gradient":""}},"ast-content-background-meta":{"desktop":{"background-color":"var(--ast-global-color-5)","background-image":"","background-repeat":"repeat","background-position":"center center","background-size":"auto","background-attachment":"scroll","background-type":"","background-media":"","overlay-type":"","overlay-color":"","overlay-opacity":"","overlay-gradient":""},"tablet":{"background-color":"var(--ast-global-color-5)","background-image":"","background-repeat":"repeat","background-position":"center center","background-size":"auto","background-attachment":"scroll","background-type":"","background-media":"","overlay-type":"","overlay-color":"","overlay-opacity":"","overlay-gradient":""},"mobile":{"background-color":"var(--ast-global-color-5)","background-image":"","background-repeat":"repeat","background-position":"center center","background-size":"auto","background-attachment":"scroll","background-type":"","background-media":"","overlay-type":"","overlay-color":"","overlay-opacity":"","overlay-gradient":""}}},"product_brand":[],"product_cat":[1001],"product_tag":[],"class_list":{"0":"post-22280","1":"product","2":"type-product","3":"status-publish","4":"has-post-thumbnail","6":"product_cat-household-goods","7":"pa_18035_s0hlcjls-10-st","8":"pa_18035_s0hlcjls-5-st","9":"pa_18035_yjkcb8bu-bla","10":"pa_18035_yjkcb8bu-gron","11":"pa_18035_yjkcb8bu-rosa","12":"pa_18035_yjkcb8bu-vit","13":"desktop-align-left","14":"tablet-align-left","15":"mobile-align-left","17":"first","18":"instock","19":"shipping-taxable","20":"purchasable","21":"product-type-variable","22":"has-default-attributes"},"_links":{"self":[{"href":"https:\/\/keluvo.com\/se\/wp-json\/wp\/v2\/product\/22280","targetHints":{"allow":["GET"]}}],"collection":[{"href":"https:\/\/keluvo.com\/se\/wp-json\/wp\/v2\/product"}],"about":[{"href":"https:\/\/keluvo.com\/se\/wp-json\/wp\/v2\/types\/product"}],"replies":[{"embeddable":true,"href":"https:\/\/keluvo.com\/se\/wp-json\/wp\/v2\/comments?post=22280"}],"wp:featuredmedia":[{"embeddable":true,"href":"https:\/\/keluvo.com\/se\/wp-json\/wp\/v2\/media\/22276"}],"wp:attachment":[{"href":"https:\/\/keluvo.com\/se\/wp-json\/wp\/v2\/media?parent=22280"}],"wp:term":[{"taxonomy":"product_brand","embeddable":true,"href":"https:\/\/keluvo.com\/se\/wp-json\/wp\/v2\/product_brand?post=22280"},{"taxonomy":"product_cat","embeddable":true,"href":"https:\/\/keluvo.com\/se\/wp-json\/wp\/v2\/product_cat?post=22280"},{"taxonomy":"product_tag","embeddable":true,"href":"https:\/\/keluvo.com\/se\/wp-json\/wp\/v2\/product_tag?post=22280"}],"curies":[{"name":"wp","href":"https:\/\/api.w.org\/{rel}","templated":true}]}}