{"id":21872,"date":"2025-08-29T12:42:46","date_gmt":"2025-08-29T09:42:46","guid":{"rendered":"https:\/\/keluvo.com\/se\/product\/rengoringsmedel-for-duschmunstycken\/"},"modified":"2025-10-14T18:35:24","modified_gmt":"2025-10-14T15:35:24","slug":"rengoringsmedel-for-duschmunstycken","status":"publish","type":"product","link":"https:\/\/keluvo.com\/se\/product\/rengoringsmedel-for-duschmunstycken\/","title":{"rendered":"Reng\u00f6ringsmedel f\u00f6r duschmunstycken"},"content":{"rendered":"<p style=\"text-align: center;\" data-start=\"189\" data-end=\"231\"><strong>Rensa Ditt Duschhuvud P\u00e5 N\u00e5gra Sekunder \ud83d\udebf\ud83e\uddfc<\/strong><\/p>\n<p style=\"text-align: center;\" data-start=\"233\" data-end=\"441\">Mineraluppbyggnad eller m\u00f6gel som blockerar vattenstr\u00e5len? Dessa precisionsreng\u00f6rare f\u00f6r duschmunstycken avl\u00e4gsnar enkelt smuts, kalk och bakterier fr\u00e5n sm\u00e5 vattenh\u00e5l och ger din dusch nytt liv p\u00e5 nolltid. Varje verktyg \u00e4r utformat f\u00f6r tr\u00e5nga utrymmen och g\u00f6r underverk p\u00e5 duschmunstycken, handfatskranar, USB-portar och mycket mer.<\/p>\n<p data-start=\"233\" data-end=\"441\"><img decoding=\"async\" class=\"size-full wp-image-33450 aligncenter\" src=\"https:\/\/keluvo.com\/template\/wp-content\/uploads\/sites\/5\/2025\/08\/22916017f2c157e18ca1f4bf4d199435996cf930_480x480.webp\" alt=\"\" \/><\/p>\n<h2 style=\"text-align: center;\">Huvudf\u00f6rdelar \ud83e\uddfd<\/h2>\n<p data-start=\"578\" data-end=\"642\">\ud83e\uddfc Tar bort kalk, smuts, m\u00f6gel och bakterier fr\u00e5n sm\u00e5 h\u00e5l<\/p>\n<p data-start=\"645\" data-end=\"698\">\ud83d\udebf \u00c5terst\u00e4ller j\u00e4mnt vattenfl\u00f6de fr\u00e5n din dusch head<\/p>\n<p data-start=\"701\" data-end=\"746\">\u270d\ufe0f Ultrafina borst f\u00f6r exakt reng\u00f6ring<\/p>\n<p data-start=\"749\" data-end=\"796\">\u270b Bekv\u00e4mt halkfritt grepp f\u00f6r enkel hantering<\/p>\n<p data-start=\"799\" data-end=\"857\">\ud83e\uddf3 Kompakt och l\u00e4tt &#8211; perfekt f\u00f6r resor eller verktygsl\u00e5dor<\/p>\n<p data-start=\"860\" data-end=\"897\">\ud83d\udd01 H\u00e5llbar och \u00e5teranv\u00e4ndbar &#8211; byggd f\u00f6r att h\u00e5lla<\/p>\n<p data-start=\"860\" data-end=\"897\"><img decoding=\"async\" class=\"size-full wp-image-33454 aligncenter\" src=\"https:\/\/keluvo.com\/template\/wp-content\/uploads\/sites\/5\/2025\/08\/S1abb450f7b3c45deace3903128473d47g.jpg_960x960q75.jpg_.avif\" alt=\"\" \/><\/p>\n<h2 style=\"text-align: center;\" data-start=\"904\" data-end=\"924\">Hur Man Anv\u00e4nder \ud83d\udee0\ufe0f<\/h2>\n<ol data-start=\"926\" data-end=\"1109\">\n<li data-start=\"926\" data-end=\"977\">\n<p data-start=\"929\" data-end=\"977\">Gently F\u00f6r in borsten i varje blockerat h\u00e5l.<\/p>\n<\/li>\n<li data-start=\"978\" data-end=\"1025\">\n<p data-start=\"981\" data-end=\"1025\">Vrid eller skrubba efter behov f\u00f6r att avl\u00e4gsna avlagringar.<\/p>\n<\/li>\n<li data-start=\"1026\" data-end=\"1067\">\n<p data-start=\"1029\" data-end=\"1067\">Sk\u00f6lj borsten med vatten efter anv\u00e4ndning.<\/p>\n<\/li>\n<li data-start=\"1068\" data-end=\"1109\">\n<p data-start=\"1071\" data-end=\"1109\">F\u00f6rvara p\u00e5 en torr plats &#8211; anv\u00e4nd inte blekmedel.<\/p>\n<\/li>\n<\/ol>\n<h2 style=\"text-align: center;\" data-start=\"1116\" data-end=\"1137\">Produktdetaljer \ud83d\udccf<\/h2>\n<ul data-start=\"1139\" data-end=\"1230\">\n<li data-start=\"1139\" data-end=\"1191\">\n<p data-start=\"1141\" data-end=\"1191\">Material: Nylon + plast<\/p>\n<\/li>\n<li data-start=\"1192\" data-end=\"1208\">\n<p data-start=\"1194\" data-end=\"1208\">Vikt: 12 g<\/p>\n<\/li>\n<li data-start=\"1209\" data-end=\"1230\">\n<p data-start=\"1211\" data-end=\"1230\">Storlek: L\u00e4mplig f\u00f6r diameter st\u00f6rre \u00e4n 0,7 mm<\/p>\n<\/li>\n<\/ul>\n<h2 style=\"text-align: center;\" data-start=\"1237\" data-end=\"1259\">Paketet Inneh\u00e5ller \ud83d\udce6<\/h2>\n<ul data-start=\"1261\" data-end=\"1295\">\n<li data-start=\"1261\" data-end=\"1295\">\n<p data-start=\"1263\" data-end=\"1295\">10, 20, 30, 40, 50x duschhuvudreng\u00f6rare.<\/p>\n<\/li>\n<\/ul>\n","protected":false},"excerpt":{"rendered":"<p>Rensa Ditt Duschhuvud P\u00e5 N\u00e5gra Sekunder \ud83d\udebf\ud83e\uddfc Mineraluppbyggnad eller m\u00f6gel som blockerar vattenstr\u00e5len? Dessa precisionsreng\u00f6rare f\u00f6r duschmunstycken avl\u00e4gsnar enkelt smuts, [&hellip;]<\/p>\n","protected":false},"featured_media":21868,"comment_status":"open","ping_status":"closed","template":"","meta":{"site-sidebar-layout":"default","site-content-layout":"","ast-site-content-layout":"default","site-content-style":"default","site-sidebar-style":"default","ast-global-header-display":"","ast-banner-title-visibility":"","ast-main-header-display":"","ast-hfb-above-header-display":"","ast-hfb-below-header-display":"","ast-hfb-mobile-header-display":"","site-post-title":"","ast-breadcrumbs-content":"","ast-featured-img":"","footer-sml-layout":"","theme-transparent-header-meta":"default","adv-header-id-meta":"","stick-header-meta":"","header-above-stick-meta":"","header-main-stick-meta":"","header-below-stick-meta":"","astra-migrate-meta-layouts":"set","ast-page-background-enabled":"default","ast-page-background-meta":{"desktop":{"background-color":"var(--ast-global-color-4)","background-image":"","background-repeat":"repeat","background-position":"center center","background-size":"auto","background-attachment":"scroll","background-type":"","background-media":"","overlay-type":"","overlay-color":"","overlay-opacity":"","overlay-gradient":""},"tablet":{"background-color":"","background-image":"","background-repeat":"repeat","background-position":"center center","background-size":"auto","background-attachment":"scroll","background-type":"","background-media":"","overlay-type":"","overlay-color":"","overlay-opacity":"","overlay-gradient":""},"mobile":{"background-color":"","background-image":"","background-repeat":"repeat","background-position":"center center","background-size":"auto","background-attachment":"scroll","background-type":"","background-media":"","overlay-type":"","overlay-color":"","overlay-opacity":"","overlay-gradient":""}},"ast-content-background-meta":{"desktop":{"background-color":"var(--ast-global-color-5)","background-image":"","background-repeat":"repeat","background-position":"center center","background-size":"auto","background-attachment":"scroll","background-type":"","background-media":"","overlay-type":"","overlay-color":"","overlay-opacity":"","overlay-gradient":""},"tablet":{"background-color":"var(--ast-global-color-5)","background-image":"","background-repeat":"repeat","background-position":"center center","background-size":"auto","background-attachment":"scroll","background-type":"","background-media":"","overlay-type":"","overlay-color":"","overlay-opacity":"","overlay-gradient":""},"mobile":{"background-color":"var(--ast-global-color-5)","background-image":"","background-repeat":"repeat","background-position":"center center","background-size":"auto","background-attachment":"scroll","background-type":"","background-media":"","overlay-type":"","overlay-color":"","overlay-opacity":"","overlay-gradient":""}}},"product_brand":[],"product_cat":[1001],"product_tag":[],"class_list":{"0":"post-21872","1":"product","2":"type-product","3":"status-publish","4":"has-post-thumbnail","6":"product_cat-household-goods","7":"pa_21340_41zryc6p-10-st","8":"pa_21340_41zryc6p-20-st","9":"pa_21340_41zryc6p-30-st","10":"pa_21340_41zryc6p-40-st","11":"pa_21340_41zryc6p-50-st","12":"desktop-align-left","13":"tablet-align-left","14":"mobile-align-left","16":"first","17":"instock","18":"shipping-taxable","19":"purchasable","20":"product-type-variable"},"_links":{"self":[{"href":"https:\/\/keluvo.com\/se\/wp-json\/wp\/v2\/product\/21872","targetHints":{"allow":["GET"]}}],"collection":[{"href":"https:\/\/keluvo.com\/se\/wp-json\/wp\/v2\/product"}],"about":[{"href":"https:\/\/keluvo.com\/se\/wp-json\/wp\/v2\/types\/product"}],"replies":[{"embeddable":true,"href":"https:\/\/keluvo.com\/se\/wp-json\/wp\/v2\/comments?post=21872"}],"wp:featuredmedia":[{"embeddable":true,"href":"https:\/\/keluvo.com\/se\/wp-json\/wp\/v2\/media\/21868"}],"wp:attachment":[{"href":"https:\/\/keluvo.com\/se\/wp-json\/wp\/v2\/media?parent=21872"}],"wp:term":[{"taxonomy":"product_brand","embeddable":true,"href":"https:\/\/keluvo.com\/se\/wp-json\/wp\/v2\/product_brand?post=21872"},{"taxonomy":"product_cat","embeddable":true,"href":"https:\/\/keluvo.com\/se\/wp-json\/wp\/v2\/product_cat?post=21872"},{"taxonomy":"product_tag","embeddable":true,"href":"https:\/\/keluvo.com\/se\/wp-json\/wp\/v2\/product_tag?post=21872"}],"curies":[{"name":"wp","href":"https:\/\/api.w.org\/{rel}","templated":true}]}}