{"id":21769,"date":"2025-08-29T12:34:34","date_gmt":"2025-08-29T09:34:34","guid":{"rendered":"https:\/\/keluvo.com\/se\/product\/babyskydd\/"},"modified":"2025-09-13T13:30:26","modified_gmt":"2025-09-13T10:30:26","slug":"babyskydd","status":"publish","type":"product","link":"https:\/\/keluvo.com\/se\/product\/babyskydd\/","title":{"rendered":"Babyskydd"},"content":{"rendered":"<p style=\"text-align: center\" data-start=\"195\" data-end=\"238\"><strong>Krama Ditt Barn S\u00e4kert Och Handsfree \ud83d\udc97\ud83d\udc76<\/strong><\/p>\n<p style=\"text-align: center\" data-start=\"240\" data-end=\"455\">G\u00f6r det enklare och bekv\u00e4mare att b\u00e4ra ditt barn med denna b\u00e4rbara b\u00e4rsele. Den \u00e4r utformad f\u00f6r att passa barn fr\u00e5n 2 till 36 m\u00e5nader och hj\u00e4lper dig att h\u00e5lla ditt barn s\u00e4kert samtidigt som du har h\u00e4nderna fria f\u00f6r dagliga sysslor. Oavsett om du \u00e4r ute p\u00e5 promenad eller g\u00f6r sysslor hemma, erbjuder denna b\u00e4rsele en \u00e5tsittande passform, mysigt tyg och sinnesfrid &#8211; s\u00e5 att ditt barn h\u00e5ller sig n\u00e4ra och du f\u00f6rblir mobil.<\/p>\n<p data-start=\"240\" data-end=\"455\"><img decoding=\"async\" class=\"size-full wp-image-33356 aligncenter\" src=\"https:\/\/keluvo.com\/template\/wp-content\/uploads\/sites\/5\/2025\/08\/1_3ebe3ec3-822c-4a2a-becd-9c1d2becea3a_480x480.webp\" alt=\"\" \/><\/p>\n<h2 style=\"text-align: center\">Huvudf\u00f6rdelar \ud83c\udf7c<\/h2>\n<p data-start=\"649\" data-end=\"694\">\ud83e\udd31 H\u00e5ller ditt barn s\u00e4kert och bekv\u00e4mt<\/p>\n<p data-start=\"697\" data-end=\"739\">\u270b Frig\u00f6r dina h\u00e4nder f\u00f6r vardagliga sysslor<\/p>\n<p data-start=\"742\" data-end=\"798\">\ud83e\uddf5 Tillverkad av mjuk bomull som andas f\u00f6r maximal komfort<\/p>\n<p data-start=\"801\" data-end=\"842\">\ud83e\uddcd Justerbar rem som passar alla kroppar<\/p>\n<p data-start=\"845\" data-end=\"892\">\u23f1\ufe0f Snabb att b\u00e4ra &#8211; tas p\u00e5 och av p\u00e5 n\u00e5gra sekunder<\/p>\n<p data-start=\"895\" data-end=\"941\">\ud83d\udc5c L\u00e4tt och hopf\u00e4llbar &#8211; perfekt f\u00f6r resan<\/p>\n<p data-start=\"895\" data-end=\"941\"><img decoding=\"async\" class=\"size-full wp-image-33355 aligncenter\" src=\"https:\/\/keluvo.com\/template\/wp-content\/uploads\/sites\/5\/2025\/08\/2_97ea2644-8a5c-4a62-abd3-4e176b6b8f5f_480x480.webp\" alt=\"\" \/><\/p>\n<h2 style=\"text-align: center\" data-start=\"948\" data-end=\"970\">Anv\u00e4ndning \ud83d\udc69\u200d\ud83c\udf7c<\/h2>\n<ol data-start=\"972\" data-end=\"1255\">\n<li data-start=\"972\" data-end=\"1021\">\n<p data-start=\"975\" data-end=\"1021\">B\u00e4rselen \u00f6ver ena axeln som ett sk\u00e4rp.<\/p>\n<\/li>\n<li data-start=\"1022\" data-end=\"1094\">\n<p data-start=\"1025\" data-end=\"1094\">Justera remmen tills p\u00e5sen vilar bekv\u00e4mt \u00f6ver din kropp.<\/p>\n<\/li>\n<li data-start=\"1095\" data-end=\"1186\">\n<p data-start=\"1098\" data-end=\"1186\">Placera ditt barn f\u00f6rsiktigt inuti b\u00e4rselen med benen instoppade eller h\u00e4ngande (beroende p\u00e5 \u00e5lder).<\/p>\n<\/li>\n<li data-start=\"1187\" data-end=\"1255\">\n<p data-start=\"1190\" data-end=\"1255\">Se till att ditt barn \u00e4r s\u00e4kert, st\u00f6ttat och n\u00e4ra ditt br\u00f6st.<\/p>\n<\/li>\n<\/ol>\n<h2 style=\"text-align: center\" data-start=\"1262\" data-end=\"1283\">Produktinformation \ud83d\udccf<\/h2>\n<ul data-start=\"1285\" data-end=\"1418\">\n<li data-start=\"1285\" data-end=\"1305\">\n<p data-start=\"1287\" data-end=\"1305\">Material: Bomull<\/p>\n<\/li>\n<li data-start=\"1306\" data-end=\"1323\">\n<p data-start=\"1308\" data-end=\"1323\">Vikt: 150 g<\/p>\n<\/li>\n<li data-start=\"1324\" data-end=\"1346\">\n<p data-start=\"1326\" data-end=\"1346\">Storlek: 45 x 13 cm<\/p>\n<\/li>\n<li data-start=\"1347\" data-end=\"1383\">\n<p data-start=\"1349\" data-end=\"1383\">F\u00e4rgalternativ: Gr\u00f6n, Rosa, Gr\u00e5<\/p>\n<\/li>\n<li data-start=\"1384\" data-end=\"1418\">\n<p data-start=\"1386\" data-end=\"1418\">L\u00e4mplig f\u00f6r barn: 2-36 m\u00e5nader<\/p>\n<\/li>\n<\/ul>\n<h2 style=\"text-align: center\" data-start=\"1425\" data-end=\"1447\">Paketet Inneh\u00e5ller \ud83d\udce6<\/h2>\n<ul data-start=\"1449\" data-end=\"1501\">\n<li data-start=\"1449\" data-end=\"1501\">\n<p data-start=\"1451\" data-end=\"1501\">1x b\u00e4rsele.<\/p>\n<\/li>\n<\/ul>\n","protected":false},"excerpt":{"rendered":"<p>Krama Ditt Barn S\u00e4kert Och Handsfree \ud83d\udc97\ud83d\udc76 G\u00f6r det enklare och bekv\u00e4mare att b\u00e4ra ditt barn med denna b\u00e4rbara b\u00e4rsele. [&hellip;]<\/p>\n","protected":false},"featured_media":21765,"comment_status":"open","ping_status":"closed","template":"","meta":{"site-sidebar-layout":"default","site-content-layout":"","ast-site-content-layout":"default","site-content-style":"default","site-sidebar-style":"default","ast-global-header-display":"","ast-banner-title-visibility":"","ast-main-header-display":"","ast-hfb-above-header-display":"","ast-hfb-below-header-display":"","ast-hfb-mobile-header-display":"","site-post-title":"","ast-breadcrumbs-content":"","ast-featured-img":"","footer-sml-layout":"","theme-transparent-header-meta":"default","adv-header-id-meta":"","stick-header-meta":"","header-above-stick-meta":"","header-main-stick-meta":"","header-below-stick-meta":"","astra-migrate-meta-layouts":"set","ast-page-background-enabled":"default","ast-page-background-meta":{"desktop":{"background-color":"var(--ast-global-color-4)","background-image":"","background-repeat":"repeat","background-position":"center center","background-size":"auto","background-attachment":"scroll","background-type":"","background-media":"","overlay-type":"","overlay-color":"","overlay-opacity":"","overlay-gradient":""},"tablet":{"background-color":"","background-image":"","background-repeat":"repeat","background-position":"center center","background-size":"auto","background-attachment":"scroll","background-type":"","background-media":"","overlay-type":"","overlay-color":"","overlay-opacity":"","overlay-gradient":""},"mobile":{"background-color":"","background-image":"","background-repeat":"repeat","background-position":"center center","background-size":"auto","background-attachment":"scroll","background-type":"","background-media":"","overlay-type":"","overlay-color":"","overlay-opacity":"","overlay-gradient":""}},"ast-content-background-meta":{"desktop":{"background-color":"var(--ast-global-color-5)","background-image":"","background-repeat":"repeat","background-position":"center center","background-size":"auto","background-attachment":"scroll","background-type":"","background-media":"","overlay-type":"","overlay-color":"","overlay-opacity":"","overlay-gradient":""},"tablet":{"background-color":"var(--ast-global-color-5)","background-image":"","background-repeat":"repeat","background-position":"center center","background-size":"auto","background-attachment":"scroll","background-type":"","background-media":"","overlay-type":"","overlay-color":"","overlay-opacity":"","overlay-gradient":""},"mobile":{"background-color":"var(--ast-global-color-5)","background-image":"","background-repeat":"repeat","background-position":"center center","background-size":"auto","background-attachment":"scroll","background-type":"","background-media":"","overlay-type":"","overlay-color":"","overlay-opacity":"","overlay-gradient":""}}},"product_brand":[],"product_cat":[990],"product_tag":[],"class_list":{"0":"post-21769","1":"product","2":"type-product","3":"status-publish","4":"has-post-thumbnail","6":"product_cat-toys-childrens-and-baby-products","7":"pa_21744_4rxkzhe1-gra","8":"pa_21744_4rxkzhe1-gron","9":"pa_21744_4rxkzhe1-rosa","10":"desktop-align-left","11":"tablet-align-left","12":"mobile-align-left","14":"first","15":"instock","16":"shipping-taxable","17":"purchasable","18":"product-type-variable"},"_links":{"self":[{"href":"https:\/\/keluvo.com\/se\/wp-json\/wp\/v2\/product\/21769","targetHints":{"allow":["GET"]}}],"collection":[{"href":"https:\/\/keluvo.com\/se\/wp-json\/wp\/v2\/product"}],"about":[{"href":"https:\/\/keluvo.com\/se\/wp-json\/wp\/v2\/types\/product"}],"replies":[{"embeddable":true,"href":"https:\/\/keluvo.com\/se\/wp-json\/wp\/v2\/comments?post=21769"}],"wp:featuredmedia":[{"embeddable":true,"href":"https:\/\/keluvo.com\/se\/wp-json\/wp\/v2\/media\/21765"}],"wp:attachment":[{"href":"https:\/\/keluvo.com\/se\/wp-json\/wp\/v2\/media?parent=21769"}],"wp:term":[{"taxonomy":"product_brand","embeddable":true,"href":"https:\/\/keluvo.com\/se\/wp-json\/wp\/v2\/product_brand?post=21769"},{"taxonomy":"product_cat","embeddable":true,"href":"https:\/\/keluvo.com\/se\/wp-json\/wp\/v2\/product_cat?post=21769"},{"taxonomy":"product_tag","embeddable":true,"href":"https:\/\/keluvo.com\/se\/wp-json\/wp\/v2\/product_tag?post=21769"}],"curies":[{"name":"wp","href":"https:\/\/api.w.org\/{rel}","templated":true}]}}