{"id":21717,"date":"2025-08-29T12:30:52","date_gmt":"2025-08-29T09:30:52","guid":{"rendered":"https:\/\/keluvo.com\/se\/product\/handskar-med-pekskarm\/"},"modified":"2025-09-13T13:32:01","modified_gmt":"2025-09-13T10:32:01","slug":"handskar-med-pekskarm","status":"publish","type":"product","link":"https:\/\/keluvo.com\/se\/product\/handskar-med-pekskarm\/","title":{"rendered":"Handskar med peksk\u00e4rm"},"content":{"rendered":"<p style=\"text-align: center\" data-start=\"223\" data-end=\"275\"><strong>H\u00e5ll dig varm, torr och i kontroll i vinter \ud83e\udde4\u2744\ufe0f\ud83d\udcf1<\/strong><\/p>\n<p style=\"text-align: center\" data-start=\"277\" data-end=\"550\">De h\u00e4r vattent\u00e4ta handskarna med peksk\u00e4rm \u00e4r gjorda f\u00f6r att h\u00e5lla h\u00e4nderna varma i kallt v\u00e4der samtidigt som du enkelt kan anv\u00e4nda din telefon. Oavsett om du pendlar, g\u00e5r ut med hunden eller cyklar genom sn\u00f6n, erbjuder dessa handskar fullt skydd utan att offra komfort eller funktion. Med ett snyggt termiskt foder och smarta fingertoppar med peksk\u00e4rm beh\u00f6ver du aldrig ta av dig handskarna f\u00f6r att skicka ett meddelande eller ta ett samtal igen.<\/p>\n<p data-start=\"277\" data-end=\"550\"><img decoding=\"async\" class=\"size-full wp-image-33272 aligncenter\" src=\"https:\/\/keluvo.com\/template\/wp-content\/uploads\/sites\/5\/2025\/08\/fb2301f03c3ff5ed5f9afbd276b820d5a096096b.webp\" alt=\"\" \/><\/p>\n<h2 style=\"text-align: center\">Huvudf\u00f6rdelar \ud83d\udd25<\/h2>\n<p data-start=\"725\" data-end=\"787\">\ud83e\udde4 H\u00e5ller h\u00e4nderna varma och sk\u00f6na \u00e4ven i minusgrader<\/p>\n<p data-start=\"790\" data-end=\"848\">\ud83d\udca6 Vattent\u00e4t och vindt\u00e4t design f\u00f6r tuffa vinterdagar<\/p>\n<p data-start=\"851\" data-end=\"912\">\ud83d\udcf1 Peksk\u00e4rmskompatibla fingertoppar f\u00f6r telefoner och surfplattor<\/p>\n<p data-start=\"915\" data-end=\"975\">\ud83d\udeb4 Halkfritt grepp f\u00f6r s\u00e4ker cykling, k\u00f6rning eller utomhusarbete<\/p>\n<p data-start=\"978\" data-end=\"1029\">\ud83e\uddf5 Mjukt innerfoder som k\u00e4nns sk\u00f6nt p\u00e5 skin<\/p>\n<p data-start=\"1032\" data-end=\"1082\">\u2744\ufe0f Perfekt f\u00f6r skid\u00e5kning, vandring eller daglig vinteranv\u00e4ndning<\/p>\n<p data-start=\"1032\" data-end=\"1082\"><img decoding=\"async\" class=\"size-full wp-image-33271 aligncenter\" src=\"https:\/\/keluvo.com\/template\/wp-content\/uploads\/sites\/5\/2025\/08\/1_4_cec97f54-67e0-4a9c-abfc-db293ad0fa91_720x.webp\" alt=\"\" \/><\/p>\n<h2 style=\"text-align: center\" data-start=\"1089\" data-end=\"1111\">Hur du anv\u00e4nder den \ud83e\uddd1\u200d\ud83c\udfc2<\/h2>\n<ol data-start=\"1113\" data-end=\"1302\">\n<li data-start=\"1113\" data-end=\"1167\">\n<p data-start=\"1116\" data-end=\"1167\">Put p\u00e5 handskarna som du skulle g\u00f6ra med ett vanligt par.<\/p>\n<\/li>\n<li data-start=\"1168\" data-end=\"1239\">\n<p data-start=\"1171\" data-end=\"1239\">Anv\u00e4nd din telefon eller peksk\u00e4rmsenhet fritt &#8211; du beh\u00f6ver inte ta av dem.<\/p>\n<\/li>\n<li data-start=\"1240\" data-end=\"1302\">\n<p data-start=\"1243\" data-end=\"1302\">Njut av varma, torra och fullt fungerande h\u00e4nder vart du \u00e4n g\u00e5r.<\/p>\n<\/li>\n<\/ol>\n<h2 style=\"text-align: center\" data-start=\"1309\" data-end=\"1330\">Produktdetaljer \ud83d\udccf<\/h2>\n<ul data-start=\"1332\" data-end=\"1552\">\n<li data-start=\"1332\" data-end=\"1395\">\n<p data-start=\"1334\" data-end=\"1395\">Material: Tjockt vattent\u00e4tt tyg med mjuk fleeceinredning<\/p>\n<\/li>\n<li data-start=\"1396\" data-end=\"1435\">\n<p data-start=\"1398\" data-end=\"1435\">Tillg\u00e4ngliga f\u00e4rger: Rosa, svart, gr\u00e5, gr\u00f6n, r\u00f6d, bl\u00e5<\/p>\n<\/li>\n<li data-start=\"1436\" data-end=\"1454\">\n<p data-start=\"1438\" data-end=\"1454\">Storlek: 24 x 9 cm<\/p>\n<\/li>\n<li data-start=\"1455\" data-end=\"1473\">\n<p data-start=\"1457\" data-end=\"1473\">K\u00f6n: Kvinna och man<\/p>\n<\/li>\n<li data-start=\"1474\" data-end=\"1552\">\n<p data-start=\"1476\" data-end=\"1552\">Funktioner: Peksk\u00e4rmsv\u00e4nlig, vindt\u00e4t, halkfritt grepp, v\u00e4rmeisolering<\/p>\n<\/li>\n<\/ul>\n<h2 style=\"text-align: center\" data-start=\"1559\" data-end=\"1581\">Paketet inneh\u00e5ller \ud83d\udce6<\/h2>\n<ul data-start=\"1583\" data-end=\"1662\">\n<li data-start=\"1583\" data-end=\"1662\">\n<p data-start=\"1585\" data-end=\"1662\">1x par peksk\u00e4rmshandskar.<\/p>\n<\/li>\n<\/ul>\n","protected":false},"excerpt":{"rendered":"<p>H\u00e5ll dig varm, torr och i kontroll i vinter \ud83e\udde4\u2744\ufe0f\ud83d\udcf1 De h\u00e4r vattent\u00e4ta handskarna med peksk\u00e4rm \u00e4r gjorda f\u00f6r att [&hellip;]<\/p>\n","protected":false},"featured_media":21713,"comment_status":"open","ping_status":"closed","template":"","meta":{"site-sidebar-layout":"default","site-content-layout":"","ast-site-content-layout":"default","site-content-style":"default","site-sidebar-style":"default","ast-global-header-display":"","ast-banner-title-visibility":"","ast-main-header-display":"","ast-hfb-above-header-display":"","ast-hfb-below-header-display":"","ast-hfb-mobile-header-display":"","site-post-title":"","ast-breadcrumbs-content":"","ast-featured-img":"","footer-sml-layout":"","theme-transparent-header-meta":"default","adv-header-id-meta":"","stick-header-meta":"","header-above-stick-meta":"","header-main-stick-meta":"","header-below-stick-meta":"","astra-migrate-meta-layouts":"set","ast-page-background-enabled":"default","ast-page-background-meta":{"desktop":{"background-color":"var(--ast-global-color-4)","background-image":"","background-repeat":"repeat","background-position":"center center","background-size":"auto","background-attachment":"scroll","background-type":"","background-media":"","overlay-type":"","overlay-color":"","overlay-opacity":"","overlay-gradient":""},"tablet":{"background-color":"","background-image":"","background-repeat":"repeat","background-position":"center center","background-size":"auto","background-attachment":"scroll","background-type":"","background-media":"","overlay-type":"","overlay-color":"","overlay-opacity":"","overlay-gradient":""},"mobile":{"background-color":"","background-image":"","background-repeat":"repeat","background-position":"center center","background-size":"auto","background-attachment":"scroll","background-type":"","background-media":"","overlay-type":"","overlay-color":"","overlay-opacity":"","overlay-gradient":""}},"ast-content-background-meta":{"desktop":{"background-color":"var(--ast-global-color-5)","background-image":"","background-repeat":"repeat","background-position":"center center","background-size":"auto","background-attachment":"scroll","background-type":"","background-media":"","overlay-type":"","overlay-color":"","overlay-opacity":"","overlay-gradient":""},"tablet":{"background-color":"var(--ast-global-color-5)","background-image":"","background-repeat":"repeat","background-position":"center center","background-size":"auto","background-attachment":"scroll","background-type":"","background-media":"","overlay-type":"","overlay-color":"","overlay-opacity":"","overlay-gradient":""},"mobile":{"background-color":"var(--ast-global-color-5)","background-image":"","background-repeat":"repeat","background-position":"center center","background-size":"auto","background-attachment":"scroll","background-type":"","background-media":"","overlay-type":"","overlay-color":"","overlay-opacity":"","overlay-gradient":""}}},"product_brand":[],"product_cat":[993,1000],"product_tag":[],"class_list":{"0":"post-21717","1":"product","2":"type-product","3":"status-publish","4":"has-post-thumbnail","6":"product_cat-footwear-accessories","7":"product_cat-hiking-camping-and-leisure-goods","8":"pa_21721_4fl2bfb1-bla-manlig","9":"pa_21721_4fl2bfb1-gra-kvinna","10":"pa_21721_4fl2bfb1-gra-man","11":"pa_21721_4fl2bfb1-gron-hona","12":"pa_21721_4fl2bfb1-gron-man","13":"pa_21721_4fl2bfb1-rosa-kvinna","14":"pa_21721_4fl2bfb1-rosarod-kvinna","15":"pa_21721_4fl2bfb1-svart-kvinna","16":"pa_21721_4fl2bfb1-svart-man","17":"desktop-align-left","18":"tablet-align-left","19":"mobile-align-left","21":"first","22":"instock","23":"shipping-taxable","24":"purchasable","25":"product-type-variable"},"_links":{"self":[{"href":"https:\/\/keluvo.com\/se\/wp-json\/wp\/v2\/product\/21717","targetHints":{"allow":["GET"]}}],"collection":[{"href":"https:\/\/keluvo.com\/se\/wp-json\/wp\/v2\/product"}],"about":[{"href":"https:\/\/keluvo.com\/se\/wp-json\/wp\/v2\/types\/product"}],"replies":[{"embeddable":true,"href":"https:\/\/keluvo.com\/se\/wp-json\/wp\/v2\/comments?post=21717"}],"wp:featuredmedia":[{"embeddable":true,"href":"https:\/\/keluvo.com\/se\/wp-json\/wp\/v2\/media\/21713"}],"wp:attachment":[{"href":"https:\/\/keluvo.com\/se\/wp-json\/wp\/v2\/media?parent=21717"}],"wp:term":[{"taxonomy":"product_brand","embeddable":true,"href":"https:\/\/keluvo.com\/se\/wp-json\/wp\/v2\/product_brand?post=21717"},{"taxonomy":"product_cat","embeddable":true,"href":"https:\/\/keluvo.com\/se\/wp-json\/wp\/v2\/product_cat?post=21717"},{"taxonomy":"product_tag","embeddable":true,"href":"https:\/\/keluvo.com\/se\/wp-json\/wp\/v2\/product_tag?post=21717"}],"curies":[{"name":"wp","href":"https:\/\/api.w.org\/{rel}","templated":true}]}}