{"id":21672,"date":"2025-08-29T12:26:36","date_gmt":"2025-08-29T09:26:36","guid":{"rendered":"https:\/\/keluvo.com\/se\/product\/vaggklocka\/"},"modified":"2025-11-18T16:10:01","modified_gmt":"2025-11-18T14:10:01","slug":"vaggklocka","status":"publish","type":"product","link":"https:\/\/keluvo.com\/se\/product\/vaggklocka\/","title":{"rendered":"V\u00e4ggklocka"},"content":{"rendered":"<p style=\"text-align: center;\" data-start=\"149\" data-end=\"191\"><strong>V\u00e4ggklockan som g\u00f6r tiden rolig \ud83d\udd52\ud83d\ude04<\/strong><\/p>\n<p style=\"text-align: center;\" data-start=\"193\" data-end=\"338\">F\u00e5 in ett leende i ditt utrymme varje g\u00e5ng du kollar klockan! Den h\u00e4r glada v\u00e4ggklockan \u00e4r inte bara en klocka \u2013 den \u00e4r en konversationsstartare. Oavsett om det \u00e4r i vardagsrummet, p\u00e5 kontoret eller i sovrummet ger den h\u00e4r klockan en lekfull och modern touch. Den \u00e4r tillverkad av h\u00e5llbar plast och drivs av ett enda AA-batteri, \u00e4r l\u00e4tt och tyst \u2013 inga irriterande tickande ljud!<\/p>\n<p data-start=\"193\" data-end=\"338\"><img decoding=\"async\" class=\"size-full wp-image-33147 aligncenter\" src=\"https:\/\/keluvo.com\/template\/wp-content\/uploads\/sites\/5\/2025\/08\/160016a8accd1d5214b2817b7f3c1392_480x480.webp\" alt=\"\" \/><\/p>\n<h2 style=\"text-align: center;\">Huvudf\u00f6rdelar \ud83c\udf1f<\/h2>\n<p data-start=\"582\" data-end=\"638\">\ud83d\udd7a Unik och i\u00f6gonfallande design som f\u00e5ngar uppm\u00e4rksamhet.<\/p>\n<p data-start=\"582\" data-end=\"638\">\ud83e\udd2b Helt tyst drift \u2013 inget tickande ljud.<\/p>\n<p data-start=\"582\" data-end=\"638\">\ud83d\udecb\ufe0f Perfekt f\u00f6r alla rum: sovrum, vardagsrum, kontor eller arbetsrum.<\/p>\n<p data-start=\"582\" data-end=\"638\">\ud83d\udcaa Tillverkad av h\u00f6gkvalitativ, h\u00e5llbar plast.<\/p>\n<p data-start=\"582\" data-end=\"638\">\ud83e\uddf1 L\u00e4tt att h\u00e4nga upp och passar alla typer av heminredning.<\/p>\n<p data-start=\"582\" data-end=\"638\">\ud83c\udf81 Bra presentid\u00e9 f\u00f6r inflyttning, f\u00f6delsedagar eller bara f\u00f6r att!<\/p>\n<p data-start=\"867\" data-end=\"932\"><img decoding=\"async\" class=\"size-full wp-image-33146 aligncenter\" src=\"https:\/\/keluvo.com\/template\/wp-content\/uploads\/sites\/5\/2025\/08\/5_5be56562-577f-4cf9-b80a-544c756eb7aa_480x480.webp\" alt=\"\" \/><\/p>\n<h2 style=\"text-align: center;\">S\u00e5 h\u00e4r g\u00f6r du \ud83d\udd27<\/h2>\n<ol data-start=\"960\" data-end=\"1155\">\n<li data-start=\"960\" data-end=\"1028\">\n<p data-start=\"963\" data-end=\"1028\">S\u00e4tt i ett AA-batteri p\u00e5 baksidan av klockan (ing\u00e5r ej).<\/p>\n<\/li>\n<li data-start=\"960\" data-end=\"1028\">\n<p data-start=\"963\" data-end=\"1028\">H\u00e4ng klockan p\u00e5 \u00f6nskad v\u00e4gg med en krok eller spik.<\/p>\n<\/li>\n<li data-start=\"960\" data-end=\"1028\">\n<p data-start=\"963\" data-end=\"1028\">Njut av den roliga och tysta charmen hos din nya v\u00e4ggklocka!<\/p>\n<\/li>\n<\/ol>\n<h2 style=\"text-align: center;\" data-start=\"1162\" data-end=\"1183\">Produktdetaljer \ud83d\udccf<\/h2>\n<ul data-start=\"1185\" data-end=\"1336\">\n<li data-start=\"1185\" data-end=\"1219\">\n<p data-start=\"1187\" data-end=\"1219\">Material: H\u00f6gkvalitativ plast<\/p>\n<\/li>\n<li data-start=\"1185\" data-end=\"1219\">\n<p data-start=\"1187\" data-end=\"1219\">Effekt: 1x AA-batteri (ing\u00e5r ej)<\/p>\n<\/li>\n<li data-start=\"1185\" data-end=\"1219\">\n<p data-start=\"1187\" data-end=\"1219\">Tillg\u00e4ngliga f\u00e4rger: Svart eller vit<\/p>\n<\/li>\n<li data-start=\"1185\" data-end=\"1219\">\n<p data-start=\"1187\" data-end=\"1219\">Vikt: 260 g<\/p>\n<\/li>\n<li data-start=\"1185\" data-end=\"1219\">\n<p data-start=\"1187\" data-end=\"1219\">Storlek: 25 cm x 25 cm<\/p>\n<\/li>\n<\/ul>\n<h2 style=\"text-align: center;\" data-start=\"1343\" data-end=\"1365\">Paketet inneh\u00e5ller \ud83d\udce6<\/h2>\n<ul data-start=\"1367\" data-end=\"1421\">\n<li data-start=\"1367\" data-end=\"1421\">\n<p data-start=\"1369\" data-end=\"1421\">1x v\u00e4ggklocka.<\/p>\n<\/li>\n<\/ul>\n","protected":false},"excerpt":{"rendered":"<p>V\u00e4ggklockan som g\u00f6r tiden rolig \ud83d\udd52\ud83d\ude04 F\u00e5 in ett leende i ditt utrymme varje g\u00e5ng du kollar klockan! Den h\u00e4r [&hellip;]<\/p>\n","protected":false},"featured_media":21668,"comment_status":"open","ping_status":"closed","template":"","meta":{"site-sidebar-layout":"default","site-content-layout":"","ast-site-content-layout":"default","site-content-style":"default","site-sidebar-style":"default","ast-global-header-display":"","ast-banner-title-visibility":"","ast-main-header-display":"","ast-hfb-above-header-display":"","ast-hfb-below-header-display":"","ast-hfb-mobile-header-display":"","site-post-title":"","ast-breadcrumbs-content":"","ast-featured-img":"","footer-sml-layout":"","theme-transparent-header-meta":"default","adv-header-id-meta":"","stick-header-meta":"","header-above-stick-meta":"","header-main-stick-meta":"","header-below-stick-meta":"","astra-migrate-meta-layouts":"set","ast-page-background-enabled":"default","ast-page-background-meta":{"desktop":{"background-color":"var(--ast-global-color-4)","background-image":"","background-repeat":"repeat","background-position":"center center","background-size":"auto","background-attachment":"scroll","background-type":"","background-media":"","overlay-type":"","overlay-color":"","overlay-opacity":"","overlay-gradient":""},"tablet":{"background-color":"","background-image":"","background-repeat":"repeat","background-position":"center center","background-size":"auto","background-attachment":"scroll","background-type":"","background-media":"","overlay-type":"","overlay-color":"","overlay-opacity":"","overlay-gradient":""},"mobile":{"background-color":"","background-image":"","background-repeat":"repeat","background-position":"center center","background-size":"auto","background-attachment":"scroll","background-type":"","background-media":"","overlay-type":"","overlay-color":"","overlay-opacity":"","overlay-gradient":""}},"ast-content-background-meta":{"desktop":{"background-color":"var(--ast-global-color-5)","background-image":"","background-repeat":"repeat","background-position":"center center","background-size":"auto","background-attachment":"scroll","background-type":"","background-media":"","overlay-type":"","overlay-color":"","overlay-opacity":"","overlay-gradient":""},"tablet":{"background-color":"var(--ast-global-color-5)","background-image":"","background-repeat":"repeat","background-position":"center center","background-size":"auto","background-attachment":"scroll","background-type":"","background-media":"","overlay-type":"","overlay-color":"","overlay-opacity":"","overlay-gradient":""},"mobile":{"background-color":"var(--ast-global-color-5)","background-image":"","background-repeat":"repeat","background-position":"center center","background-size":"auto","background-attachment":"scroll","background-type":"","background-media":"","overlay-type":"","overlay-color":"","overlay-opacity":"","overlay-gradient":""}}},"product_brand":[],"product_cat":[1001],"product_tag":[],"class_list":{"0":"post-21672","1":"product","2":"type-product","3":"status-publish","4":"has-post-thumbnail","6":"product_cat-household-goods","7":"pa_21899_782xnzl8-svart","8":"pa_21899_782xnzl8-vit","9":"desktop-align-left","10":"tablet-align-left","11":"mobile-align-left","13":"first","14":"instock","15":"shipping-taxable","16":"purchasable","17":"product-type-variable"},"_links":{"self":[{"href":"https:\/\/keluvo.com\/se\/wp-json\/wp\/v2\/product\/21672","targetHints":{"allow":["GET"]}}],"collection":[{"href":"https:\/\/keluvo.com\/se\/wp-json\/wp\/v2\/product"}],"about":[{"href":"https:\/\/keluvo.com\/se\/wp-json\/wp\/v2\/types\/product"}],"replies":[{"embeddable":true,"href":"https:\/\/keluvo.com\/se\/wp-json\/wp\/v2\/comments?post=21672"}],"wp:featuredmedia":[{"embeddable":true,"href":"https:\/\/keluvo.com\/se\/wp-json\/wp\/v2\/media\/21668"}],"wp:attachment":[{"href":"https:\/\/keluvo.com\/se\/wp-json\/wp\/v2\/media?parent=21672"}],"wp:term":[{"taxonomy":"product_brand","embeddable":true,"href":"https:\/\/keluvo.com\/se\/wp-json\/wp\/v2\/product_brand?post=21672"},{"taxonomy":"product_cat","embeddable":true,"href":"https:\/\/keluvo.com\/se\/wp-json\/wp\/v2\/product_cat?post=21672"},{"taxonomy":"product_tag","embeddable":true,"href":"https:\/\/keluvo.com\/se\/wp-json\/wp\/v2\/product_tag?post=21672"}],"curies":[{"name":"wp","href":"https:\/\/api.w.org\/{rel}","templated":true}]}}