{"id":21638,"date":"2025-08-29T12:23:47","date_gmt":"2025-08-29T09:23:47","guid":{"rendered":"https:\/\/keluvo.com\/se\/product\/harpuder\/"},"modified":"2025-09-13T15:46:11","modified_gmt":"2025-09-13T12:46:11","slug":"harpuder","status":"publish","type":"product","link":"https:\/\/keluvo.com\/se\/product\/harpuder\/","title":{"rendered":"H\u00e5rpuder"},"content":{"rendered":"<p style=\"text-align: center;\" data-start=\"115\" data-end=\"180\"><strong data-start=\"115\" data-end=\"180\">Fyller Omedelbart Ut Tunna H\u00e5rlinjer F\u00f6r En Fylligare, Naturlig Look. \ud83d\udd8c\ufe0f<\/strong><\/p>\n<p style=\"text-align: center;\" data-start=\"182\" data-end=\"450\">This h\u00e5rpuder \u00e4r en l\u00e4tt och portabel l\u00f6sning f\u00f6r att d\u00f6lja tunna partier, forma om h\u00e5rf\u00e4stet eller till och med definiera brynen och ansiktskonturen. Det blandas naturligt med din h\u00e5rf\u00e4rg, sitter p\u00e5 plats hela dagen och ger dig en sj\u00e4lvs\u00e4ker, polerad look p\u00e5 n\u00e5gra sekunder.<\/p>\n<p data-start=\"182\" data-end=\"450\"><img decoding=\"async\" class=\"size-full wp-image-33104 aligncenter\" src=\"https:\/\/keluvo.com\/template\/wp-content\/uploads\/sites\/5\/2025\/08\/072113-ezgif.com-video-to-webp-converter-2.webp\" alt=\"\" \/><\/p>\n<h2 style=\"text-align: center;\" data-start=\"457\" data-end=\"476\">\u2705 Huvudf\u00f6rdelar<\/h2>\n<p data-start=\"480\" data-end=\"557\">\ud83d\udd8c\ufe0f Enkel fyllning av h\u00e5rf\u00e4stet &#8211; T\u00e4cker luckor och ger ett tjockare utseende<\/p>\n<p data-start=\"560\" data-end=\"637\">\ud83c\udfaf Formel f\u00f6r flera anv\u00e4ndningsomr\u00e5den &#8211; Kan anv\u00e4ndas p\u00e5 \u00f6gonbrynen och f\u00f6r ansiktskonturering<\/p>\n<p data-start=\"640\" data-end=\"707\">\ud83d\udca7 Vatten- och svettbest\u00e4ndig &#8211; Sitter p\u00e5 hela dagen utan att blekna<\/p>\n<p data-start=\"710\" data-end=\"778\">\ud83d\udcbc Kompakt och b\u00e4rbar &#8211; Ta med dig \u00f6verallt f\u00f6r en snabb touch; b\u00e4rbar &#8211; Ta med den \u00f6verallt f\u00f6r snabba touch-ups<\/p>\n<p data-start=\"781\" data-end=\"844\">\ud83c\udf3f Naturlig finish &#8211; Blandar sig smidigt med din h\u00e5rf\u00e4rg<\/p>\n<p data-start=\"847\" data-end=\"909\">\ud83d\udc71 Universella nyansalternativ &#8211; Finns i svart och brunt<\/p>\n<p data-start=\"847\" data-end=\"909\"><img decoding=\"async\" class=\"size-full wp-image-33108 aligncenter\" src=\"https:\/\/keluvo.com\/template\/wp-content\/uploads\/sites\/5\/2025\/08\/b8421501ceee8ed8defa49d79fc692df_4e4573a1-574b-45fe-858b-b6fc89714e90_720x.webp\" alt=\"\" \/><\/p>\n<h2 style=\"text-align: center;\" data-start=\"916\" data-end=\"933\">\ud83e\uddf4 Hur Man Anv\u00e4nder<\/h2>\n<ol data-start=\"935\" data-end=\"1139\">\n<li data-start=\"935\" data-end=\"967\">\n<p data-start=\"938\" data-end=\"967\">Se till att ditt h\u00e5r \u00e4r torrt.<\/p>\n<\/li>\n<li data-start=\"968\" data-end=\"1015\">\n<p data-start=\"971\" data-end=\"1015\">Doppa f\u00f6rsiktigt applikatorn i pulvret.<\/p>\n<\/li>\n<li data-start=\"1016\" data-end=\"1069\">\n<p data-start=\"1019\" data-end=\"1069\">Klappa l\u00e4tt p\u00e5 h\u00e5rf\u00e4stet eller uttunnade omr\u00e5den.<\/p>\n<\/li>\n<li data-start=\"1070\" data-end=\"1139\">\n<p data-start=\"1073\" data-end=\"1139\">Blanda i sm\u00e5 m\u00e4ngder tills det matchar din naturliga h\u00e5rf\u00e4rg.<\/p>\n<\/li>\n<\/ol>\n<h2 style=\"text-align: center;\" data-start=\"1146\" data-end=\"1168\">\ud83d\udccf Produktdetaljer<\/h2>\n<ul data-start=\"1170\" data-end=\"1543\">\n<li data-start=\"1170\" data-end=\"1198\">\n<p data-start=\"1172\" data-end=\"1198\">F\u00e4rger: Svart, Brun<\/p>\n<\/li>\n<li data-start=\"1199\" data-end=\"1224\">\n<p data-start=\"1201\" data-end=\"1224\">Nettoinneh\u00e5ll: 1,1 g<\/p>\n<\/li>\n<li data-start=\"1225\" data-end=\"1261\">\n<p data-start=\"1227\" data-end=\"1261\">Storlek: ca 3 x 3 x 8,5 cm<\/p>\n<\/li>\n<li data-start=\"1262\" data-end=\"1345\">\n<p data-start=\"1264\" data-end=\"1345\">Huvudingredienser: Syntetisk fluorguldglimmer, tennoxid, magnesiumstearat<\/p>\n<\/li>\n<li data-start=\"1346\" data-end=\"1373\">\n<p data-start=\"1348\" data-end=\"1373\">H\u00e5llbarhet: 3 \u00e5r<\/p>\n<\/li>\n<li data-start=\"1431\" data-end=\"1479\">\n<p data-start=\"1433\" data-end=\"1479\">L\u00e4mplig f\u00f6r: Alla hudtyper och k\u00f6n<\/p>\n<\/li>\n<li data-start=\"1480\" data-end=\"1543\">\n<p data-start=\"1482\" data-end=\"1543\">Effekt: Fyllning av h\u00e5rf\u00e4stet, konturering, \u00f6gonbrynsformning<\/p>\n<\/li>\n<\/ul>\n<h2 style=\"text-align: center;\" data-start=\"1550\" data-end=\"1573\">\ud83d\udce6 F\u00f6rpackningen Inneh\u00e5ller<\/h2>\n<ul data-start=\"1575\" data-end=\"1598\">\n<li data-start=\"1575\" data-end=\"1598\">\n<p data-start=\"1577\" data-end=\"1598\">1x h\u00e5rpuder.<\/p>\n<\/li>\n<\/ul>\n","protected":false},"excerpt":{"rendered":"<p>Fyller Omedelbart Ut Tunna H\u00e5rlinjer F\u00f6r En Fylligare, Naturlig Look. \ud83d\udd8c\ufe0f This h\u00e5rpuder \u00e4r en l\u00e4tt och portabel l\u00f6sning f\u00f6r [&hellip;]<\/p>\n","protected":false},"featured_media":21634,"comment_status":"open","ping_status":"closed","template":"","meta":{"site-sidebar-layout":"default","site-content-layout":"","ast-site-content-layout":"default","site-content-style":"default","site-sidebar-style":"default","ast-global-header-display":"","ast-banner-title-visibility":"","ast-main-header-display":"","ast-hfb-above-header-display":"","ast-hfb-below-header-display":"","ast-hfb-mobile-header-display":"","site-post-title":"","ast-breadcrumbs-content":"","ast-featured-img":"","footer-sml-layout":"","theme-transparent-header-meta":"default","adv-header-id-meta":"","stick-header-meta":"","header-above-stick-meta":"","header-main-stick-meta":"","header-below-stick-meta":"","astra-migrate-meta-layouts":"set","ast-page-background-enabled":"default","ast-page-background-meta":{"desktop":{"background-color":"var(--ast-global-color-4)","background-image":"","background-repeat":"repeat","background-position":"center center","background-size":"auto","background-attachment":"scroll","background-type":"","background-media":"","overlay-type":"","overlay-color":"","overlay-opacity":"","overlay-gradient":""},"tablet":{"background-color":"","background-image":"","background-repeat":"repeat","background-position":"center center","background-size":"auto","background-attachment":"scroll","background-type":"","background-media":"","overlay-type":"","overlay-color":"","overlay-opacity":"","overlay-gradient":""},"mobile":{"background-color":"","background-image":"","background-repeat":"repeat","background-position":"center center","background-size":"auto","background-attachment":"scroll","background-type":"","background-media":"","overlay-type":"","overlay-color":"","overlay-opacity":"","overlay-gradient":""}},"ast-content-background-meta":{"desktop":{"background-color":"var(--ast-global-color-5)","background-image":"","background-repeat":"repeat","background-position":"center center","background-size":"auto","background-attachment":"scroll","background-type":"","background-media":"","overlay-type":"","overlay-color":"","overlay-opacity":"","overlay-gradient":""},"tablet":{"background-color":"var(--ast-global-color-5)","background-image":"","background-repeat":"repeat","background-position":"center center","background-size":"auto","background-attachment":"scroll","background-type":"","background-media":"","overlay-type":"","overlay-color":"","overlay-opacity":"","overlay-gradient":""},"mobile":{"background-color":"var(--ast-global-color-5)","background-image":"","background-repeat":"repeat","background-position":"center center","background-size":"auto","background-attachment":"scroll","background-type":"","background-media":"","overlay-type":"","overlay-color":"","overlay-opacity":"","overlay-gradient":""}}},"product_brand":[],"product_cat":[992],"product_tag":[],"class_list":{"0":"post-21638","1":"product","2":"type-product","3":"status-publish","4":"has-post-thumbnail","6":"product_cat-beauty-and-hygiene-products","7":"pa_36525_943yppd2-brun","8":"pa_36525_943yppd2-svart","9":"desktop-align-left","10":"tablet-align-left","11":"mobile-align-left","13":"first","14":"instock","15":"shipping-taxable","16":"purchasable","17":"product-type-variable"},"_links":{"self":[{"href":"https:\/\/keluvo.com\/se\/wp-json\/wp\/v2\/product\/21638","targetHints":{"allow":["GET"]}}],"collection":[{"href":"https:\/\/keluvo.com\/se\/wp-json\/wp\/v2\/product"}],"about":[{"href":"https:\/\/keluvo.com\/se\/wp-json\/wp\/v2\/types\/product"}],"replies":[{"embeddable":true,"href":"https:\/\/keluvo.com\/se\/wp-json\/wp\/v2\/comments?post=21638"}],"wp:featuredmedia":[{"embeddable":true,"href":"https:\/\/keluvo.com\/se\/wp-json\/wp\/v2\/media\/21634"}],"wp:attachment":[{"href":"https:\/\/keluvo.com\/se\/wp-json\/wp\/v2\/media?parent=21638"}],"wp:term":[{"taxonomy":"product_brand","embeddable":true,"href":"https:\/\/keluvo.com\/se\/wp-json\/wp\/v2\/product_brand?post=21638"},{"taxonomy":"product_cat","embeddable":true,"href":"https:\/\/keluvo.com\/se\/wp-json\/wp\/v2\/product_cat?post=21638"},{"taxonomy":"product_tag","embeddable":true,"href":"https:\/\/keluvo.com\/se\/wp-json\/wp\/v2\/product_tag?post=21638"}],"curies":[{"name":"wp","href":"https:\/\/api.w.org\/{rel}","templated":true}]}}