{"id":21566,"date":"2025-08-29T12:17:17","date_gmt":"2025-08-29T09:17:17","guid":{"rendered":"https:\/\/keluvo.com\/se\/product\/lappstift\/"},"modified":"2025-08-29T16:54:16","modified_gmt":"2025-08-29T13:54:16","slug":"lappstift","status":"publish","type":"product","link":"https:\/\/keluvo.com\/se\/product\/lappstift\/","title":{"rendered":"L\u00e4ppstift"},"content":{"rendered":"<p style=\"text-align: center\" data-start=\"147\" data-end=\"194\"><strong>Se dina l\u00e4ppar blomma med varje drag \ud83d\udc84\ud83c\udf38<\/strong><\/p>\n<p style=\"text-align: center\" data-start=\"196\" data-end=\"418\">Detta magiska gel\u00e9l\u00e4ppstift reagerar p\u00e5 din kroppstemperatur och pH f\u00f6r att ge dig en personlig rosa nyans. Med riktiga blommor inuti och en glansig finish \u00e4r det den perfekta blandningen av sk\u00f6nhet, hudv\u00e5rd och \u00f6verraskning &#8211; allt i en tub.<\/p>\n<p data-start=\"196\" data-end=\"418\"><img decoding=\"async\" class=\"size-full wp-image-33006 aligncenter\" src=\"https:\/\/keluvo.com\/template\/wp-content\/uploads\/sites\/5\/2025\/08\/07217-ezgif.com-video-to-webp-converter-2.webp\" alt=\"\" \/><\/p>\n<h2 style=\"text-align: center\" data-start=\"425\" data-end=\"444\">Huvudf\u00f6rdelar \u2705<\/h2>\n<p data-start=\"448\" data-end=\"500\">\ud83c\udf08 F\u00e4rgen \u00e4ndras beroende p\u00e5 temperatur och pH-v\u00e4rde<\/p>\n<p data-start=\"503\" data-end=\"556\">\ud83d\udca7 \u00c5terfuktar och v\u00e5rdar l\u00e4pparna med en glansig finish<\/p>\n<p data-start=\"559\" data-end=\"609\">\ud83c\udf38 \u00c4kta blommor inuti den transparenta gel\u00e9k\u00e4rnan<\/p>\n<p data-start=\"612\" data-end=\"657\">\ud83d\udc96 Smidig konsistens f\u00f6r en naturlig, fr\u00e4sch look<\/p>\n<p data-start=\"660\" data-end=\"703\">\ud83c\udf81 S\u00f6t f\u00f6rpackning g\u00f6r den till en perfekt present<\/p>\n<p data-start=\"706\" data-end=\"752\">\ud83d\udeab Icke klibbig, l\u00e4tt och l\u00e5ngvarig<\/p>\n<p data-start=\"706\" data-end=\"752\"><img decoding=\"async\" class=\"size-full wp-image-33010 aligncenter\" src=\"https:\/\/keluvo.com\/template\/wp-content\/uploads\/sites\/5\/2025\/08\/c9256d291b4c2c08d24409d97cdc3c193e28b396.webp\" alt=\"\" \/><\/p>\n<h2 style=\"text-align: center\" data-start=\"759\" data-end=\"779\">Hur man anv\u00e4nder \ud83d\udc47<\/h2>\n<ol data-start=\"781\" data-end=\"1040\">\n<li data-start=\"781\" data-end=\"814\">\n<p data-start=\"784\" data-end=\"814\">Applicera direkt p\u00e5 rena l\u00e4ppar.<\/p>\n<\/li>\n<li data-start=\"815\" data-end=\"868\">\n<p data-start=\"818\" data-end=\"868\">Se gel\u00e9n f\u00f6r\u00e4ndras till en naturlig rosa nyans.<\/p>\n<\/li>\n<li data-start=\"869\" data-end=\"923\">\n<p data-start=\"872\" data-end=\"923\">\u00c5terapplicera efter behov f\u00f6r djupare f\u00e4rg eller extra glans.<\/p>\n<\/li>\n<li data-start=\"924\" data-end=\"983\">\n<p data-start=\"927\" data-end=\"983\">Anv\u00e4nd den ensam eller \u00f6ver andra l\u00e4ppstift f\u00f6r en anpassad nyans.<\/p>\n<\/li>\n<li data-start=\"984\" data-end=\"1040\">\n<p data-start=\"987\" data-end=\"1040\">F\u00f6rvara p\u00e5 en sval, torr plats f\u00f6r att h\u00e5lla blomman fr\u00e4sch.<\/p>\n<\/li>\n<\/ol>\n<h2 style=\"text-align: center\" data-start=\"1047\" data-end=\"1069\">Detaljer om produkten \ud83d\udccc<\/h2>\n<ul data-start=\"1071\" data-end=\"1312\">\n<li data-start=\"1071\" data-end=\"1107\">\n<p data-start=\"1073\" data-end=\"1107\">Textur: \u00c5terfuktande gel\u00e9balsam<\/p>\n<\/li>\n<li data-start=\"1108\" data-end=\"1146\">\n<p data-start=\"1110\" data-end=\"1146\">Avsluta: F\u00e4rgskiftande gl\u00e4nsande rosa<\/p>\n<\/li>\n<li data-start=\"1147\" data-end=\"1199\">\n<p data-start=\"1149\" data-end=\"1199\">Ingredienser: Naturliga oljor och botaniska extrakt<\/p>\n<\/li>\n<li data-start=\"1200\" data-end=\"1254\">\n<p data-start=\"1202\" data-end=\"1254\">Design: Transparent tub med inb\u00e4ddad \u00e4kta blomma<\/p>\n<\/li>\n<li data-start=\"1255\" data-end=\"1278\">\n<p data-start=\"1257\" data-end=\"1278\">Doft: L\u00e4tt blommig<\/p>\n<\/li>\n<li data-start=\"1279\" data-end=\"1312\">\n<p data-start=\"1281\" data-end=\"1312\">Storlek: Kompakt f\u00f6r daglig anv\u00e4ndning<\/p>\n<\/li>\n<\/ul>\n<h2 style=\"text-align: center\" data-start=\"1319\" data-end=\"1342\">Paketet inneh\u00e5ller \ud83d\udce6<\/h2>\n<ul data-start=\"1344\" data-end=\"1395\">\n<li data-start=\"1344\" data-end=\"1395\">\n<p data-start=\"1346\" data-end=\"1395\">1x l\u00e4ppstift.<\/p>\n<\/li>\n<\/ul>\n","protected":false},"excerpt":{"rendered":"<p>Se dina l\u00e4ppar blomma med varje drag \ud83d\udc84\ud83c\udf38 Detta magiska gel\u00e9l\u00e4ppstift reagerar p\u00e5 din kroppstemperatur och pH f\u00f6r att ge [&hellip;]<\/p>\n","protected":false},"featured_media":21562,"comment_status":"open","ping_status":"closed","template":"","meta":{"site-sidebar-layout":"default","site-content-layout":"","ast-site-content-layout":"default","site-content-style":"default","site-sidebar-style":"default","ast-global-header-display":"","ast-banner-title-visibility":"","ast-main-header-display":"","ast-hfb-above-header-display":"","ast-hfb-below-header-display":"","ast-hfb-mobile-header-display":"","site-post-title":"","ast-breadcrumbs-content":"","ast-featured-img":"","footer-sml-layout":"","theme-transparent-header-meta":"default","adv-header-id-meta":"","stick-header-meta":"","header-above-stick-meta":"","header-main-stick-meta":"","header-below-stick-meta":"","astra-migrate-meta-layouts":"set","ast-page-background-enabled":"default","ast-page-background-meta":{"desktop":{"background-color":"var(--ast-global-color-4)","background-image":"","background-repeat":"repeat","background-position":"center center","background-size":"auto","background-attachment":"scroll","background-type":"","background-media":"","overlay-type":"","overlay-color":"","overlay-opacity":"","overlay-gradient":""},"tablet":{"background-color":"","background-image":"","background-repeat":"repeat","background-position":"center center","background-size":"auto","background-attachment":"scroll","background-type":"","background-media":"","overlay-type":"","overlay-color":"","overlay-opacity":"","overlay-gradient":""},"mobile":{"background-color":"","background-image":"","background-repeat":"repeat","background-position":"center center","background-size":"auto","background-attachment":"scroll","background-type":"","background-media":"","overlay-type":"","overlay-color":"","overlay-opacity":"","overlay-gradient":""}},"ast-content-background-meta":{"desktop":{"background-color":"var(--ast-global-color-5)","background-image":"","background-repeat":"repeat","background-position":"center center","background-size":"auto","background-attachment":"scroll","background-type":"","background-media":"","overlay-type":"","overlay-color":"","overlay-opacity":"","overlay-gradient":""},"tablet":{"background-color":"var(--ast-global-color-5)","background-image":"","background-repeat":"repeat","background-position":"center center","background-size":"auto","background-attachment":"scroll","background-type":"","background-media":"","overlay-type":"","overlay-color":"","overlay-opacity":"","overlay-gradient":""},"mobile":{"background-color":"var(--ast-global-color-5)","background-image":"","background-repeat":"repeat","background-position":"center center","background-size":"auto","background-attachment":"scroll","background-type":"","background-media":"","overlay-type":"","overlay-color":"","overlay-opacity":"","overlay-gradient":""}}},"product_brand":[],"product_cat":[992],"product_tag":[],"class_list":{"0":"post-21566","1":"product","2":"type-product","3":"status-publish","4":"has-post-thumbnail","6":"product_cat-beauty-and-hygiene-products","7":"pa_30838_zl0swpod-a","8":"pa_30838_zl0swpod-b","9":"pa_30838_zl0swpod-c","10":"pa_30838_zl0swpod-d","11":"pa_30838_zl0swpod-e","12":"pa_30838_zl0swpod-f","13":"desktop-align-left","14":"tablet-align-left","15":"mobile-align-left","17":"first","18":"instock","19":"shipping-taxable","20":"purchasable","21":"product-type-variable"},"_links":{"self":[{"href":"https:\/\/keluvo.com\/se\/wp-json\/wp\/v2\/product\/21566","targetHints":{"allow":["GET"]}}],"collection":[{"href":"https:\/\/keluvo.com\/se\/wp-json\/wp\/v2\/product"}],"about":[{"href":"https:\/\/keluvo.com\/se\/wp-json\/wp\/v2\/types\/product"}],"replies":[{"embeddable":true,"href":"https:\/\/keluvo.com\/se\/wp-json\/wp\/v2\/comments?post=21566"}],"wp:featuredmedia":[{"embeddable":true,"href":"https:\/\/keluvo.com\/se\/wp-json\/wp\/v2\/media\/21562"}],"wp:attachment":[{"href":"https:\/\/keluvo.com\/se\/wp-json\/wp\/v2\/media?parent=21566"}],"wp:term":[{"taxonomy":"product_brand","embeddable":true,"href":"https:\/\/keluvo.com\/se\/wp-json\/wp\/v2\/product_brand?post=21566"},{"taxonomy":"product_cat","embeddable":true,"href":"https:\/\/keluvo.com\/se\/wp-json\/wp\/v2\/product_cat?post=21566"},{"taxonomy":"product_tag","embeddable":true,"href":"https:\/\/keluvo.com\/se\/wp-json\/wp\/v2\/product_tag?post=21566"}],"curies":[{"name":"wp","href":"https:\/\/api.w.org\/{rel}","templated":true}]}}