{"id":21550,"date":"2025-08-29T12:15:33","date_gmt":"2025-08-29T09:15:33","guid":{"rendered":"https:\/\/keluvo.com\/se\/product\/mugg\/"},"modified":"2025-09-13T13:31:57","modified_gmt":"2025-09-13T10:31:57","slug":"mugg","status":"publish","type":"product","link":"https:\/\/keluvo.com\/se\/product\/mugg\/","title":{"rendered":"Mugg"},"content":{"rendered":"<p style=\"text-align: center\" data-start=\"0\" data-end=\"50\"><strong data-start=\"0\" data-end=\"48\">Sippa med stil och en touch av skogsmagi \ud83c\udf44<\/strong><\/p>\n<p style=\"text-align: center\" data-start=\"52\" data-end=\"309\">Den h\u00e4r fantasifulla svampmuggen f\u00f6rvandlar din kaffe- eller tepaus till en mysig skogsflykt. Med sitt realistiska svamplock och h\u00e5llbara keramiska kropp \u00e4r den perfekt f\u00f6r alla som \u00e4lskar naturinspirerad design och vill ha n\u00e5got roligare \u00e4n en vanlig mugg. Oavsett om du dricker kaffe hemma, dricker te en kylig morgon eller ger bort den till en annan svamp\u00e4lskare, kombinerar den h\u00e4r muggen charm och funktion. Den \u00e4r inte bara s\u00f6t &#8211; den \u00e4r robust, milj\u00f6v\u00e4nlig och rymmer din favoritdryck med l\u00e4tthet.<\/p>\n<p data-start=\"52\" data-end=\"309\"><img decoding=\"async\" class=\"size-full wp-image-32987 aligncenter\" src=\"https:\/\/keluvo.com\/template\/wp-content\/uploads\/sites\/5\/2025\/08\/S63c0e436466347c686100cd123b39372q.jpg_960x960q75.jpg_.avif\" alt=\"\" \/><\/p>\n<h2 style=\"text-align: center\" data-start=\"557\" data-end=\"577\">Huvudf\u00f6rdelar \ud83c\udf44<\/h2>\n<p data-start=\"581\" data-end=\"687\">\ud83c\udf44 Bed\u00e5rande design med skogstema &#8211; Realistisk svampform ger en rolig och mysig atmosf\u00e4r till dina drycker<\/p>\n<p data-start=\"690\" data-end=\"782\">\ud83d\udcaa H\u00e5llbar och milj\u00f6v\u00e4nlig &#8211; Tillverkad av h\u00f6gkvalitativ keramik som br\u00e4nns vid h\u00f6ga temperaturer<\/p>\n<p data-start=\"785\" data-end=\"852\">\ud83e\uddfd Rept\u00e5lig yta &#8211; L\u00e4tt att reng\u00f6ra och byggd f\u00f6r att h\u00e5lla<\/p>\n<p data-start=\"855\" data-end=\"945\">\ud83c\udfe1 Perfekt f\u00f6r alla drycker &#8211; Perfekt f\u00f6r kaffe, te, varm choklad eller n\u00e5got annat du gillar<\/p>\n<p data-start=\"948\" data-end=\"1041\">\ud83c\udf81 Perfekt present &#8211; \u00d6verraska v\u00e4nner, kollegor eller naturfantaster med den h\u00e4r unika muggen<\/p>\n<p data-start=\"948\" data-end=\"1041\"><img decoding=\"async\" class=\"size-full wp-image-32988 aligncenter\" src=\"https:\/\/keluvo.com\/template\/wp-content\/uploads\/sites\/5\/2025\/08\/S7193c9c8fd814aeda66712677bfe4db4a.jpg_960x960q75.jpg_.avif\" alt=\"\" \/><\/p>\n<h2 style=\"text-align: center\" data-start=\"1048\" data-end=\"1065\">Hur Man Anv\u00e4nder \ud83d\udccc<\/h2>\n<ol data-start=\"1067\" data-end=\"1281\">\n<li data-start=\"1106\" data-end=\"1153\">\n<p data-start=\"1109\" data-end=\"1153\">H\u00e4ll i din varma eller kalla favoritdryck.<\/p>\n<\/li>\n<li data-start=\"1154\" data-end=\"1221\">\n<p data-start=\"1157\" data-end=\"1221\">Sippa och njut &#8211; anv\u00e4nd locket f\u00f6r att h\u00e5lla din dryck varm n\u00e4r det beh\u00f6vs.<\/p>\n<\/li>\n<li data-start=\"1222\" data-end=\"1281\">\n<p data-start=\"1225\" data-end=\"1281\">Efter anv\u00e4ndning, sk\u00f6lj med varmt vatten eller tv\u00e4tta f\u00f6rsiktigt f\u00f6r hand.<\/p>\n<\/li>\n<\/ol>\n<h2 style=\"text-align: center\" data-start=\"1288\" data-end=\"1310\">Produktdetaljer \ud83d\udccf<\/h2>\n<ul data-start=\"1312\" data-end=\"1557\">\n<li data-start=\"1354\" data-end=\"1402\">\n<p data-start=\"1356\" data-end=\"1402\">Material: H\u00f6gtemperaturbr\u00e4nd keramik<\/p>\n<\/li>\n<li data-start=\"1403\" data-end=\"1455\">\n<p data-start=\"1405\" data-end=\"1455\">Storlek: 8 x 8 x 9,5 cm<\/p>\n<\/li>\n<li data-start=\"1456\" data-end=\"1479\">\n<p data-start=\"1458\" data-end=\"1479\">Kapacitet: 325 ml<\/p>\n<\/li>\n<li data-start=\"1480\" data-end=\"1500\">\n<p data-start=\"1482\" data-end=\"1500\">Vikt: 300g<\/p>\n<\/li>\n<li data-start=\"1501\" data-end=\"1557\">\n<p data-start=\"1503\" data-end=\"1557\">F\u00e4rg: Blandad f\u00e4rg med realistiska svampdetaljer<\/p>\n<\/li>\n<\/ul>\n<h2 style=\"text-align: center\" data-start=\"1564\" data-end=\"1587\">Paketet Inneh\u00e5ller \ud83d\udce6<\/h2>\n<ul data-start=\"1589\" data-end=\"1614\">\n<li data-start=\"1589\" data-end=\"1614\">\n<p data-start=\"1591\" data-end=\"1614\">1 x svamp kaffemugg.<\/p>\n<\/li>\n<\/ul>\n","protected":false},"excerpt":{"rendered":"<p>Sippa med stil och en touch av skogsmagi \ud83c\udf44 Den h\u00e4r fantasifulla svampmuggen f\u00f6rvandlar din kaffe- eller tepaus till en [&hellip;]<\/p>\n","protected":false},"featured_media":21546,"comment_status":"open","ping_status":"closed","template":"","meta":{"site-sidebar-layout":"default","site-content-layout":"","ast-site-content-layout":"default","site-content-style":"default","site-sidebar-style":"default","ast-global-header-display":"","ast-banner-title-visibility":"","ast-main-header-display":"","ast-hfb-above-header-display":"","ast-hfb-below-header-display":"","ast-hfb-mobile-header-display":"","site-post-title":"","ast-breadcrumbs-content":"","ast-featured-img":"","footer-sml-layout":"","theme-transparent-header-meta":"default","adv-header-id-meta":"","stick-header-meta":"","header-above-stick-meta":"","header-main-stick-meta":"","header-below-stick-meta":"","astra-migrate-meta-layouts":"set","ast-page-background-enabled":"default","ast-page-background-meta":{"desktop":{"background-color":"var(--ast-global-color-4)","background-image":"","background-repeat":"repeat","background-position":"center center","background-size":"auto","background-attachment":"scroll","background-type":"","background-media":"","overlay-type":"","overlay-color":"","overlay-opacity":"","overlay-gradient":""},"tablet":{"background-color":"","background-image":"","background-repeat":"repeat","background-position":"center center","background-size":"auto","background-attachment":"scroll","background-type":"","background-media":"","overlay-type":"","overlay-color":"","overlay-opacity":"","overlay-gradient":""},"mobile":{"background-color":"","background-image":"","background-repeat":"repeat","background-position":"center center","background-size":"auto","background-attachment":"scroll","background-type":"","background-media":"","overlay-type":"","overlay-color":"","overlay-opacity":"","overlay-gradient":""}},"ast-content-background-meta":{"desktop":{"background-color":"var(--ast-global-color-5)","background-image":"","background-repeat":"repeat","background-position":"center center","background-size":"auto","background-attachment":"scroll","background-type":"","background-media":"","overlay-type":"","overlay-color":"","overlay-opacity":"","overlay-gradient":""},"tablet":{"background-color":"var(--ast-global-color-5)","background-image":"","background-repeat":"repeat","background-position":"center center","background-size":"auto","background-attachment":"scroll","background-type":"","background-media":"","overlay-type":"","overlay-color":"","overlay-opacity":"","overlay-gradient":""},"mobile":{"background-color":"var(--ast-global-color-5)","background-image":"","background-repeat":"repeat","background-position":"center center","background-size":"auto","background-attachment":"scroll","background-type":"","background-media":"","overlay-type":"","overlay-color":"","overlay-opacity":"","overlay-gradient":""}}},"product_brand":[],"product_cat":[1001],"product_tag":[],"class_list":{"0":"post-21550","1":"product","2":"type-product","3":"status-publish","4":"has-post-thumbnail","6":"product_cat-household-goods","7":"pa_32287_oj5sarxb-a","8":"pa_32287_oj5sarxb-b","9":"pa_32287_oj5sarxb-c","10":"desktop-align-left","11":"tablet-align-left","12":"mobile-align-left","14":"first","15":"instock","16":"shipping-taxable","17":"purchasable","18":"product-type-variable"},"_links":{"self":[{"href":"https:\/\/keluvo.com\/se\/wp-json\/wp\/v2\/product\/21550","targetHints":{"allow":["GET"]}}],"collection":[{"href":"https:\/\/keluvo.com\/se\/wp-json\/wp\/v2\/product"}],"about":[{"href":"https:\/\/keluvo.com\/se\/wp-json\/wp\/v2\/types\/product"}],"replies":[{"embeddable":true,"href":"https:\/\/keluvo.com\/se\/wp-json\/wp\/v2\/comments?post=21550"}],"wp:featuredmedia":[{"embeddable":true,"href":"https:\/\/keluvo.com\/se\/wp-json\/wp\/v2\/media\/21546"}],"wp:attachment":[{"href":"https:\/\/keluvo.com\/se\/wp-json\/wp\/v2\/media?parent=21550"}],"wp:term":[{"taxonomy":"product_brand","embeddable":true,"href":"https:\/\/keluvo.com\/se\/wp-json\/wp\/v2\/product_brand?post=21550"},{"taxonomy":"product_cat","embeddable":true,"href":"https:\/\/keluvo.com\/se\/wp-json\/wp\/v2\/product_cat?post=21550"},{"taxonomy":"product_tag","embeddable":true,"href":"https:\/\/keluvo.com\/se\/wp-json\/wp\/v2\/product_tag?post=21550"}],"curies":[{"name":"wp","href":"https:\/\/api.w.org\/{rel}","templated":true}]}}