{"id":21541,"date":"2025-08-29T12:14:38","date_gmt":"2025-08-29T09:14:38","guid":{"rendered":"https:\/\/keluvo.com\/se\/product\/handvaska-2\/"},"modified":"2025-08-29T12:14:44","modified_gmt":"2025-08-29T09:14:44","slug":"handvaska-2","status":"publish","type":"product","link":"https:\/\/keluvo.com\/se\/product\/handvaska-2\/","title":{"rendered":"Handv\u00e4ska"},"content":{"rendered":"<p style=\"text-align: center\" data-start=\"172\" data-end=\"221\"><strong>G\u00f6r Ett Dj\u00e4rvt Uttalande Med Vintage Charm \ud83d\udc5c\ud83d\udc3b<\/strong><\/p>\n<p style=\"text-align: center\" data-start=\"223\" data-end=\"452\">Den h\u00e4r retrohandv\u00e4skan f\u00e5r folk att h\u00e4pna med sin lekfulla design och stilrena struktur. Den \u00e4r utformad f\u00f6r stil och funktion och erbjuder tillr\u00e4ckligt med utrymme f\u00f6r alla dina dagliga m\u00e5sten, vilket g\u00f6r den till den perfekta blandningen av mode och praktiska egenskaper.<\/p>\n<p data-start=\"223\" data-end=\"452\"><img decoding=\"async\" class=\"size-full wp-image-32956 aligncenter\" src=\"https:\/\/keluvo.com\/template\/wp-content\/uploads\/sites\/5\/2025\/08\/07214-ezgif.com-video-to-webp-converter-3.webp\" alt=\"\" \/><\/p>\n<h2 style=\"text-align: center\" data-start=\"459\" data-end=\"478\">Huvudf\u00f6rdelar \u2705<\/h2>\n<p data-start=\"482\" data-end=\"530\">\ud83e\uddf5 Unik bj\u00f6rnm\u00e4rkesdesign ger vintage k\u00e4nsla<\/p>\n<p data-start=\"533\" data-end=\"590\">\ud83d\udcbc Rymlig interi\u00f6r passar telefon, pl\u00e5nbok, nycklar och mer<\/p>\n<p data-start=\"593\" data-end=\"639\">\ud83d\udd04 Kan b\u00e4ras som handv\u00e4ska eller crossbody-v\u00e4ska<\/p>\n<p data-start=\"642\" data-end=\"684\">\ud83d\udcaa Robusta remmar och PVC-l\u00e4der av h\u00f6g kvalitet<\/p>\n<p data-start=\"687\" data-end=\"738\">\ud83c\udf81 Bra presentid\u00e9 f\u00f6r kvinnor, ton\u00e5ringar eller kollegor<\/p>\n<p data-start=\"741\" data-end=\"796\">\ud83e\uddf3 Perfekt f\u00f6r daglig anv\u00e4ndning, fester, resor och shopping<\/p>\n<p data-start=\"741\" data-end=\"796\"><img decoding=\"async\" class=\"size-full wp-image-32952 aligncenter\" src=\"https:\/\/keluvo.com\/template\/wp-content\/uploads\/sites\/5\/2025\/08\/10_601bbbfe-bef3-415e-97d8-ee2779f0e47e_720x.webp\" alt=\"\" \/><\/p>\n<h2 style=\"text-align: center\" data-start=\"803\" data-end=\"823\">Hur Man Anv\u00e4nder \ud83d\udc47<\/h2>\n<ol data-start=\"825\" data-end=\"1103\">\n<li data-start=\"825\" data-end=\"881\">\n<p data-start=\"828\" data-end=\"881\">V\u00e4lj din favoritoutfit och matcha v\u00e4skan till den.<\/p>\n<\/li>\n<li data-start=\"882\" data-end=\"944\">\n<p data-start=\"885\" data-end=\"944\">B\u00e4r den som en snygg handv\u00e4ska eller f\u00e4st axelremmen.<\/p>\n<\/li>\n<li data-start=\"945\" data-end=\"1013\">\n<p data-start=\"948\" data-end=\"1013\">F\u00f6rvara dina viktigaste saker i huvudfacket och sm\u00e5 fickor.<\/p>\n<\/li>\n<li data-start=\"1014\" data-end=\"1050\">\n<p data-start=\"1017\" data-end=\"1050\">Dra upp dragkedjan och g\u00e5 ut med stil.<\/p>\n<\/li>\n<li data-start=\"1051\" data-end=\"1103\">\n<p data-start=\"1054\" data-end=\"1103\">Torka enkelt av med en fuktig trasa n\u00e4r det beh\u00f6vs.<\/p>\n<\/li>\n<\/ol>\n<h2 style=\"text-align: center\" data-start=\"1110\" data-end=\"1132\">Produktdetaljer \ud83d\udccc<\/h2>\n<ul data-start=\"1134\" data-end=\"1294\">\n<li data-start=\"1134\" data-end=\"1167\">\n<p data-start=\"1136\" data-end=\"1167\">Material: Slitstarkt PVC-l\u00e4der<\/p>\n<\/li>\n<li data-start=\"1168\" data-end=\"1199\">\n<p data-start=\"1170\" data-end=\"1199\">F\u00e4rgalternativ: Brun och Khaki<\/p>\n<\/li>\n<li data-start=\"1200\" data-end=\"1217\">\n<p data-start=\"1202\" data-end=\"1217\">Vikt: 300 g<\/p>\n<\/li>\n<li data-start=\"1218\" data-end=\"1259\">\n<p data-start=\"1220\" data-end=\"1259\">B\u00e4rstil: Handv\u00e4ska och crossbody<\/p>\n<\/li>\n<li data-start=\"1218\" data-end=\"1259\">\n<p data-start=\"1220\" data-end=\"1259\">M\u00e5tt: 20 x 18 x 9 cm<\/p>\n<\/li>\n<\/ul>\n<h2 style=\"text-align: center\" data-start=\"1301\" data-end=\"1324\">Paketet Inneh\u00e5ller \ud83d\udce6<\/h2>\n<ul data-start=\"1326\" data-end=\"1412\">\n<li data-start=\"1326\" data-end=\"1379\">\n<p data-start=\"1328\" data-end=\"1379\">1x retrohandv\u00e4ska<\/p>\n<\/li>\n<li data-start=\"1380\" data-end=\"1412\">\n<p data-start=\"1382\" data-end=\"1412\">1x justerbar axelrem.<\/p>\n<\/li>\n<\/ul>\n","protected":false},"excerpt":{"rendered":"<p>G\u00f6r Ett Dj\u00e4rvt Uttalande Med Vintage Charm \ud83d\udc5c\ud83d\udc3b Den h\u00e4r retrohandv\u00e4skan f\u00e5r folk att h\u00e4pna med sin lekfulla design och [&hellip;]<\/p>\n","protected":false},"featured_media":21537,"comment_status":"open","ping_status":"closed","template":"","meta":{"site-sidebar-layout":"default","site-content-layout":"","ast-site-content-layout":"default","site-content-style":"default","site-sidebar-style":"default","ast-global-header-display":"","ast-banner-title-visibility":"","ast-main-header-display":"","ast-hfb-above-header-display":"","ast-hfb-below-header-display":"","ast-hfb-mobile-header-display":"","site-post-title":"","ast-breadcrumbs-content":"","ast-featured-img":"","footer-sml-layout":"","theme-transparent-header-meta":"default","adv-header-id-meta":"","stick-header-meta":"","header-above-stick-meta":"","header-main-stick-meta":"","header-below-stick-meta":"","astra-migrate-meta-layouts":"set","ast-page-background-enabled":"default","ast-page-background-meta":{"desktop":{"background-color":"var(--ast-global-color-4)","background-image":"","background-repeat":"repeat","background-position":"center center","background-size":"auto","background-attachment":"scroll","background-type":"","background-media":"","overlay-type":"","overlay-color":"","overlay-opacity":"","overlay-gradient":""},"tablet":{"background-color":"","background-image":"","background-repeat":"repeat","background-position":"center center","background-size":"auto","background-attachment":"scroll","background-type":"","background-media":"","overlay-type":"","overlay-color":"","overlay-opacity":"","overlay-gradient":""},"mobile":{"background-color":"","background-image":"","background-repeat":"repeat","background-position":"center center","background-size":"auto","background-attachment":"scroll","background-type":"","background-media":"","overlay-type":"","overlay-color":"","overlay-opacity":"","overlay-gradient":""}},"ast-content-background-meta":{"desktop":{"background-color":"var(--ast-global-color-5)","background-image":"","background-repeat":"repeat","background-position":"center center","background-size":"auto","background-attachment":"scroll","background-type":"","background-media":"","overlay-type":"","overlay-color":"","overlay-opacity":"","overlay-gradient":""},"tablet":{"background-color":"var(--ast-global-color-5)","background-image":"","background-repeat":"repeat","background-position":"center center","background-size":"auto","background-attachment":"scroll","background-type":"","background-media":"","overlay-type":"","overlay-color":"","overlay-opacity":"","overlay-gradient":""},"mobile":{"background-color":"var(--ast-global-color-5)","background-image":"","background-repeat":"repeat","background-position":"center center","background-size":"auto","background-attachment":"scroll","background-type":"","background-media":"","overlay-type":"","overlay-color":"","overlay-opacity":"","overlay-gradient":""}}},"product_brand":[],"product_cat":[994,993],"product_tag":[],"class_list":{"0":"post-21541","1":"product","2":"type-product","3":"status-publish","4":"has-post-thumbnail","6":"product_cat-clothing-for-women","7":"product_cat-footwear-accessories","8":"pa_21451_ia04swmy-brun","9":"pa_21451_ia04swmy-khaki","10":"desktop-align-left","11":"tablet-align-left","12":"mobile-align-left","14":"first","15":"instock","16":"shipping-taxable","17":"purchasable","18":"product-type-variable"},"_links":{"self":[{"href":"https:\/\/keluvo.com\/se\/wp-json\/wp\/v2\/product\/21541","targetHints":{"allow":["GET"]}}],"collection":[{"href":"https:\/\/keluvo.com\/se\/wp-json\/wp\/v2\/product"}],"about":[{"href":"https:\/\/keluvo.com\/se\/wp-json\/wp\/v2\/types\/product"}],"replies":[{"embeddable":true,"href":"https:\/\/keluvo.com\/se\/wp-json\/wp\/v2\/comments?post=21541"}],"wp:featuredmedia":[{"embeddable":true,"href":"https:\/\/keluvo.com\/se\/wp-json\/wp\/v2\/media\/21537"}],"wp:attachment":[{"href":"https:\/\/keluvo.com\/se\/wp-json\/wp\/v2\/media?parent=21541"}],"wp:term":[{"taxonomy":"product_brand","embeddable":true,"href":"https:\/\/keluvo.com\/se\/wp-json\/wp\/v2\/product_brand?post=21541"},{"taxonomy":"product_cat","embeddable":true,"href":"https:\/\/keluvo.com\/se\/wp-json\/wp\/v2\/product_cat?post=21541"},{"taxonomy":"product_tag","embeddable":true,"href":"https:\/\/keluvo.com\/se\/wp-json\/wp\/v2\/product_tag?post=21541"}],"curies":[{"name":"wp","href":"https:\/\/api.w.org\/{rel}","templated":true}]}}