{"id":21378,"date":"2025-08-28T18:10:50","date_gmt":"2025-08-28T15:10:50","guid":{"rendered":"https:\/\/keluvo.com\/se\/product\/led-rosett-2\/"},"modified":"2025-08-29T18:47:18","modified_gmt":"2025-08-29T15:47:18","slug":"led-rosett-2","status":"publish","type":"product","link":"https:\/\/keluvo.com\/se\/product\/led-rosett-2\/","title":{"rendered":"LED-rosett"},"content":{"rendered":"<p><img decoding=\"async\" class=\"alignnone size-full wp-image-24379 aligncenter\" src=\"https:\/\/keluvo.com\/template\/wp-content\/uploads\/sites\/5\/2025\/03\/LEDROSE_SARA_600x600_15.09.23_V2-1__07bc608e.webp\" alt=\"\" \/><\/p>\n<p style=\"text-align: center\">Letar du efter den perfekta presenten f\u00f6r att uttrycka din k\u00e4rlek? D\u00e5 beh\u00f6ver du inte leta l\u00e4ngre \u00e4n till v\u00e5r LED-ros &#8211; en uts\u00f6kt r\u00f6d ros som symboliserar k\u00e4rlek och h\u00e4ngivenhet.<\/p>\n<p>\ud83c\udf39 En tidl\u00f6s symbol: Det h\u00e4r \u00e4r inte bara en ros, den f\u00f6rkroppsligar evig k\u00e4rlek och tillgivenhet.<\/p>\n<p>\u2728 F\u00f6rtrollande atmosf\u00e4r: Det varma LED-ljuset skapar en romantisk atmosf\u00e4r, vilket g\u00f6r att alla utrymmen k\u00e4nns magiska.<\/p>\n<p>\u2764\ufe0f Of\u00f6rgl\u00f6mlig g\u00e5va: Perfekt f\u00f6r \u00e5rsdagar, f\u00f6delsedagar, br\u00f6llop eller som en charmig semesterdekoration, den h\u00e4r unika g\u00e5van f\u00f6rmedlar perfekt dina k\u00e4nslor.<\/p>\n<p><img decoding=\"async\" class=\"alignnone size-full wp-image-24380 aligncenter\" src=\"https:\/\/keluvo.com\/template\/wp-content\/uploads\/sites\/5\/2025\/03\/LEDROSE_V4__f90cf6ec.webp\" alt=\"\" \/><\/p>\n<h2 style=\"text-align: center\">Produktdetaljer \ud83d\udccf<\/h2>\n<ul>\n<li>Storlek: 22 x 11,4 cm<\/li>\n<li>F\u00e4rg: Rosa r\u00f6d med en ljusbrun tr\u00e4bas<\/li>\n<li>Str\u00f6mk\u00e4lla: Kr\u00e4ver 3 x AAA-batterier (ing\u00e5r ej)<\/li>\n<\/ul>\n<p><img decoding=\"async\" class=\"alignnone size-full wp-image-24378 aligncenter\" src=\"https:\/\/keluvo.com\/template\/wp-content\/uploads\/sites\/5\/2025\/03\/LEDROSE_SARA_600x600_15.09.23_V3-1__6527c309-1.webp\" alt=\"\" \/><\/p>\n<p style=\"text-align: center\">Ge bort en LED-ros i present och f\u00e5 dina n\u00e4ra och k\u00e4ra att k\u00e4nna sig uppskattade!<\/p>\n","protected":false},"excerpt":{"rendered":"<p>Letar du efter den perfekta presenten f\u00f6r att uttrycka din k\u00e4rlek? D\u00e5 beh\u00f6ver du inte leta l\u00e4ngre \u00e4n till v\u00e5r [&hellip;]<\/p>\n","protected":false},"featured_media":21374,"comment_status":"open","ping_status":"closed","template":"","meta":{"site-sidebar-layout":"default","site-content-layout":"","ast-site-content-layout":"default","site-content-style":"default","site-sidebar-style":"default","ast-global-header-display":"","ast-banner-title-visibility":"","ast-main-header-display":"","ast-hfb-above-header-display":"","ast-hfb-below-header-display":"","ast-hfb-mobile-header-display":"","site-post-title":"","ast-breadcrumbs-content":"","ast-featured-img":"","footer-sml-layout":"","theme-transparent-header-meta":"default","adv-header-id-meta":"","stick-header-meta":"","header-above-stick-meta":"","header-main-stick-meta":"","header-below-stick-meta":"","astra-migrate-meta-layouts":"set","ast-page-background-enabled":"default","ast-page-background-meta":{"desktop":{"background-color":"var(--ast-global-color-4)","background-image":"","background-repeat":"repeat","background-position":"center center","background-size":"auto","background-attachment":"scroll","background-type":"","background-media":"","overlay-type":"","overlay-color":"","overlay-opacity":"","overlay-gradient":""},"tablet":{"background-color":"","background-image":"","background-repeat":"repeat","background-position":"center center","background-size":"auto","background-attachment":"scroll","background-type":"","background-media":"","overlay-type":"","overlay-color":"","overlay-opacity":"","overlay-gradient":""},"mobile":{"background-color":"","background-image":"","background-repeat":"repeat","background-position":"center center","background-size":"auto","background-attachment":"scroll","background-type":"","background-media":"","overlay-type":"","overlay-color":"","overlay-opacity":"","overlay-gradient":""}},"ast-content-background-meta":{"desktop":{"background-color":"var(--ast-global-color-5)","background-image":"","background-repeat":"repeat","background-position":"center center","background-size":"auto","background-attachment":"scroll","background-type":"","background-media":"","overlay-type":"","overlay-color":"","overlay-opacity":"","overlay-gradient":""},"tablet":{"background-color":"var(--ast-global-color-5)","background-image":"","background-repeat":"repeat","background-position":"center center","background-size":"auto","background-attachment":"scroll","background-type":"","background-media":"","overlay-type":"","overlay-color":"","overlay-opacity":"","overlay-gradient":""},"mobile":{"background-color":"var(--ast-global-color-5)","background-image":"","background-repeat":"repeat","background-position":"center center","background-size":"auto","background-attachment":"scroll","background-type":"","background-media":"","overlay-type":"","overlay-color":"","overlay-opacity":"","overlay-gradient":""}}},"product_brand":[],"product_cat":[1001],"product_tag":[],"class_list":{"0":"post-21378","1":"product","2":"type-product","3":"status-publish","4":"has-post-thumbnail","6":"product_cat-household-goods","7":"pa_47685_fvzctrg6-mjuk","8":"pa_47685_fvzctrg6-varm","9":"desktop-align-left","10":"tablet-align-left","11":"mobile-align-left","13":"first","14":"instock","15":"shipping-taxable","16":"purchasable","17":"product-type-variable"},"_links":{"self":[{"href":"https:\/\/keluvo.com\/se\/wp-json\/wp\/v2\/product\/21378","targetHints":{"allow":["GET"]}}],"collection":[{"href":"https:\/\/keluvo.com\/se\/wp-json\/wp\/v2\/product"}],"about":[{"href":"https:\/\/keluvo.com\/se\/wp-json\/wp\/v2\/types\/product"}],"replies":[{"embeddable":true,"href":"https:\/\/keluvo.com\/se\/wp-json\/wp\/v2\/comments?post=21378"}],"wp:featuredmedia":[{"embeddable":true,"href":"https:\/\/keluvo.com\/se\/wp-json\/wp\/v2\/media\/21374"}],"wp:attachment":[{"href":"https:\/\/keluvo.com\/se\/wp-json\/wp\/v2\/media?parent=21378"}],"wp:term":[{"taxonomy":"product_brand","embeddable":true,"href":"https:\/\/keluvo.com\/se\/wp-json\/wp\/v2\/product_brand?post=21378"},{"taxonomy":"product_cat","embeddable":true,"href":"https:\/\/keluvo.com\/se\/wp-json\/wp\/v2\/product_cat?post=21378"},{"taxonomy":"product_tag","embeddable":true,"href":"https:\/\/keluvo.com\/se\/wp-json\/wp\/v2\/product_tag?post=21378"}],"curies":[{"name":"wp","href":"https:\/\/api.w.org\/{rel}","templated":true}]}}