{"id":21373,"date":"2025-08-28T18:10:17","date_gmt":"2025-08-28T15:10:17","guid":{"rendered":"https:\/\/keluvo.com\/se\/product\/elektriskt-duschhuvud\/"},"modified":"2025-08-28T18:10:17","modified_gmt":"2025-08-28T15:10:17","slug":"elektriskt-duschhuvud","status":"publish","type":"product","link":"https:\/\/keluvo.com\/se\/product\/elektriskt-duschhuvud\/","title":{"rendered":"Elektriskt duschhuvud"},"content":{"rendered":"<h2 style=\"text-align: center\">B\u00e4rbar &amp; enkel att anv\u00e4nda<\/h2>\n<p style=\"text-align: center\">Det elektriska duschhuvudet \u00e4r l\u00e4tt och kompakt, vilket g\u00f6r det perfekt f\u00f6r hemmabruk och utomhusbruk. Det ansluts enkelt till en vattentank och ger en bekv\u00e4m duschl\u00f6sning var som helst.<\/p>\n<p><img decoding=\"async\" class=\"aligncenter wp-image-10655 size-medium\" src=\"https:\/\/keluvo.com\/template\/wp-content\/uploads\/sites\/5\/2025\/02\/S522e1954eaf04a33a412ad019bc06159u.jpg_960x960q75.jpg_-e1738578244766.jpeg\" alt=\"\" \/><\/p>\n<h2 style=\"text-align: center\">Justerbart vattenfl\u00f6de<\/h2>\n<p style=\"text-align: center\">Med ett enkelt vred kan du styra vattentrycket med det elektriska duschhuvudet. V\u00e4lj mellan olika fl\u00f6desniv\u00e5er f\u00f6r att passa dina behov, oavsett om det g\u00e4ller bad, reng\u00f6ring eller sk\u00f6ljning.<\/p>\n<p><img decoding=\"async\" class=\"alignnone size-medium wp-image-10652 aligncenter\" src=\"https:\/\/keluvo.com\/template\/wp-content\/uploads\/sites\/5\/2025\/02\/S251048614a4747868d92d5d9d01c4b12z.jpg_960x960q75.jpg_.jpeg\" alt=\"\" \/><\/p>\n","protected":false},"excerpt":{"rendered":"<p>B\u00e4rbar &amp; enkel att anv\u00e4nda Det elektriska duschhuvudet \u00e4r l\u00e4tt och kompakt, vilket g\u00f6r det perfekt f\u00f6r hemmabruk och utomhusbruk. [&hellip;]<\/p>\n","protected":false},"featured_media":21369,"comment_status":"open","ping_status":"closed","template":"","meta":{"site-sidebar-layout":"default","site-content-layout":"","ast-site-content-layout":"default","site-content-style":"default","site-sidebar-style":"default","ast-global-header-display":"","ast-banner-title-visibility":"","ast-main-header-display":"","ast-hfb-above-header-display":"","ast-hfb-below-header-display":"","ast-hfb-mobile-header-display":"","site-post-title":"","ast-breadcrumbs-content":"","ast-featured-img":"","footer-sml-layout":"","theme-transparent-header-meta":"default","adv-header-id-meta":"","stick-header-meta":"","header-above-stick-meta":"","header-main-stick-meta":"","header-below-stick-meta":"","astra-migrate-meta-layouts":"set","ast-page-background-enabled":"default","ast-page-background-meta":{"desktop":{"background-color":"var(--ast-global-color-4)","background-image":"","background-repeat":"repeat","background-position":"center center","background-size":"auto","background-attachment":"scroll","background-type":"","background-media":"","overlay-type":"","overlay-color":"","overlay-opacity":"","overlay-gradient":""},"tablet":{"background-color":"","background-image":"","background-repeat":"repeat","background-position":"center center","background-size":"auto","background-attachment":"scroll","background-type":"","background-media":"","overlay-type":"","overlay-color":"","overlay-opacity":"","overlay-gradient":""},"mobile":{"background-color":"","background-image":"","background-repeat":"repeat","background-position":"center center","background-size":"auto","background-attachment":"scroll","background-type":"","background-media":"","overlay-type":"","overlay-color":"","overlay-opacity":"","overlay-gradient":""}},"ast-content-background-meta":{"desktop":{"background-color":"var(--ast-global-color-5)","background-image":"","background-repeat":"repeat","background-position":"center center","background-size":"auto","background-attachment":"scroll","background-type":"","background-media":"","overlay-type":"","overlay-color":"","overlay-opacity":"","overlay-gradient":""},"tablet":{"background-color":"var(--ast-global-color-5)","background-image":"","background-repeat":"repeat","background-position":"center center","background-size":"auto","background-attachment":"scroll","background-type":"","background-media":"","overlay-type":"","overlay-color":"","overlay-opacity":"","overlay-gradient":""},"mobile":{"background-color":"var(--ast-global-color-5)","background-image":"","background-repeat":"repeat","background-position":"center center","background-size":"auto","background-attachment":"scroll","background-type":"","background-media":"","overlay-type":"","overlay-color":"","overlay-opacity":"","overlay-gradient":""}}},"product_brand":[],"product_cat":[1001],"product_tag":[],"class_list":{"0":"post-21373","1":"product","2":"type-product","3":"status-publish","4":"has-post-thumbnail","6":"product_cat-household-goods","7":"desktop-align-left","8":"tablet-align-left","9":"mobile-align-left","11":"first","12":"instock","13":"shipping-taxable","14":"purchasable","15":"product-type-simple"},"_links":{"self":[{"href":"https:\/\/keluvo.com\/se\/wp-json\/wp\/v2\/product\/21373","targetHints":{"allow":["GET"]}}],"collection":[{"href":"https:\/\/keluvo.com\/se\/wp-json\/wp\/v2\/product"}],"about":[{"href":"https:\/\/keluvo.com\/se\/wp-json\/wp\/v2\/types\/product"}],"replies":[{"embeddable":true,"href":"https:\/\/keluvo.com\/se\/wp-json\/wp\/v2\/comments?post=21373"}],"wp:featuredmedia":[{"embeddable":true,"href":"https:\/\/keluvo.com\/se\/wp-json\/wp\/v2\/media\/21369"}],"wp:attachment":[{"href":"https:\/\/keluvo.com\/se\/wp-json\/wp\/v2\/media?parent=21373"}],"wp:term":[{"taxonomy":"product_brand","embeddable":true,"href":"https:\/\/keluvo.com\/se\/wp-json\/wp\/v2\/product_brand?post=21373"},{"taxonomy":"product_cat","embeddable":true,"href":"https:\/\/keluvo.com\/se\/wp-json\/wp\/v2\/product_cat?post=21373"},{"taxonomy":"product_tag","embeddable":true,"href":"https:\/\/keluvo.com\/se\/wp-json\/wp\/v2\/product_tag?post=21373"}],"curies":[{"name":"wp","href":"https:\/\/api.w.org\/{rel}","templated":true}]}}