{"id":21364,"date":"2025-08-28T18:09:50","date_gmt":"2025-08-28T15:09:50","guid":{"rendered":"https:\/\/keluvo.com\/se\/product\/spatel-i-silikon-5-spetsar\/"},"modified":"2025-08-28T18:09:59","modified_gmt":"2025-08-28T15:09:59","slug":"spatel-i-silikon-5-spetsar","status":"publish","type":"product","link":"https:\/\/keluvo.com\/se\/product\/spatel-i-silikon-5-spetsar\/","title":{"rendered":"Spatel i silikon (5 spetsar)"},"content":{"rendered":"<h2 style=\"text-align: center\" data-start=\"0\" data-end=\"24\">Enkel Borttagning Av Fogmassa<\/h2>\n<p class=\"\" style=\"text-align: center\" data-start=\"25\" data-end=\"291\">Silikonspateln \u00e4r utformad f\u00f6r att snabbt och enkelt ta bort gammal fogmassa. Den vassa kanten hj\u00e4lper till att skrapa bort torkad fogmassa utan att skada ytan. Detta g\u00f6r den perfekt f\u00f6r badrums-, k\u00f6ks- och f\u00f6nsterreparationer. Ett utm\u00e4rkt verktyg f\u00f6r b\u00e5de hemmabruk och professionell anv\u00e4ndning.<\/p>\n<p data-start=\"25\" data-end=\"291\"><img decoding=\"async\" class=\"alignnone size-medium wp-image-12942 aligncenter\" src=\"https:\/\/keluvo.com\/template\/wp-content\/uploads\/sites\/5\/2025\/03\/S369e1c14f435467a83c163e57fd4c5c7T.jpg_960x960q75.jpg_.jpeg\" alt=\"\" \/><\/p>\n<h2 style=\"text-align: center\" data-start=\"293\" data-end=\"327\">Sl\u00e4t Och Exakt Finish<\/h2>\n<p class=\"\" style=\"text-align: center\" data-start=\"328\" data-end=\"586\">Med fem utbytbara silikonkuddar skapar silikonspateln sl\u00e4ta och j\u00e4mna foglinjer. Du kan v\u00e4lja olika vinklar f\u00f6r att f\u00e5 en perfekt finish. Detta g\u00f6r att t\u00e4tningskanterna ser rena och professionella ut. Ingen mer r\u00f6rig eller oj\u00e4mn fogning.<\/p>\n<p style=\"text-align: center\" data-start=\"328\" data-end=\"586\"><img decoding=\"async\" class=\"alignnone size-medium wp-image-12941\" src=\"https:\/\/keluvo.com\/template\/wp-content\/uploads\/sites\/5\/2025\/03\/He9def6ea0d344539ae410d51d1098077u.jpg_960x960q75.jpg_.jpeg\" alt=\"\" \/><\/p>\n","protected":false},"excerpt":{"rendered":"<p>Enkel Borttagning Av Fogmassa Silikonspateln \u00e4r utformad f\u00f6r att snabbt och enkelt ta bort gammal fogmassa. Den vassa kanten hj\u00e4lper [&hellip;]<\/p>\n","protected":false},"featured_media":21360,"comment_status":"open","ping_status":"closed","template":"","meta":{"site-sidebar-layout":"default","site-content-layout":"","ast-site-content-layout":"default","site-content-style":"default","site-sidebar-style":"default","ast-global-header-display":"","ast-banner-title-visibility":"","ast-main-header-display":"","ast-hfb-above-header-display":"","ast-hfb-below-header-display":"","ast-hfb-mobile-header-display":"","site-post-title":"","ast-breadcrumbs-content":"","ast-featured-img":"","footer-sml-layout":"","theme-transparent-header-meta":"default","adv-header-id-meta":"","stick-header-meta":"","header-above-stick-meta":"","header-main-stick-meta":"","header-below-stick-meta":"","astra-migrate-meta-layouts":"set","ast-page-background-enabled":"default","ast-page-background-meta":{"desktop":{"background-color":"var(--ast-global-color-4)","background-image":"","background-repeat":"repeat","background-position":"center center","background-size":"auto","background-attachment":"scroll","background-type":"","background-media":"","overlay-type":"","overlay-color":"","overlay-opacity":"","overlay-gradient":""},"tablet":{"background-color":"","background-image":"","background-repeat":"repeat","background-position":"center center","background-size":"auto","background-attachment":"scroll","background-type":"","background-media":"","overlay-type":"","overlay-color":"","overlay-opacity":"","overlay-gradient":""},"mobile":{"background-color":"","background-image":"","background-repeat":"repeat","background-position":"center center","background-size":"auto","background-attachment":"scroll","background-type":"","background-media":"","overlay-type":"","overlay-color":"","overlay-opacity":"","overlay-gradient":""}},"ast-content-background-meta":{"desktop":{"background-color":"var(--ast-global-color-5)","background-image":"","background-repeat":"repeat","background-position":"center center","background-size":"auto","background-attachment":"scroll","background-type":"","background-media":"","overlay-type":"","overlay-color":"","overlay-opacity":"","overlay-gradient":""},"tablet":{"background-color":"var(--ast-global-color-5)","background-image":"","background-repeat":"repeat","background-position":"center center","background-size":"auto","background-attachment":"scroll","background-type":"","background-media":"","overlay-type":"","overlay-color":"","overlay-opacity":"","overlay-gradient":""},"mobile":{"background-color":"var(--ast-global-color-5)","background-image":"","background-repeat":"repeat","background-position":"center center","background-size":"auto","background-attachment":"scroll","background-type":"","background-media":"","overlay-type":"","overlay-color":"","overlay-opacity":"","overlay-gradient":""}}},"product_brand":[],"product_cat":[996],"product_tag":[],"class_list":{"0":"post-21364","1":"product","2":"type-product","3":"status-publish","4":"has-post-thumbnail","6":"product_cat-tools","7":"pa_41782_51hx5gqx-metall","8":"pa_41782_51hx5gqx-plast","9":"desktop-align-left","10":"tablet-align-left","11":"mobile-align-left","13":"first","14":"instock","15":"shipping-taxable","16":"purchasable","17":"product-type-variable"},"_links":{"self":[{"href":"https:\/\/keluvo.com\/se\/wp-json\/wp\/v2\/product\/21364","targetHints":{"allow":["GET"]}}],"collection":[{"href":"https:\/\/keluvo.com\/se\/wp-json\/wp\/v2\/product"}],"about":[{"href":"https:\/\/keluvo.com\/se\/wp-json\/wp\/v2\/types\/product"}],"replies":[{"embeddable":true,"href":"https:\/\/keluvo.com\/se\/wp-json\/wp\/v2\/comments?post=21364"}],"wp:featuredmedia":[{"embeddable":true,"href":"https:\/\/keluvo.com\/se\/wp-json\/wp\/v2\/media\/21360"}],"wp:attachment":[{"href":"https:\/\/keluvo.com\/se\/wp-json\/wp\/v2\/media?parent=21364"}],"wp:term":[{"taxonomy":"product_brand","embeddable":true,"href":"https:\/\/keluvo.com\/se\/wp-json\/wp\/v2\/product_brand?post=21364"},{"taxonomy":"product_cat","embeddable":true,"href":"https:\/\/keluvo.com\/se\/wp-json\/wp\/v2\/product_cat?post=21364"},{"taxonomy":"product_tag","embeddable":true,"href":"https:\/\/keluvo.com\/se\/wp-json\/wp\/v2\/product_tag?post=21364"}],"curies":[{"name":"wp","href":"https:\/\/api.w.org\/{rel}","templated":true}]}}