{"id":21278,"date":"2025-08-28T18:05:02","date_gmt":"2025-08-28T15:05:02","guid":{"rendered":"https:\/\/keluvo.com\/se\/product\/leksak-med-skjutande-anka\/"},"modified":"2025-08-28T18:05:02","modified_gmt":"2025-08-28T15:05:02","slug":"leksak-med-skjutande-anka","status":"publish","type":"product","link":"https:\/\/keluvo.com\/se\/product\/leksak-med-skjutande-anka\/","title":{"rendered":"Leksak med skjutande anka"},"content":{"rendered":"<h2 style=\"text-align: center\" data-start=\"0\" data-end=\"30\">Roligt och interaktivt spel<\/h2>\n<p class=\"\" style=\"text-align: center\" data-start=\"31\" data-end=\"294\">Leksaken med skjutande anka \u00e4r ett utm\u00e4rkt s\u00e4tt f\u00f6r barn att njuta av sp\u00e4nnande m\u00e5ltr\u00e4ning. Spelarna skjuter mjuka skumgummibollar in i ankans mun f\u00f6r att f\u00e5 po\u00e4ng. Det h\u00e4r spelet hj\u00e4lper till att f\u00f6rb\u00e4ttra fokus och hand-\u00f6ga-koordination samtidigt som det \u00e4r roligt. Perfekt f\u00f6r solo- eller flerspelarspel.<\/p>\n<p data-start=\"31\" data-end=\"294\"><img decoding=\"async\" class=\"alignnone size-medium wp-image-13084 aligncenter\" src=\"https:\/\/keluvo.com\/template\/wp-content\/uploads\/sites\/5\/2025\/03\/855baafc-a740-4be6-b796-bb29efb96ad8.webp\" alt=\"\" \/><\/p>\n<h2 style=\"text-align: center\" data-start=\"296\" data-end=\"330\">S\u00e4ker och barnv\u00e4nlig design<\/h2>\n<p class=\"\" style=\"text-align: center\" data-start=\"331\" data-end=\"564\">Leksaken med skjutande anka \u00e4r tillverkad av h\u00e5llbart ABS-material och \u00e4r s\u00e4ker f\u00f6r barn. De sl\u00e4ta kanterna s\u00e4kerst\u00e4ller att det inte finns n\u00e5gra vassa delar som kan skada sm\u00e5 h\u00e4nder. De luftdrivna pistolerna anv\u00e4nder mjuka skumbollar, vilket g\u00f6r spelet roligt och s\u00e4kert f\u00f6r alla \u00e5ldrar.<\/p>\n<p data-start=\"331\" data-end=\"564\"><img decoding=\"async\" class=\"alignnone size-medium wp-image-13086 aligncenter\" src=\"https:\/\/keluvo.com\/template\/wp-content\/uploads\/sites\/5\/2025\/03\/cc1da5be-925d-4943-9528-c4a028217202.webp\" alt=\"\" \/><\/p>\n","protected":false},"excerpt":{"rendered":"<p>Roligt och interaktivt spel Leksaken med skjutande anka \u00e4r ett utm\u00e4rkt s\u00e4tt f\u00f6r barn att njuta av sp\u00e4nnande m\u00e5ltr\u00e4ning. Spelarna [&hellip;]<\/p>\n","protected":false},"featured_media":21274,"comment_status":"open","ping_status":"closed","template":"","meta":{"site-sidebar-layout":"default","site-content-layout":"","ast-site-content-layout":"default","site-content-style":"default","site-sidebar-style":"default","ast-global-header-display":"","ast-banner-title-visibility":"","ast-main-header-display":"","ast-hfb-above-header-display":"","ast-hfb-below-header-display":"","ast-hfb-mobile-header-display":"","site-post-title":"","ast-breadcrumbs-content":"","ast-featured-img":"","footer-sml-layout":"","theme-transparent-header-meta":"default","adv-header-id-meta":"","stick-header-meta":"","header-above-stick-meta":"","header-main-stick-meta":"","header-below-stick-meta":"","astra-migrate-meta-layouts":"set","ast-page-background-enabled":"default","ast-page-background-meta":{"desktop":{"background-color":"var(--ast-global-color-4)","background-image":"","background-repeat":"repeat","background-position":"center center","background-size":"auto","background-attachment":"scroll","background-type":"","background-media":"","overlay-type":"","overlay-color":"","overlay-opacity":"","overlay-gradient":""},"tablet":{"background-color":"","background-image":"","background-repeat":"repeat","background-position":"center center","background-size":"auto","background-attachment":"scroll","background-type":"","background-media":"","overlay-type":"","overlay-color":"","overlay-opacity":"","overlay-gradient":""},"mobile":{"background-color":"","background-image":"","background-repeat":"repeat","background-position":"center center","background-size":"auto","background-attachment":"scroll","background-type":"","background-media":"","overlay-type":"","overlay-color":"","overlay-opacity":"","overlay-gradient":""}},"ast-content-background-meta":{"desktop":{"background-color":"var(--ast-global-color-5)","background-image":"","background-repeat":"repeat","background-position":"center center","background-size":"auto","background-attachment":"scroll","background-type":"","background-media":"","overlay-type":"","overlay-color":"","overlay-opacity":"","overlay-gradient":""},"tablet":{"background-color":"var(--ast-global-color-5)","background-image":"","background-repeat":"repeat","background-position":"center center","background-size":"auto","background-attachment":"scroll","background-type":"","background-media":"","overlay-type":"","overlay-color":"","overlay-opacity":"","overlay-gradient":""},"mobile":{"background-color":"var(--ast-global-color-5)","background-image":"","background-repeat":"repeat","background-position":"center center","background-size":"auto","background-attachment":"scroll","background-type":"","background-media":"","overlay-type":"","overlay-color":"","overlay-opacity":"","overlay-gradient":""}}},"product_brand":[],"product_cat":[990],"product_tag":[],"class_list":{"0":"post-21278","1":"product","2":"type-product","3":"status-publish","4":"has-post-thumbnail","6":"product_cat-toys-childrens-and-baby-products","7":"desktop-align-left","8":"tablet-align-left","9":"mobile-align-left","11":"first","12":"instock","13":"shipping-taxable","14":"purchasable","15":"product-type-simple"},"_links":{"self":[{"href":"https:\/\/keluvo.com\/se\/wp-json\/wp\/v2\/product\/21278","targetHints":{"allow":["GET"]}}],"collection":[{"href":"https:\/\/keluvo.com\/se\/wp-json\/wp\/v2\/product"}],"about":[{"href":"https:\/\/keluvo.com\/se\/wp-json\/wp\/v2\/types\/product"}],"replies":[{"embeddable":true,"href":"https:\/\/keluvo.com\/se\/wp-json\/wp\/v2\/comments?post=21278"}],"wp:featuredmedia":[{"embeddable":true,"href":"https:\/\/keluvo.com\/se\/wp-json\/wp\/v2\/media\/21274"}],"wp:attachment":[{"href":"https:\/\/keluvo.com\/se\/wp-json\/wp\/v2\/media?parent=21278"}],"wp:term":[{"taxonomy":"product_brand","embeddable":true,"href":"https:\/\/keluvo.com\/se\/wp-json\/wp\/v2\/product_brand?post=21278"},{"taxonomy":"product_cat","embeddable":true,"href":"https:\/\/keluvo.com\/se\/wp-json\/wp\/v2\/product_cat?post=21278"},{"taxonomy":"product_tag","embeddable":true,"href":"https:\/\/keluvo.com\/se\/wp-json\/wp\/v2\/product_tag?post=21278"}],"curies":[{"name":"wp","href":"https:\/\/api.w.org\/{rel}","templated":true}]}}