{"id":21235,"date":"2025-08-28T15:39:41","date_gmt":"2025-08-28T12:39:41","guid":{"rendered":"https:\/\/keluvo.com\/se\/product\/sats-for-bultutdragare-10-st\/"},"modified":"2025-08-28T15:39:41","modified_gmt":"2025-08-28T12:39:41","slug":"sats-for-bultutdragare-10-st","status":"publish","type":"product","link":"https:\/\/keluvo.com\/se\/product\/sats-for-bultutdragare-10-st\/","title":{"rendered":"Sats f\u00f6r bultutdragare (10 st)"},"content":{"rendered":"<h2 style=\"text-align: center\" data-start=\"0\" data-end=\"34\">Avl\u00e4gsnar Skadade Bultar Enkelt<\/h2>\n<p class=\"\" style=\"text-align: center\" data-start=\"35\" data-end=\"285\">Bultutdragarsatsen \u00e4r utformad f\u00f6r att avl\u00e4gsna trasiga, rostiga eller avskalade bultar med minimal anstr\u00e4ngning. De starka greppande t\u00e4nderna ger ett s\u00e4kert grepp, vilket g\u00f6r utdragningen snabb och effektiv. Perfekt f\u00f6r reparationer i hemmet, bilarbeten och g\u00f6r-det-sj\u00e4lv-projekt.<\/p>\n<p class=\"\" style=\"text-align: center\" data-start=\"320\" data-end=\"543\"><img decoding=\"async\" class=\"alignnone size-medium wp-image-13058\" src=\"https:\/\/keluvo.com\/template\/wp-content\/uploads\/sites\/5\/2025\/03\/S456a7ae67695465f955f1c36203434393.jpg_960x960q75.jpg_.jpeg\" alt=\"\" \/><\/p>\n<h2 style=\"text-align: center\" data-start=\"545\" data-end=\"574\">Passar Olika Bultstorlekar<\/h2>\n<p class=\"\" style=\"text-align: center\" data-start=\"575\" data-end=\"783\">Med flera olika utdragarstorlekar kan denna upps\u00e4ttning hantera bultar med en diameter p\u00e5 0,31 cm till 2,22 cm. Den v\u00e4nsterh\u00e4nta spiraldesignen ger extra grepp f\u00f6r enkel borttagning. Denna m\u00e5ngsidiga upps\u00e4ttning \u00e4r ett m\u00e5ste i varje verktygsl\u00e5da.<\/p>\n<p data-start=\"575\" data-end=\"783\"><img decoding=\"async\" class=\"alignnone size-medium wp-image-13057 aligncenter\" src=\"https:\/\/keluvo.com\/template\/wp-content\/uploads\/sites\/5\/2025\/03\/S411b3984a9e04c95ba70ba15a5624e68t.jpg_960x960q75.jpg_.jpeg\" alt=\"\" \/><\/p>\n","protected":false},"excerpt":{"rendered":"<p>Avl\u00e4gsnar Skadade Bultar Enkelt Bultutdragarsatsen \u00e4r utformad f\u00f6r att avl\u00e4gsna trasiga, rostiga eller avskalade bultar med minimal anstr\u00e4ngning. De starka [&hellip;]<\/p>\n","protected":false},"featured_media":21231,"comment_status":"open","ping_status":"closed","template":"","meta":{"site-sidebar-layout":"default","site-content-layout":"","ast-site-content-layout":"default","site-content-style":"default","site-sidebar-style":"default","ast-global-header-display":"","ast-banner-title-visibility":"","ast-main-header-display":"","ast-hfb-above-header-display":"","ast-hfb-below-header-display":"","ast-hfb-mobile-header-display":"","site-post-title":"","ast-breadcrumbs-content":"","ast-featured-img":"","footer-sml-layout":"","theme-transparent-header-meta":"default","adv-header-id-meta":"","stick-header-meta":"","header-above-stick-meta":"","header-main-stick-meta":"","header-below-stick-meta":"","astra-migrate-meta-layouts":"set","ast-page-background-enabled":"default","ast-page-background-meta":{"desktop":{"background-color":"var(--ast-global-color-4)","background-image":"","background-repeat":"repeat","background-position":"center center","background-size":"auto","background-attachment":"scroll","background-type":"","background-media":"","overlay-type":"","overlay-color":"","overlay-opacity":"","overlay-gradient":""},"tablet":{"background-color":"","background-image":"","background-repeat":"repeat","background-position":"center center","background-size":"auto","background-attachment":"scroll","background-type":"","background-media":"","overlay-type":"","overlay-color":"","overlay-opacity":"","overlay-gradient":""},"mobile":{"background-color":"","background-image":"","background-repeat":"repeat","background-position":"center center","background-size":"auto","background-attachment":"scroll","background-type":"","background-media":"","overlay-type":"","overlay-color":"","overlay-opacity":"","overlay-gradient":""}},"ast-content-background-meta":{"desktop":{"background-color":"var(--ast-global-color-5)","background-image":"","background-repeat":"repeat","background-position":"center center","background-size":"auto","background-attachment":"scroll","background-type":"","background-media":"","overlay-type":"","overlay-color":"","overlay-opacity":"","overlay-gradient":""},"tablet":{"background-color":"var(--ast-global-color-5)","background-image":"","background-repeat":"repeat","background-position":"center center","background-size":"auto","background-attachment":"scroll","background-type":"","background-media":"","overlay-type":"","overlay-color":"","overlay-opacity":"","overlay-gradient":""},"mobile":{"background-color":"var(--ast-global-color-5)","background-image":"","background-repeat":"repeat","background-position":"center center","background-size":"auto","background-attachment":"scroll","background-type":"","background-media":"","overlay-type":"","overlay-color":"","overlay-opacity":"","overlay-gradient":""}}},"product_brand":[],"product_cat":[996],"product_tag":[],"class_list":{"0":"post-21235","1":"product","2":"type-product","3":"status-publish","4":"has-post-thumbnail","6":"product_cat-tools","7":"desktop-align-left","8":"tablet-align-left","9":"mobile-align-left","11":"first","12":"instock","13":"shipping-taxable","14":"purchasable","15":"product-type-simple"},"_links":{"self":[{"href":"https:\/\/keluvo.com\/se\/wp-json\/wp\/v2\/product\/21235","targetHints":{"allow":["GET"]}}],"collection":[{"href":"https:\/\/keluvo.com\/se\/wp-json\/wp\/v2\/product"}],"about":[{"href":"https:\/\/keluvo.com\/se\/wp-json\/wp\/v2\/types\/product"}],"replies":[{"embeddable":true,"href":"https:\/\/keluvo.com\/se\/wp-json\/wp\/v2\/comments?post=21235"}],"wp:featuredmedia":[{"embeddable":true,"href":"https:\/\/keluvo.com\/se\/wp-json\/wp\/v2\/media\/21231"}],"wp:attachment":[{"href":"https:\/\/keluvo.com\/se\/wp-json\/wp\/v2\/media?parent=21235"}],"wp:term":[{"taxonomy":"product_brand","embeddable":true,"href":"https:\/\/keluvo.com\/se\/wp-json\/wp\/v2\/product_brand?post=21235"},{"taxonomy":"product_cat","embeddable":true,"href":"https:\/\/keluvo.com\/se\/wp-json\/wp\/v2\/product_cat?post=21235"},{"taxonomy":"product_tag","embeddable":true,"href":"https:\/\/keluvo.com\/se\/wp-json\/wp\/v2\/product_tag?post=21235"}],"curies":[{"name":"wp","href":"https:\/\/api.w.org\/{rel}","templated":true}]}}