{"id":21230,"date":"2025-08-28T15:38:41","date_gmt":"2025-08-28T12:38:41","guid":{"rendered":"https:\/\/keluvo.com\/se\/product\/musikdansande-leksak\/"},"modified":"2025-08-28T15:38:41","modified_gmt":"2025-08-28T12:38:41","slug":"musikdansande-leksak","status":"publish","type":"product","link":"https:\/\/keluvo.com\/se\/product\/musikdansande-leksak\/","title":{"rendered":"Musikdansande leksak"},"content":{"rendered":"<h2 style=\"text-align: center\" data-start=\"0\" data-end=\"26\">Rolig Musik Och Ljud<\/h2>\n<p class=\"\" style=\"text-align: center\" data-start=\"27\" data-end=\"248\">Den musikdansande leksaken spelar glad och dynamisk musik som barnen kommer att \u00e4lska. Den har h\u00f6gkvalitativa ljudeffekter med en tydlig och livlig rytm. Detta g\u00f6r lekstunden mer sp\u00e4nnande och engagerande f\u00f6r barn i alla \u00e5ldrar.<\/p>\n<p data-start=\"27\" data-end=\"248\"><img decoding=\"async\" class=\"alignnone size-medium wp-image-13039 aligncenter\" src=\"https:\/\/keluvo.com\/template\/wp-content\/uploads\/sites\/5\/2025\/03\/1ff0086c-e3a2-417a-8e5d-fa2dcd6ac15f.webp\" alt=\"\" \/><\/p>\n<h2 style=\"text-align: center\" data-start=\"250\" data-end=\"282\">Ljusa Och F\u00e4rgglada Lampor<\/h2>\n<p class=\"\" style=\"text-align: center\" data-start=\"283\" data-end=\"536\">Med blinkande lampor som \u00e4ndrar f\u00e4rg i takt med musiken skapar den musikdansande leksaken en rolig och livlig atmosf\u00e4r. De gl\u00f6dande effekterna g\u00f6r det \u00e4nnu roligare, s\u00e4rskilt i m\u00f6rkare rum. Barnen kommer att \u00e4lska att se lamporna dansa i takt med musiken.<\/p>\n<p data-start=\"283\" data-end=\"536\"><img decoding=\"async\" class=\"alignnone size-medium wp-image-13041 aligncenter\" src=\"https:\/\/keluvo.com\/template\/wp-content\/uploads\/sites\/5\/2025\/03\/Sad7fbbf40f0149888f47d301218a6cb5l.jpg_960x960q75.jpg_.jpeg\" alt=\"\" \/><\/p>\n","protected":false},"excerpt":{"rendered":"<p>Rolig Musik Och Ljud Den musikdansande leksaken spelar glad och dynamisk musik som barnen kommer att \u00e4lska. Den har h\u00f6gkvalitativa [&hellip;]<\/p>\n","protected":false},"featured_media":21226,"comment_status":"open","ping_status":"closed","template":"","meta":{"site-sidebar-layout":"default","site-content-layout":"","ast-site-content-layout":"default","site-content-style":"default","site-sidebar-style":"default","ast-global-header-display":"","ast-banner-title-visibility":"","ast-main-header-display":"","ast-hfb-above-header-display":"","ast-hfb-below-header-display":"","ast-hfb-mobile-header-display":"","site-post-title":"","ast-breadcrumbs-content":"","ast-featured-img":"","footer-sml-layout":"","theme-transparent-header-meta":"default","adv-header-id-meta":"","stick-header-meta":"","header-above-stick-meta":"","header-main-stick-meta":"","header-below-stick-meta":"","astra-migrate-meta-layouts":"set","ast-page-background-enabled":"default","ast-page-background-meta":{"desktop":{"background-color":"var(--ast-global-color-4)","background-image":"","background-repeat":"repeat","background-position":"center center","background-size":"auto","background-attachment":"scroll","background-type":"","background-media":"","overlay-type":"","overlay-color":"","overlay-opacity":"","overlay-gradient":""},"tablet":{"background-color":"","background-image":"","background-repeat":"repeat","background-position":"center center","background-size":"auto","background-attachment":"scroll","background-type":"","background-media":"","overlay-type":"","overlay-color":"","overlay-opacity":"","overlay-gradient":""},"mobile":{"background-color":"","background-image":"","background-repeat":"repeat","background-position":"center center","background-size":"auto","background-attachment":"scroll","background-type":"","background-media":"","overlay-type":"","overlay-color":"","overlay-opacity":"","overlay-gradient":""}},"ast-content-background-meta":{"desktop":{"background-color":"var(--ast-global-color-5)","background-image":"","background-repeat":"repeat","background-position":"center center","background-size":"auto","background-attachment":"scroll","background-type":"","background-media":"","overlay-type":"","overlay-color":"","overlay-opacity":"","overlay-gradient":""},"tablet":{"background-color":"var(--ast-global-color-5)","background-image":"","background-repeat":"repeat","background-position":"center center","background-size":"auto","background-attachment":"scroll","background-type":"","background-media":"","overlay-type":"","overlay-color":"","overlay-opacity":"","overlay-gradient":""},"mobile":{"background-color":"var(--ast-global-color-5)","background-image":"","background-repeat":"repeat","background-position":"center center","background-size":"auto","background-attachment":"scroll","background-type":"","background-media":"","overlay-type":"","overlay-color":"","overlay-opacity":"","overlay-gradient":""}}},"product_brand":[],"product_cat":[990],"product_tag":[],"class_list":{"0":"post-21230","1":"product","2":"type-product","3":"status-publish","4":"has-post-thumbnail","6":"product_cat-toys-childrens-and-baby-products","7":"desktop-align-left","8":"tablet-align-left","9":"mobile-align-left","11":"first","12":"instock","13":"shipping-taxable","14":"purchasable","15":"product-type-simple"},"_links":{"self":[{"href":"https:\/\/keluvo.com\/se\/wp-json\/wp\/v2\/product\/21230","targetHints":{"allow":["GET"]}}],"collection":[{"href":"https:\/\/keluvo.com\/se\/wp-json\/wp\/v2\/product"}],"about":[{"href":"https:\/\/keluvo.com\/se\/wp-json\/wp\/v2\/types\/product"}],"replies":[{"embeddable":true,"href":"https:\/\/keluvo.com\/se\/wp-json\/wp\/v2\/comments?post=21230"}],"wp:featuredmedia":[{"embeddable":true,"href":"https:\/\/keluvo.com\/se\/wp-json\/wp\/v2\/media\/21226"}],"wp:attachment":[{"href":"https:\/\/keluvo.com\/se\/wp-json\/wp\/v2\/media?parent=21230"}],"wp:term":[{"taxonomy":"product_brand","embeddable":true,"href":"https:\/\/keluvo.com\/se\/wp-json\/wp\/v2\/product_brand?post=21230"},{"taxonomy":"product_cat","embeddable":true,"href":"https:\/\/keluvo.com\/se\/wp-json\/wp\/v2\/product_cat?post=21230"},{"taxonomy":"product_tag","embeddable":true,"href":"https:\/\/keluvo.com\/se\/wp-json\/wp\/v2\/product_tag?post=21230"}],"curies":[{"name":"wp","href":"https:\/\/api.w.org\/{rel}","templated":true}]}}