{"id":21209,"date":"2025-08-28T15:37:22","date_gmt":"2025-08-28T12:37:22","guid":{"rendered":"https:\/\/keluvo.com\/se\/product\/spade-for-rensning-av-ogras\/"},"modified":"2025-08-28T15:37:36","modified_gmt":"2025-08-28T12:37:36","slug":"spade-for-rensning-av-ogras","status":"publish","type":"product","link":"https:\/\/keluvo.com\/se\/product\/spade-for-rensning-av-ogras\/","title":{"rendered":"Spade f\u00f6r rensning av ogr\u00e4s"},"content":{"rendered":"<h2 style=\"text-align: center\" data-start=\"0\" data-end=\"33\">Starkt Och H\u00e5llbart Material<\/h2>\n<p class=\"\" style=\"text-align: center\" data-start=\"34\" data-end=\"282\">Gr\u00e4srensningsspaden \u00e4r tillverkad av h\u00f6gkvalitativt manganst\u00e5l, vilket g\u00f6r den stark och l\u00e5ngvarig. Dess vassa kant g\u00f6r det enkelt att gr\u00e4va och sk\u00e4ra genom tufft ogr\u00e4s. Den \u00e4r utformad f\u00f6r kr\u00e4vande anv\u00e4ndning och \u00e4r perfekt f\u00f6r b\u00e5de tr\u00e4dg\u00e5rds- och jordbruksarbete.<\/p>\n<p data-start=\"34\" data-end=\"282\"><img decoding=\"async\" class=\"alignnone size-medium wp-image-12995 aligncenter\" src=\"https:\/\/keluvo.com\/template\/wp-content\/uploads\/sites\/5\/2025\/03\/f15dbaed-dcf0-4cd5-9543-fb095aeb0ab4.webp\" alt=\"\" \/><\/p>\n<h2 style=\"text-align: center\" data-start=\"284\" data-end=\"316\">Enkel Och Snabb Ogr\u00e4sborttagning<\/h2>\n<p class=\"\" style=\"text-align: center\" data-start=\"317\" data-end=\"551\">Med ogr\u00e4srensningsspaden g\u00e5r det snabbt och enkelt att rensa bort o\u00f6nskade v\u00e4xter. Det breda bladet t\u00e4cker ett st\u00f6rre omr\u00e5de, vilket minskar tiden som l\u00e4ggs p\u00e5 ogr\u00e4srensning. Du beh\u00f6ver inte b\u00f6ja dig eller g\u00e5 ner p\u00e5 kn\u00e4 &#8211; f\u00e4st bara ett handtag f\u00f6r bekv\u00e4m och effektiv anv\u00e4ndning.<\/p>\n<p data-start=\"317\" data-end=\"551\"><img decoding=\"async\" class=\"alignnone size-medium wp-image-12996 aligncenter\" src=\"https:\/\/keluvo.com\/template\/wp-content\/uploads\/sites\/5\/2025\/03\/S1e82d15c147f428f8188ead6e12e54bey.jpg_960x960q75.jpg_.jpeg\" alt=\"\" \/><\/p>\n","protected":false},"excerpt":{"rendered":"<p>Starkt Och H\u00e5llbart Material Gr\u00e4srensningsspaden \u00e4r tillverkad av h\u00f6gkvalitativt manganst\u00e5l, vilket g\u00f6r den stark och l\u00e5ngvarig. Dess vassa kant g\u00f6r [&hellip;]<\/p>\n","protected":false},"featured_media":21205,"comment_status":"open","ping_status":"closed","template":"","meta":{"site-sidebar-layout":"default","site-content-layout":"","ast-site-content-layout":"default","site-content-style":"default","site-sidebar-style":"default","ast-global-header-display":"","ast-banner-title-visibility":"","ast-main-header-display":"","ast-hfb-above-header-display":"","ast-hfb-below-header-display":"","ast-hfb-mobile-header-display":"","site-post-title":"","ast-breadcrumbs-content":"","ast-featured-img":"","footer-sml-layout":"","theme-transparent-header-meta":"default","adv-header-id-meta":"","stick-header-meta":"","header-above-stick-meta":"","header-main-stick-meta":"","header-below-stick-meta":"","astra-migrate-meta-layouts":"set","ast-page-background-enabled":"default","ast-page-background-meta":{"desktop":{"background-color":"var(--ast-global-color-4)","background-image":"","background-repeat":"repeat","background-position":"center center","background-size":"auto","background-attachment":"scroll","background-type":"","background-media":"","overlay-type":"","overlay-color":"","overlay-opacity":"","overlay-gradient":""},"tablet":{"background-color":"","background-image":"","background-repeat":"repeat","background-position":"center center","background-size":"auto","background-attachment":"scroll","background-type":"","background-media":"","overlay-type":"","overlay-color":"","overlay-opacity":"","overlay-gradient":""},"mobile":{"background-color":"","background-image":"","background-repeat":"repeat","background-position":"center center","background-size":"auto","background-attachment":"scroll","background-type":"","background-media":"","overlay-type":"","overlay-color":"","overlay-opacity":"","overlay-gradient":""}},"ast-content-background-meta":{"desktop":{"background-color":"var(--ast-global-color-5)","background-image":"","background-repeat":"repeat","background-position":"center center","background-size":"auto","background-attachment":"scroll","background-type":"","background-media":"","overlay-type":"","overlay-color":"","overlay-opacity":"","overlay-gradient":""},"tablet":{"background-color":"var(--ast-global-color-5)","background-image":"","background-repeat":"repeat","background-position":"center center","background-size":"auto","background-attachment":"scroll","background-type":"","background-media":"","overlay-type":"","overlay-color":"","overlay-opacity":"","overlay-gradient":""},"mobile":{"background-color":"var(--ast-global-color-5)","background-image":"","background-repeat":"repeat","background-position":"center center","background-size":"auto","background-attachment":"scroll","background-type":"","background-media":"","overlay-type":"","overlay-color":"","overlay-opacity":"","overlay-gradient":""}}},"product_brand":[],"product_cat":[996],"product_tag":[],"class_list":{"0":"post-21209","1":"product","2":"type-product","3":"status-publish","4":"has-post-thumbnail","6":"product_cat-tools","7":"pa_16252_9f90upnp-20-cm","8":"pa_16252_9f90upnp-25cm","9":"pa_16252_9f90upnp-30cm","10":"desktop-align-left","11":"tablet-align-left","12":"mobile-align-left","14":"first","15":"instock","16":"shipping-taxable","17":"purchasable","18":"product-type-variable"},"_links":{"self":[{"href":"https:\/\/keluvo.com\/se\/wp-json\/wp\/v2\/product\/21209","targetHints":{"allow":["GET"]}}],"collection":[{"href":"https:\/\/keluvo.com\/se\/wp-json\/wp\/v2\/product"}],"about":[{"href":"https:\/\/keluvo.com\/se\/wp-json\/wp\/v2\/types\/product"}],"replies":[{"embeddable":true,"href":"https:\/\/keluvo.com\/se\/wp-json\/wp\/v2\/comments?post=21209"}],"wp:featuredmedia":[{"embeddable":true,"href":"https:\/\/keluvo.com\/se\/wp-json\/wp\/v2\/media\/21205"}],"wp:attachment":[{"href":"https:\/\/keluvo.com\/se\/wp-json\/wp\/v2\/media?parent=21209"}],"wp:term":[{"taxonomy":"product_brand","embeddable":true,"href":"https:\/\/keluvo.com\/se\/wp-json\/wp\/v2\/product_brand?post=21209"},{"taxonomy":"product_cat","embeddable":true,"href":"https:\/\/keluvo.com\/se\/wp-json\/wp\/v2\/product_cat?post=21209"},{"taxonomy":"product_tag","embeddable":true,"href":"https:\/\/keluvo.com\/se\/wp-json\/wp\/v2\/product_tag?post=21209"}],"curies":[{"name":"wp","href":"https:\/\/api.w.org\/{rel}","templated":true}]}}