{"id":21120,"date":"2025-08-27T13:47:48","date_gmt":"2025-08-27T10:47:48","guid":{"rendered":"https:\/\/keluvo.com\/se\/product\/expanderbar-hylla\/"},"modified":"2025-08-27T13:47:58","modified_gmt":"2025-08-27T10:47:58","slug":"expanderbar-hylla","status":"publish","type":"product","link":"https:\/\/keluvo.com\/se\/product\/expanderbar-hylla\/","title":{"rendered":"Expanderbar hylla"},"content":{"rendered":"<h2 style=\"text-align: center\" data-start=\"0\" data-end=\"33\">Justerbar F\u00f6r Att Passa Alla Utrymmen<\/h2>\n<p class=\"\" style=\"text-align: center\" data-start=\"34\" data-end=\"289\">Den expanderbara hyllan kan str\u00e4ckas ut till olika l\u00e4ngder, vilket g\u00f6r den perfekt f\u00f6r olika f\u00f6rvaringsbehov. Oavsett om du beh\u00f6ver extra utrymme i garderoben, k\u00f6ket eller badrummet kan den h\u00e4r hyllan enkelt justeras f\u00f6r att passa. Det \u00e4r ett enkelt s\u00e4tt att organisera ditt hem.<\/p>\n<p data-start=\"34\" data-end=\"289\"><img decoding=\"async\" class=\"alignnone size-medium wp-image-12866 aligncenter\" src=\"https:\/\/keluvo.com\/template\/wp-content\/uploads\/sites\/5\/2025\/03\/S581f0d339a42410588ec866321ccbd18T.jpg_960x960q75.jpg_.jpeg\" alt=\"\" \/><\/p>\n<h2 style=\"text-align: center\" data-start=\"291\" data-end=\"322\">Stark Och H\u00e5llbar Design<\/h2>\n<p class=\"\" style=\"text-align: center\" data-start=\"323\" data-end=\"556\">Tillverkad av j\u00e4rn, ABS och PP-material \u00e4r den expanderbara hyllan byggd f\u00f6r att h\u00e5lla. Den kan h\u00e5lla upp till 12 kg, vilket g\u00f6r den tillr\u00e4ckligt stark f\u00f6r kl\u00e4der, k\u00f6ksartiklar eller badrumsartiklar. Den robusta designen s\u00e4kerst\u00e4ller stabilitet och l\u00e5ngvarig anv\u00e4ndning.<\/p>\n<p data-start=\"323\" data-end=\"556\"><img decoding=\"async\" class=\"alignnone size-medium wp-image-12868 aligncenter\" src=\"https:\/\/keluvo.com\/template\/wp-content\/uploads\/sites\/5\/2025\/03\/Scf8eb36132c24f3381389865592f2dd0i.jpg_960x960q75.jpg_.jpeg\" alt=\"\" \/><\/p>\n","protected":false},"excerpt":{"rendered":"<p>Justerbar F\u00f6r Att Passa Alla Utrymmen Den expanderbara hyllan kan str\u00e4ckas ut till olika l\u00e4ngder, vilket g\u00f6r den perfekt f\u00f6r [&hellip;]<\/p>\n","protected":false},"featured_media":21116,"comment_status":"open","ping_status":"closed","template":"","meta":{"site-sidebar-layout":"default","site-content-layout":"","ast-site-content-layout":"default","site-content-style":"default","site-sidebar-style":"default","ast-global-header-display":"","ast-banner-title-visibility":"","ast-main-header-display":"","ast-hfb-above-header-display":"","ast-hfb-below-header-display":"","ast-hfb-mobile-header-display":"","site-post-title":"","ast-breadcrumbs-content":"","ast-featured-img":"","footer-sml-layout":"","theme-transparent-header-meta":"default","adv-header-id-meta":"","stick-header-meta":"","header-above-stick-meta":"","header-main-stick-meta":"","header-below-stick-meta":"","astra-migrate-meta-layouts":"set","ast-page-background-enabled":"default","ast-page-background-meta":{"desktop":{"background-color":"var(--ast-global-color-4)","background-image":"","background-repeat":"repeat","background-position":"center center","background-size":"auto","background-attachment":"scroll","background-type":"","background-media":"","overlay-type":"","overlay-color":"","overlay-opacity":"","overlay-gradient":""},"tablet":{"background-color":"","background-image":"","background-repeat":"repeat","background-position":"center center","background-size":"auto","background-attachment":"scroll","background-type":"","background-media":"","overlay-type":"","overlay-color":"","overlay-opacity":"","overlay-gradient":""},"mobile":{"background-color":"","background-image":"","background-repeat":"repeat","background-position":"center center","background-size":"auto","background-attachment":"scroll","background-type":"","background-media":"","overlay-type":"","overlay-color":"","overlay-opacity":"","overlay-gradient":""}},"ast-content-background-meta":{"desktop":{"background-color":"var(--ast-global-color-5)","background-image":"","background-repeat":"repeat","background-position":"center center","background-size":"auto","background-attachment":"scroll","background-type":"","background-media":"","overlay-type":"","overlay-color":"","overlay-opacity":"","overlay-gradient":""},"tablet":{"background-color":"var(--ast-global-color-5)","background-image":"","background-repeat":"repeat","background-position":"center center","background-size":"auto","background-attachment":"scroll","background-type":"","background-media":"","overlay-type":"","overlay-color":"","overlay-opacity":"","overlay-gradient":""},"mobile":{"background-color":"var(--ast-global-color-5)","background-image":"","background-repeat":"repeat","background-position":"center center","background-size":"auto","background-attachment":"scroll","background-type":"","background-media":"","overlay-type":"","overlay-color":"","overlay-opacity":"","overlay-gradient":""}}},"product_brand":[],"product_cat":[1001],"product_tag":[],"class_list":{"0":"post-21120","1":"product","2":"type-product","3":"status-publish","4":"has-post-thumbnail","6":"product_cat-household-goods","7":"pa_47557_98efckp8-30x40cm","8":"pa_47557_98efckp8-38x60cm","9":"pa_47557_98efckp8-48x80cm","10":"desktop-align-left","11":"tablet-align-left","12":"mobile-align-left","14":"first","15":"instock","16":"shipping-taxable","17":"purchasable","18":"product-type-variable"},"_links":{"self":[{"href":"https:\/\/keluvo.com\/se\/wp-json\/wp\/v2\/product\/21120","targetHints":{"allow":["GET"]}}],"collection":[{"href":"https:\/\/keluvo.com\/se\/wp-json\/wp\/v2\/product"}],"about":[{"href":"https:\/\/keluvo.com\/se\/wp-json\/wp\/v2\/types\/product"}],"replies":[{"embeddable":true,"href":"https:\/\/keluvo.com\/se\/wp-json\/wp\/v2\/comments?post=21120"}],"wp:featuredmedia":[{"embeddable":true,"href":"https:\/\/keluvo.com\/se\/wp-json\/wp\/v2\/media\/21116"}],"wp:attachment":[{"href":"https:\/\/keluvo.com\/se\/wp-json\/wp\/v2\/media?parent=21120"}],"wp:term":[{"taxonomy":"product_brand","embeddable":true,"href":"https:\/\/keluvo.com\/se\/wp-json\/wp\/v2\/product_brand?post=21120"},{"taxonomy":"product_cat","embeddable":true,"href":"https:\/\/keluvo.com\/se\/wp-json\/wp\/v2\/product_cat?post=21120"},{"taxonomy":"product_tag","embeddable":true,"href":"https:\/\/keluvo.com\/se\/wp-json\/wp\/v2\/product_tag?post=21120"}],"curies":[{"name":"wp","href":"https:\/\/api.w.org\/{rel}","templated":true}]}}