{"id":21115,"date":"2025-08-27T13:47:16","date_gmt":"2025-08-27T10:47:16","guid":{"rendered":"https:\/\/keluvo.com\/se\/product\/rengoringsmedel-for-bilglas\/"},"modified":"2025-09-13T13:31:58","modified_gmt":"2025-09-13T10:31:58","slug":"rengoringsmedel-for-bilglas","status":"publish","type":"product","link":"https:\/\/keluvo.com\/se\/product\/rengoringsmedel-for-bilglas\/","title":{"rendered":"Reng\u00f6ringsmedel f\u00f6r bilglas"},"content":{"rendered":"<h2 style=\"text-align: center\" data-start=\"0\" data-end=\"26\">Avl\u00e4gsnar Smuts Och Olja<\/h2>\n<p style=\"text-align: center\" data-start=\"27\" data-end=\"227\">Bilglasreng\u00f6ringsmedlet avl\u00e4gsnar effektivt smuts, oljefilm och andra fl\u00e4ckar fr\u00e5n vindrutor och f\u00f6nster. Den \u00e5terst\u00e4ller klar sikt, vilket g\u00f6r k\u00f6rningen s\u00e4krare. Fungerar p\u00e5 alla typer av bilglasytor.<\/p>\n<p data-start=\"27\" data-end=\"227\"><img decoding=\"async\" class=\"alignnone size-medium wp-image-11801 aligncenter\" src=\"https:\/\/keluvo.com\/template\/wp-content\/uploads\/sites\/5\/2025\/02\/Sf2514a80c3f64576b64fdd5ca34374be8.jpg_960x960q75.jpg_.jpeg\" alt=\"\" \/><\/p>\n<h2 style=\"text-align: center\" data-start=\"229\" data-end=\"266\">Skyddar Mot Vatten Och Smuts<\/h2>\n<p style=\"text-align: center\" data-start=\"267\" data-end=\"451\">Den h\u00e4r bilglasreng\u00f6ringen l\u00e4mnar ett skyddande skikt som st\u00f6ter bort vatten och smuts. Den hydrofoba effekten f\u00f6rb\u00e4ttrar sikten i regnigt v\u00e4der. Hj\u00e4lper till att h\u00e5lla vindrutan ren l\u00e4ngre.<\/p>\n<p data-start=\"267\" data-end=\"451\"><img decoding=\"async\" class=\"alignnone size-medium wp-image-11797 aligncenter\" src=\"https:\/\/keluvo.com\/template\/wp-content\/uploads\/sites\/5\/2025\/02\/bf108fb4-759f-4bef-b7f1-eb107ec0d0b5.jpg\" alt=\"\" \/><\/p>\n","protected":false},"excerpt":{"rendered":"<p>Avl\u00e4gsnar Smuts Och Olja Bilglasreng\u00f6ringsmedlet avl\u00e4gsnar effektivt smuts, oljefilm och andra fl\u00e4ckar fr\u00e5n vindrutor och f\u00f6nster. Den \u00e5terst\u00e4ller klar sikt, [&hellip;]<\/p>\n","protected":false},"featured_media":21111,"comment_status":"open","ping_status":"closed","template":"","meta":{"site-sidebar-layout":"default","site-content-layout":"","ast-site-content-layout":"default","site-content-style":"default","site-sidebar-style":"default","ast-global-header-display":"","ast-banner-title-visibility":"","ast-main-header-display":"","ast-hfb-above-header-display":"","ast-hfb-below-header-display":"","ast-hfb-mobile-header-display":"","site-post-title":"","ast-breadcrumbs-content":"","ast-featured-img":"","footer-sml-layout":"","theme-transparent-header-meta":"default","adv-header-id-meta":"","stick-header-meta":"","header-above-stick-meta":"","header-main-stick-meta":"","header-below-stick-meta":"","astra-migrate-meta-layouts":"set","ast-page-background-enabled":"default","ast-page-background-meta":{"desktop":{"background-color":"var(--ast-global-color-4)","background-image":"","background-repeat":"repeat","background-position":"center center","background-size":"auto","background-attachment":"scroll","background-type":"","background-media":"","overlay-type":"","overlay-color":"","overlay-opacity":"","overlay-gradient":""},"tablet":{"background-color":"","background-image":"","background-repeat":"repeat","background-position":"center center","background-size":"auto","background-attachment":"scroll","background-type":"","background-media":"","overlay-type":"","overlay-color":"","overlay-opacity":"","overlay-gradient":""},"mobile":{"background-color":"","background-image":"","background-repeat":"repeat","background-position":"center center","background-size":"auto","background-attachment":"scroll","background-type":"","background-media":"","overlay-type":"","overlay-color":"","overlay-opacity":"","overlay-gradient":""}},"ast-content-background-meta":{"desktop":{"background-color":"var(--ast-global-color-5)","background-image":"","background-repeat":"repeat","background-position":"center center","background-size":"auto","background-attachment":"scroll","background-type":"","background-media":"","overlay-type":"","overlay-color":"","overlay-opacity":"","overlay-gradient":""},"tablet":{"background-color":"var(--ast-global-color-5)","background-image":"","background-repeat":"repeat","background-position":"center center","background-size":"auto","background-attachment":"scroll","background-type":"","background-media":"","overlay-type":"","overlay-color":"","overlay-opacity":"","overlay-gradient":""},"mobile":{"background-color":"var(--ast-global-color-5)","background-image":"","background-repeat":"repeat","background-position":"center center","background-size":"auto","background-attachment":"scroll","background-type":"","background-media":"","overlay-type":"","overlay-color":"","overlay-opacity":"","overlay-gradient":""}}},"product_brand":[],"product_cat":[993],"product_tag":[],"class_list":{"0":"post-21115","1":"product","2":"type-product","3":"status-publish","4":"has-post-thumbnail","6":"product_cat-footwear-accessories","7":"desktop-align-left","8":"tablet-align-left","9":"mobile-align-left","11":"first","12":"instock","13":"shipping-taxable","14":"purchasable","15":"product-type-simple"},"_links":{"self":[{"href":"https:\/\/keluvo.com\/se\/wp-json\/wp\/v2\/product\/21115","targetHints":{"allow":["GET"]}}],"collection":[{"href":"https:\/\/keluvo.com\/se\/wp-json\/wp\/v2\/product"}],"about":[{"href":"https:\/\/keluvo.com\/se\/wp-json\/wp\/v2\/types\/product"}],"replies":[{"embeddable":true,"href":"https:\/\/keluvo.com\/se\/wp-json\/wp\/v2\/comments?post=21115"}],"wp:featuredmedia":[{"embeddable":true,"href":"https:\/\/keluvo.com\/se\/wp-json\/wp\/v2\/media\/21111"}],"wp:attachment":[{"href":"https:\/\/keluvo.com\/se\/wp-json\/wp\/v2\/media?parent=21115"}],"wp:term":[{"taxonomy":"product_brand","embeddable":true,"href":"https:\/\/keluvo.com\/se\/wp-json\/wp\/v2\/product_brand?post=21115"},{"taxonomy":"product_cat","embeddable":true,"href":"https:\/\/keluvo.com\/se\/wp-json\/wp\/v2\/product_cat?post=21115"},{"taxonomy":"product_tag","embeddable":true,"href":"https:\/\/keluvo.com\/se\/wp-json\/wp\/v2\/product_tag?post=21115"}],"curies":[{"name":"wp","href":"https:\/\/api.w.org\/{rel}","templated":true}]}}