{"id":21100,"date":"2025-08-27T13:46:46","date_gmt":"2025-08-27T10:46:46","guid":{"rendered":"https:\/\/keluvo.com\/se\/product\/sovsack-for-baby\/"},"modified":"2025-09-13T13:32:52","modified_gmt":"2025-09-13T10:32:52","slug":"sovsack-for-baby","status":"publish","type":"product","link":"https:\/\/keluvo.com\/se\/product\/sovsack-for-baby\/","title":{"rendered":"Sovs\u00e4ck f\u00f6r baby"},"content":{"rendered":"<h2 style=\"text-align: center\" data-start=\"0\" data-end=\"26\">Varm och mysig design<\/h2>\n<p class=\"\" style=\"text-align: center\" data-start=\"27\" data-end=\"304\">Babysovs\u00e4cken \u00e4r gjord av mjuk imiterad kashmir som h\u00e5ller ditt barn varmt och bekv\u00e4mt. Den \u00e4r perfekt f\u00f6r svalare \u00e5rstider som h\u00f6st, vinter och tidig v\u00e5r. Det tjocka materialet hj\u00e4lper till att skydda din lilla fr\u00e5n kall luft. Ditt barn kommer att k\u00e4nna sig tryggt och ombonat i den.<\/p>\n<p data-start=\"27\" data-end=\"304\"><img decoding=\"async\" class=\"alignnone size-medium wp-image-12810 aligncenter\" src=\"https:\/\/keluvo.com\/template\/wp-content\/uploads\/sites\/5\/2025\/03\/Scf2b0c1221764c809213d785fb5b3fb8y.jpeg\" alt=\"\" \/><\/p>\n<h2 style=\"text-align: center\" data-start=\"306\" data-end=\"340\">Justerbar f\u00f6r perfekt passform<\/h2>\n<p class=\"\" style=\"text-align: center\" data-start=\"341\" data-end=\"601\">Den h\u00e4r sovs\u00e4cken f\u00f6r barn har en justerbar design som g\u00f6r att ditt barn kan omslutas s\u00e4kert. Du kan enkelt kn\u00e4ppa fast den och se till att ditt barn har det bekv\u00e4mt. Den t\u00e4ta passformen hj\u00e4lper ditt barn att sova b\u00e4ttre genom att skapa en mysig k\u00e4nsla. Den \u00e4r utformad f\u00f6r nyf\u00f6dda och sm\u00e5 bebisar.<\/p>\n<p data-start=\"341\" data-end=\"601\"><img decoding=\"async\" class=\"alignnone size-medium wp-image-12805 aligncenter\" src=\"https:\/\/keluvo.com\/template\/wp-content\/uploads\/sites\/5\/2025\/03\/S1f12aef57dda4ea3ac02e1989c2c8c4cb.jpeg\" alt=\"\" \/><\/p>\n","protected":false},"excerpt":{"rendered":"<p>Varm och mysig design Babysovs\u00e4cken \u00e4r gjord av mjuk imiterad kashmir som h\u00e5ller ditt barn varmt och bekv\u00e4mt. Den \u00e4r [&hellip;]<\/p>\n","protected":false},"featured_media":21096,"comment_status":"open","ping_status":"closed","template":"","meta":{"site-sidebar-layout":"default","site-content-layout":"","ast-site-content-layout":"default","site-content-style":"default","site-sidebar-style":"default","ast-global-header-display":"","ast-banner-title-visibility":"","ast-main-header-display":"","ast-hfb-above-header-display":"","ast-hfb-below-header-display":"","ast-hfb-mobile-header-display":"","site-post-title":"","ast-breadcrumbs-content":"","ast-featured-img":"","footer-sml-layout":"","theme-transparent-header-meta":"default","adv-header-id-meta":"","stick-header-meta":"","header-above-stick-meta":"","header-main-stick-meta":"","header-below-stick-meta":"","astra-migrate-meta-layouts":"set","ast-page-background-enabled":"default","ast-page-background-meta":{"desktop":{"background-color":"var(--ast-global-color-4)","background-image":"","background-repeat":"repeat","background-position":"center center","background-size":"auto","background-attachment":"scroll","background-type":"","background-media":"","overlay-type":"","overlay-color":"","overlay-opacity":"","overlay-gradient":""},"tablet":{"background-color":"","background-image":"","background-repeat":"repeat","background-position":"center center","background-size":"auto","background-attachment":"scroll","background-type":"","background-media":"","overlay-type":"","overlay-color":"","overlay-opacity":"","overlay-gradient":""},"mobile":{"background-color":"","background-image":"","background-repeat":"repeat","background-position":"center center","background-size":"auto","background-attachment":"scroll","background-type":"","background-media":"","overlay-type":"","overlay-color":"","overlay-opacity":"","overlay-gradient":""}},"ast-content-background-meta":{"desktop":{"background-color":"var(--ast-global-color-5)","background-image":"","background-repeat":"repeat","background-position":"center center","background-size":"auto","background-attachment":"scroll","background-type":"","background-media":"","overlay-type":"","overlay-color":"","overlay-opacity":"","overlay-gradient":""},"tablet":{"background-color":"var(--ast-global-color-5)","background-image":"","background-repeat":"repeat","background-position":"center center","background-size":"auto","background-attachment":"scroll","background-type":"","background-media":"","overlay-type":"","overlay-color":"","overlay-opacity":"","overlay-gradient":""},"mobile":{"background-color":"var(--ast-global-color-5)","background-image":"","background-repeat":"repeat","background-position":"center center","background-size":"auto","background-attachment":"scroll","background-type":"","background-media":"","overlay-type":"","overlay-color":"","overlay-opacity":"","overlay-gradient":""}}},"product_brand":[],"product_cat":[990],"product_tag":[],"class_list":{"0":"post-21100","1":"product","2":"type-product","3":"status-publish","4":"has-post-thumbnail","6":"product_cat-toys-childrens-and-baby-products","7":"pa_43127_7ekxpyje-brun","8":"pa_43127_7ekxpyje-gra","9":"pa_43127_7ekxpyje-ljusbla","10":"pa_43127_7ekxpyje-rosa","11":"pa_43127_7ekxpyje-vit","12":"desktop-align-left","13":"tablet-align-left","14":"mobile-align-left","16":"first","17":"instock","18":"shipping-taxable","19":"purchasable","20":"product-type-variable"},"_links":{"self":[{"href":"https:\/\/keluvo.com\/se\/wp-json\/wp\/v2\/product\/21100","targetHints":{"allow":["GET"]}}],"collection":[{"href":"https:\/\/keluvo.com\/se\/wp-json\/wp\/v2\/product"}],"about":[{"href":"https:\/\/keluvo.com\/se\/wp-json\/wp\/v2\/types\/product"}],"replies":[{"embeddable":true,"href":"https:\/\/keluvo.com\/se\/wp-json\/wp\/v2\/comments?post=21100"}],"wp:featuredmedia":[{"embeddable":true,"href":"https:\/\/keluvo.com\/se\/wp-json\/wp\/v2\/media\/21096"}],"wp:attachment":[{"href":"https:\/\/keluvo.com\/se\/wp-json\/wp\/v2\/media?parent=21100"}],"wp:term":[{"taxonomy":"product_brand","embeddable":true,"href":"https:\/\/keluvo.com\/se\/wp-json\/wp\/v2\/product_brand?post=21100"},{"taxonomy":"product_cat","embeddable":true,"href":"https:\/\/keluvo.com\/se\/wp-json\/wp\/v2\/product_cat?post=21100"},{"taxonomy":"product_tag","embeddable":true,"href":"https:\/\/keluvo.com\/se\/wp-json\/wp\/v2\/product_tag?post=21100"}],"curies":[{"name":"wp","href":"https:\/\/api.w.org\/{rel}","templated":true}]}}