{"id":21082,"date":"2025-08-27T13:45:34","date_gmt":"2025-08-27T10:45:34","guid":{"rendered":"https:\/\/keluvo.com\/se\/product\/kristallglas-275-ml\/"},"modified":"2025-08-27T13:45:34","modified_gmt":"2025-08-27T10:45:34","slug":"kristallglas-275-ml","status":"publish","type":"product","link":"https:\/\/keluvo.com\/se\/product\/kristallglas-275-ml\/","title":{"rendered":"Kristallglas (275 ml)"},"content":{"rendered":"<h2 style=\"text-align: center\" data-start=\"0\" data-end=\"31\"><strong>Elegant Och Unik Design<\/strong><\/h2>\n<p class=\"\" style=\"text-align: center\" data-start=\"32\" data-end=\"248\">Kristallglaset har ett vackert handm\u00e5lat m\u00f6nster med f\u00e4rgglada linjer. Dess konstn\u00e4rliga design g\u00f6r den perfekt f\u00f6r speciella tillf\u00e4llen eller vardagsbruk. Detta glas ger en touch av elegans till alla dukningar.<\/p>\n<p data-start=\"32\" data-end=\"248\"><img decoding=\"async\" class=\"alignnone size-medium wp-image-12872 aligncenter\" src=\"https:\/\/keluvo.com\/template\/wp-content\/uploads\/sites\/5\/2025\/03\/S12f615e7337f4528a6342fc3ce7583428.jpg_960x960q75.jpg_.jpeg\" alt=\"\" \/><\/p>\n<h2 style=\"text-align: center\" data-start=\"250\" data-end=\"277\"><strong>H\u00f6gkvalitativt Material<\/strong><\/h2>\n<p class=\"\" style=\"text-align: center\" data-start=\"278\" data-end=\"503\">Tillverkad av h\u00e5llbart kristallglas \u00e4r denna kopp stark och h\u00e5llbar. Det h\u00f6gkvalitativa materialet garanterar klarhet och glans, vilket g\u00f6r det till ett elegant val f\u00f6r drycker. Den \u00e4r perfekt f\u00f6r servering av juice, whisky eller andra drycker.<\/p>\n<p data-start=\"278\" data-end=\"503\"><img decoding=\"async\" class=\"alignnone size-medium wp-image-12871 aligncenter\" src=\"https:\/\/keluvo.com\/template\/wp-content\/uploads\/sites\/5\/2025\/03\/S10e43f9ff5234362a180d7d824b4debak.jpg_960x960q75.jpg_.jpeg\" alt=\"\" \/><\/p>\n","protected":false},"excerpt":{"rendered":"<p>Elegant Och Unik Design Kristallglaset har ett vackert handm\u00e5lat m\u00f6nster med f\u00e4rgglada linjer. Dess konstn\u00e4rliga design g\u00f6r den perfekt f\u00f6r [&hellip;]<\/p>\n","protected":false},"featured_media":21078,"comment_status":"open","ping_status":"closed","template":"","meta":{"site-sidebar-layout":"default","site-content-layout":"","ast-site-content-layout":"default","site-content-style":"default","site-sidebar-style":"default","ast-global-header-display":"","ast-banner-title-visibility":"","ast-main-header-display":"","ast-hfb-above-header-display":"","ast-hfb-below-header-display":"","ast-hfb-mobile-header-display":"","site-post-title":"","ast-breadcrumbs-content":"","ast-featured-img":"","footer-sml-layout":"","theme-transparent-header-meta":"default","adv-header-id-meta":"","stick-header-meta":"","header-above-stick-meta":"","header-main-stick-meta":"","header-below-stick-meta":"","astra-migrate-meta-layouts":"set","ast-page-background-enabled":"default","ast-page-background-meta":{"desktop":{"background-color":"var(--ast-global-color-4)","background-image":"","background-repeat":"repeat","background-position":"center center","background-size":"auto","background-attachment":"scroll","background-type":"","background-media":"","overlay-type":"","overlay-color":"","overlay-opacity":"","overlay-gradient":""},"tablet":{"background-color":"","background-image":"","background-repeat":"repeat","background-position":"center center","background-size":"auto","background-attachment":"scroll","background-type":"","background-media":"","overlay-type":"","overlay-color":"","overlay-opacity":"","overlay-gradient":""},"mobile":{"background-color":"","background-image":"","background-repeat":"repeat","background-position":"center center","background-size":"auto","background-attachment":"scroll","background-type":"","background-media":"","overlay-type":"","overlay-color":"","overlay-opacity":"","overlay-gradient":""}},"ast-content-background-meta":{"desktop":{"background-color":"var(--ast-global-color-5)","background-image":"","background-repeat":"repeat","background-position":"center center","background-size":"auto","background-attachment":"scroll","background-type":"","background-media":"","overlay-type":"","overlay-color":"","overlay-opacity":"","overlay-gradient":""},"tablet":{"background-color":"var(--ast-global-color-5)","background-image":"","background-repeat":"repeat","background-position":"center center","background-size":"auto","background-attachment":"scroll","background-type":"","background-media":"","overlay-type":"","overlay-color":"","overlay-opacity":"","overlay-gradient":""},"mobile":{"background-color":"var(--ast-global-color-5)","background-image":"","background-repeat":"repeat","background-position":"center center","background-size":"auto","background-attachment":"scroll","background-type":"","background-media":"","overlay-type":"","overlay-color":"","overlay-opacity":"","overlay-gradient":""}}},"product_brand":[],"product_cat":[993],"product_tag":[],"class_list":{"0":"post-21082","1":"product","2":"type-product","3":"status-publish","4":"has-post-thumbnail","6":"product_cat-footwear-accessories","7":"desktop-align-left","8":"tablet-align-left","9":"mobile-align-left","11":"first","12":"instock","13":"shipping-taxable","14":"purchasable","15":"product-type-simple"},"_links":{"self":[{"href":"https:\/\/keluvo.com\/se\/wp-json\/wp\/v2\/product\/21082","targetHints":{"allow":["GET"]}}],"collection":[{"href":"https:\/\/keluvo.com\/se\/wp-json\/wp\/v2\/product"}],"about":[{"href":"https:\/\/keluvo.com\/se\/wp-json\/wp\/v2\/types\/product"}],"replies":[{"embeddable":true,"href":"https:\/\/keluvo.com\/se\/wp-json\/wp\/v2\/comments?post=21082"}],"wp:featuredmedia":[{"embeddable":true,"href":"https:\/\/keluvo.com\/se\/wp-json\/wp\/v2\/media\/21078"}],"wp:attachment":[{"href":"https:\/\/keluvo.com\/se\/wp-json\/wp\/v2\/media?parent=21082"}],"wp:term":[{"taxonomy":"product_brand","embeddable":true,"href":"https:\/\/keluvo.com\/se\/wp-json\/wp\/v2\/product_brand?post=21082"},{"taxonomy":"product_cat","embeddable":true,"href":"https:\/\/keluvo.com\/se\/wp-json\/wp\/v2\/product_cat?post=21082"},{"taxonomy":"product_tag","embeddable":true,"href":"https:\/\/keluvo.com\/se\/wp-json\/wp\/v2\/product_tag?post=21082"}],"curies":[{"name":"wp","href":"https:\/\/api.w.org\/{rel}","templated":true}]}}