{"id":21065,"date":"2025-08-27T13:44:58","date_gmt":"2025-08-27T10:44:58","guid":{"rendered":"https:\/\/keluvo.com\/se\/product\/fallbar-tradgardssag\/"},"modified":"2025-08-27T13:45:19","modified_gmt":"2025-08-27T10:45:19","slug":"fallbar-tradgardssag","status":"publish","type":"product","link":"https:\/\/keluvo.com\/se\/product\/fallbar-tradgardssag\/","title":{"rendered":"F\u00e4llbar tr\u00e4dg\u00e5rdss\u00e5g"},"content":{"rendered":"<h2 style=\"text-align: center\" data-start=\"0\" data-end=\"31\">Stark Och H\u00e5llbar Design<\/h2>\n<p class=\"\" style=\"text-align: center\" data-start=\"32\" data-end=\"281\">Den hopf\u00e4llbara tr\u00e4dg\u00e5rdss\u00e5gen \u00e4r tillverkad av h\u00f6gkvalitativ metall, vilket ger den stark h\u00e5rdhet och l\u00e5ngvarig anv\u00e4ndning. Den klarar tuffa jobb som att kapa tjocka grenar eller stockar utan att g\u00e5 s\u00f6nder. Det g\u00f6r den till ett p\u00e5litligt verktyg f\u00f6r alla dina behov av kapning utomhus.<\/p>\n<p data-start=\"32\" data-end=\"281\"><img decoding=\"async\" class=\"alignnone size-medium wp-image-12830 aligncenter\" src=\"https:\/\/keluvo.com\/template\/wp-content\/uploads\/sites\/5\/2025\/03\/Sfc40888870a74a07a30f510af579a48bY.jpg_960x960q75.jpg_.jpeg\" alt=\"\" \/><\/p>\n<h2 style=\"text-align: center\" data-start=\"283\" data-end=\"310\">Snabb Och Enkel Kapning<\/h2>\n<p class=\"\" style=\"text-align: center\" data-start=\"311\" data-end=\"541\">Med sin tresidiga kuggslipningsdesign kapar den h\u00e4r s\u00e5gen snabbare och smidigare \u00e4n vanliga s\u00e5gar. Den fastnar inte s\u00e5 l\u00e4tt och fungerar bra p\u00e5 b\u00e5de torrt och v\u00e5tt tr\u00e4. Det inneb\u00e4r att du kan slutf\u00f6ra dina uppgifter snabbt och med mindre anstr\u00e4ngning.<\/p>\n<p data-start=\"311\" data-end=\"541\"><img decoding=\"async\" class=\"alignnone size-medium wp-image-12826 aligncenter\" src=\"https:\/\/keluvo.com\/template\/wp-content\/uploads\/sites\/5\/2025\/03\/S7af7961567754f7aa4e9bf3a290bb84cr.jpg_960x960q75.jpg_.jpeg\" alt=\"\" \/><\/p>\n","protected":false},"excerpt":{"rendered":"<p>Stark Och H\u00e5llbar Design Den hopf\u00e4llbara tr\u00e4dg\u00e5rdss\u00e5gen \u00e4r tillverkad av h\u00f6gkvalitativ metall, vilket ger den stark h\u00e5rdhet och l\u00e5ngvarig anv\u00e4ndning. [&hellip;]<\/p>\n","protected":false},"featured_media":21061,"comment_status":"open","ping_status":"closed","template":"","meta":{"site-sidebar-layout":"default","site-content-layout":"","ast-site-content-layout":"default","site-content-style":"default","site-sidebar-style":"default","ast-global-header-display":"","ast-banner-title-visibility":"","ast-main-header-display":"","ast-hfb-above-header-display":"","ast-hfb-below-header-display":"","ast-hfb-mobile-header-display":"","site-post-title":"","ast-breadcrumbs-content":"","ast-featured-img":"","footer-sml-layout":"","theme-transparent-header-meta":"default","adv-header-id-meta":"","stick-header-meta":"","header-above-stick-meta":"","header-main-stick-meta":"","header-below-stick-meta":"","astra-migrate-meta-layouts":"set","ast-page-background-enabled":"default","ast-page-background-meta":{"desktop":{"background-color":"var(--ast-global-color-4)","background-image":"","background-repeat":"repeat","background-position":"center center","background-size":"auto","background-attachment":"scroll","background-type":"","background-media":"","overlay-type":"","overlay-color":"","overlay-opacity":"","overlay-gradient":""},"tablet":{"background-color":"","background-image":"","background-repeat":"repeat","background-position":"center center","background-size":"auto","background-attachment":"scroll","background-type":"","background-media":"","overlay-type":"","overlay-color":"","overlay-opacity":"","overlay-gradient":""},"mobile":{"background-color":"","background-image":"","background-repeat":"repeat","background-position":"center center","background-size":"auto","background-attachment":"scroll","background-type":"","background-media":"","overlay-type":"","overlay-color":"","overlay-opacity":"","overlay-gradient":""}},"ast-content-background-meta":{"desktop":{"background-color":"var(--ast-global-color-5)","background-image":"","background-repeat":"repeat","background-position":"center center","background-size":"auto","background-attachment":"scroll","background-type":"","background-media":"","overlay-type":"","overlay-color":"","overlay-opacity":"","overlay-gradient":""},"tablet":{"background-color":"var(--ast-global-color-5)","background-image":"","background-repeat":"repeat","background-position":"center center","background-size":"auto","background-attachment":"scroll","background-type":"","background-media":"","overlay-type":"","overlay-color":"","overlay-opacity":"","overlay-gradient":""},"mobile":{"background-color":"var(--ast-global-color-5)","background-image":"","background-repeat":"repeat","background-position":"center center","background-size":"auto","background-attachment":"scroll","background-type":"","background-media":"","overlay-type":"","overlay-color":"","overlay-opacity":"","overlay-gradient":""}}},"product_brand":[],"product_cat":[996],"product_tag":[],"class_list":{"0":"post-21065","1":"product","2":"type-product","3":"status-publish","4":"has-post-thumbnail","6":"product_cat-tools","7":"pa_21358_dsyar059-13cm","8":"pa_21358_dsyar059-15cm","9":"pa_21358_dsyar059-18cm","10":"pa_21358_dsyar059-21cm","11":"pa_21358_dsyar059-25cm","12":"pa_21358_dsyar059-30cm","13":"desktop-align-left","14":"tablet-align-left","15":"mobile-align-left","17":"first","18":"instock","19":"shipping-taxable","20":"purchasable","21":"product-type-variable"},"_links":{"self":[{"href":"https:\/\/keluvo.com\/se\/wp-json\/wp\/v2\/product\/21065","targetHints":{"allow":["GET"]}}],"collection":[{"href":"https:\/\/keluvo.com\/se\/wp-json\/wp\/v2\/product"}],"about":[{"href":"https:\/\/keluvo.com\/se\/wp-json\/wp\/v2\/types\/product"}],"replies":[{"embeddable":true,"href":"https:\/\/keluvo.com\/se\/wp-json\/wp\/v2\/comments?post=21065"}],"wp:featuredmedia":[{"embeddable":true,"href":"https:\/\/keluvo.com\/se\/wp-json\/wp\/v2\/media\/21061"}],"wp:attachment":[{"href":"https:\/\/keluvo.com\/se\/wp-json\/wp\/v2\/media?parent=21065"}],"wp:term":[{"taxonomy":"product_brand","embeddable":true,"href":"https:\/\/keluvo.com\/se\/wp-json\/wp\/v2\/product_brand?post=21065"},{"taxonomy":"product_cat","embeddable":true,"href":"https:\/\/keluvo.com\/se\/wp-json\/wp\/v2\/product_cat?post=21065"},{"taxonomy":"product_tag","embeddable":true,"href":"https:\/\/keluvo.com\/se\/wp-json\/wp\/v2\/product_tag?post=21065"}],"curies":[{"name":"wp","href":"https:\/\/api.w.org\/{rel}","templated":true}]}}