{"id":21060,"date":"2025-08-27T13:44:17","date_gmt":"2025-08-27T10:44:17","guid":{"rendered":"https:\/\/keluvo.com\/se\/product\/massageredskap\/"},"modified":"2025-08-27T13:44:17","modified_gmt":"2025-08-27T10:44:17","slug":"massageredskap","status":"publish","type":"product","link":"https:\/\/keluvo.com\/se\/product\/massageredskap\/","title":{"rendered":"Massageredskap"},"content":{"rendered":"<h2 style=\"text-align: center\" data-start=\"0\" data-end=\"32\">Koppla av n\u00e4r som helst, var som helst<\/h2>\n<p style=\"text-align: center\" data-start=\"33\" data-end=\"309\">Massageapparaten \u00e4r perfekt f\u00f6r anv\u00e4ndning hemma, p\u00e5 kontoret eller till och med i bilen. Den hj\u00e4lper till att minska stress och lindrar den dagliga p\u00e5frestningen som orsakas av resor, arbete och andra dagliga aktiviteter. Med sin m\u00e5ngsidiga design kan du njuta av en lugnande massage oavsett var du befinner dig.<\/p>\n<p data-start=\"33\" data-end=\"309\"><img decoding=\"async\" class=\"alignnone size-medium wp-image-11954 aligncenter\" src=\"https:\/\/keluvo.com\/template\/wp-content\/uploads\/sites\/5\/2025\/02\/H411e1265d1884ccf9fa5e0b64546ad539.jpg_960x960q75.jpg_.jpeg\" alt=\"\" \/><\/p>\n<h2 style=\"text-align: center\" data-start=\"311\" data-end=\"348\">Bekv\u00e4m och s\u00e4ker massage<\/h2>\n<p style=\"text-align: center\" data-start=\"349\" data-end=\"613\">Utrustad med 5 inbyggda vibrationsmotorer ger massageapparaten en bekv\u00e4m och avkopplande massage f\u00f6r rygg, nacke, l\u00e4ndrygg och l\u00e5r. Det inbyggda termiska \u00f6verbelastningsskyddet garanterar s\u00e4ker anv\u00e4ndning, s\u00e5 att du kan njuta av en bekymmersfri massagesession varje g\u00e5ng.<\/p>\n<p data-start=\"349\" data-end=\"613\"><img decoding=\"async\" class=\"aligncenter wp-image-11958 size-medium\" src=\"https:\/\/keluvo.com\/template\/wp-content\/uploads\/sites\/5\/2025\/02\/Hf0ff1fb944dc433c935645c1729b4a73z.jpg_960x960q75.jpg_-e1739785801228.jpeg\" alt=\"\" \/><\/p>\n","protected":false},"excerpt":{"rendered":"<p>Koppla av n\u00e4r som helst, var som helst Massageapparaten \u00e4r perfekt f\u00f6r anv\u00e4ndning hemma, p\u00e5 kontoret eller till och med [&hellip;]<\/p>\n","protected":false},"featured_media":21056,"comment_status":"open","ping_status":"closed","template":"","meta":{"site-sidebar-layout":"default","site-content-layout":"","ast-site-content-layout":"default","site-content-style":"default","site-sidebar-style":"default","ast-global-header-display":"","ast-banner-title-visibility":"","ast-main-header-display":"","ast-hfb-above-header-display":"","ast-hfb-below-header-display":"","ast-hfb-mobile-header-display":"","site-post-title":"","ast-breadcrumbs-content":"","ast-featured-img":"","footer-sml-layout":"","theme-transparent-header-meta":"default","adv-header-id-meta":"","stick-header-meta":"","header-above-stick-meta":"","header-main-stick-meta":"","header-below-stick-meta":"","astra-migrate-meta-layouts":"set","ast-page-background-enabled":"default","ast-page-background-meta":{"desktop":{"background-color":"var(--ast-global-color-4)","background-image":"","background-repeat":"repeat","background-position":"center center","background-size":"auto","background-attachment":"scroll","background-type":"","background-media":"","overlay-type":"","overlay-color":"","overlay-opacity":"","overlay-gradient":""},"tablet":{"background-color":"","background-image":"","background-repeat":"repeat","background-position":"center center","background-size":"auto","background-attachment":"scroll","background-type":"","background-media":"","overlay-type":"","overlay-color":"","overlay-opacity":"","overlay-gradient":""},"mobile":{"background-color":"","background-image":"","background-repeat":"repeat","background-position":"center center","background-size":"auto","background-attachment":"scroll","background-type":"","background-media":"","overlay-type":"","overlay-color":"","overlay-opacity":"","overlay-gradient":""}},"ast-content-background-meta":{"desktop":{"background-color":"var(--ast-global-color-5)","background-image":"","background-repeat":"repeat","background-position":"center center","background-size":"auto","background-attachment":"scroll","background-type":"","background-media":"","overlay-type":"","overlay-color":"","overlay-opacity":"","overlay-gradient":""},"tablet":{"background-color":"var(--ast-global-color-5)","background-image":"","background-repeat":"repeat","background-position":"center center","background-size":"auto","background-attachment":"scroll","background-type":"","background-media":"","overlay-type":"","overlay-color":"","overlay-opacity":"","overlay-gradient":""},"mobile":{"background-color":"var(--ast-global-color-5)","background-image":"","background-repeat":"repeat","background-position":"center center","background-size":"auto","background-attachment":"scroll","background-type":"","background-media":"","overlay-type":"","overlay-color":"","overlay-opacity":"","overlay-gradient":""}}},"product_brand":[],"product_cat":[993],"product_tag":[],"class_list":{"0":"post-21060","1":"product","2":"type-product","3":"status-publish","4":"has-post-thumbnail","6":"product_cat-footwear-accessories","7":"desktop-align-left","8":"tablet-align-left","9":"mobile-align-left","11":"first","12":"instock","13":"shipping-taxable","14":"purchasable","15":"product-type-simple"},"_links":{"self":[{"href":"https:\/\/keluvo.com\/se\/wp-json\/wp\/v2\/product\/21060","targetHints":{"allow":["GET"]}}],"collection":[{"href":"https:\/\/keluvo.com\/se\/wp-json\/wp\/v2\/product"}],"about":[{"href":"https:\/\/keluvo.com\/se\/wp-json\/wp\/v2\/types\/product"}],"replies":[{"embeddable":true,"href":"https:\/\/keluvo.com\/se\/wp-json\/wp\/v2\/comments?post=21060"}],"wp:featuredmedia":[{"embeddable":true,"href":"https:\/\/keluvo.com\/se\/wp-json\/wp\/v2\/media\/21056"}],"wp:attachment":[{"href":"https:\/\/keluvo.com\/se\/wp-json\/wp\/v2\/media?parent=21060"}],"wp:term":[{"taxonomy":"product_brand","embeddable":true,"href":"https:\/\/keluvo.com\/se\/wp-json\/wp\/v2\/product_brand?post=21060"},{"taxonomy":"product_cat","embeddable":true,"href":"https:\/\/keluvo.com\/se\/wp-json\/wp\/v2\/product_cat?post=21060"},{"taxonomy":"product_tag","embeddable":true,"href":"https:\/\/keluvo.com\/se\/wp-json\/wp\/v2\/product_tag?post=21060"}],"curies":[{"name":"wp","href":"https:\/\/api.w.org\/{rel}","templated":true}]}}