{"id":21049,"date":"2025-08-27T13:43:40","date_gmt":"2025-08-27T10:43:40","guid":{"rendered":"https:\/\/keluvo.com\/se\/product\/hallare-for-solglasogon\/"},"modified":"2025-09-13T13:30:01","modified_gmt":"2025-09-13T10:30:01","slug":"hallare-for-solglasogon","status":"publish","type":"product","link":"https:\/\/keluvo.com\/se\/product\/hallare-for-solglasogon\/","title":{"rendered":"H\u00e5llare f\u00f6r solglas\u00f6gon"},"content":{"rendered":"<h2 style=\"text-align: center\" data-start=\"0\" data-end=\"35\">H\u00e5ller dina glas\u00f6gon s\u00e4kra<\/h2>\n<p style=\"text-align: center\" data-start=\"36\" data-end=\"265\">Solglas\u00f6gonh\u00e5llaren f\u00e4sts p\u00e5 bilens solskydd och h\u00e5ller dina glas\u00f6gon inom r\u00e4ckh\u00e5ll. Den f\u00f6rhindrar att dina glas\u00f6gon f\u00f6rsvinner eller skadas under k\u00f6rning. Ett enkelt och s\u00e4kert s\u00e4tt att f\u00f6rvara dina glas\u00f6gon n\u00e4r du \u00e4r p\u00e5 v\u00e4g.<\/p>\n<p data-start=\"36\" data-end=\"265\"><img decoding=\"async\" class=\"alignnone size-medium wp-image-12764 aligncenter\" src=\"https:\/\/keluvo.com\/template\/wp-content\/uploads\/sites\/5\/2025\/03\/069a7428-756b-4b18-9542-cb5ada263e42.webp\" alt=\"\" \/><\/p>\n<h2 style=\"text-align: center\" data-start=\"267\" data-end=\"292\">Enkel att installera<\/h2>\n<p style=\"text-align: center\" data-start=\"293\" data-end=\"511\">Med sin clip-on-design kan solglas\u00f6gonh\u00e5llaren f\u00e4stas p\u00e5 n\u00e5gra sekunder. Inga verktyg eller extra delar beh\u00f6vs, vilket g\u00f6r det till ett problemfritt till\u00e4gg till din bil. F\u00e4st den bara p\u00e5 visiret och b\u00f6rja anv\u00e4nda den direkt.<\/p>\n<p data-start=\"293\" data-end=\"511\"><img decoding=\"async\" class=\"alignnone size-medium wp-image-12767 aligncenter\" src=\"https:\/\/keluvo.com\/template\/wp-content\/uploads\/sites\/5\/2025\/03\/S0dc904ff682b4870bbe372de70fcc652f.jpg_960x960q75.jpg_.jpeg\" alt=\"\" \/><\/p>\n","protected":false},"excerpt":{"rendered":"<p>H\u00e5ller dina glas\u00f6gon s\u00e4kra Solglas\u00f6gonh\u00e5llaren f\u00e4sts p\u00e5 bilens solskydd och h\u00e5ller dina glas\u00f6gon inom r\u00e4ckh\u00e5ll. Den f\u00f6rhindrar att dina glas\u00f6gon [&hellip;]<\/p>\n","protected":false},"featured_media":21045,"comment_status":"open","ping_status":"closed","template":"","meta":{"site-sidebar-layout":"default","site-content-layout":"","ast-site-content-layout":"default","site-content-style":"default","site-sidebar-style":"default","ast-global-header-display":"","ast-banner-title-visibility":"","ast-main-header-display":"","ast-hfb-above-header-display":"","ast-hfb-below-header-display":"","ast-hfb-mobile-header-display":"","site-post-title":"","ast-breadcrumbs-content":"","ast-featured-img":"","footer-sml-layout":"","theme-transparent-header-meta":"default","adv-header-id-meta":"","stick-header-meta":"","header-above-stick-meta":"","header-main-stick-meta":"","header-below-stick-meta":"","astra-migrate-meta-layouts":"set","ast-page-background-enabled":"default","ast-page-background-meta":{"desktop":{"background-color":"var(--ast-global-color-4)","background-image":"","background-repeat":"repeat","background-position":"center center","background-size":"auto","background-attachment":"scroll","background-type":"","background-media":"","overlay-type":"","overlay-color":"","overlay-opacity":"","overlay-gradient":""},"tablet":{"background-color":"","background-image":"","background-repeat":"repeat","background-position":"center center","background-size":"auto","background-attachment":"scroll","background-type":"","background-media":"","overlay-type":"","overlay-color":"","overlay-opacity":"","overlay-gradient":""},"mobile":{"background-color":"","background-image":"","background-repeat":"repeat","background-position":"center center","background-size":"auto","background-attachment":"scroll","background-type":"","background-media":"","overlay-type":"","overlay-color":"","overlay-opacity":"","overlay-gradient":""}},"ast-content-background-meta":{"desktop":{"background-color":"var(--ast-global-color-5)","background-image":"","background-repeat":"repeat","background-position":"center center","background-size":"auto","background-attachment":"scroll","background-type":"","background-media":"","overlay-type":"","overlay-color":"","overlay-opacity":"","overlay-gradient":""},"tablet":{"background-color":"var(--ast-global-color-5)","background-image":"","background-repeat":"repeat","background-position":"center center","background-size":"auto","background-attachment":"scroll","background-type":"","background-media":"","overlay-type":"","overlay-color":"","overlay-opacity":"","overlay-gradient":""},"mobile":{"background-color":"var(--ast-global-color-5)","background-image":"","background-repeat":"repeat","background-position":"center center","background-size":"auto","background-attachment":"scroll","background-type":"","background-media":"","overlay-type":"","overlay-color":"","overlay-opacity":"","overlay-gradient":""}}},"product_brand":[],"product_cat":[993],"product_tag":[],"class_list":{"0":"post-21049","1":"product","2":"type-product","3":"status-publish","4":"has-post-thumbnail","6":"product_cat-footwear-accessories","7":"pa_19506_oid82rrt-brun","8":"pa_19506_oid82rrt-gra","9":"pa_19506_oid82rrt-svart","10":"desktop-align-left","11":"tablet-align-left","12":"mobile-align-left","14":"first","15":"instock","16":"shipping-taxable","17":"purchasable","18":"product-type-variable"},"_links":{"self":[{"href":"https:\/\/keluvo.com\/se\/wp-json\/wp\/v2\/product\/21049","targetHints":{"allow":["GET"]}}],"collection":[{"href":"https:\/\/keluvo.com\/se\/wp-json\/wp\/v2\/product"}],"about":[{"href":"https:\/\/keluvo.com\/se\/wp-json\/wp\/v2\/types\/product"}],"replies":[{"embeddable":true,"href":"https:\/\/keluvo.com\/se\/wp-json\/wp\/v2\/comments?post=21049"}],"wp:featuredmedia":[{"embeddable":true,"href":"https:\/\/keluvo.com\/se\/wp-json\/wp\/v2\/media\/21045"}],"wp:attachment":[{"href":"https:\/\/keluvo.com\/se\/wp-json\/wp\/v2\/media?parent=21049"}],"wp:term":[{"taxonomy":"product_brand","embeddable":true,"href":"https:\/\/keluvo.com\/se\/wp-json\/wp\/v2\/product_brand?post=21049"},{"taxonomy":"product_cat","embeddable":true,"href":"https:\/\/keluvo.com\/se\/wp-json\/wp\/v2\/product_cat?post=21049"},{"taxonomy":"product_tag","embeddable":true,"href":"https:\/\/keluvo.com\/se\/wp-json\/wp\/v2\/product_tag?post=21049"}],"curies":[{"name":"wp","href":"https:\/\/api.w.org\/{rel}","templated":true}]}}