{"id":21035,"date":"2025-08-27T13:42:32","date_gmt":"2025-08-27T10:42:32","guid":{"rendered":"https:\/\/keluvo.com\/se\/product\/sladdlos-sprutmaskin-batteri-ingar\/"},"modified":"2025-08-27T13:42:32","modified_gmt":"2025-08-27T10:42:32","slug":"sladdlos-sprutmaskin-batteri-ingar","status":"publish","type":"product","link":"https:\/\/keluvo.com\/se\/product\/sladdlos-sprutmaskin-batteri-ingar\/","title":{"rendered":"Sladdl\u00f6s sprutmaskin (batteri ing\u00e5r)"},"content":{"rendered":"<h2 style=\"text-align: center\" data-start=\"0\" data-end=\"32\">Enkel och sladdl\u00f6s m\u00e5lning<\/h2>\n<p style=\"text-align: center\" data-start=\"33\" data-end=\"227\">Den sladdl\u00f6sa sprutmaskinen g\u00f6r att du kan m\u00e5la utan kr\u00e5ngel med sladdar. Det uppladdningsbara batteriet ger dig full r\u00f6relsefrihet. Perfekt f\u00f6r m\u00e5lning av d\u00f6rrar, v\u00e4ggar, m\u00f6bler och mycket mer.<\/p>\n<p data-start=\"33\" data-end=\"227\"><img decoding=\"async\" class=\"alignnone size-medium wp-image-11764 aligncenter\" src=\"https:\/\/keluvo.com\/template\/wp-content\/uploads\/sites\/5\/2025\/02\/S2bc3cd523d6e4066b4bfa9be7851323f4.jpeg\" alt=\"\" \/><\/p>\n<h3 style=\"text-align: center\" data-start=\"229\" data-end=\"260\">Justerbara sprutm\u00f6nster<\/h3>\n<p style=\"text-align: center\" data-start=\"261\" data-end=\"451\">Den h\u00e4r sladdl\u00f6sa sprutmaskinen har tre spruttyper: rund, vertikal och horisontell. Justera munstycket f\u00f6r att f\u00e5 det perfekta f\u00e4rgfl\u00f6det. Detta hj\u00e4lper till att spara material och s\u00e4kerst\u00e4ller j\u00e4mn t\u00e4ckning.<\/p>\n<p data-start=\"261\" data-end=\"451\"><img decoding=\"async\" class=\"alignnone size-medium wp-image-11772 aligncenter\" src=\"https:\/\/keluvo.com\/template\/wp-content\/uploads\/sites\/5\/2025\/02\/S303a205546f04875babe4d98f03aef55A-2.jpeg\" alt=\"\" \/><\/p>\n","protected":false},"excerpt":{"rendered":"<p>Enkel och sladdl\u00f6s m\u00e5lning Den sladdl\u00f6sa sprutmaskinen g\u00f6r att du kan m\u00e5la utan kr\u00e5ngel med sladdar. Det uppladdningsbara batteriet ger [&hellip;]<\/p>\n","protected":false},"featured_media":21031,"comment_status":"open","ping_status":"closed","template":"","meta":{"site-sidebar-layout":"default","site-content-layout":"","ast-site-content-layout":"default","site-content-style":"default","site-sidebar-style":"default","ast-global-header-display":"","ast-banner-title-visibility":"","ast-main-header-display":"","ast-hfb-above-header-display":"","ast-hfb-below-header-display":"","ast-hfb-mobile-header-display":"","site-post-title":"","ast-breadcrumbs-content":"","ast-featured-img":"","footer-sml-layout":"","theme-transparent-header-meta":"default","adv-header-id-meta":"","stick-header-meta":"","header-above-stick-meta":"","header-main-stick-meta":"","header-below-stick-meta":"","astra-migrate-meta-layouts":"set","ast-page-background-enabled":"default","ast-page-background-meta":{"desktop":{"background-color":"var(--ast-global-color-4)","background-image":"","background-repeat":"repeat","background-position":"center center","background-size":"auto","background-attachment":"scroll","background-type":"","background-media":"","overlay-type":"","overlay-color":"","overlay-opacity":"","overlay-gradient":""},"tablet":{"background-color":"","background-image":"","background-repeat":"repeat","background-position":"center center","background-size":"auto","background-attachment":"scroll","background-type":"","background-media":"","overlay-type":"","overlay-color":"","overlay-opacity":"","overlay-gradient":""},"mobile":{"background-color":"","background-image":"","background-repeat":"repeat","background-position":"center center","background-size":"auto","background-attachment":"scroll","background-type":"","background-media":"","overlay-type":"","overlay-color":"","overlay-opacity":"","overlay-gradient":""}},"ast-content-background-meta":{"desktop":{"background-color":"var(--ast-global-color-5)","background-image":"","background-repeat":"repeat","background-position":"center center","background-size":"auto","background-attachment":"scroll","background-type":"","background-media":"","overlay-type":"","overlay-color":"","overlay-opacity":"","overlay-gradient":""},"tablet":{"background-color":"var(--ast-global-color-5)","background-image":"","background-repeat":"repeat","background-position":"center center","background-size":"auto","background-attachment":"scroll","background-type":"","background-media":"","overlay-type":"","overlay-color":"","overlay-opacity":"","overlay-gradient":""},"mobile":{"background-color":"var(--ast-global-color-5)","background-image":"","background-repeat":"repeat","background-position":"center center","background-size":"auto","background-attachment":"scroll","background-type":"","background-media":"","overlay-type":"","overlay-color":"","overlay-opacity":"","overlay-gradient":""}}},"product_brand":[],"product_cat":[993],"product_tag":[],"class_list":{"0":"post-21035","1":"product","2":"type-product","3":"status-publish","4":"has-post-thumbnail","6":"product_cat-footwear-accessories","7":"desktop-align-left","8":"tablet-align-left","9":"mobile-align-left","11":"first","12":"instock","13":"shipping-taxable","14":"purchasable","15":"product-type-simple"},"_links":{"self":[{"href":"https:\/\/keluvo.com\/se\/wp-json\/wp\/v2\/product\/21035","targetHints":{"allow":["GET"]}}],"collection":[{"href":"https:\/\/keluvo.com\/se\/wp-json\/wp\/v2\/product"}],"about":[{"href":"https:\/\/keluvo.com\/se\/wp-json\/wp\/v2\/types\/product"}],"replies":[{"embeddable":true,"href":"https:\/\/keluvo.com\/se\/wp-json\/wp\/v2\/comments?post=21035"}],"wp:featuredmedia":[{"embeddable":true,"href":"https:\/\/keluvo.com\/se\/wp-json\/wp\/v2\/media\/21031"}],"wp:attachment":[{"href":"https:\/\/keluvo.com\/se\/wp-json\/wp\/v2\/media?parent=21035"}],"wp:term":[{"taxonomy":"product_brand","embeddable":true,"href":"https:\/\/keluvo.com\/se\/wp-json\/wp\/v2\/product_brand?post=21035"},{"taxonomy":"product_cat","embeddable":true,"href":"https:\/\/keluvo.com\/se\/wp-json\/wp\/v2\/product_cat?post=21035"},{"taxonomy":"product_tag","embeddable":true,"href":"https:\/\/keluvo.com\/se\/wp-json\/wp\/v2\/product_tag?post=21035"}],"curies":[{"name":"wp","href":"https:\/\/api.w.org\/{rel}","templated":true}]}}