{"id":21030,"date":"2025-08-27T13:42:17","date_gmt":"2025-08-27T10:42:17","guid":{"rendered":"https:\/\/keluvo.com\/se\/product\/mink-fingeroximeter\/"},"modified":"2025-09-13T15:47:45","modified_gmt":"2025-09-13T12:47:45","slug":"mink-fingeroximeter","status":"publish","type":"product","link":"https:\/\/keluvo.com\/se\/product\/mink-fingeroximeter\/","title":{"rendered":"MINK fingeroximeter"},"content":{"rendered":"<h2 style=\"text-align: center;\">B\u00e4rbar och enkel att anv\u00e4nda<\/h2>\n<p style=\"text-align: center;\">Mink fingeroximeter \u00e4r utformad f\u00f6r bekv\u00e4mlighet och b\u00e4rbarhet. Dess kompakta storlek och enkla anv\u00e4ndning g\u00f6r den perfekt f\u00f6r hemmabruk, s\u00e5 att du enkelt kan kontrollera dina syreniv\u00e5er i blodet var som helst, n\u00e4r som helst.<\/p>\n<p><img decoding=\"async\" class=\"alignnone size-medium wp-image-5045 aligncenter\" src=\"https:\/\/keluvo.com\/template\/wp-content\/uploads\/sites\/5\/2024\/12\/S8d06276d272e47bc94e88e53232d1b87J.jpg_960x960q75.jpg_.jpeg\" alt=\"\" \/><\/p>\n<h2 style=\"text-align: center;\">Snabba och exakta avl\u00e4sningar<\/h2>\n<p style=\"text-align: center;\">Den h\u00e4r oximetern anv\u00e4nder avancerad infrar\u00f6d teknik f\u00f6r att ge exakta avl\u00e4sningar p\u00e5 bara 8 sekunder. Med sin h\u00f6gpresterande sensor s\u00e4kerst\u00e4ller MINK fingeroximeter snabba och tillf\u00f6rlitliga m\u00e4tningar, vilket hj\u00e4lper dig att \u00f6vervaka din h\u00e4lsa med tillf\u00f6rsikt.<\/p>\n<p><img decoding=\"async\" class=\"alignnone size-medium wp-image-5051 aligncenter\" src=\"https:\/\/keluvo.com\/template\/wp-content\/uploads\/sites\/5\/2024\/12\/Sfca0392e668f40e481224f727ef41ae2q.jpg_960x960q75.jpg_-1.jpeg\" alt=\"\" \/><\/p>\n","protected":false},"excerpt":{"rendered":"<p>B\u00e4rbar och enkel att anv\u00e4nda Mink fingeroximeter \u00e4r utformad f\u00f6r bekv\u00e4mlighet och b\u00e4rbarhet. Dess kompakta storlek och enkla anv\u00e4ndning g\u00f6r [&hellip;]<\/p>\n","protected":false},"featured_media":21026,"comment_status":"open","ping_status":"closed","template":"","meta":{"site-sidebar-layout":"default","site-content-layout":"","ast-site-content-layout":"default","site-content-style":"default","site-sidebar-style":"default","ast-global-header-display":"","ast-banner-title-visibility":"","ast-main-header-display":"","ast-hfb-above-header-display":"","ast-hfb-below-header-display":"","ast-hfb-mobile-header-display":"","site-post-title":"","ast-breadcrumbs-content":"","ast-featured-img":"","footer-sml-layout":"","theme-transparent-header-meta":"default","adv-header-id-meta":"","stick-header-meta":"","header-above-stick-meta":"","header-main-stick-meta":"","header-below-stick-meta":"","astra-migrate-meta-layouts":"set","ast-page-background-enabled":"default","ast-page-background-meta":{"desktop":{"background-color":"var(--ast-global-color-4)","background-image":"","background-repeat":"repeat","background-position":"center center","background-size":"auto","background-attachment":"scroll","background-type":"","background-media":"","overlay-type":"","overlay-color":"","overlay-opacity":"","overlay-gradient":""},"tablet":{"background-color":"","background-image":"","background-repeat":"repeat","background-position":"center center","background-size":"auto","background-attachment":"scroll","background-type":"","background-media":"","overlay-type":"","overlay-color":"","overlay-opacity":"","overlay-gradient":""},"mobile":{"background-color":"","background-image":"","background-repeat":"repeat","background-position":"center center","background-size":"auto","background-attachment":"scroll","background-type":"","background-media":"","overlay-type":"","overlay-color":"","overlay-opacity":"","overlay-gradient":""}},"ast-content-background-meta":{"desktop":{"background-color":"var(--ast-global-color-5)","background-image":"","background-repeat":"repeat","background-position":"center center","background-size":"auto","background-attachment":"scroll","background-type":"","background-media":"","overlay-type":"","overlay-color":"","overlay-opacity":"","overlay-gradient":""},"tablet":{"background-color":"var(--ast-global-color-5)","background-image":"","background-repeat":"repeat","background-position":"center center","background-size":"auto","background-attachment":"scroll","background-type":"","background-media":"","overlay-type":"","overlay-color":"","overlay-opacity":"","overlay-gradient":""},"mobile":{"background-color":"var(--ast-global-color-5)","background-image":"","background-repeat":"repeat","background-position":"center center","background-size":"auto","background-attachment":"scroll","background-type":"","background-media":"","overlay-type":"","overlay-color":"","overlay-opacity":"","overlay-gradient":""}}},"product_brand":[],"product_cat":[991],"product_tag":[],"class_list":{"0":"post-21030","1":"product","2":"type-product","3":"status-publish","4":"has-post-thumbnail","6":"product_cat-health-care-supplies","7":"desktop-align-left","8":"tablet-align-left","9":"mobile-align-left","11":"first","12":"instock","13":"shipping-taxable","14":"purchasable","15":"product-type-simple"},"_links":{"self":[{"href":"https:\/\/keluvo.com\/se\/wp-json\/wp\/v2\/product\/21030","targetHints":{"allow":["GET"]}}],"collection":[{"href":"https:\/\/keluvo.com\/se\/wp-json\/wp\/v2\/product"}],"about":[{"href":"https:\/\/keluvo.com\/se\/wp-json\/wp\/v2\/types\/product"}],"replies":[{"embeddable":true,"href":"https:\/\/keluvo.com\/se\/wp-json\/wp\/v2\/comments?post=21030"}],"wp:featuredmedia":[{"embeddable":true,"href":"https:\/\/keluvo.com\/se\/wp-json\/wp\/v2\/media\/21026"}],"wp:attachment":[{"href":"https:\/\/keluvo.com\/se\/wp-json\/wp\/v2\/media?parent=21030"}],"wp:term":[{"taxonomy":"product_brand","embeddable":true,"href":"https:\/\/keluvo.com\/se\/wp-json\/wp\/v2\/product_brand?post=21030"},{"taxonomy":"product_cat","embeddable":true,"href":"https:\/\/keluvo.com\/se\/wp-json\/wp\/v2\/product_cat?post=21030"},{"taxonomy":"product_tag","embeddable":true,"href":"https:\/\/keluvo.com\/se\/wp-json\/wp\/v2\/product_tag?post=21030"}],"curies":[{"name":"wp","href":"https:\/\/api.w.org\/{rel}","templated":true}]}}