{"id":21017,"date":"2025-08-27T13:41:45","date_gmt":"2025-08-27T10:41:45","guid":{"rendered":"https:\/\/keluvo.com\/se\/product\/bla-vag-ring\/"},"modified":"2025-08-27T13:42:03","modified_gmt":"2025-08-27T10:42:03","slug":"bla-vag-ring","status":"publish","type":"product","link":"https:\/\/keluvo.com\/se\/product\/bla-vag-ring\/","title":{"rendered":"Bl\u00e5 v\u00e5g ring"},"content":{"rendered":"<h2 style=\"text-align: center\">Elegant Bl\u00e5 V\u00e5gdesign<\/h2>\n<p style=\"text-align: center\">Ringen Blue Wave har ett fantastiskt v\u00e5ginspirerat m\u00f6nster i en delikat bl\u00e5 f\u00e4rg. Dess unika design ger en touch av elegans till alla outfits.<\/p>\n<p><img decoding=\"async\" class=\"alignnone size-medium wp-image-8052 aligncenter\" src=\"https:\/\/keluvo.com\/template\/wp-content\/uploads\/sites\/5\/2025\/01\/cccf3dac-0fb8-43cb-8e74-98c385ef25ef.webp\" alt=\"\" \/><\/p>\n<h2 style=\"text-align: center\">Perfekt F\u00f6r Speciella Tillf\u00e4llen<\/h2>\n<p style=\"text-align: center\">Den h\u00e4r ringen \u00e4r en idealisk accessoar f\u00f6r fester eller firanden. Dess gnistrande zirkon accenter g\u00f6r den till ett framst\u00e5ende till\u00e4gg till din smyckessamling.<\/p>\n<p><img decoding=\"async\" class=\"alignnone size-medium wp-image-8053 aligncenter\" src=\"https:\/\/keluvo.com\/template\/wp-content\/uploads\/sites\/5\/2025\/01\/d40d744a-b16e-407d-8707-626e1a818dd4.webp\" alt=\"\" \/><\/p>\n","protected":false},"excerpt":{"rendered":"<p>Elegant Bl\u00e5 V\u00e5gdesign Ringen Blue Wave har ett fantastiskt v\u00e5ginspirerat m\u00f6nster i en delikat bl\u00e5 f\u00e4rg. Dess unika design ger [&hellip;]<\/p>\n","protected":false},"featured_media":21013,"comment_status":"open","ping_status":"closed","template":"","meta":{"site-sidebar-layout":"default","site-content-layout":"","ast-site-content-layout":"default","site-content-style":"default","site-sidebar-style":"default","ast-global-header-display":"","ast-banner-title-visibility":"","ast-main-header-display":"","ast-hfb-above-header-display":"","ast-hfb-below-header-display":"","ast-hfb-mobile-header-display":"","site-post-title":"","ast-breadcrumbs-content":"","ast-featured-img":"","footer-sml-layout":"","theme-transparent-header-meta":"default","adv-header-id-meta":"","stick-header-meta":"","header-above-stick-meta":"","header-main-stick-meta":"","header-below-stick-meta":"","astra-migrate-meta-layouts":"set","ast-page-background-enabled":"default","ast-page-background-meta":{"desktop":{"background-color":"var(--ast-global-color-4)","background-image":"","background-repeat":"repeat","background-position":"center center","background-size":"auto","background-attachment":"scroll","background-type":"","background-media":"","overlay-type":"","overlay-color":"","overlay-opacity":"","overlay-gradient":""},"tablet":{"background-color":"","background-image":"","background-repeat":"repeat","background-position":"center center","background-size":"auto","background-attachment":"scroll","background-type":"","background-media":"","overlay-type":"","overlay-color":"","overlay-opacity":"","overlay-gradient":""},"mobile":{"background-color":"","background-image":"","background-repeat":"repeat","background-position":"center center","background-size":"auto","background-attachment":"scroll","background-type":"","background-media":"","overlay-type":"","overlay-color":"","overlay-opacity":"","overlay-gradient":""}},"ast-content-background-meta":{"desktop":{"background-color":"var(--ast-global-color-5)","background-image":"","background-repeat":"repeat","background-position":"center center","background-size":"auto","background-attachment":"scroll","background-type":"","background-media":"","overlay-type":"","overlay-color":"","overlay-opacity":"","overlay-gradient":""},"tablet":{"background-color":"var(--ast-global-color-5)","background-image":"","background-repeat":"repeat","background-position":"center center","background-size":"auto","background-attachment":"scroll","background-type":"","background-media":"","overlay-type":"","overlay-color":"","overlay-opacity":"","overlay-gradient":""},"mobile":{"background-color":"var(--ast-global-color-5)","background-image":"","background-repeat":"repeat","background-position":"center center","background-size":"auto","background-attachment":"scroll","background-type":"","background-media":"","overlay-type":"","overlay-color":"","overlay-opacity":"","overlay-gradient":""}}},"product_brand":[],"product_cat":[993],"product_tag":[],"class_list":{"0":"post-21017","1":"product","2":"type-product","3":"status-publish","4":"has-post-thumbnail","6":"product_cat-footwear-accessories","7":"pa_45334_ftxj6dox-3527","8":"pa_45334_ftxj6dox-3528","9":"pa_45334_ftxj6dox-3529","10":"pa_45334_ftxj6dox-3530","11":"desktop-align-left","12":"tablet-align-left","13":"mobile-align-left","15":"first","16":"instock","17":"shipping-taxable","18":"purchasable","19":"product-type-variable"},"_links":{"self":[{"href":"https:\/\/keluvo.com\/se\/wp-json\/wp\/v2\/product\/21017","targetHints":{"allow":["GET"]}}],"collection":[{"href":"https:\/\/keluvo.com\/se\/wp-json\/wp\/v2\/product"}],"about":[{"href":"https:\/\/keluvo.com\/se\/wp-json\/wp\/v2\/types\/product"}],"replies":[{"embeddable":true,"href":"https:\/\/keluvo.com\/se\/wp-json\/wp\/v2\/comments?post=21017"}],"wp:featuredmedia":[{"embeddable":true,"href":"https:\/\/keluvo.com\/se\/wp-json\/wp\/v2\/media\/21013"}],"wp:attachment":[{"href":"https:\/\/keluvo.com\/se\/wp-json\/wp\/v2\/media?parent=21017"}],"wp:term":[{"taxonomy":"product_brand","embeddable":true,"href":"https:\/\/keluvo.com\/se\/wp-json\/wp\/v2\/product_brand?post=21017"},{"taxonomy":"product_cat","embeddable":true,"href":"https:\/\/keluvo.com\/se\/wp-json\/wp\/v2\/product_cat?post=21017"},{"taxonomy":"product_tag","embeddable":true,"href":"https:\/\/keluvo.com\/se\/wp-json\/wp\/v2\/product_tag?post=21017"}],"curies":[{"name":"wp","href":"https:\/\/api.w.org\/{rel}","templated":true}]}}