{"id":21012,"date":"2025-08-27T13:41:22","date_gmt":"2025-08-27T10:41:22","guid":{"rendered":"https:\/\/keluvo.com\/se\/product\/dumplingmaskin\/"},"modified":"2025-08-27T13:41:22","modified_gmt":"2025-08-27T10:41:22","slug":"dumplingmaskin","status":"publish","type":"product","link":"https:\/\/keluvo.com\/se\/product\/dumplingmaskin\/","title":{"rendered":"Dumplingmaskin"},"content":{"rendered":"<h2 style=\"text-align: center\">Snabba och enkla dumplings<\/h2>\n<p style=\"text-align: center\">Med dumplingsmaskinen kan du g\u00f6ra tv\u00e5 dumplings \u00e5t g\u00e5ngen, vilket sparar tid och anstr\u00e4ngning i k\u00f6ket. Placera bara omslaget och fyllningen p\u00e5 plats, tryck ner och njut av perfekt formade dumplings. Inga speciella f\u00e4rdigheter beh\u00f6vs, vilket g\u00f6r den perfekt f\u00f6r alla, \u00e4ven nyb\u00f6rjare.<\/p>\n<p><img decoding=\"async\" class=\"alignnone size-medium wp-image-9127 aligncenter\" src=\"https:\/\/keluvo.com\/template\/wp-content\/uploads\/sites\/5\/2025\/01\/181ed5d3-02d7-47f5-8874-a9f65ada5ecf.webp\" alt=\"\" \/><\/p>\n<h2 style=\"text-align: center\">H\u00e5llbart och s\u00e4kert material<\/h2>\n<p style=\"text-align: center\">Dumplingsmaskinen \u00e4r tillverkad av h\u00f6gkvalitativt rostfritt st\u00e5l och \u00e4r robust, h\u00e5llbar och s\u00e4ker att anv\u00e4nda. Materialet \u00e4r l\u00e4tt att reng\u00f6ra &#8211; sk\u00f6lj det bara under vatten efter anv\u00e4ndning. Dess starka konstruktion s\u00e4kerst\u00e4ller att du kan njuta av att g\u00f6ra dumplings i m\u00e5nga \u00e5r fram\u00f6ver.<\/p>\n<p><img decoding=\"async\" class=\"alignnone size-medium wp-image-9126 aligncenter\" src=\"https:\/\/keluvo.com\/template\/wp-content\/uploads\/sites\/5\/2025\/01\/c93a5e6c-1a06-4bb1-a6b6-843e3ae8868f.webp\" alt=\"\" \/><\/p>\n","protected":false},"excerpt":{"rendered":"<p>Snabba och enkla dumplings Med dumplingsmaskinen kan du g\u00f6ra tv\u00e5 dumplings \u00e5t g\u00e5ngen, vilket sparar tid och anstr\u00e4ngning i k\u00f6ket. [&hellip;]<\/p>\n","protected":false},"featured_media":21008,"comment_status":"open","ping_status":"closed","template":"","meta":{"site-sidebar-layout":"default","site-content-layout":"","ast-site-content-layout":"default","site-content-style":"default","site-sidebar-style":"default","ast-global-header-display":"","ast-banner-title-visibility":"","ast-main-header-display":"","ast-hfb-above-header-display":"","ast-hfb-below-header-display":"","ast-hfb-mobile-header-display":"","site-post-title":"","ast-breadcrumbs-content":"","ast-featured-img":"","footer-sml-layout":"","theme-transparent-header-meta":"default","adv-header-id-meta":"","stick-header-meta":"","header-above-stick-meta":"","header-main-stick-meta":"","header-below-stick-meta":"","astra-migrate-meta-layouts":"set","ast-page-background-enabled":"default","ast-page-background-meta":{"desktop":{"background-color":"var(--ast-global-color-4)","background-image":"","background-repeat":"repeat","background-position":"center center","background-size":"auto","background-attachment":"scroll","background-type":"","background-media":"","overlay-type":"","overlay-color":"","overlay-opacity":"","overlay-gradient":""},"tablet":{"background-color":"","background-image":"","background-repeat":"repeat","background-position":"center center","background-size":"auto","background-attachment":"scroll","background-type":"","background-media":"","overlay-type":"","overlay-color":"","overlay-opacity":"","overlay-gradient":""},"mobile":{"background-color":"","background-image":"","background-repeat":"repeat","background-position":"center center","background-size":"auto","background-attachment":"scroll","background-type":"","background-media":"","overlay-type":"","overlay-color":"","overlay-opacity":"","overlay-gradient":""}},"ast-content-background-meta":{"desktop":{"background-color":"var(--ast-global-color-5)","background-image":"","background-repeat":"repeat","background-position":"center center","background-size":"auto","background-attachment":"scroll","background-type":"","background-media":"","overlay-type":"","overlay-color":"","overlay-opacity":"","overlay-gradient":""},"tablet":{"background-color":"var(--ast-global-color-5)","background-image":"","background-repeat":"repeat","background-position":"center center","background-size":"auto","background-attachment":"scroll","background-type":"","background-media":"","overlay-type":"","overlay-color":"","overlay-opacity":"","overlay-gradient":""},"mobile":{"background-color":"var(--ast-global-color-5)","background-image":"","background-repeat":"repeat","background-position":"center center","background-size":"auto","background-attachment":"scroll","background-type":"","background-media":"","overlay-type":"","overlay-color":"","overlay-opacity":"","overlay-gradient":""}}},"product_brand":[],"product_cat":[1001],"product_tag":[],"class_list":{"0":"post-21012","1":"product","2":"type-product","3":"status-publish","4":"has-post-thumbnail","6":"product_cat-household-goods","7":"desktop-align-left","8":"tablet-align-left","9":"mobile-align-left","11":"first","12":"instock","13":"shipping-taxable","14":"purchasable","15":"product-type-simple"},"_links":{"self":[{"href":"https:\/\/keluvo.com\/se\/wp-json\/wp\/v2\/product\/21012","targetHints":{"allow":["GET"]}}],"collection":[{"href":"https:\/\/keluvo.com\/se\/wp-json\/wp\/v2\/product"}],"about":[{"href":"https:\/\/keluvo.com\/se\/wp-json\/wp\/v2\/types\/product"}],"replies":[{"embeddable":true,"href":"https:\/\/keluvo.com\/se\/wp-json\/wp\/v2\/comments?post=21012"}],"wp:featuredmedia":[{"embeddable":true,"href":"https:\/\/keluvo.com\/se\/wp-json\/wp\/v2\/media\/21008"}],"wp:attachment":[{"href":"https:\/\/keluvo.com\/se\/wp-json\/wp\/v2\/media?parent=21012"}],"wp:term":[{"taxonomy":"product_brand","embeddable":true,"href":"https:\/\/keluvo.com\/se\/wp-json\/wp\/v2\/product_brand?post=21012"},{"taxonomy":"product_cat","embeddable":true,"href":"https:\/\/keluvo.com\/se\/wp-json\/wp\/v2\/product_cat?post=21012"},{"taxonomy":"product_tag","embeddable":true,"href":"https:\/\/keluvo.com\/se\/wp-json\/wp\/v2\/product_tag?post=21012"}],"curies":[{"name":"wp","href":"https:\/\/api.w.org\/{rel}","templated":true}]}}