{"id":21007,"date":"2025-08-27T13:41:03","date_gmt":"2025-08-27T10:41:03","guid":{"rendered":"https:\/\/keluvo.com\/se\/product\/isform-for-dodskalle\/"},"modified":"2025-09-13T13:31:06","modified_gmt":"2025-09-13T10:31:06","slug":"isform-for-dodskalle","status":"publish","type":"product","link":"https:\/\/keluvo.com\/se\/product\/isform-for-dodskalle\/","title":{"rendered":"Isform f\u00f6r d\u00f6dskalle"},"content":{"rendered":"<h2 style=\"text-align: center\" data-start=\"0\" data-end=\"32\">Realistisk d\u00f6dskalleformad is<\/h2>\n<p style=\"text-align: center\" data-start=\"33\" data-end=\"301\">D\u00f6dskalleformen skapar detaljerade d\u00f6dskalleformade iskuber som ger en rolig och kuslig touch till dina drinkar. Perfekt f\u00f6r fester, temaevenemang eller helt enkelt f\u00f6r att f\u00e5 dina cocktails att se unika ut. Den realistiska designen s\u00e4kerst\u00e4ller att varje iskub ser ut precis som en minid\u00f6dskalle.<\/p>\n<p data-start=\"33\" data-end=\"301\"><img decoding=\"async\" class=\"alignnone size-medium wp-image-12511 aligncenter\" src=\"https:\/\/keluvo.com\/template\/wp-content\/uploads\/sites\/5\/2025\/03\/Sbab24f960fd94508a8999e881dd9c4e26.jpg_960x960q75.jpg_.jpeg\" alt=\"\" \/><\/p>\n<h2 style=\"text-align: center\" data-start=\"303\" data-end=\"333\">Flexibel och enkel att anv\u00e4nda<\/h2>\n<p style=\"text-align: center\" data-start=\"334\" data-end=\"563\">D\u00f6dskalleformen \u00e4r tillverkad av mjuk, BPA-fri silikon och \u00e4r l\u00e4tt att fylla och ta is ur. Det flexibla materialet g\u00f6r att du kan plocka ut isbitarna utan att de g\u00e5r s\u00f6nder. Fyll bara formen med vatten, frys och njut!<\/p>\n<p data-start=\"334\" data-end=\"563\"><img decoding=\"async\" class=\"alignnone size-medium wp-image-12510 aligncenter\" src=\"https:\/\/keluvo.com\/template\/wp-content\/uploads\/sites\/5\/2025\/03\/Sa49fd4467bc9473e91844a751b6ee655g.jpg_960x960q75.jpg_.jpeg\" alt=\"\" \/><\/p>\n","protected":false},"excerpt":{"rendered":"<p>Realistisk d\u00f6dskalleformad is D\u00f6dskalleformen skapar detaljerade d\u00f6dskalleformade iskuber som ger en rolig och kuslig touch till dina drinkar. Perfekt f\u00f6r [&hellip;]<\/p>\n","protected":false},"featured_media":21003,"comment_status":"open","ping_status":"closed","template":"","meta":{"site-sidebar-layout":"default","site-content-layout":"","ast-site-content-layout":"default","site-content-style":"default","site-sidebar-style":"default","ast-global-header-display":"","ast-banner-title-visibility":"","ast-main-header-display":"","ast-hfb-above-header-display":"","ast-hfb-below-header-display":"","ast-hfb-mobile-header-display":"","site-post-title":"","ast-breadcrumbs-content":"","ast-featured-img":"","footer-sml-layout":"","theme-transparent-header-meta":"default","adv-header-id-meta":"","stick-header-meta":"","header-above-stick-meta":"","header-main-stick-meta":"","header-below-stick-meta":"","astra-migrate-meta-layouts":"set","ast-page-background-enabled":"default","ast-page-background-meta":{"desktop":{"background-color":"var(--ast-global-color-4)","background-image":"","background-repeat":"repeat","background-position":"center center","background-size":"auto","background-attachment":"scroll","background-type":"","background-media":"","overlay-type":"","overlay-color":"","overlay-opacity":"","overlay-gradient":""},"tablet":{"background-color":"","background-image":"","background-repeat":"repeat","background-position":"center center","background-size":"auto","background-attachment":"scroll","background-type":"","background-media":"","overlay-type":"","overlay-color":"","overlay-opacity":"","overlay-gradient":""},"mobile":{"background-color":"","background-image":"","background-repeat":"repeat","background-position":"center center","background-size":"auto","background-attachment":"scroll","background-type":"","background-media":"","overlay-type":"","overlay-color":"","overlay-opacity":"","overlay-gradient":""}},"ast-content-background-meta":{"desktop":{"background-color":"var(--ast-global-color-5)","background-image":"","background-repeat":"repeat","background-position":"center center","background-size":"auto","background-attachment":"scroll","background-type":"","background-media":"","overlay-type":"","overlay-color":"","overlay-opacity":"","overlay-gradient":""},"tablet":{"background-color":"var(--ast-global-color-5)","background-image":"","background-repeat":"repeat","background-position":"center center","background-size":"auto","background-attachment":"scroll","background-type":"","background-media":"","overlay-type":"","overlay-color":"","overlay-opacity":"","overlay-gradient":""},"mobile":{"background-color":"var(--ast-global-color-5)","background-image":"","background-repeat":"repeat","background-position":"center center","background-size":"auto","background-attachment":"scroll","background-type":"","background-media":"","overlay-type":"","overlay-color":"","overlay-opacity":"","overlay-gradient":""}}},"product_brand":[],"product_cat":[993],"product_tag":[],"class_list":{"0":"post-21007","1":"product","2":"type-product","3":"status-publish","4":"has-post-thumbnail","6":"product_cat-footwear-accessories","7":"desktop-align-left","8":"tablet-align-left","9":"mobile-align-left","11":"first","12":"instock","13":"shipping-taxable","14":"purchasable","15":"product-type-simple"},"_links":{"self":[{"href":"https:\/\/keluvo.com\/se\/wp-json\/wp\/v2\/product\/21007","targetHints":{"allow":["GET"]}}],"collection":[{"href":"https:\/\/keluvo.com\/se\/wp-json\/wp\/v2\/product"}],"about":[{"href":"https:\/\/keluvo.com\/se\/wp-json\/wp\/v2\/types\/product"}],"replies":[{"embeddable":true,"href":"https:\/\/keluvo.com\/se\/wp-json\/wp\/v2\/comments?post=21007"}],"wp:featuredmedia":[{"embeddable":true,"href":"https:\/\/keluvo.com\/se\/wp-json\/wp\/v2\/media\/21003"}],"wp:attachment":[{"href":"https:\/\/keluvo.com\/se\/wp-json\/wp\/v2\/media?parent=21007"}],"wp:term":[{"taxonomy":"product_brand","embeddable":true,"href":"https:\/\/keluvo.com\/se\/wp-json\/wp\/v2\/product_brand?post=21007"},{"taxonomy":"product_cat","embeddable":true,"href":"https:\/\/keluvo.com\/se\/wp-json\/wp\/v2\/product_cat?post=21007"},{"taxonomy":"product_tag","embeddable":true,"href":"https:\/\/keluvo.com\/se\/wp-json\/wp\/v2\/product_tag?post=21007"}],"curies":[{"name":"wp","href":"https:\/\/api.w.org\/{rel}","templated":true}]}}